{"id":8607,"date":"2023-10-18T18:10:41","date_gmt":"2023-10-18T10:10:41","guid":{"rendered":"https:\/\/www.quartzite-stone.com\/product\/nero-marquina-marble\/"},"modified":"2023-11-24T16:05:35","modified_gmt":"2023-11-24T08:05:35","slug":"nero-marquina-marble","status":"publish","type":"product","link":"https:\/\/www.quartzite-stone.com\/pt\/products\/nero-marquina-marble\/","title":{"rendered":"M\u00e1rmore Nero Marquina"},"content":{"rendered":"<p>O m\u00e1rmore Nero Marquina \u00e9 um m\u00e1rmore preto de estrutura densa com veios brancos da China. A sua origem \u00e9 Guangxi e Hubei, principalmente Guangxi.<\/p>\n<p><img fetchpriority=\"high\" decoding=\"async\" src=\"https:\/\/data.adwebcloud.com\/public\/material\/220426a7q47o\/product\/6401_1697623508074.png\" width=\"710\" height=\"473\" alt=\"\" \/><\/p>\n<p>Entre eles, o m\u00e1rmore Nero Marquina produzido em Guilin, Guangxi, tem um fundo preto, boa luminosidade e padr\u00f5es brancos. A sua durabilidade, resist\u00eancia ao gelo, resist\u00eancia ao desgaste e dureza cumprem as normas internacionais em termos de indicadores de qualidade. Todos os seus indicadores radioactivos cumprem as normas nacionais de classe A e s\u00e3o nocivos para o corpo humano. N\u00e3o h\u00e1 radia\u00e7\u00e3o nem polui\u00e7\u00e3o para o ambiente. Os produtos podem cumprir as normas nacionais de exporta\u00e7\u00e3o. Dispomos de condi\u00e7\u00f5es superiores e de equipamento de produ\u00e7\u00e3o moderno e mais avan\u00e7ado em Guangxi.  O m\u00e1rmore Nero Marquina \u00e9 o melhor produto para a decora\u00e7\u00e3o de edif\u00edcios modernos de alta qualidade.<\/p>\n<p><img decoding=\"async\" src=\"https:\/\/data.adwebcloud.com\/public\/material\/220426a7q47o\/product\/6401_1697623516400.jpg\" width=\"710\" height=\"927\" alt=\"\" \/><\/p>\n<p>O m\u00e1rmore Nero Marquina \u00e9 um tipo de m\u00e1rmore natural com veios pretos e veios brancos. \u00c9 discreto e contido, mas tamb\u00e9m implica magnanimidade, como um cavalheiro elegante. Quando se est\u00e1 no espa\u00e7o criado pelo Nero Marquina Marble World, sente-se como se tivesse um forte apoio. O nosso cora\u00e7\u00e3o inquieto come\u00e7a a acalmar-se e deixamos de nos sentir hesitantes ou receosos em rela\u00e7\u00e3o ao futuro. \u00c9 este o \"charme de cavalheiro\" \u00fanico das Ra\u00edzes pretas e brancas.<\/p>\n<p><img decoding=\"async\" src=\"https:\/\/data.adwebcloud.com\/public\/material\/220426a7q47o\/product\/BlackMarbleStairs1_1698398921244.jpg\" width=\"800\" height=\"800\" alt=\"\" \/><\/p>\n<p>Uma vez que o preto pode fazer com que as outras cores pare\u00e7am mais brilhantes, at\u00e9 as cores escuras funcionam bem com o preto, pelo que \u00e9 utilizado principalmente como cor de contraste em desenhos. Estilo elegante, discreto e contido, adequado para utiliza\u00e7\u00e3o em v\u00e1rios estilos<\/p>","protected":false},"excerpt":{"rendered":"<p>O m\u00e1rmore Nero Marquina, uma estrutura negra e densa com veios brancos, \u00e9 proveniente de Guangxi e Hubei, na China. A sua durabilidade, resist\u00eancia ao gelo, resist\u00eancia ao desgaste e dureza cumprem as normas internacionais.<\/p>","protected":false},"featured_media":8614,"comment_status":"closed","ping_status":"closed","template":"","meta":[],"product_brand":[],"product_cat":[175],"product_tag":[185,1577,1574,1575,1578,1573,1576],"class_list":{"0":"post-8607","1":"product","2":"type-product","3":"status-publish","4":"has-post-thumbnail","6":"product_cat-marble","7":"product_tag-black","8":"product_tag-black-marble","9":"product_tag-black-marquina-marble","10":"product_tag-chinese-black-marble","11":"product_tag-marquina-marble","12":"product_tag-nero-marquina-marble-slab","13":"product_tag-nero-marquina-marble-tiles","15":"first","16":"instock","17":"shipping-taxable","18":"product-type-simple"},"_links":{"self":[{"href":"https:\/\/www.quartzite-stone.com\/pt\/wp-json\/wp\/v2\/product\/8607","targetHints":{"allow":["GET"]}}],"collection":[{"href":"https:\/\/www.quartzite-stone.com\/pt\/wp-json\/wp\/v2\/product"}],"about":[{"href":"https:\/\/www.quartzite-stone.com\/pt\/wp-json\/wp\/v2\/types\/product"}],"replies":[{"embeddable":true,"href":"https:\/\/www.quartzite-stone.com\/pt\/wp-json\/wp\/v2\/comments?post=8607"}],"wp:featuredmedia":[{"embeddable":true,"href":"https:\/\/www.quartzite-stone.com\/pt\/wp-json\/wp\/v2\/media\/8614"}],"wp:attachment":[{"href":"https:\/\/www.quartzite-stone.com\/pt\/wp-json\/wp\/v2\/media?parent=8607"}],"wp:term":[{"taxonomy":"product_brand","embeddable":true,"href":"https:\/\/www.quartzite-stone.com\/pt\/wp-json\/wp\/v2\/product_brand?post=8607"},{"taxonomy":"product_cat","embeddable":true,"href":"https:\/\/www.quartzite-stone.com\/pt\/wp-json\/wp\/v2\/product_cat?post=8607"},{"taxonomy":"product_tag","embeddable":true,"href":"https:\/\/www.quartzite-stone.com\/pt\/wp-json\/wp\/v2\/product_tag?post=8607"}],"curies":[{"name":"wp","href":"https:\/\/api.w.org\/{rel}","templated":true}]}}