{"id":8599,"date":"2023-10-18T15:54:30","date_gmt":"2023-10-18T07:54:30","guid":{"rendered":"https:\/\/www.quartzite-stone.com\/product\/madeirus-quartzite\/"},"modified":"2023-10-18T16:42:32","modified_gmt":"2023-10-18T08:42:32","slug":"quartzito-madeirus","status":"publish","type":"product","link":"https:\/\/www.quartzite-stone.com\/pt\/products\/madeirus-quartzite\/","title":{"rendered":"Quartzito Madeirus"},"content":{"rendered":"<p>As luxuosas placas de quartzito Madeirus s\u00e3o uma bela pedra natural verde escura que pode ser utilizada para uma variedade de fins. Estas aplica\u00e7\u00f5es v\u00e3o desde lavabos a bancadas de cozinha, tampos de bar, lavabos, contornos de lareiras, contornos de banheiras de hidromassagem e muito mais. Se est\u00e1 \u00e0 procura de uma pedra natural com um toque de terra, o Quartzito Madeirus de Luxo Brasileiro da HRST STONE pode ser para si.<\/p>\n<p><img fetchpriority=\"high\" decoding=\"async\" src=\"https:\/\/data.adwebcloud.com\/public\/material\/220426a7q47o\/product\/VerdePantanal11_1697615507045.jpg\" width=\"800\" height=\"800\" alt=\"\" \/><\/p>\n<\/p>\n<p>Nome do produto: Pedra de Quartzito Verde Escuro Brasileiro de Luxo<br \/>Tamanho popular: 1) Laje grande: 2400 upx1200up mm, espessura 1.6cm, 1.8cm, 2.0cm.<br \/>&nbsp; &nbsp; &nbsp; &nbsp; &nbsp; &nbsp; &nbsp; &nbsp; &nbsp; &nbsp; &nbsp; 2)Vanity top:25\u2033x22\u2033,31\u2033x22\u2033,37\u2033x22\u2033,49\u2033x22\u2033,61\u2033x22\u2033,ect. Espessura 3\/4 \u2033, 1 1\/4 \u2033 Qualquer desenho pode ser feito sob medida.<br \/>&nbsp; &nbsp; &nbsp; &nbsp; &nbsp; &nbsp; &nbsp; &nbsp; &nbsp; &nbsp; &nbsp; 3)Bancada:96\u2033x26\u2033,108\u2033x26\u2033,96\u2033x36\u2033,72\u2033x36\u2033,72\u2033x36\u2033,96\u2033x16 \"ect Espessura 3\/4\u2033,1 1\/4\" Qualquer desenho pode ser feito.<\/p>\n<p>Detalhes de qualidade: 1) Grau de polimento: 90 graus ou superior.<br \/>&nbsp; &nbsp; &nbsp; &nbsp; &nbsp; &nbsp; &nbsp; &nbsp; &nbsp; &nbsp; &nbsp; &nbsp; &nbsp;2) Toler\u00e2ncia de espessura: +\/-1mm.<br \/>&nbsp; &nbsp; &nbsp; &nbsp; &nbsp; &nbsp; &nbsp; &nbsp; &nbsp; &nbsp; &nbsp; &nbsp; &nbsp;3) Toler\u00e2ncia diagonal: +\/-1mm.<br \/>&nbsp; &nbsp; &nbsp; &nbsp; &nbsp; &nbsp; &nbsp; &nbsp; &nbsp; &nbsp; &nbsp; &nbsp; &nbsp;4) Toler\u00e2ncia de planicidade da superf\u00edcie: +\/-0,3mm.<br \/>&nbsp; &nbsp; &nbsp; &nbsp; &nbsp; &nbsp; &nbsp; &nbsp; &nbsp; &nbsp; &nbsp; &nbsp; &nbsp;5) Toler\u00e2ncia de verticalidade do bordo adjacente: +\/-0,5 mm, <br \/>Corte preciso por m\u00e1quina de corte de raios infravermelhos.<br \/>Acabamento da superf\u00edcie: Polido, amaciado<br \/>Arestas: Bullnose completo, Half bullnose, Flat eased (borda facilitada), Bevel top, Radius Top, Laminated Countertop, Ogee Edge, DuPont, Edge, Beveled, ou outros.<br \/>Utiliza\u00e7\u00e3o: Para decora\u00e7\u00e3o de interiores, parede de fundo, ou laje, tampo ou bancadas de cozinha est\u00e3o dispon\u00edveis<br \/>Pagamento: Dep\u00f3sito T\/T 40%<br \/>Embalagem: Cortado \u00e0 medida: caixas de fumiga\u00e7\u00e3o em madeira; Laje: feixes de fumiga\u00e7\u00e3o em madeira.<\/p>\n<p><img decoding=\"async\" src=\"https:\/\/data.adwebcloud.com\/public\/material\/220426a7q47o\/product\/75ef809f2faa3ab848ce9637cd7d_1697615528870.jpg\" width=\"800\" height=\"600\" alt=\"\" \/><\/p>","protected":false},"excerpt":{"rendered":"<p>As luxuosas lajes de quartzito Madeirus s\u00e3o uma bela pedra natural verde escura que pode ser utilizada para uma variedade de fins.<\/p>","protected":false},"featured_media":8600,"comment_status":"open","ping_status":"closed","template":"","meta":[],"product_brand":[],"product_cat":[195],"product_tag":[254,1572,1571],"class_list":{"0":"post-8599","1":"product","2":"type-product","3":"status-publish","4":"has-post-thumbnail","6":"product_cat-quartzite","7":"product_tag-green-quartzite","8":"product_tag-madeirus-quartzite-countertop","9":"product_tag-madeirus-quartzite-slab","11":"first","12":"instock","13":"shipping-taxable","14":"product-type-simple"},"_links":{"self":[{"href":"https:\/\/www.quartzite-stone.com\/pt\/wp-json\/wp\/v2\/product\/8599","targetHints":{"allow":["GET"]}}],"collection":[{"href":"https:\/\/www.quartzite-stone.com\/pt\/wp-json\/wp\/v2\/product"}],"about":[{"href":"https:\/\/www.quartzite-stone.com\/pt\/wp-json\/wp\/v2\/types\/product"}],"replies":[{"embeddable":true,"href":"https:\/\/www.quartzite-stone.com\/pt\/wp-json\/wp\/v2\/comments?post=8599"}],"wp:featuredmedia":[{"embeddable":true,"href":"https:\/\/www.quartzite-stone.com\/pt\/wp-json\/wp\/v2\/media\/8600"}],"wp:attachment":[{"href":"https:\/\/www.quartzite-stone.com\/pt\/wp-json\/wp\/v2\/media?parent=8599"}],"wp:term":[{"taxonomy":"product_brand","embeddable":true,"href":"https:\/\/www.quartzite-stone.com\/pt\/wp-json\/wp\/v2\/product_brand?post=8599"},{"taxonomy":"product_cat","embeddable":true,"href":"https:\/\/www.quartzite-stone.com\/pt\/wp-json\/wp\/v2\/product_cat?post=8599"},{"taxonomy":"product_tag","embeddable":true,"href":"https:\/\/www.quartzite-stone.com\/pt\/wp-json\/wp\/v2\/product_tag?post=8599"}],"curies":[{"name":"wp","href":"https:\/\/api.w.org\/{rel}","templated":true}]}}