{"id":8247,"date":"2023-07-17T18:06:16","date_gmt":"2023-07-17T10:06:16","guid":{"rendered":"https:\/\/www.quartzite-stone.com\/product\/green-maestro-quartzite\/"},"modified":"2023-07-17T19:00:23","modified_gmt":"2023-07-17T11:00:23","slug":"quartzito-maestro-verde","status":"publish","type":"product","link":"https:\/\/www.quartzite-stone.com\/pt\/products\/green-maestro-quartzite\/","title":{"rendered":"Quartzito verde Maestro"},"content":{"rendered":"<p>O Quartzito Verde Maestro \u00e9 um tipo de pedra natural que apresenta uma bela cor verde com tonalidades e padr\u00f5es variados. \u00c9 uma pedra resistente e dur\u00e1vel, o que a torna adequada para v\u00e1rias aplica\u00e7\u00f5es, como bancadas, pavimentos e revestimento de paredes.<\/p>\n<p><img fetchpriority=\"high\" decoding=\"async\" src=\"https:\/\/data.adwebcloud.com\/public\/material\/220426a7q47o\/product\/e50f710a8f779ad77ef9eb1e14b5_1689588170103.jpg\" width=\"800\" height=\"600\" alt=\"\" \/><\/p>\n<p>Como o nome indica, o Quartzito Maestro \u00e9 l\u00edder em beleza e glamour. Os seus veios invulgares e m\u00edsticos de forte tonalidade azul-esverdeada fazem desta pedra natural hipnotizante uma escolha deslumbrante para paredes e bancadas. N\u00e3o ser\u00e1 capaz de resistir ao forte padr\u00e3o ondulante que o atrai para um estado dram\u00e1tico de sonho.<\/p>\n<p><img decoding=\"async\" src=\"https:\/\/data.adwebcloud.com\/public\/material\/220426a7q47o\/product\/1c14026ea2ddf0b5a3221c4456d0_1689588187114.jpg\" width=\"800\" height=\"600\" alt=\"\" \/><\/p>\n<p>A cor verde do Quartzito Verde Maestro \u00e9 tipicamente combinada com toques de branco e cinzento, criando um aspeto \u00fanico e vibrante. A pedra tem frequentemente veios e movimento, o que contribui para o seu car\u00e1cter e apelo visual.<\/p>\n<p><img decoding=\"async\" src=\"https:\/\/data.adwebcloud.com\/public\/material\/220426a7q47o\/product\/GreenMaestroQuartzite11_1689588204603.jpg\" width=\"800\" height=\"800\" alt=\"\" \/><\/p>\n<p><strong>COMO CUIDAR DO QUARTZITO MAESTRO?<\/strong><br \/>O quartzito \u00e9 resistente ao calor e \u00e0s manchas, o que o torna dur\u00e1vel e pr\u00e1tico para balc\u00f5es de cozinha e casa de banho. Se escolher Maestro para o seu balc\u00e3o de cozinha, pense em adicionar mais drama incorporando-o numa espetacular cascata. Ou, quando menos \u00e9 mais, chame a aten\u00e7\u00e3o para a sua beleza com uma instala\u00e7\u00e3o minimalista. Lembre-se de que, em todas as aplica\u00e7\u00f5es, a selagem adequada ajudar\u00e1 a manter a humidade e as bact\u00e9rias afastadas, mantendo o seu magn\u00edfico aspeto.<\/p><\/p>","protected":false},"excerpt":{"rendered":"<p>O Quartzito Green Maestro \u00e9 uma pedra natural resistente e dur\u00e1vel, com uma bela cor verde e tonalidades vari\u00e1veis. \u00c9 adequado para bancadas, pavimentos e revestimento de paredes devido aos seus veios \u00fanicos de tom azul-esverdeado. O padr\u00e3o ondulado cria um efeito sonhador e dram\u00e1tico. O Quartzito Verde Maestro \u00e9 muitas vezes combinado com toques de branco e cinzento, o que aumenta a sua atra\u00e7\u00e3o visual e o seu car\u00e1cter.<\/p><\/p>","protected":false},"featured_media":8248,"comment_status":"open","ping_status":"closed","template":"","meta":[],"product_brand":[],"product_cat":[195],"product_tag":[1487,1490,1492,1493,1491,1344,1279,1489,1488],"class_list":{"0":"post-8247","1":"product","2":"type-product","3":"status-publish","4":"has-post-thumbnail","6":"product_cat-quartzite","7":"product_tag-green-maestro-quartzite","8":"product_tag-green-maestro-quartzite-countertop","9":"product_tag-green-maestro-quartzite-kitchen","10":"product_tag-green-maestro-quartzite-price","11":"product_tag-green-maestro-quartzite-slab","12":"product_tag-green-quartzite-countertop","13":"product_tag-green-quartzite-slab","14":"product_tag-maestro-quartzite","15":"product_tag-verde-maestro-quartzite","17":"first","18":"instock","19":"shipping-taxable","20":"product-type-simple"},"_links":{"self":[{"href":"https:\/\/www.quartzite-stone.com\/pt\/wp-json\/wp\/v2\/product\/8247","targetHints":{"allow":["GET"]}}],"collection":[{"href":"https:\/\/www.quartzite-stone.com\/pt\/wp-json\/wp\/v2\/product"}],"about":[{"href":"https:\/\/www.quartzite-stone.com\/pt\/wp-json\/wp\/v2\/types\/product"}],"replies":[{"embeddable":true,"href":"https:\/\/www.quartzite-stone.com\/pt\/wp-json\/wp\/v2\/comments?post=8247"}],"wp:featuredmedia":[{"embeddable":true,"href":"https:\/\/www.quartzite-stone.com\/pt\/wp-json\/wp\/v2\/media\/8248"}],"wp:attachment":[{"href":"https:\/\/www.quartzite-stone.com\/pt\/wp-json\/wp\/v2\/media?parent=8247"}],"wp:term":[{"taxonomy":"product_brand","embeddable":true,"href":"https:\/\/www.quartzite-stone.com\/pt\/wp-json\/wp\/v2\/product_brand?post=8247"},{"taxonomy":"product_cat","embeddable":true,"href":"https:\/\/www.quartzite-stone.com\/pt\/wp-json\/wp\/v2\/product_cat?post=8247"},{"taxonomy":"product_tag","embeddable":true,"href":"https:\/\/www.quartzite-stone.com\/pt\/wp-json\/wp\/v2\/product_tag?post=8247"}],"curies":[{"name":"wp","href":"https:\/\/api.w.org\/{rel}","templated":true}]}}