{"id":8151,"date":"2023-07-12T16:52:04","date_gmt":"2023-07-12T08:52:04","guid":{"rendered":"https:\/\/www.quartzite-stone.com\/product\/blue-tiger-eyes\/"},"modified":"2023-07-19T10:48:12","modified_gmt":"2023-07-19T02:48:12","slug":"olhos-azuis-de-tigre","status":"publish","type":"product","link":"https:\/\/www.quartzite-stone.com\/pt\/products\/blue-tiger-eyes\/","title":{"rendered":"Olhos de Tigre Azuis"},"content":{"rendered":"<p>Uma mesa de olho de tigre azul \u00e9 uma pe\u00e7a de mobili\u00e1rio que apresenta um tampo de mesa feito da pedra preciosa conhecida como olho de tigre azul. O olho de tigre azul, tamb\u00e9m chamado olho de falc\u00e3o, \u00e9 uma forma de quartzo com uma cor azul \u00fanica e chatoyancy, que \u00e9 o fen\u00f3meno \u00f3tico que cria um efeito cintilante ou \"olho de gato\" quando a pedra \u00e9 vista de certos \u00e2ngulos.<\/p>\n<p><img fetchpriority=\"high\" decoding=\"async\" src=\"https:\/\/data.adwebcloud.com\/public\/material\/220426a7q47o\/product\/BlueYellowTigerEyes4_1689151797734.jpg\" width=\"800\" height=\"600\" alt=\"\" \/><\/p>\n<p>O olho de tigre azul \u00e9 caracterizado pela sua cor azul profunda com riscas de luz chatoyant que se movem pela superf\u00edcie \u00e0 medida que a pedra \u00e9 rodada. Este efeito cativante d\u00e1 \u00e0 pedra uma sensa\u00e7\u00e3o de profundidade e movimento, acrescentando interesse visual a qualquer espa\u00e7o.<\/p>\n<p>As mesas de olho de tigre azul s\u00e3o normalmente feitas \u00e0 m\u00e3o para mostrar a beleza natural da pedra. As placas de olho de tigre azul utilizadas para tampos de mesa s\u00e3o frequentemente cortadas em v\u00e1rias formas, como rectangulares, redondas ou ovais, e polidas at\u00e9 obterem um acabamento liso e brilhante.<\/p>\n<p>Estas mesas podem servir como pontos focais apelativos na decora\u00e7\u00e3o de interiores. S\u00e3o frequentemente utilizadas como mesas de centro, mesas de apoio ou pe\u00e7as de destaque, acrescentando um toque de eleg\u00e2ncia e m\u00edstica a qualquer divis\u00e3o. A cor azul hipnotizante e os padr\u00f5es de chatoyant do olho de tigre azul podem complementar uma variedade de estilos de design, do moderno ao tradicional.<\/p>\n<p><img decoding=\"async\" src=\"https:\/\/data.adwebcloud.com\/public\/material\/220426a7q47o\/product\/BlueYellowTigerEyes8_1689151807231.jpg\" width=\"800\" height=\"600\" alt=\"\" \/><\/p>\n<p>Para al\u00e9m do seu apelo est\u00e9tico, acredita-se que o olho de tigre azul possui certas propriedades metaf\u00edsicas. Pensa-se que \u00e9 uma pedra de prote\u00e7\u00e3o, clareza e discernimento. Muitas pessoas utilizam o olho de tigre azul nos seus espa\u00e7os de vida para criar uma atmosfera calma e serena ou para apoiar o crescimento pessoal e a auto-express\u00e3o.<\/p>\n<p>Quando se trata de cuidar de uma mesa de olho de tigre azul, \u00e9 importante manusear a pedra com cuidado, uma vez que pode ser relativamente macia em compara\u00e7\u00e3o com outros minerais. Para limpar a mesa, basta utilizar um pano macio ou uma esponja com \u00e1gua e sab\u00e3o neutro. Evite utilizar produtos qu\u00edmicos agressivos ou produtos de limpeza abrasivos que possam danificar a superf\u00edcie da pedra.<\/p>\n<p>Em resumo, uma mesa olho de tigre azul \u00e9 uma pe\u00e7a de mobili\u00e1rio com um tampo de mesa feito da cativante pedra preciosa olho de tigre azul. A sua cor azul profundo e os seus padr\u00f5es chatoyant fazem dela um complemento impressionante para qualquer espa\u00e7o interior. Quer seja utilizada como uma mesa funcional ou como um acento decorativo, uma mesa azul olho de tigre pode trazer uma sensa\u00e7\u00e3o de eleg\u00e2ncia e intriga ao seu ambiente dom\u00e9stico ou de escrit\u00f3rio.<\/p><\/p>","protected":false},"excerpt":{"rendered":"<p>Uma mesa olho de tigre azul \u00e9 uma pe\u00e7a de mobili\u00e1rio \u00fanica com um tampo de mesa feito da cativante pedra preciosa olho de tigre azul. Este quartzo exclusivo tem um efeito cintilante de \u201colho de gato\u201d e \u00e9 feito \u00e0 m\u00e3o para mostrar sua beleza natural.<\/p><\/p>","protected":false},"featured_media":8267,"comment_status":"open","ping_status":"closed","template":"","meta":[],"product_brand":[],"product_cat":[208],"product_tag":[1429,1431,1434,1432,1430,1433],"class_list":{"0":"post-8151","1":"product","2":"type-product","3":"status-publish","4":"has-post-thumbnail","6":"product_cat-agate","7":"product_tag-blue-tiger-eyes","8":"product_tag-blue-tiger-eyes-countertop","9":"product_tag-blue-tiger-eyes-flooring","10":"product_tag-blue-tiger-eyes-slab","11":"product_tag-blue-tiger-eyes-table","12":"product_tag-blue-tiger-eyes-wall-tiles","14":"first","15":"instock","16":"shipping-taxable","17":"product-type-simple"},"_links":{"self":[{"href":"https:\/\/www.quartzite-stone.com\/pt\/wp-json\/wp\/v2\/product\/8151","targetHints":{"allow":["GET"]}}],"collection":[{"href":"https:\/\/www.quartzite-stone.com\/pt\/wp-json\/wp\/v2\/product"}],"about":[{"href":"https:\/\/www.quartzite-stone.com\/pt\/wp-json\/wp\/v2\/types\/product"}],"replies":[{"embeddable":true,"href":"https:\/\/www.quartzite-stone.com\/pt\/wp-json\/wp\/v2\/comments?post=8151"}],"wp:featuredmedia":[{"embeddable":true,"href":"https:\/\/www.quartzite-stone.com\/pt\/wp-json\/wp\/v2\/media\/8267"}],"wp:attachment":[{"href":"https:\/\/www.quartzite-stone.com\/pt\/wp-json\/wp\/v2\/media?parent=8151"}],"wp:term":[{"taxonomy":"product_brand","embeddable":true,"href":"https:\/\/www.quartzite-stone.com\/pt\/wp-json\/wp\/v2\/product_brand?post=8151"},{"taxonomy":"product_cat","embeddable":true,"href":"https:\/\/www.quartzite-stone.com\/pt\/wp-json\/wp\/v2\/product_cat?post=8151"},{"taxonomy":"product_tag","embeddable":true,"href":"https:\/\/www.quartzite-stone.com\/pt\/wp-json\/wp\/v2\/product_tag?post=8151"}],"curies":[{"name":"wp","href":"https:\/\/api.w.org\/{rel}","templated":true}]}}