{"id":8122,"date":"2023-07-12T16:24:48","date_gmt":"2023-07-12T08:24:48","guid":{"rendered":"https:\/\/www.quartzite-stone.com\/product\/green-malachite\/"},"modified":"2023-07-12T16:33:52","modified_gmt":"2023-07-12T08:33:52","slug":"malaquite-verde","status":"publish","type":"product","link":"https:\/\/www.quartzite-stone.com\/pt\/products\/green-malachite\/","title":{"rendered":"malaquita verde"},"content":{"rendered":"<p>A Mesa Malaquita Verde \u00e9 uma pe\u00e7a de mobili\u00e1rio que apresenta um tampo de mesa feito da pedra preciosa semipreciosa conhecida como malaquita. A malaquita \u00e9 um mineral verde vibrante que \u00e9 valorizado por seus padr\u00f5es \u00fanicos de faixas e rica colora\u00e7\u00e3o.<\/p>\n<p><img fetchpriority=\"high\" decoding=\"async\" src=\"https:\/\/data.adwebcloud.com\/public\/material\/220426a7q47o\/product\/GreenMalachite7_1689150112543.jpg\" width=\"800\" height=\"800\" alt=\"\" \/><\/p>\n<p>A Mesa de Malaquita Verde costuma ser feita \u00e0 m\u00e3o e cuidadosamente constru\u00edda para mostrar a beleza da pedra. As lajes de malaquita usadas para tampos de mesa s\u00e3o normalmente cortadas em v\u00e1rias formas (como retangular, redonda ou oval) e polidas para um alto brilho, real\u00e7ando os intrincados padr\u00f5es e matizes do mineral.<\/p>\n<p>Os padr\u00f5es encontrados na malaquita podem variar de bandas rodopiantes a an\u00e9is conc\u00eantricos, criando uma apar\u00eancia hipnotizante e din\u00e2mica. Os tons de verde na malaquita podem variar, oferecendo uma gama de intensidades desde o verde floresta profundo at\u00e9 tons mais claros com toques de azul ou amarelo.<\/p>\n<p>Al\u00e9m de seu apelo est\u00e9tico, acredita-se que a malaquita possua certas propriedades metaf\u00edsicas. \u00c9 frequentemente associado \u00e0 transforma\u00e7\u00e3o, prote\u00e7\u00e3o e cura. Muitas pessoas usam a malaquita como elemento decorativo em suas casas ou escrit\u00f3rios para criar uma atmosfera relaxante e relaxante.<\/p>\n<p><img decoding=\"async\" src=\"https:\/\/data.adwebcloud.com\/public\/material\/220426a7q47o\/product\/GreenMalachite6_1689150121941.jpg\" width=\"650\" height=\"650\" alt=\"\" \/><\/p>\n<p>As mesas de malaquita verde podem servir como pontos focais impressionantes no design de interiores. Eles s\u00e3o frequentemente usados como mesas de centro, mesas laterais ou pe\u00e7as de destaque, adicionando um toque de eleg\u00e2ncia natural e sofistica\u00e7\u00e3o a qualquer espa\u00e7o. Sua cor verde vibrante pode complementar uma variedade de estilos de design, do contempor\u00e2neo ao tradicional.<\/p>\n<p><img decoding=\"async\" src=\"https:\/\/data.adwebcloud.com\/public\/material\/220426a7q47o\/product\/GreenMalachite5_1689150136762.jpg\" width=\"800\" height=\"800\" alt=\"\" \/><\/p>\n<p>Quando se trata de cuidar de uma mesa de malaquita verde, \u00e9 importante manusear a pedra com cuidado, pois a malaquita \u00e9 relativamente macia em compara\u00e7\u00e3o com outros minerais. \u00c9 suscet\u00edvel a arranh\u00f5es e danos causados por produtos qu\u00edmicos agressivos, por isso \u00e9 recomend\u00e1vel limpar a mesa com um pano macio e sab\u00e3o neutro ou limpador de pedra especializado. Evite colocar objetos quentes diretamente na superf\u00edcie para evitar poss\u00edveis danos causados pelo calor.<\/p>\n<p><img loading=\"lazy\" decoding=\"async\" src=\"https:\/\/data.adwebcloud.com\/public\/material\/220426a7q47o\/product\/GreenMalachite9_1689150150018.jpg\" width=\"650\" height=\"650\" alt=\"\" \/><\/p>\n<p>Em resumo, uma mesa de malaquita verde \u00e9 uma pe\u00e7a de mobili\u00e1rio com um tampo de mesa feito do belo e vibrante mineral malaquita. Os seus padr\u00f5es \u00fanicos e a sua rica cor verde tornam-no uma adi\u00e7\u00e3o impressionante a qualquer espa\u00e7o interior. Quer seja usada como uma mesa funcional ou um acento decorativo, uma mesa de malaquita verde pode trazer um toque de beleza natural e eleg\u00e2ncia \u00e0 sua casa ou escrit\u00f3rio.<\/p><\/p>","protected":false},"excerpt":{"rendered":"<p>A mesa de malaquita verde \u00e9 uma pe\u00e7a de mobili\u00e1rio artesanal com um tampo de mesa feito de malaquita mineral verde vibrante.<\/p>","protected":false},"featured_media":8129,"comment_status":"open","ping_status":"closed","template":"","meta":[],"product_brand":[],"product_cat":[208],"product_tag":[1421,1423,1428,1422,1424,1425,1426,1427],"class_list":{"0":"post-8122","1":"product","2":"type-product","3":"status-publish","4":"has-post-thumbnail","6":"product_cat-agate","7":"product_tag-green-malachite","8":"product_tag-green-malachite-slab","9":"product_tag-green-malachite-table","10":"product_tag-malachite","11":"product_tag-malachite-countertop","12":"product_tag-malachite-kitchen","13":"product_tag-malachite-slab","14":"product_tag-malachite-table","16":"first","17":"instock","18":"shipping-taxable","19":"product-type-simple"},"_links":{"self":[{"href":"https:\/\/www.quartzite-stone.com\/pt\/wp-json\/wp\/v2\/product\/8122","targetHints":{"allow":["GET"]}}],"collection":[{"href":"https:\/\/www.quartzite-stone.com\/pt\/wp-json\/wp\/v2\/product"}],"about":[{"href":"https:\/\/www.quartzite-stone.com\/pt\/wp-json\/wp\/v2\/types\/product"}],"replies":[{"embeddable":true,"href":"https:\/\/www.quartzite-stone.com\/pt\/wp-json\/wp\/v2\/comments?post=8122"}],"wp:featuredmedia":[{"embeddable":true,"href":"https:\/\/www.quartzite-stone.com\/pt\/wp-json\/wp\/v2\/media\/8129"}],"wp:attachment":[{"href":"https:\/\/www.quartzite-stone.com\/pt\/wp-json\/wp\/v2\/media?parent=8122"}],"wp:term":[{"taxonomy":"product_brand","embeddable":true,"href":"https:\/\/www.quartzite-stone.com\/pt\/wp-json\/wp\/v2\/product_brand?post=8122"},{"taxonomy":"product_cat","embeddable":true,"href":"https:\/\/www.quartzite-stone.com\/pt\/wp-json\/wp\/v2\/product_cat?post=8122"},{"taxonomy":"product_tag","embeddable":true,"href":"https:\/\/www.quartzite-stone.com\/pt\/wp-json\/wp\/v2\/product_tag?post=8122"}],"curies":[{"name":"wp","href":"https:\/\/api.w.org\/{rel}","templated":true}]}}