{"id":8072,"date":"2023-07-11T18:02:19","date_gmt":"2023-07-11T10:02:19","guid":{"rendered":"https:\/\/www.quartzite-stone.com\/product\/lapis-lazuli\/"},"modified":"2023-07-11T18:57:23","modified_gmt":"2023-07-11T10:57:23","slug":"lapis-lazuli-2","status":"publish","type":"product","link":"https:\/\/www.quartzite-stone.com\/pt\/products\/lapis-lazuli\/","title":{"rendered":"L\u00e1pis laz\u00fali"},"content":{"rendered":"<p>O l\u00e1pis-laz\u00fali \u00e9 uma pedra preciosa bonita e muito apreciada que tem sido valorizada h\u00e1 milhares de anos. \u00c9 uma pedra opaca, de um azul profundo, com manchas ou veios de pirite dourada ou calcite branca a atravess\u00e1-la. O l\u00e1pis-laz\u00fali \u00e9 composto principalmente pelos minerais lazurite, calcite e pirite.<\/p>\n<p><img fetchpriority=\"high\" decoding=\"async\" src=\"https:\/\/data.adwebcloud.com\/public\/material\/220426a7q47o\/product\/LapisLazuli9_1689069603046.jpg\" width=\"800\" height=\"600\" alt=\"\" \/><\/p>\n<p>A rica cor azul do l\u00e1pis-laz\u00fali tornou-o uma pedra muito procurada para fins decorativos e de joalharia ao longo da hist\u00f3ria. Foi utilizada nas antigas civiliza\u00e7\u00f5es eg\u00edpcia, mesopot\u00e2mica e persa, adornando frequentemente os trajes reais, j\u00f3ias e at\u00e9 est\u00e1tuas e edif\u00edcios importantes.<\/p>\n<p>O l\u00e1pis-laz\u00fali \u00e9 conhecido pela sua est\u00e9tica marcante, com a sua tonalidade azul intensa que faz lembrar o c\u00e9u noturno. As manchas douradas de pirite no interior da pedra d\u00e3o-lhe um toque de brilho e profundidade. O seu aspeto \u00fanico faz com que seja uma escolha popular para pe\u00e7as de joalharia, como colares, an\u00e9is, pulseiras e brincos.<\/p>\n<p><img decoding=\"async\" src=\"https:\/\/data.adwebcloud.com\/public\/material\/220426a7q47o\/product\/LapisLazuli2_1689069612328.jpg\" width=\"800\" height=\"600\" alt=\"\" \/><\/p>\n<p>Para al\u00e9m da sua beleza, o l\u00e1pis-laz\u00fali est\u00e1 tamb\u00e9m associado a v\u00e1rias propriedades metaf\u00edsicas. Acredita-se que \u00e9 uma pedra de sabedoria, verdade e ilumina\u00e7\u00e3o. Diz-se que o L\u00e1pis-laz\u00fali melhora as capacidades intelectuais, estimula a auto-consci\u00eancia e promove a paz e a harmonia interiores. Muitas pessoas tamb\u00e9m recorrem ao L\u00e1pis-laz\u00fali pela sua reputada capacidade de melhorar as capacidades de comunica\u00e7\u00e3o e inspirar a criatividade.<\/p>\n<p>Nos \u00faltimos tempos, o l\u00e1pis-laz\u00fali tem-se tornado cada vez mais popular na decora\u00e7\u00e3o de interiores. Pode ser utilizado como elemento decorativo sob a forma de azulejos, bancadas ou pequenas pe\u00e7as de destaque. A sua cor azul profunda confere uma sensa\u00e7\u00e3o de luxo e singularidade a qualquer espa\u00e7o.<\/p>\n<p>Ao utilizar o l\u00e1pis-laz\u00fali para fins decorativos, \u00e9 importante notar que \u00e9 uma pedra relativamente macia em compara\u00e7\u00e3o com outras pedras preciosas. Por conseguinte, pode exigir cuidados adicionais para evitar riscar ou danificar a superf\u00edcie. Uma selagem adequada e uma manuten\u00e7\u00e3o regular podem ajudar a preservar a sua beleza ao longo do tempo.<\/p>\n<p><img decoding=\"async\" src=\"https:\/\/data.adwebcloud.com\/public\/material\/220426a7q47o\/product\/LapisLazuli1_1689069621055.jpg\" width=\"800\" height=\"600\" alt=\"\" \/><\/p>\n<p>Em geral, o l\u00e1pis-laz\u00fali \u00e9 uma pedra preciosa de not\u00e1vel beleza e significado hist\u00f3rico. A sua cor azul profunda, as manchas douradas e as associa\u00e7\u00f5es com a sabedoria e a ilumina\u00e7\u00e3o fazem dela uma escolha apreciada tanto para j\u00f3ias como para aplica\u00e7\u00f5es decorativas.<\/p>\n<p>A utiliza\u00e7\u00e3o do l\u00e1pis-laz\u00fali como material de bancada pode criar um aspeto verdadeiramente deslumbrante e \u00fanico no seu espa\u00e7o. O l\u00e1pis-laz\u00fali \u00e9 uma pedra preciosa conhecida pela sua cor azul profunda com manchas douradas de pirite, o que a torna uma escolha requintada para dar um toque de luxo e singularidade \u00e0 sua cozinha, casa de banho ou qualquer outra \u00e1rea onde se pretenda uma bancada.<\/p>\n<p>Uma bancada de Lapis Lazuli tornar-se-\u00e1 instantaneamente o ponto focal da divis\u00e3o, chamando a aten\u00e7\u00e3o com a sua tonalidade azul vibrante e manchas douradas cintilantes. Os padr\u00f5es naturais e as varia\u00e7\u00f5es dentro da pedra garantem que cada bancada \u00e9 \u00fanica, acrescentando uma sensa\u00e7\u00e3o de exclusividade ao seu espa\u00e7o.<\/p>\n<p><img loading=\"lazy\" decoding=\"async\" src=\"https:\/\/data.adwebcloud.com\/public\/material\/220426a7q47o\/product\/LapisLazuli7_1689069629495.jpg\" width=\"800\" height=\"600\" alt=\"\" \/><\/p>\n<p>Ao considerar uma bancada de l\u00e1pis-laz\u00fali, \u00e9 importante notar que esta pedra preciosa \u00e9 relativamente macia em compara\u00e7\u00e3o com os materiais de bancada tradicionais, como o granito ou o quartzo. Sendo uma pedra mais macia, pode ser mais suscet\u00edvel a riscos ou danos provocados por objectos afiados ou impactos fortes. Por conseguinte, \u00e9 essencial manusear e manter a bancada com cuidado para preservar a sua beleza e longevidade.<\/p>\n<p>Para aumentar a durabilidade e a funcionalidade de uma bancada em l\u00e1pis-laz\u00fali, recomenda-se frequentemente a sua incorpora\u00e7\u00e3o como elemento decorativo, em vez de a utilizar como superf\u00edcie de trabalho principal. Por exemplo, pode ter uma sec\u00e7\u00e3o mais pequena da sua bancada adornada com L\u00e1pis-laz\u00fali como um ponto focal marcante, enquanto opta por um material mais dur\u00e1vel para a maior parte da \u00e1rea de trabalho.<\/p><\/p>","protected":false},"excerpt":{"rendered":"<p>Lapis Lazuli \u00e9 um material de bancada exclusivo e luxuoso com cor azul profundo e manchas douradas de pirita, tornando-o uma excelente escolha para adicionar luxo e exclusividade a cozinhas, banheiros ou outras \u00e1reas.<\/p><\/p>","protected":false},"featured_media":8073,"comment_status":"open","ping_status":"closed","template":"","meta":[],"product_brand":[],"product_cat":[208],"product_tag":[1396,1391,1392,1390,1393,1395,1394],"class_list":{"0":"post-8072","1":"product","2":"type-product","3":"status-publish","4":"has-post-thumbnail","6":"product_cat-agate","7":"product_tag-lapis-lazuli","8":"product_tag-lapis-lazuli-countertop","9":"product_tag-lapis-lazuli-kitchen","10":"product_tag-lapis-lazuli-price","11":"product_tag-lapis-lazuli-slab","12":"product_tag-lapis-lazuli-tiles","13":"product_tag-lapis-lazuli-wall","15":"first","16":"instock","17":"shipping-taxable","18":"product-type-simple"},"_links":{"self":[{"href":"https:\/\/www.quartzite-stone.com\/pt\/wp-json\/wp\/v2\/product\/8072","targetHints":{"allow":["GET"]}}],"collection":[{"href":"https:\/\/www.quartzite-stone.com\/pt\/wp-json\/wp\/v2\/product"}],"about":[{"href":"https:\/\/www.quartzite-stone.com\/pt\/wp-json\/wp\/v2\/types\/product"}],"replies":[{"embeddable":true,"href":"https:\/\/www.quartzite-stone.com\/pt\/wp-json\/wp\/v2\/comments?post=8072"}],"wp:featuredmedia":[{"embeddable":true,"href":"https:\/\/www.quartzite-stone.com\/pt\/wp-json\/wp\/v2\/media\/8073"}],"wp:attachment":[{"href":"https:\/\/www.quartzite-stone.com\/pt\/wp-json\/wp\/v2\/media?parent=8072"}],"wp:term":[{"taxonomy":"product_brand","embeddable":true,"href":"https:\/\/www.quartzite-stone.com\/pt\/wp-json\/wp\/v2\/product_brand?post=8072"},{"taxonomy":"product_cat","embeddable":true,"href":"https:\/\/www.quartzite-stone.com\/pt\/wp-json\/wp\/v2\/product_cat?post=8072"},{"taxonomy":"product_tag","embeddable":true,"href":"https:\/\/www.quartzite-stone.com\/pt\/wp-json\/wp\/v2\/product_tag?post=8072"}],"curies":[{"name":"wp","href":"https:\/\/api.w.org\/{rel}","templated":true}]}}