{"id":8052,"date":"2023-07-11T17:05:10","date_gmt":"2023-07-11T09:05:10","guid":{"rendered":"https:\/\/www.quartzite-stone.com\/product\/purple-agate\/"},"modified":"2023-07-11T17:48:23","modified_gmt":"2023-07-11T09:48:23","slug":"agata-purpura","status":"publish","type":"product","link":"https:\/\/www.quartzite-stone.com\/pt\/products\/purple-agate\/","title":{"rendered":"\u00e1gata roxa"},"content":{"rendered":"<p>Uma bancada de \u00e1gata roxa \u00e9 uma escolha deslumbrante e luxuosa para adicionar um toque de eleg\u00e2ncia e beleza natural ao seu espa\u00e7o. A \u00e1gata \u00e9 um tipo de calced\u00f4nia, que \u00e9 uma forma de quartzo, e \u00e9 conhecida por suas cores vibrantes e padr\u00f5es de faixas \u00fanicos.<\/p>\n<p><img fetchpriority=\"high\" decoding=\"async\" src=\"https:\/\/data.adwebcloud.com\/public\/material\/220426a7q47o\/product\/PurpleAgate1_1689066051220.jpg\" width=\"800\" height=\"800\" alt=\"\" \/><\/p>\n<p>O que diferencia uma bancada de \u00e1gata roxa \u00e9 sua tonalidade roxa hipnotizante. A \u00e1gata ocorre naturalmente em uma variedade de cores, e a \u00e1gata roxa \u00e9 particularmente cativante. Os ricos tons de roxo podem variar de violeta profundo a lavanda ou at\u00e9 mesmo um tom roxo transl\u00facido e p\u00e1lido.<\/p>\n<p>Os padr\u00f5es de faixas encontrados na \u00e1gata adicionam uma camada adicional de interesse visual \u00e0 bancada. Esses padr\u00f5es variam de pedra para pedra, criando uma apar\u00eancia \u00fanica e org\u00e2nica. Os redemoinhos, listras e an\u00e9is conc\u00eantricos dentro da \u00e1gata podem criar uma sensa\u00e7\u00e3o de movimento e profundidade, tornando-a uma verdadeira pe\u00e7a de destaque em qualquer design de interiores.<\/p>\n<p><img decoding=\"async\" src=\"https:\/\/data.adwebcloud.com\/public\/material\/220426a7q47o\/product\/PurpleAgate12_1689066064998.jpg\" width=\"800\" height=\"800\" alt=\"\" \/><\/p>\n<p>Al\u00e9m de sua beleza marcante, a Bancada \u00c1gata Roxa tamb\u00e9m \u00e9 resistente e adequada para o uso di\u00e1rio. A \u00e1gata \u00e9 uma pedra relativamente dura, marcando 7 na escala de dureza de Mohs, tornando-a resistente a arranh\u00f5es e desgaste. No entanto, como acontece com qualquer pedra natural, \u00e9 importante cuidar e manter a superf\u00edcie adequadamente para preservar sua beleza ao longo do tempo.<\/p>\n<p><img decoding=\"async\" src=\"https:\/\/data.adwebcloud.com\/public\/material\/220426a7q47o\/product\/PurpleAgate2_1689066077019.jpg\" width=\"800\" height=\"800\" alt=\"\" \/><\/p>\n<p>Ao selecionar uma bancada de \u00e1gata roxa, lembre-se de que a apar\u00eancia de cada placa pode variar devido \u00e0s caracter\u00edsticas naturais da pedra. \u00c9 aconselh\u00e1vel ver amostras ou selecionar as placas reais para garantir que voc\u00ea alcance o tom de roxo desejado e os padr\u00f5es exclusivos de sua prefer\u00eancia.<\/p>\n<p>No geral, uma bancada de \u00e1gata roxa adiciona um toque de luxo e exclusividade ao seu espa\u00e7o. Sua cor roxa vibrante e padr\u00f5es de faixas hipnotizantes o tornam uma escolha verdadeiramente atraente que pode melhorar a est\u00e9tica geral de sua casa.<\/p><\/p>","protected":false},"excerpt":{"rendered":"<p>A bancada de \u00e1gata roxa \u00e9 uma op\u00e7\u00e3o luxuosa e atraente para adicionar eleg\u00e2ncia e beleza natural ao seu espa\u00e7o. A \u00e1gata, uma pedra \u00e0 base de quartzo, \u00e9 conhecida por suas cores vibrantes e padr\u00f5es de bandas exclusivos. Seu tom roxo hipnotizante, variando de violeta profundo a lavanda, cria uma apar\u00eancia cativante e org\u00e2nica.<\/p><\/p>","protected":false},"featured_media":8059,"comment_status":"open","ping_status":"closed","template":"","meta":[],"product_brand":[],"product_cat":[208],"product_tag":[1381,1384,1385,1382,1383,1386,1389,1388,1387],"class_list":{"0":"post-8052","1":"product","2":"type-product","3":"status-publish","4":"has-post-thumbnail","6":"product_cat-agate","7":"product_tag-purple-agate","8":"product_tag-purple-agate-countertop","9":"product_tag-purple-agate-kitchen","10":"product_tag-purple-agate-price","11":"product_tag-purple-agate-slab","12":"product_tag-purple-agate-tiles","13":"product_tag-purple-gemstone","14":"product_tag-purple-semi-precious-stone","15":"product_tag-translucent-agate","17":"first","18":"instock","19":"shipping-taxable","20":"product-type-simple"},"_links":{"self":[{"href":"https:\/\/www.quartzite-stone.com\/pt\/wp-json\/wp\/v2\/product\/8052","targetHints":{"allow":["GET"]}}],"collection":[{"href":"https:\/\/www.quartzite-stone.com\/pt\/wp-json\/wp\/v2\/product"}],"about":[{"href":"https:\/\/www.quartzite-stone.com\/pt\/wp-json\/wp\/v2\/types\/product"}],"replies":[{"embeddable":true,"href":"https:\/\/www.quartzite-stone.com\/pt\/wp-json\/wp\/v2\/comments?post=8052"}],"wp:featuredmedia":[{"embeddable":true,"href":"https:\/\/www.quartzite-stone.com\/pt\/wp-json\/wp\/v2\/media\/8059"}],"wp:attachment":[{"href":"https:\/\/www.quartzite-stone.com\/pt\/wp-json\/wp\/v2\/media?parent=8052"}],"wp:term":[{"taxonomy":"product_brand","embeddable":true,"href":"https:\/\/www.quartzite-stone.com\/pt\/wp-json\/wp\/v2\/product_brand?post=8052"},{"taxonomy":"product_cat","embeddable":true,"href":"https:\/\/www.quartzite-stone.com\/pt\/wp-json\/wp\/v2\/product_cat?post=8052"},{"taxonomy":"product_tag","embeddable":true,"href":"https:\/\/www.quartzite-stone.com\/pt\/wp-json\/wp\/v2\/product_tag?post=8052"}],"curies":[{"name":"wp","href":"https:\/\/api.w.org\/{rel}","templated":true}]}}