{"id":7690,"date":"2023-07-06T14:29:35","date_gmt":"2023-07-06T06:29:35","guid":{"rendered":"https:\/\/www.quartzite-stone.com\/product\/cosmopolitan-quartzite\/"},"modified":"2023-07-06T15:30:19","modified_gmt":"2023-07-06T07:30:19","slug":"quartzito-cosmopolita","status":"publish","type":"product","link":"https:\/\/www.quartzite-stone.com\/pt\/products\/cosmopolitan-quartzite\/","title":{"rendered":"Quartzito cosmopolita"},"content":{"rendered":"<p>Cosmopolitan Quartzite \u00e9 uma elegante e luxuosa pedra rosa natural muito procurada no mundo do design de interiores. Apresenta uma mistura sofisticada de tons, incluindo brancos cremosos, rosas suaves e texturas sutis para criar um visual harmonioso e atemporal.<\/p>\n<p><img fetchpriority=\"high\" decoding=\"async\" src=\"https:\/\/data.adwebcloud.com\/public\/material\/220426a7q47o\/product\/CosmopolitanQuartzite3_1688624882941.jpg\" width=\"750\" height=\"750\" alt=\"Parede de quartzito cosmopolita\" \/><\/p>\n<p>Rosa se tornou uma cor muito popular. O doce e ador\u00e1vel quarto da menina s\u00f3 pode mostrar 10% de seu charme, e o requintado quarto principal tamb\u00e9m pode dar um toque completo \u00e0s suas v\u00e1rias habilidades para vestir v\u00e1rios designs de quarto.<\/p>\n<p>Cosmopolitan Quartzite Wall \u00e9 uma tonalidade sutil. Us\u00e1-lo no quarto trar\u00e1 muitas surpresas inesperadas. N\u00e3o \u00e9 apenas doce e gentil, mas tamb\u00e9m tem personagens e estilos multifacetados.<\/p>\n<p><img decoding=\"async\" src=\"https:\/\/data.adwebcloud.com\/public\/material\/220426a7q47o\/product\/CosmopolitanQuartzite8_1688624894390.jpg\" width=\"750\" height=\"750\" alt=\"Laje de quartzito cosmopolita\" \/><\/p>\n<p>Conhecido por seu impressionante padr\u00e3o de gr\u00e3os e sofistica\u00e7\u00e3o, este exclusivo Quartzito Cosmopolitan adiciona profundidade e personalidade a qualquer espa\u00e7o. A combina\u00e7\u00e3o de tons de rosa cria equil\u00edbrio e versatilidade, facilitando a coordena\u00e7\u00e3o com uma variedade de estilos de design.<\/p>\n<p>Devido \u00e0 sua durabilidade, resist\u00eancia ao calor, resist\u00eancia a arranh\u00f5es e resist\u00eancia a manchas, a pedra Cosmopolitan Quartzite \u00e9 comumente usada para bancadas de cozinha, penteadeiras de banheiro e ao redor de lareiras. A sua cor rosa confere um toque de eleg\u00e2ncia e sofistica\u00e7\u00e3o a estes espa\u00e7os, real\u00e7ando instantaneamente a est\u00e9tica geral.<\/p>\n<p><img decoding=\"async\" src=\"https:\/\/data.adwebcloud.com\/public\/material\/220426a7q47o\/product\/CosmopolitanQuartzite7_1688624903316.jpg\" width=\"750\" height=\"750\" alt=\"\" \/><\/p>\n<p>Al\u00e9m da beleza, a pedra Quartzito Rosa Cosmopolitan tamb\u00e9m \u00e9 valorizada pela praticidade. Requer manuten\u00e7\u00e3o m\u00ednima e \u00e9 f\u00e1cil de limpar, tornando-se uma escolha popular para aplica\u00e7\u00f5es residenciais e comerciais.<\/p>\n<p>Seja incorporado a um ambiente moderno, contempor\u00e2neo ou tradicional, o Cosmopolitan Quartzite acrescenta um toque de sofistica\u00e7\u00e3o e sofistica\u00e7\u00e3o para um ambiente verdadeiramente cosmopolita.<\/p><\/p>","protected":false},"excerpt":{"rendered":"<\/p>","protected":false},"featured_media":7691,"comment_status":"open","ping_status":"closed","template":"","meta":[],"product_brand":[],"product_cat":[195],"product_tag":[1223,1224,1225,1222,1228,1226,1227,991,521],"class_list":{"0":"post-7690","1":"product","2":"type-product","3":"status-publish","4":"has-post-thumbnail","6":"product_cat-quartzite","7":"product_tag-cosmopolitan-quartzite-countertop","8":"product_tag-cosmopolitan-quartzite-kitchen","9":"product_tag-cosmopolitan-quartzite-price","10":"product_tag-cosmopolitan-quartzite-slab","11":"product_tag-cosmopolitan-red-quartzite","12":"product_tag-juliet-crystal-quartzite","13":"product_tag-pink-crystal-quartzite","14":"product_tag-pink-quartzite","15":"product_tag-red-quartzite","17":"first","18":"instock","19":"shipping-taxable","20":"product-type-simple"},"_links":{"self":[{"href":"https:\/\/www.quartzite-stone.com\/pt\/wp-json\/wp\/v2\/product\/7690","targetHints":{"allow":["GET"]}}],"collection":[{"href":"https:\/\/www.quartzite-stone.com\/pt\/wp-json\/wp\/v2\/product"}],"about":[{"href":"https:\/\/www.quartzite-stone.com\/pt\/wp-json\/wp\/v2\/types\/product"}],"replies":[{"embeddable":true,"href":"https:\/\/www.quartzite-stone.com\/pt\/wp-json\/wp\/v2\/comments?post=7690"}],"wp:featuredmedia":[{"embeddable":true,"href":"https:\/\/www.quartzite-stone.com\/pt\/wp-json\/wp\/v2\/media\/7691"}],"wp:attachment":[{"href":"https:\/\/www.quartzite-stone.com\/pt\/wp-json\/wp\/v2\/media?parent=7690"}],"wp:term":[{"taxonomy":"product_brand","embeddable":true,"href":"https:\/\/www.quartzite-stone.com\/pt\/wp-json\/wp\/v2\/product_brand?post=7690"},{"taxonomy":"product_cat","embeddable":true,"href":"https:\/\/www.quartzite-stone.com\/pt\/wp-json\/wp\/v2\/product_cat?post=7690"},{"taxonomy":"product_tag","embeddable":true,"href":"https:\/\/www.quartzite-stone.com\/pt\/wp-json\/wp\/v2\/product_tag?post=7690"}],"curies":[{"name":"wp","href":"https:\/\/api.w.org\/{rel}","templated":true}]}}