{"id":7660,"date":"2023-06-29T18:13:10","date_gmt":"2023-06-29T10:13:10","guid":{"rendered":"https:\/\/www.quartzite-stone.com\/product\/black-negresco-quartzite\/"},"modified":"2023-06-29T18:36:35","modified_gmt":"2023-06-29T10:36:35","slug":"quartzito-preto-negresco","status":"publish","type":"product","link":"https:\/\/www.quartzite-stone.com\/pt\/products\/black-negresco-quartzite\/","title":{"rendered":"Quartzito Negro Negresco"},"content":{"rendered":"<p>O Quartzito Negresco \u00e9 uma pedra preta natural bonita e \u00fanica, conhecida por sua apar\u00eancia marcante. Ele apresenta um fundo escuro com uma mistura de padr\u00f5es rodopiantes e movimentos fluidos em tons de preto, cinza e branco. Este granito geralmente exibe veias e manchas intrincadas que adicionam profundidade e car\u00e1ter \u00e0 sua apar\u00eancia geral.<\/p>\n<p><img fetchpriority=\"high\" decoding=\"async\" src=\"https:\/\/data.adwebcloud.com\/public\/material\/220426a7q47o\/product\/NegrescoQuartzite2_1688033436267.png\" width=\"481\" height=\"378\" alt=\"\" \/><\/p>\n<p>Negresco Quartzite \u00e9 conhecido por sua durabilidade, for\u00e7a e resist\u00eancia ao calor, arranh\u00f5es e manchas. Essas qualidades tornam o quartzito Negresco uma escolha popular para uma variedade de aplica\u00e7\u00f5es, incluindo bancadas, pisos, contra-salpicos e outros recursos arquitet\u00f4nicos.<\/p>\n<p>A colora\u00e7\u00e3o escura e dram\u00e1tica do Quartzito Negresco pode criar uma est\u00e9tica ousada e luxuosa em ambientes residenciais e comerciais. Combina bem com v\u00e1rios estilos de design, do moderno e contempor\u00e2neo ao tradicional e cl\u00e1ssico. Tamb\u00e9m pode ser usado para adicionar contraste e interesse visual quando combinado com materiais de cores mais claras.<\/p>\n<p><img decoding=\"async\" src=\"https:\/\/data.adwebcloud.com\/public\/material\/220426a7q47o\/product\/NegrescoQuartzite3_1688033448317.jpg\" width=\"800\" height=\"600\" alt=\"Laje de Quartzito Negresco\" \/><\/p>\n<p>Para manter a beleza e longevidade do Quartzito Negresco, recomenda-se sel\u00e1-lo regularmente e limp\u00e1-lo com \u00e1gua e sab\u00e3o neutro. Evite usar produtos de limpeza \u00e1speros ou abrasivos que possam danificar a superf\u00edcie da pedra.<\/p>\n<p><img decoding=\"async\" src=\"https:\/\/data.adwebcloud.com\/public\/material\/220426a7q47o\/product\/NegrescoQuartzite8_1688033494034.jpg\" width=\"800\" height=\"600\" alt=\"Pre\u00e7o Quartzito Negresco\" \/><\/p>\n<p>No geral, Negresco Quartzite oferece uma op\u00e7\u00e3o sofisticada e visualmente cativante para quem procura uma pedra natural distinta com for\u00e7a duradoura e apelo atemporal.<\/p><\/p>","protected":false},"excerpt":{"rendered":"<p>O Quartzito Negresco \u00e9 uma pedra preta natural \u00fanica com uma apar\u00eancia impressionante, apresentando padr\u00f5es em redemoinho e movimento fluido em tons de preto, cinza e branco.<\/p><\/p>","protected":false},"featured_media":7662,"comment_status":"open","ping_status":"closed","template":"","meta":[],"product_brand":[],"product_cat":[195],"product_tag":[1039,1221,1018,1219,1216,1215,1217,1220,1218],"class_list":{"0":"post-7660","1":"product","2":"type-product","3":"status-publish","4":"has-post-thumbnail","6":"product_cat-quartzite","7":"product_tag-black-quartzite","8":"product_tag-black-quartzite-slab","9":"product_tag-leathered-quartzite","10":"product_tag-negresco-countertop","11":"product_tag-negresco-leathered-quartzite","12":"product_tag-negresco-quartzite","13":"product_tag-negresco-quartzite-countertop","14":"product_tag-negresco-quartzite-price","15":"product_tag-negresco-quartzite-slab","17":"first","18":"instock","19":"shipping-taxable","20":"product-type-simple"},"_links":{"self":[{"href":"https:\/\/www.quartzite-stone.com\/pt\/wp-json\/wp\/v2\/product\/7660","targetHints":{"allow":["GET"]}}],"collection":[{"href":"https:\/\/www.quartzite-stone.com\/pt\/wp-json\/wp\/v2\/product"}],"about":[{"href":"https:\/\/www.quartzite-stone.com\/pt\/wp-json\/wp\/v2\/types\/product"}],"replies":[{"embeddable":true,"href":"https:\/\/www.quartzite-stone.com\/pt\/wp-json\/wp\/v2\/comments?post=7660"}],"wp:featuredmedia":[{"embeddable":true,"href":"https:\/\/www.quartzite-stone.com\/pt\/wp-json\/wp\/v2\/media\/7662"}],"wp:attachment":[{"href":"https:\/\/www.quartzite-stone.com\/pt\/wp-json\/wp\/v2\/media?parent=7660"}],"wp:term":[{"taxonomy":"product_brand","embeddable":true,"href":"https:\/\/www.quartzite-stone.com\/pt\/wp-json\/wp\/v2\/product_brand?post=7660"},{"taxonomy":"product_cat","embeddable":true,"href":"https:\/\/www.quartzite-stone.com\/pt\/wp-json\/wp\/v2\/product_cat?post=7660"},{"taxonomy":"product_tag","embeddable":true,"href":"https:\/\/www.quartzite-stone.com\/pt\/wp-json\/wp\/v2\/product_tag?post=7660"}],"curies":[{"name":"wp","href":"https:\/\/api.w.org\/{rel}","templated":true}]}}