{"id":7618,"date":"2023-06-28T18:08:38","date_gmt":"2023-06-28T10:08:38","guid":{"rendered":"https:\/\/www.quartzite-stone.com\/product\/sequoia-brown-quartzite\/"},"modified":"2023-06-28T18:21:27","modified_gmt":"2023-06-28T10:21:27","slug":"quartzito-castanho-sequoia","status":"publish","type":"product","link":"https:\/\/www.quartzite-stone.com\/pt\/products\/sequoia-brown-quartzite\/","title":{"rendered":"Sequ\u00f3ia Marrom Quartzito"},"content":{"rendered":"<p>Sequoia Brown Quartzite \u00e9 uma pedra natural deslumbrante, conhecida por sua rica cor marrom e padr\u00f5es intrincados. \u00c9 um tipo de quartzito formado a partir do arenito e submetido a altas temperaturas e press\u00f5es para formar um material dur\u00e1vel e resistente.<\/p>\n<p>O Sequoia Brown Quartz vem em uma variedade de tons de marrom, de um tom de caramelo claro a um tom de chocolate mais profundo. Estas cores quentes e terrosas trazem calor e eleg\u00e2ncia a qualquer espa\u00e7o. As mudan\u00e7as de cor nas lajes de quartzito marrom sequ\u00f3ia adicionam profundidade e interesse visual, criando uma apar\u00eancia atraente e \u00fanica.<\/p>\n<p><img fetchpriority=\"high\" decoding=\"async\" src=\"https:\/\/data.adwebcloud.com\/public\/material\/220426a7q47o\/product\/hongshanmu2500_1687946807739.jpg\" width=\"600\" height=\"450\" alt=\"Laje de Quartzito Marrom Sequ\u00f3ia\" \/><\/p>\n<p>Uma das caracter\u00edsticas distintivas do Sequoia Brown Quartzite \u00e9 seu intrincado padr\u00e3o de veios e redemoinhos. Esses padr\u00f5es naturais v\u00eam em uma variedade de cores, desde mechas delicadas at\u00e9 texturas \u00e1speras, em tons de branco, cinza e at\u00e9 dourado. Esses padr\u00f5es adicionam textura visual e movimento \u00e0 pedra, real\u00e7ando sua beleza e car\u00e1ter geral.<\/p>\n<p>Al\u00e9m de bonita, a pedra Quartzo Marrom Sequ\u00f3ia oferece excepcional durabilidade e desempenho. \u00c9 altamente resistente a arranh\u00f5es, calor e manchas e \u00e9 adequado para uma variedade de aplica\u00e7\u00f5es. \u00c9 comumente usado em bancadas, pisos, contra-salpicos e revestimento de paredes para fornecer funcionalidade e uma sensa\u00e7\u00e3o natural e refinada.<\/p>\n<p><img decoding=\"async\" src=\"https:\/\/data.adwebcloud.com\/public\/material\/220426a7q47o\/product\/SequoiaBrownQuartzite4_1687946835688.jpg\" width=\"600\" height=\"600\" alt=\"\" \/><\/p>\n<p>Redwood Quartz \u00e9 uma pedra vers\u00e1til que complementa uma ampla variedade de estilos de design. Combina bem com diferentes paletas de cores, acabamentos de arm\u00e1rios e materiais de piso, oferecendo uma variedade de op\u00e7\u00f5es de design. Seja usado como ponto focal ou como destaque, o Sequoia Brown Quartz adiciona beleza e eleg\u00e2ncia atemporais a qualquer espa\u00e7o.<\/p>\n<p><img decoding=\"async\" src=\"https:\/\/data.adwebcloud.com\/public\/material\/220426a7q47o\/product\/SequoiaBrownQuartzite7_1687946854578.jpg\" width=\"600\" height=\"600\" alt=\"\" \/><\/p>\n<p>Vale a pena notar que a pedra natural, incluindo quartzo marrom sequ\u00f3ia, pode variar em cor, gr\u00e3o e padr\u00e3o. Recomenda-se revisar e selecionar os pain\u00e9is espec\u00edficos que voc\u00ea pretende usar para garantir que eles atendam \u00e0s suas prefer\u00eancias est\u00e9ticas desejadas.<\/p>\n<p>Em conclus\u00e3o, Sequoia Brown Quartz \u00e9 uma pedra natural atraente, conhecida por sua rica cor marrom, padr\u00e3o intrincado e durabilidade excepcional. Seus tons quentes e terrosos, combinados com sua textura \u00fanica, fazem dele uma escolha popular para agregar eleg\u00e2ncia e sofistica\u00e7\u00e3o a ambientes residenciais e comerciais.<\/p><\/p>","protected":false},"excerpt":{"rendered":"<p>Sequoia Brown Quartzite \u00e9 uma pedra natural com uma rica cor marrom e padr\u00f5es intrincados. Feito de arenito, \u00e9 dur\u00e1vel e resistente, com tonalidades que v\u00e3o do caramelo ao chocolate. Seu intrincado padr\u00e3o de veios e redemoinhos adiciona textura e movimento \u00e0 pedra. Esta pedra \u00e9 altamente resistente a arranh\u00f5es, calor e manchas, tornando-a adequada para diversas aplica\u00e7\u00f5es. \u00c9 comumente usado em bancadas, pisos, backsplashes e revestimento de paredes por sua sensa\u00e7\u00e3o natural e refinada.<\/p><\/p>","protected":false},"featured_media":7619,"comment_status":"open","ping_status":"closed","template":"","meta":[],"product_brand":[],"product_cat":[195],"product_tag":[1015,1181,1182,1183,1188,1184,1187,1186,1185],"class_list":{"0":"post-7618","1":"product","2":"type-product","3":"status-publish","4":"has-post-thumbnail","6":"product_cat-quartzite","7":"product_tag-brown-quartzite","8":"product_tag-sequoia-brown-quartzite-countertops","9":"product_tag-sequoia-brown-quartzite-price","10":"product_tag-sequoia-brown-quartzite-slab","11":"product_tag-sequoia-brown-quartzite-table","12":"product_tag-sequoia-brown-quartzite-tiles","13":"product_tag-sequoia-brown-quartzite-wall","14":"product_tag-sequoia-quartzite","15":"product_tag-sequoia-wood-quartzite","17":"first","18":"instock","19":"shipping-taxable","20":"product-type-simple"},"_links":{"self":[{"href":"https:\/\/www.quartzite-stone.com\/pt\/wp-json\/wp\/v2\/product\/7618","targetHints":{"allow":["GET"]}}],"collection":[{"href":"https:\/\/www.quartzite-stone.com\/pt\/wp-json\/wp\/v2\/product"}],"about":[{"href":"https:\/\/www.quartzite-stone.com\/pt\/wp-json\/wp\/v2\/types\/product"}],"replies":[{"embeddable":true,"href":"https:\/\/www.quartzite-stone.com\/pt\/wp-json\/wp\/v2\/comments?post=7618"}],"wp:featuredmedia":[{"embeddable":true,"href":"https:\/\/www.quartzite-stone.com\/pt\/wp-json\/wp\/v2\/media\/7619"}],"wp:attachment":[{"href":"https:\/\/www.quartzite-stone.com\/pt\/wp-json\/wp\/v2\/media?parent=7618"}],"wp:term":[{"taxonomy":"product_brand","embeddable":true,"href":"https:\/\/www.quartzite-stone.com\/pt\/wp-json\/wp\/v2\/product_brand?post=7618"},{"taxonomy":"product_cat","embeddable":true,"href":"https:\/\/www.quartzite-stone.com\/pt\/wp-json\/wp\/v2\/product_cat?post=7618"},{"taxonomy":"product_tag","embeddable":true,"href":"https:\/\/www.quartzite-stone.com\/pt\/wp-json\/wp\/v2\/product_tag?post=7618"}],"curies":[{"name":"wp","href":"https:\/\/api.w.org\/{rel}","templated":true}]}}