{"id":7600,"date":"2023-06-28T17:11:50","date_gmt":"2023-06-28T09:11:50","guid":{"rendered":"https:\/\/www.quartzite-stone.com\/product\/brown-silk-quartzite\/"},"modified":"2023-06-28T17:15:28","modified_gmt":"2023-06-28T09:15:28","slug":"quartzito-de-seda-castanho","status":"publish","type":"product","link":"https:\/\/www.quartzite-stone.com\/pt\/products\/brown-silk-quartzite\/","title":{"rendered":"Quartzito Seda Marrom"},"content":{"rendered":"<p>O quartzito de seda castanho apresenta-se em v\u00e1rios tons de castanho, desde o bronzeado claro at\u00e9 ao rico castanho chocolate. Esta tonalidade quente confere calor e sofistica\u00e7\u00e3o a qualquer espa\u00e7o. As diferentes tonalidades de castanho na pedra criam profundidade e interesse visual, tornando-a uma escolha popular para quem procura uma est\u00e9tica natural e terrena.<\/p>\n<p><img fetchpriority=\"high\" decoding=\"async\" src=\"https:\/\/data.adwebcloud.com\/public\/material\/220426a7q47o\/product\/BrownSilkQuartzite12_1687943374386.jpg\" width=\"750\" height=\"750\" alt=\"\" \/><\/p>\n<p>O que distingue o Quartzo Seda Castanho dos restantes \u00e9 o seu padr\u00e3o e textura impressionantes. Tem uma textura fina e suave e ondas, e varia em cor desde o creme ao castanho escuro. Estes padr\u00f5es acrescentam movimento e textura \u00e0 pedra, conferindo-lhe uma personalidade \u00fanica. Cada placa de quartzo de seda castanho \u00e9 \u00fanica e tem um aspeto \u00fanico.<\/p>\n<p>Para al\u00e9m da sua est\u00e9tica superior, a pedra de quartzo \"brown silk\" oferece durabilidade e desempenho. \u00c9 altamente resistente a riscos, calor e manchas e \u00e9 adequada para uma variedade de aplica\u00e7\u00f5es. \u00c9 normalmente utilizado em bancadas de cozinha, casas de banho, revestimentos de lareiras e pavimentos. A sua durabilidade garante longevidade, mesmo em \u00e1reas de tr\u00e1fego intenso.<\/p>\n<p><img decoding=\"async\" src=\"https:\/\/data.adwebcloud.com\/public\/material\/220426a7q47o\/product\/BrownSilkQuartzite2_1687943390219.jpg\" width=\"800\" height=\"545\" alt=\"\" \/><\/p>\n<p>Os tons quentes e neutros da pedra de quartzo silk castanho tornam-na vers\u00e1til e complementam uma variedade de estilos de design. Pode integrar-se em espa\u00e7os modernos e tradicionais, acrescentando um toque de beleza natural e eleg\u00e2ncia. Combina bem com diferentes acabamentos de arm\u00e1rios, materiais de pavimento e esquemas de cores, permitindo flexibilidade de design.<\/p>\n<p><img decoding=\"async\" src=\"https:\/\/data.adwebcloud.com\/public\/material\/220426a7q47o\/product\/BrownSilkQuartzite5_1687943405596.jpg\" width=\"800\" height=\"600\" alt=\"\" \/><\/p>\n<p>Ao escolher quartzito de seda castanho, \u00e9 importante ter em conta que as varia\u00e7\u00f5es de cor, gr\u00e3o e padr\u00e3o s\u00e3o inerentes \u00e0 pedra natural. Recomenda-se que reveja e seleccione os pain\u00e9is espec\u00edficos que pretende utilizar para garantir que correspondem \u00e0s suas prefer\u00eancias est\u00e9ticas desejadas.<\/p>\n<p><img loading=\"lazy\" decoding=\"async\" src=\"https:\/\/data.adwebcloud.com\/public\/material\/220426a7q47o\/product\/BrownSilkQuartzite11_1687943423356.jpg\" width=\"750\" height=\"750\" alt=\"\" \/><\/p>\n<p>Em resumo, o quartzito castanho-seda \u00e9 uma pedra natural atraente com tons castanhos quentes, padr\u00f5es fluidos e gr\u00e3os \u00fanicos. A sua durabilidade, versatilidade e aspeto distinto fazem dela uma escolha popular para acrescentar beleza natural e sofistica\u00e7\u00e3o a uma variedade de projectos de arquitetura e design.<\/p><\/p>","protected":false},"excerpt":{"rendered":"<p>O quartzo de seda marrom \u00e9 uma pedra natural bonita e \u00fanica, conhecida por sua tonalidade marrom quente e padr\u00e3o exclusivo. \u00c9 um tipo de quartzito, formado a partir do arenito, que foi submetido a altas temperaturas e press\u00f5es ao longo do tempo para formar um material denso e dur\u00e1vel.<\/p><\/p>","protected":false},"featured_media":7601,"comment_status":"open","ping_status":"closed","template":"","meta":[],"product_brand":[],"product_cat":[195],"product_tag":[1178,1175,1173,1174,1177,1179,1176],"class_list":{"0":"post-7600","1":"product","2":"type-product","3":"status-publish","4":"has-post-thumbnail","6":"product_cat-quartzite","7":"product_tag-brown-silk-granite","8":"product_tag-brown-silk-quartzite-countertops","9":"product_tag-brown-silk-quartzite-price","10":"product_tag-brown-silk-quartzite-slab","11":"product_tag-meteor-shower-granite","12":"product_tag-moonrock-quartzite","13":"product_tag-silk-brown-granite","15":"first","16":"instock","17":"shipping-taxable","18":"product-type-simple"},"_links":{"self":[{"href":"https:\/\/www.quartzite-stone.com\/pt\/wp-json\/wp\/v2\/product\/7600","targetHints":{"allow":["GET"]}}],"collection":[{"href":"https:\/\/www.quartzite-stone.com\/pt\/wp-json\/wp\/v2\/product"}],"about":[{"href":"https:\/\/www.quartzite-stone.com\/pt\/wp-json\/wp\/v2\/types\/product"}],"replies":[{"embeddable":true,"href":"https:\/\/www.quartzite-stone.com\/pt\/wp-json\/wp\/v2\/comments?post=7600"}],"wp:featuredmedia":[{"embeddable":true,"href":"https:\/\/www.quartzite-stone.com\/pt\/wp-json\/wp\/v2\/media\/7601"}],"wp:attachment":[{"href":"https:\/\/www.quartzite-stone.com\/pt\/wp-json\/wp\/v2\/media?parent=7600"}],"wp:term":[{"taxonomy":"product_brand","embeddable":true,"href":"https:\/\/www.quartzite-stone.com\/pt\/wp-json\/wp\/v2\/product_brand?post=7600"},{"taxonomy":"product_cat","embeddable":true,"href":"https:\/\/www.quartzite-stone.com\/pt\/wp-json\/wp\/v2\/product_cat?post=7600"},{"taxonomy":"product_tag","embeddable":true,"href":"https:\/\/www.quartzite-stone.com\/pt\/wp-json\/wp\/v2\/product_tag?post=7600"}],"curies":[{"name":"wp","href":"https:\/\/api.w.org\/{rel}","templated":true}]}}