{"id":6712,"date":"2023-06-09T01:00:47","date_gmt":"2023-06-08T17:00:47","guid":{"rendered":"https:\/\/www.quartzite-stone.com\/product\/black-tree-marble-hexagon-table\/"},"modified":"2023-06-10T10:16:28","modified_gmt":"2023-06-10T02:16:28","slug":"mesa-hexagonal-em-marmore-de-arvore-preta","status":"publish","type":"product","link":"https:\/\/www.quartzite-stone.com\/pt\/products\/black-tree-marble-hexagon-table\/","title":{"rendered":"Mesa Hexagonal M\u00e1rmore Black Tree"},"content":{"rendered":"<p>A Mesa Hexagonal de M\u00e1rmore Black Tree \u00e9 uma pe\u00e7a de mobili\u00e1rio deslumbrante que complementa qualquer decora\u00e7\u00e3o moderna. A sua forma hexagonal \u00fanica confere um toque de sofistica\u00e7\u00e3o e eleg\u00e2ncia a qualquer divis\u00e3o. O tampo da mesa \u00e9 feito de m\u00e1rmore preto de qualidade premium, que possui uma beleza rica e natural. Os padr\u00f5es de gr\u00e3os do m\u00e1rmore s\u00e3o \u00fanicos, tornando cada mesa \u00fanica.<\/p>\n<p><img fetchpriority=\"high\" decoding=\"async\" src=\"https:\/\/data.adwebcloud.com\/public\/material\/220426a7q47o\/product\/BlackTreeMarbleHexagonTable2_1686243449450.png\" width=\"800\" height=\"800\" alt=\"\" \/><\/p>\n<p>A mesa apresenta uma elegante estrutura de metal preto que aumenta seu apelo moderno. A estrutura da mesa confere-lhe uma excelente estabilidade e permite-lhe suportar facilmente objetos pesados. A forma hexagonal da mesa a torna perfeita para uso como mesa de centro, mesa final ou mesa de destaque.<\/p>\n<p><img decoding=\"async\" src=\"https:\/\/data.adwebcloud.com\/public\/material\/220426a7q47o\/product\/BlackTreeMarbleHexagonTable2_1686243522455.jpg\" width=\"800\" height=\"800\" alt=\"\" \/><\/p>\n<p>Esta mesa hexagonal de m\u00e1rmore Black Tree n\u00e3o \u00e9 apenas uma pe\u00e7a de mobili\u00e1rio elegante, mas tamb\u00e9m dur\u00e1vel e duradoura. Sua constru\u00e7\u00e3o robusta e materiais de alta qualidade garantem sua durabilidade por muitos anos. Esta mesa \u00e9 o complemento perfeito para qualquer casa que procura adicionar um toque de eleg\u00e2ncia e praticidade.<\/p>\n<\/p>\n<p>Black Tree Marble \u00e9 um tipo de m\u00e1rmore preto que \u00e9 extra\u00eddo na China. \u00c9 conhecida por sua textura \u00fanica e diferenciada, que apresenta veios pretos e brancos que lembram os galhos de uma \u00e1rvore. Esse padr\u00e3o d\u00e1 \u00e0 pedra uma apar\u00eancia natural e org\u00e2nica, tornando-a uma escolha popular para uma variedade de aplica\u00e7\u00f5es de design de interiores e exteriores.<\/p>\n<p>Uma das principais caracter\u00edsticas do Black Tree Marble \u00e9 a sua durabilidade. \u00c9 uma pedra densa e dura que pode suportar uso pesado e tr\u00e1fego. Como resultado, \u00e9 comumente usado em aplica\u00e7\u00f5es comerciais de alto tr\u00e1fego, como sagu\u00f5es de hot\u00e9is, shoppings e aeroportos.&nbsp;<\/p>\n<\/p>\n<p>Al\u00e9m de sua for\u00e7a, o Black Tree Marble tamb\u00e9m \u00e9 valorizado por suas qualidades est\u00e9ticas. O intrincado padr\u00e3o de veios adiciona profundidade e interesse visual a qualquer espa\u00e7o, e a cor preta oferece um visual chique e moderno. \u00c9 frequentemente usado como material de piso, revestimento de paredes, bancadas e at\u00e9 mesmo como detalhes decorativos, como bordas de lareira e tampos de mesa de centro.<\/p>\n<p>Para manter a beleza do Black Tree Marble, ele deve ser selado e limpo regularmente com uma solu\u00e7\u00e3o de \u00e1gua e sab\u00e3o neutro. Limpadores \u00e1cidos ou abrasivos devem ser evitados, pois podem danificar a superf\u00edcie da pedra. Com os devidos cuidados, esse material elegante e atemporal pode durar muitos anos e agregar valor a qualquer projeto.<\/p><\/p>","protected":false},"excerpt":{"rendered":"<p>A Mesa Hexagonal de M\u00e1rmore Black Tree \u00e9 uma pe\u00e7a de mobili\u00e1rio deslumbrante que complementa qualquer decora\u00e7\u00e3o moderna. A sua forma hexagonal \u00fanica confere um toque de sofistica\u00e7\u00e3o e eleg\u00e2ncia a qualquer divis\u00e3o. O tampo da mesa \u00e9 feito de m\u00e1rmore preto de qualidade premium, que possui uma beleza rica e natural. Os padr\u00f5es de gr\u00e3os do m\u00e1rmore s\u00e3o \u00fanicos, tornando cada mesa \u00fanica.<\/p><\/p>","protected":false},"featured_media":6788,"comment_status":"open","ping_status":"closed","template":"","meta":[],"product_brand":[],"product_cat":[460],"product_tag":[930,932,931,928,929],"class_list":{"0":"post-6712","1":"product","2":"type-product","3":"status-publish","4":"has-post-thumbnail","6":"product_cat-stone-furniture","7":"product_tag-black-marble-hexagon-table","8":"product_tag-black-marble-table","9":"product_tag-black-tree-marble-table","10":"product_tag-hexagon-table","11":"product_tag-marble-hexagon-table","13":"first","14":"instock","15":"shipping-taxable","16":"product-type-simple"},"_links":{"self":[{"href":"https:\/\/www.quartzite-stone.com\/pt\/wp-json\/wp\/v2\/product\/6712","targetHints":{"allow":["GET"]}}],"collection":[{"href":"https:\/\/www.quartzite-stone.com\/pt\/wp-json\/wp\/v2\/product"}],"about":[{"href":"https:\/\/www.quartzite-stone.com\/pt\/wp-json\/wp\/v2\/types\/product"}],"replies":[{"embeddable":true,"href":"https:\/\/www.quartzite-stone.com\/pt\/wp-json\/wp\/v2\/comments?post=6712"}],"wp:featuredmedia":[{"embeddable":true,"href":"https:\/\/www.quartzite-stone.com\/pt\/wp-json\/wp\/v2\/media\/6788"}],"wp:attachment":[{"href":"https:\/\/www.quartzite-stone.com\/pt\/wp-json\/wp\/v2\/media?parent=6712"}],"wp:term":[{"taxonomy":"product_brand","embeddable":true,"href":"https:\/\/www.quartzite-stone.com\/pt\/wp-json\/wp\/v2\/product_brand?post=6712"},{"taxonomy":"product_cat","embeddable":true,"href":"https:\/\/www.quartzite-stone.com\/pt\/wp-json\/wp\/v2\/product_cat?post=6712"},{"taxonomy":"product_tag","embeddable":true,"href":"https:\/\/www.quartzite-stone.com\/pt\/wp-json\/wp\/v2\/product_tag?post=6712"}],"curies":[{"name":"wp","href":"https:\/\/api.w.org\/{rel}","templated":true}]}}