{"id":6168,"date":"2023-05-18T09:57:46","date_gmt":"2023-05-18T01:57:46","guid":{"rendered":"https:\/\/www.quartzite-stone.com\/product\/platinum-diamond-granite-2\/"},"modified":"2023-05-31T14:18:18","modified_gmt":"2023-05-31T06:18:18","slug":"granito-diamante-platina","status":"publish","type":"product","link":"https:\/\/www.quartzite-stone.com\/pt\/products\/platinum-diamond-granite\/","title":{"rendered":"Platina Diamante Granito"},"content":{"rendered":"<p style=\"line-height: 1.5\"><strong>Platina Diamante Granito<\/strong><\/p>\n<p style=\"line-height: 1.5\">&nbsp; &nbsp; Os tampos de mesa em granito Platinum Diamond est\u00e3o se tornando cada vez mais populares em ambientes residenciais e comerciais, devido \u00e0 sua eleg\u00e2ncia, beleza e durabilidade. Platinum Diamond Granite \u00e9 uma pedra natural incrivelmente forte, tornando-a uma escolha ideal para tampos de mesa. Isso o torna uma escolha popular para mesas de jantar, balc\u00f5es de cozinha e outros itens de mobili\u00e1rio.<\/p>\n<p style=\"line-height: 1.5\">&nbsp; &nbsp; O granito Platinum Diamond Granite \u00e9 uma bela escolha para tampos de mesa. Tem um acabamento brilhante e polido que adiciona uma sensa\u00e7\u00e3o moderna e luxuosa a qualquer ambiente. Tamb\u00e9m \u00e9 muito dur\u00e1vel, o que significa que voc\u00ea n\u00e3o precisar\u00e1 substitu\u00ed-lo com frequ\u00eancia. Ao escolher Platinum Diamond Granite, voc\u00ea pode ter certeza de que sua mesa durar\u00e1 anos.<img decoding=\"async\" src=\"https:\/\/data.adwebcloud.com\/public\/material\/220426a7q47o\/product\/PlatinumDiamondGraniteTablep_1684374915779.jpg\" alt=\"\" \/><\/p>\n<p style=\"line-height: 1.5\">&nbsp; &nbsp; Os tampos de mesa Platinum Diamond Granite tamb\u00e9m podem ser personalizados para caber em qualquer espa\u00e7o. Pode ser cortado, polido e texturizado de acordo com suas especifica\u00e7\u00f5es. Se voc\u00ea deseja um visual \u00fanico, pode at\u00e9 incrust\u00e1-lo com ouro, prata ou outras pedras preciosas para um visual \u00fanico. Voc\u00ea tamb\u00e9m pode escolher entre uma variedade de cores e estilos para atender \u00e0s suas necessidades.<\/p>\n<p style=\"line-height: 1.5\">&nbsp; &nbsp; Os tampos de mesa Platinum Diamond Granite requerem pouca manuten\u00e7\u00e3o, uma vez que a pedra j\u00e1 est\u00e1 selada, pelo que n\u00e3o ter\u00e1 de se preocupar com a aplica\u00e7\u00e3o de selantes ou outros produtos. Se desejar limpar a superf\u00edcie, basta passar um pano \u00famido e ela estar\u00e1 limpa e pronta para uso. Com os devidos cuidados e manuten\u00e7\u00e3o, um tampo de mesa Platinum Diamond Granite pode durar anos em qualquer ambiente.<img decoding=\"async\" src=\"https:\/\/data.adwebcloud.com\/public\/material\/220426a7q47o\/product\/PlatinumDiamondGranite_1684374929700.jpg\" alt=\"\" \/><\/p>\n<p style=\"line-height: 1.5\">&nbsp; &nbsp; Os tampos de mesa Platinum Diamond Granite s\u00e3o normalmente mais caros do que outros tipos de pedra, mas sua durabilidade, beleza e longevidade os tornam um investimento que vale a pena. Com os devidos cuidados, pode se tornar um ponto focal em qualquer ambiente e melhorar a apar\u00eancia de qualquer ambiente. Para quem procura um tampo de mesa elegante e bonito, dur\u00e1vel e de f\u00e1cil manuten\u00e7\u00e3o, o Platinum Diamond Granite \u00e9 uma excelente escolha.<\/p>\n<p style=\"line-height: 1.5\">&nbsp; &nbsp; Esta pedra rara e ex\u00f3tica apresenta uma mistura impressionante de cores brancas, prateadas e pretas que brilham na luz.<img fetchpriority=\"high\" decoding=\"async\" src=\"https:\/\/data.adwebcloud.com\/public\/material\/220426a7q47o\/product\/PlatinumDiamondGraniteCoffee_1684374938636.jpg\" width=\"750\" height=\"600\" alt=\"\" \/><\/p>\n<p style=\"line-height: 1.5\">&nbsp; &nbsp; Como vendedor da HRST Stone, recomendo vivamente este granito para as suas necessidades de fabrico de bancadas e tampos de mesa. A sua beleza \u00fanica e durabilidade fazem dele a escolha ideal para espa\u00e7os dom\u00e9sticos e de escrit\u00f3rio.<\/p>\n<p style=\"line-height: 1.5\">&nbsp; &nbsp; Al\u00e9m da qualidade de nossos produtos, nossa empresa tem muito orgulho de nossa equipe, t\u00e9cnicos de processamento e atendimento ao cliente. Nossa equipe de especialistas se dedica a garantir que cada cliente esteja completamente satisfeito com sua compra.<\/p>\n<p style=\"line-height: 1.5\">&nbsp; &nbsp; Tamb\u00e9m tomamos cuidado especial com a embalagem da caixa de transporte para garantir que seu pedido chegue ao destino com seguran\u00e7a e em perfeitas condi\u00e7\u00f5es.<\/p>\n<p style=\"line-height: 1.5\">&nbsp; &nbsp; Investir em Platinum Diamond Granite da HRST Stone garante resultados duradouros e de alta qualidade que exceder\u00e3o suas expectativas.<img decoding=\"async\" src=\"https:\/\/data.adwebcloud.com\/public\/material\/220426a7q47o\/product\/PlatinumDiamondGraniteTile_1684374964583.jpg\" width=\"750\" height=\"600\" alt=\"\" \/><\/p>","protected":false},"excerpt":{"rendered":"<p>Brazil Platinum Diamond Granite \u00e9 uma pedra natural maravilhosa que possui veios irregulares sobre fundo marrom. Parece grande e luxuoso. Esta pedra natural \u00e9 uma boa escolha para projetos e decora\u00e7\u00e3o de casa.<\/p>","protected":false},"featured_media":6371,"comment_status":"open","ping_status":"closed","template":"","meta":[],"product_brand":[],"product_cat":[205],"product_tag":[817,818,811,816,815,812,814,813,820,819],"class_list":{"0":"post-6168","1":"product","2":"type-product","3":"status-publish","4":"has-post-thumbnail","6":"product_cat-granite","7":"product_tag-platinum-diamond-granite-background-wall","8":"product_tag-platinum-diamond-granite-coffee-table","9":"product_tag-platinum-diamond-granite-countertop","10":"product_tag-platinum-diamond-granite-flooring-tile","11":"product_tag-platinum-diamond-granite-home-decor","12":"product_tag-platinum-diamond-granite-slab","13":"product_tag-platinum-diamond-granite-table-top","14":"product_tag-platinum-diamond-granite-tile","15":"product_tag-platinum-diamond-granite-vanity-top","16":"product_tag-platinum-diamond-granite-wall-tiles","18":"first","19":"instock","20":"shipping-taxable","21":"product-type-simple"},"_links":{"self":[{"href":"https:\/\/www.quartzite-stone.com\/pt\/wp-json\/wp\/v2\/product\/6168","targetHints":{"allow":["GET"]}}],"collection":[{"href":"https:\/\/www.quartzite-stone.com\/pt\/wp-json\/wp\/v2\/product"}],"about":[{"href":"https:\/\/www.quartzite-stone.com\/pt\/wp-json\/wp\/v2\/types\/product"}],"replies":[{"embeddable":true,"href":"https:\/\/www.quartzite-stone.com\/pt\/wp-json\/wp\/v2\/comments?post=6168"}],"wp:featuredmedia":[{"embeddable":true,"href":"https:\/\/www.quartzite-stone.com\/pt\/wp-json\/wp\/v2\/media\/6371"}],"wp:attachment":[{"href":"https:\/\/www.quartzite-stone.com\/pt\/wp-json\/wp\/v2\/media?parent=6168"}],"wp:term":[{"taxonomy":"product_brand","embeddable":true,"href":"https:\/\/www.quartzite-stone.com\/pt\/wp-json\/wp\/v2\/product_brand?post=6168"},{"taxonomy":"product_cat","embeddable":true,"href":"https:\/\/www.quartzite-stone.com\/pt\/wp-json\/wp\/v2\/product_cat?post=6168"},{"taxonomy":"product_tag","embeddable":true,"href":"https:\/\/www.quartzite-stone.com\/pt\/wp-json\/wp\/v2\/product_tag?post=6168"}],"curies":[{"name":"wp","href":"https:\/\/api.w.org\/{rel}","templated":true}]}}