{"id":6145,"date":"2023-05-17T11:00:17","date_gmt":"2023-05-17T03:00:17","guid":{"rendered":"https:\/\/www.quartzite-stone.com\/product\/rainforest-brown-marble-vanity-top\/"},"modified":"2023-06-11T23:24:27","modified_gmt":"2023-06-11T15:24:27","slug":"tampo-de-marmore-marrom-de-floresta-tropical-para-penteadeira","status":"publish","type":"product","link":"https:\/\/www.quartzite-stone.com\/pt\/products\/rainforest-brown-marble-vanity-top\/","title":{"rendered":"Top Vanity em m\u00e1rmore marrom Rainforest"},"content":{"rendered":"<p><strong>M\u00e1rmore marrom floresta tropical<\/strong><\/p>\n<p>&nbsp; &nbsp; Tropical Rainforest Marble foi originalmente chamado Rainforest Brown Marble, e sua variedade vem da \u00cdndia, um pa\u00eds budista, uma das quatro civiliza\u00e7\u00f5es antigas. O m\u00e1rmore da floresta tropical \u00e9 o melhor entre todos os tipos de m\u00e1rmore. Sua cor de fundo \u00e9 marrom com linhas marrons semelhantes a ramos. \u00c9 nomeado por sua semelhan\u00e7a com a floresta tropical subtropical.<\/p>\n<p>&nbsp; &nbsp; O m\u00e1rmore da floresta tropical tamb\u00e9m tem um significado pr\u00f3prio, implicando o bom car\u00e1ter de hospitalidade sem reservas do propriet\u00e1rio, aliado \u00e0 perfeita integra\u00e7\u00e3o de sua forma atmosf\u00e9rica e outros ambientes, destacando a beleza luxuosa e a tranquilidade e paz da natureza. Juntos, o m\u00e1rmore s\u00f3lido da floresta tropical tem sido procurado pelas massas e \u00e9 mais comumente usado em ambientes como sal\u00f5es, hot\u00e9is e clubes sofisticados.<img fetchpriority=\"high\" decoding=\"async\" src=\"https:\/\/data.adwebcloud.com\/public\/material\/220426a7q47o\/product\/NaturalRainforestBrownMarblb_1684292321938.jpg\" width=\"750\" height=\"600\" alt=\"\" \/><\/p>\n<p>&nbsp; &nbsp; O m\u00e1rmore da floresta tropical \u00e9 adequado para estilos de decora\u00e7\u00e3o como estilo chin\u00eas moderno, estilo europeu imperial, estilo europeu simples moderno, etc., devido ao seu padr\u00e3o irrepet\u00edvel que se encaixa na natureza, o padr\u00e3o cruzado tem um forte impacto visual e a cor \u00e9 grosso e cheio de cor natural. Afixado na parede est\u00e1 uma imagem perfeita da floresta \u00fanica no mundo. Desperta nas pessoas o amor e o devaneio pela natureza.<\/p>\n<p>&nbsp; &nbsp; O uso de m\u00e1rmore da floresta tropical para a parede n\u00e3o s\u00f3 tem um efeito decorativo incompar\u00e1vel, mas tamb\u00e9m destaca uma textura luxuosa \u00fanica, que \u00e9 uma esp\u00e9cie de sentimento bonito para a hospitalidade do anfitri\u00e3o.<\/p>\n<p>&nbsp; &nbsp; Rainforest Brown Marble \u00e9 origin\u00e1rio da \u00cdndia e \u00e9 o melhor nesta categoria. Tem a cor e a textura da floresta tropical do Sudeste Asi\u00e1tico. \u00c9 dedicado sem reservas a voc\u00ea que \u00e9 caloroso e hospitaleiro para que o espa\u00e7o luxuoso esteja sempre integrado \u00e0 ecologia natural.<\/p>\n<p>&nbsp; &nbsp; O marrom da floresta tropical pode ser usado no estilo chin\u00eas, no estilo europeu e no estilo moderno, porque o marrom da floresta tropical \u00e9 um tipo de textura e mudan\u00e7a de cor que n\u00e3o pode ser copiado na natureza e tem uma sensa\u00e7\u00e3o de retorno \u00e0 natureza. Evoca o forte retorno das pessoas ao ambiente natural, como a luz do sol, o ar e a \u00e1gua. \u00c9 muito adequado para o ambiente de v\u00e1rios estilos de espa\u00e7o, especialmente quando usado como parede de fundo, pode ter um efeito decorativo inigual\u00e1vel. \u00c9 usado no estilo europeu para aumentar a textura \u00fanica e linda do espa\u00e7o.<img decoding=\"async\" src=\"https:\/\/data.adwebcloud.com\/public\/material\/220426a7q47o\/product\/NaturalRainforestBrownMarblp_1684292331245.jpg\" alt=\"\" \/><\/p>\n<p>&nbsp; &nbsp; Este belo m\u00e1rmore apresenta uma mistura \u00fanica de cores marrom e verde, criando um padr\u00e3o sutil, mas marcante, que lembra as exuberantes florestas tropicais dos tr\u00f3picos. Sua eleg\u00e2ncia cl\u00e1ssica e durabilidade o tornam uma escolha popular para projetos de design de interiores, desde resid\u00eancias a espa\u00e7os comerciais.<\/p>\n<p>&nbsp; &nbsp; Rainforest Brown Marble para tampos de penteadeira. Seu acabamento natural e texturizado adicionar\u00e1 calor e personalidade a qualquer banheiro, enquanto sua durabilidade garante que dure por muitos anos. Al\u00e9m disso, este m\u00e1rmore \u00e9 muito vers\u00e1til e pode ser combinado com uma grande variedade de estilos de design de interiores, do tradicional ao moderno.<\/p>\n<p>&nbsp; &nbsp; Em termos de utiliza\u00e7\u00e3o, o m\u00e1rmore castanho Rainforest \u00e9 adequado para aplica\u00e7\u00f5es interiores e exteriores, tais como pavimentos, paredes e bancadas. O nosso processo de produ\u00e7\u00e3o \u00e9 r\u00e1pido e eficiente, e podemos oferecer uma vasta gama de op\u00e7\u00f5es de fabrico personalizadas para satisfazer as suas necessidades espec\u00edficas de design.<\/p>\n<p>&nbsp; &nbsp; No geral, o m\u00e1rmore castanho Rainforest \u00e9 uma escolha fant\u00e1stica para quem procura dar um toque de eleg\u00e2ncia natural \u00e0 sua casa ou espa\u00e7o comercial. Obrigado por considerar a HRST Stone como seu fornecedor, e n\u00e3o hesite em contactar-nos se tiver quaisquer outras quest\u00f5es ou preocupa\u00e7\u00f5es.<img decoding=\"async\" src=\"https:\/\/data.adwebcloud.com\/public\/material\/220426a7q47o\/product\/LeatherSurfaceRainforestBrop_1684292339275.jpg\" width=\"750\" height=\"600\" alt=\"\" \/><\/p><\/p>","protected":false},"excerpt":{"rendered":"<p>Bidasar Brown Marble \u00e9 um tipo de m\u00e1rmore marrom extra\u00eddo na \u00cdndia. Esta pedra \u00e9 especialmente boa para bancadas, mosaicos, aplica\u00e7\u00f5es exteriores e interiores de paredes e pisos, fontes, coberturas de piscinas e paredes, escadas, peitoris de janelas e outros projetos de design.<\/p>","protected":false},"featured_media":6826,"comment_status":"open","ping_status":"closed","template":"","meta":[],"product_brand":[],"product_cat":[460],"product_tag":[800,798,797,799,792,796,795,794,793,791],"class_list":{"0":"post-6145","1":"product","2":"type-product","3":"status-publish","4":"has-post-thumbnail","6":"product_cat-stone-furniture","7":"product_tag-bidasar-beauty-marble-vanity-top","8":"product_tag-bidasar-brown-marble-home-decor","9":"product_tag-bidasar-brown-marblewall-decor","10":"product_tag-bidasar-fancy-brown-marble-table-top","11":"product_tag-bidasar-gold-marble-slabs","12":"product_tag-rain-forest-brown-marble-island-top","13":"product_tag-rainforest-brown-marble-dining-table","14":"product_tag-rainforest-gold-marble-countertop","15":"product_tag-rainforest-gold-marble-furniture","16":"product_tag-root-fossil-brown-marble-tiles","18":"first","19":"instock","20":"shipping-taxable","21":"product-type-simple"},"_links":{"self":[{"href":"https:\/\/www.quartzite-stone.com\/pt\/wp-json\/wp\/v2\/product\/6145","targetHints":{"allow":["GET"]}}],"collection":[{"href":"https:\/\/www.quartzite-stone.com\/pt\/wp-json\/wp\/v2\/product"}],"about":[{"href":"https:\/\/www.quartzite-stone.com\/pt\/wp-json\/wp\/v2\/types\/product"}],"replies":[{"embeddable":true,"href":"https:\/\/www.quartzite-stone.com\/pt\/wp-json\/wp\/v2\/comments?post=6145"}],"wp:featuredmedia":[{"embeddable":true,"href":"https:\/\/www.quartzite-stone.com\/pt\/wp-json\/wp\/v2\/media\/6826"}],"wp:attachment":[{"href":"https:\/\/www.quartzite-stone.com\/pt\/wp-json\/wp\/v2\/media?parent=6145"}],"wp:term":[{"taxonomy":"product_brand","embeddable":true,"href":"https:\/\/www.quartzite-stone.com\/pt\/wp-json\/wp\/v2\/product_brand?post=6145"},{"taxonomy":"product_cat","embeddable":true,"href":"https:\/\/www.quartzite-stone.com\/pt\/wp-json\/wp\/v2\/product_cat?post=6145"},{"taxonomy":"product_tag","embeddable":true,"href":"https:\/\/www.quartzite-stone.com\/pt\/wp-json\/wp\/v2\/product_tag?post=6145"}],"curies":[{"name":"wp","href":"https:\/\/api.w.org\/{rel}","templated":true}]}}