{"id":6014,"date":"2023-05-11T10:14:52","date_gmt":"2023-05-11T02:14:52","guid":{"rendered":"https:\/\/www.quartzite-stone.com\/product\/natural-matrix-granite\/"},"modified":"2023-05-11T10:56:25","modified_gmt":"2023-05-11T02:56:25","slug":"granito-de-matriz-natural","status":"publish","type":"product","link":"https:\/\/www.quartzite-stone.com\/pt\/products\/natural-matrix-granite\/","title":{"rendered":"Granito de Matriz Natural"},"content":{"rendered":"<p style=\"line-height: 1.5\"><strong>Granito de Matriz Natural<\/strong><\/p>\n<p style=\"line-height: 1.5\">Matrix Granite \u00e9 um tipo de granito preto que \u00e9 encontrado principalmente no pa\u00eds do Brasil. Tamb\u00e9m \u00e9 conhecido por nomes como Black Metal Granite, Granito St Louis, Metallica Granite, Matrix Motion Granite e assim por diante. Existem padr\u00f5es espirais prateados, c\u00edrculos e pontos cinzas e texturas pretas no fundo cinza-preto da pedra. Varia\u00e7\u00e3o de n\u00edvel m\u00e9dio \u00e9 observada neste granito.<img decoding=\"async\" src=\"https:\/\/data.adwebcloud.com\/public\/material\/220426a7q47o\/product\/MatrixGraniteBigSlab_1683771129973.jpg\" alt=\"\" \/><\/p>\n<p style=\"line-height: 1.5\">Preto, profundo e contido, sofisticado e discreto. Como uma cor popular atemporal na tend\u00eancia da moda, destaca a qualidade e o luxo do espa\u00e7o com um toque de preto elegante e conciso. Como representante da pedra negra, a textura \u00fanica inata do Matrix Granite injeta moda e atmosfera art\u00edstica no espa\u00e7o e \u00e9 muito procurada por muitos propriet\u00e1rios, fashionistas e designers.<\/p>\n<p style=\"line-height: 1.5\">Sob o reflexo da luz, a superf\u00edcie preta e profunda do Matrix Granite pisca um pouco da luz das estrelas, brilhando intensamente, assim como as estrelas no c\u00e9u sob o c\u00e9u noturno, sonhadora e bonita, dando ao espa\u00e7o um ambiente nobre e temperamento elegante.<img fetchpriority=\"high\" decoding=\"async\" src=\"https:\/\/data.adwebcloud.com\/public\/material\/220426a7q47o\/product\/MatrixGraniteCountertop_1683771145242.jpg\" width=\"1440\" height=\"1080\" alt=\"\" \/><\/p>\n<p style=\"line-height: 1.5\">O granito incr\u00edvel \u00e9 o Matrix Granite. Parece \u00e1gua, quase como prata l\u00edquida. Esta pedra de apar\u00eancia met\u00e1lica tem padr\u00f5es ondulados compostos de redemoinhos, pontos e c\u00edrculos de cinza escuro e cinza com manchas pretas. Bancadas de cozinha, paredes de destaque, penteadeiras de banheiro e balc\u00f5es de bar s\u00e3o escolhas dram\u00e1ticas que podem servir como o ponto principal da sala.<\/p>\n<p style=\"line-height: 1.5\">Matrix Granite tem uma cor de joia, linhas suaves assim\u00e9tricas, textura dura e estrutura densa. Seus tons escuros de alta qualidade podem expressar totalmente o estilo do espa\u00e7o, como uma senhora solene e elegante, graciosa e luxuosa, uma vez combinada com um design simples e elegante, far\u00e1 com que as pessoas se sintam confort\u00e1veis e confort\u00e1veis do fundo do cora\u00e7\u00e3o. Jogue fora a agita\u00e7\u00e3o da cidade e estabele\u00e7a os pensamentos mais reais em meu cora\u00e7\u00e3o. O produto \u00e9 adequado para espa\u00e7os decorativos como pisos, paredes, paredes de fundo e mesas.<\/p>\n<p style=\"line-height: 1.5\">Natural Matrix Granite \u00e9 uma pedra de granito de alta qualidade, sua cor de alta qualidade sempre pode dar \u00e0s pessoas uma sensa\u00e7\u00e3o calma e contida, al\u00e9m de revelar uma atmosfera misteriosa. O espa\u00e7o que decora parece calmo, maduro, nobre e elegante, e conseguiu muitos trabalhos decorativos excelentes.<img decoding=\"async\" src=\"https:\/\/data.adwebcloud.com\/public\/material\/220426a7q47o\/product\/MatrixGraniteUsed_1683771155954.jpg\" width=\"750\" height=\"600\" alt=\"\" \/><\/p>\n<p style=\"line-height: 1.5\">O granito atraente \u00e9 conhecido como Matrix tem um lindo pano de fundo cinza e veios pretos e ondulados. A cor neutra do granito Matrix simplifica a incorpora\u00e7\u00e3o em uma variedade de esquemas de design. \u00c9 uma op\u00e7\u00e3o fant\u00e1stica para espa\u00e7os ao ar livre, lareiras, tampos de bar, bancadas de banheiro e superf\u00edcies de cozinha.<\/p>\n<p style=\"line-height: 1.5\">Esta pedra n\u00e3o \u00e9 apenas bonita de se ver, mas tamb\u00e9m bastante forte. \u00c9 compreens\u00edvel por que esta pedra natural \u00e9 uma escolha popular entre os propriet\u00e1rios, dada a sua apar\u00eancia deslumbrante e como ela pode sobreviver ao uso que receber\u00e1 em v\u00e1rias partes da casa. Al\u00e9m disso, o granito em geral pode aumentar o valor de sua casa em geral, o que pode ser bastante ben\u00e9fico se voc\u00ea decidir vend\u00ea-la. Instalar o granito Matrix em sua casa pode ser uma das melhores escolhas que voc\u00ea j\u00e1 fez.<img decoding=\"async\" src=\"https:\/\/data.adwebcloud.com\/public\/material\/220426a7q47o\/product\/PopularMatrixGraniteSlab_1683771174082.jpg\" width=\"1440\" height=\"1039\" alt=\"\" \/><\/p>","protected":false},"excerpt":{"rendered":"<p>Matrix Granite \u00e9 um gnaisse de biotita fascinado com texturas cinza-prateadas cintilantes extra\u00eddas do Brasil. Esta pedra ex\u00f3tica exclusiva \u00e9 especialmente boa para bancadas, mosaicos, aplica\u00e7\u00f5es de paredes e pisos exteriores e interiores, fontes, coberturas de piscinas e paredes, escadas, peitoris de janelas e outros projetos de design.<\/p>","protected":false},"featured_media":6015,"comment_status":"open","ping_status":"closed","template":"","meta":[],"product_brand":[],"product_cat":[205],"product_tag":[741,734,736,740,738,739,733,737,735,732],"class_list":{"0":"post-6014","1":"product","2":"type-product","3":"status-publish","4":"has-post-thumbnail","6":"product_cat-granite","7":"product_tag-black-metal-granite-accent-wall","8":"product_tag-matrix-3d-granite","9":"product_tag-matrix-granite-background-wall","10":"product_tag-matrix-granite-furniture-table","11":"product_tag-matrix-granite-island-top","12":"product_tag-matrix-granite-table","13":"product_tag-matrix-granite-wall-tiles","14":"product_tag-matrix-motion-granite-tile","15":"product_tag-metallica-granite","16":"product_tag-natural-matrix-granite-countertop","18":"first","19":"instock","20":"shipping-taxable","21":"product-type-simple"},"_links":{"self":[{"href":"https:\/\/www.quartzite-stone.com\/pt\/wp-json\/wp\/v2\/product\/6014","targetHints":{"allow":["GET"]}}],"collection":[{"href":"https:\/\/www.quartzite-stone.com\/pt\/wp-json\/wp\/v2\/product"}],"about":[{"href":"https:\/\/www.quartzite-stone.com\/pt\/wp-json\/wp\/v2\/types\/product"}],"replies":[{"embeddable":true,"href":"https:\/\/www.quartzite-stone.com\/pt\/wp-json\/wp\/v2\/comments?post=6014"}],"wp:featuredmedia":[{"embeddable":true,"href":"https:\/\/www.quartzite-stone.com\/pt\/wp-json\/wp\/v2\/media\/6015"}],"wp:attachment":[{"href":"https:\/\/www.quartzite-stone.com\/pt\/wp-json\/wp\/v2\/media?parent=6014"}],"wp:term":[{"taxonomy":"product_brand","embeddable":true,"href":"https:\/\/www.quartzite-stone.com\/pt\/wp-json\/wp\/v2\/product_brand?post=6014"},{"taxonomy":"product_cat","embeddable":true,"href":"https:\/\/www.quartzite-stone.com\/pt\/wp-json\/wp\/v2\/product_cat?post=6014"},{"taxonomy":"product_tag","embeddable":true,"href":"https:\/\/www.quartzite-stone.com\/pt\/wp-json\/wp\/v2\/product_tag?post=6014"}],"curies":[{"name":"wp","href":"https:\/\/api.w.org\/{rel}","templated":true}]}}