{"id":5974,"date":"2023-05-09T10:57:41","date_gmt":"2023-05-09T02:57:41","guid":{"rendered":"https:\/\/www.quartzite-stone.com\/product\/natural-cristallo-white-quartzite\/"},"modified":"2023-06-27T10:57:43","modified_gmt":"2023-06-27T02:57:43","slug":"quartzito-branco-cristallo-natural","status":"publish","type":"product","link":"https:\/\/www.quartzite-stone.com\/pt\/products\/natural-cristallo-white-quartzite\/","title":{"rendered":"Cristallo Quartzito Branco"},"content":{"rendered":"<p><strong>Cristallo Quartzito Branco <\/strong><\/p>\n<p style=\"line-height: 1.5\">O quartzito natural \u00e9 colorido, rico em textura, cheio de charme ex\u00f3tico e misterioso, e cada placa \u00e9 diferente e pode ser pintada independentemente; em termos de estrutura do material, dureza e resist\u00eancia ao desgaste s\u00e3o melhores que o granito; O quartzito tamb\u00e9m tem uma caracter\u00edstica pr\u00f3pria, ou seja, possui uma certa transpar\u00eancia parcial, semelhante aos cristais.<br \/>O arenito \u00e9 primeiro metamorfoseado em quartzito, uma rocha metam\u00f3rfica dura, por calor e press\u00e3o causados pela compress\u00e3o tect\u00f4nica. Devido \u00e0 sua solidez, o quartzito \u00e9 principalmente resistente \u00e0 eros\u00e3o e ao clima inst\u00e1vel, tornando-o adequado para uso como pisos, degraus de escadas, revestimentos de paredes e telhas. O quartzito est\u00e1 se tornando cada vez mais usado em ambientes internos como pe\u00e7a de mobili\u00e1rio e para bancadas. Devido a diferentes concentra\u00e7\u00f5es de \u00f3xido de ferro, o quartzito puro tamb\u00e9m pode se desenvolver em uma variedade de tons de rosa e vermelho, al\u00e9m de sua t\u00edpica faixa de cores neutras de branco a cinza.<\/p>\n<p style=\"line-height: 1.5\"><img fetchpriority=\"high\" decoding=\"async\" src=\"https:\/\/data.adwebcloud.com\/public\/material\/220426a7q47o\/product\/CristalloWhiteQuartziteSlab_1683600959313.jpg\" width=\"750\" height=\"600\" alt=\"\" style=\"float: left\" \/><\/p>\n<p style=\"line-height: 1.5\">\n<p style=\"line-height: 1.5\">\n<p style=\"line-height: 1.5\">\n<p style=\"line-height: 1.5\">\n<p style=\"line-height: 1.5\">\n<p style=\"line-height: 1.5\">\n<p style=\"line-height: 1.5\">\n<p style=\"line-height: 1.5\">\n<p style=\"line-height: 1.5\">\n<p style=\"line-height: 1.5\">\n<p style=\"line-height: 1.5\">\n<p style=\"line-height: 1.5\">\n<p style=\"line-height: 1.5\">\n<p style=\"line-height: 1.5\">\n<p style=\"line-height: 1.5\">\n<p style=\"line-height: 1.5\">\n<p style=\"line-height: 1.5\">\n<p style=\"line-height: 1.5\">\n<p style=\"line-height: 1.5\">\n<p style=\"line-height: 1.5\">\n<p style=\"line-height: 1.5\">Cristallo \u00e9 um quartzito ex\u00f3tico do Brasil. Distingue-se por um pano de fundo em cristal transparente com infiltra\u00e7\u00f5es douradas, tornando-o ideal para espa\u00e7os interiores, nomeadamente retroiluminados.<br \/>As lajes de quartzito branco s\u00e3o uma pedra bonita e pr\u00e1tica que antes era considerada o auge do luxo. \u00c9 uma op\u00e7\u00e3o impressionante e robusta, ideal para uma variedade de aplica\u00e7\u00f5es, incluindo pisos e cozinhas. \u00c9 uma pedra atemporal que resiste a choques e arranh\u00f5es melhor do que o calc\u00e1rio e outras pedras naturais compar\u00e1veis, pois foi formada sob intenso calor e press\u00e3o. Distingue-se sempre pelas suas tonalidades sofisticadas e padr\u00f5es \u201cmarmorizados\u201d, dando um toque especial e requintado a cada superf\u00edcie de laje de quartzito branco dos seus clientes.<\/p>\n<p style=\"line-height: 1.5\"><img decoding=\"async\" src=\"https:\/\/data.adwebcloud.com\/public\/material\/220426a7q47o\/product\/LuxuryWhiteQuartzite_1683600965857.jpg\" width=\"750\" height=\"600\" alt=\"\" \/><br \/>Cristallo Quartzito \u00e9 apenas uma de uma enorme variedade de diferentes Pedras Naturais que carregamos em nossos showrooms. Escolher a pedra ideal para a sua casa pode ser muito dif\u00edcil porque cada pedra natural tem as suas propriedades e fatores a ter em conta. Vamos nos concentrar nesta pedra natural realmente popular e impressionante, Cristallo Quartzite, para ajud\u00e1-lo a fazer a melhor escolha.<br \/>Por mais de uma d\u00e9cada, uma bancada de Cristallo Quartzite tem sido um elemento altamente desejado em cozinhas de luxo, bancadas de bar e banheiros. Cristallo Quartzite \u00e9 uma pedra linda e vers\u00e1til que pode ser utilizada para bancadas, aplica\u00e7\u00f5es de parede e lumin\u00e1rias modernas. Sua fascinante qualidade cristalina e sua durabilidade robusta fazem do Cristallo Quartzite uma excelente escolha para um acess\u00f3rio dom\u00e9stico impressionante e duradouro.<\/p>\n<p style=\"line-height: 1.5\"><img decoding=\"async\" src=\"https:\/\/data.adwebcloud.com\/public\/material\/220426a7q47o\/product\/ModernCristalloWhiteQuartzip_1683600972536.jpg\" width=\"750\" height=\"600\" alt=\"\" style=\"float: left\" \/><\/p>\n<p style=\"line-height: 1.5\">\n<p style=\"line-height: 1.5\">\n<p style=\"line-height: 1.5\">\n<p style=\"line-height: 1.5\">\n<p style=\"line-height: 1.5\">\n<p style=\"line-height: 1.5\">\n<p style=\"line-height: 1.5\">\n<p style=\"line-height: 1.5\">\n<p style=\"line-height: 1.5\">\n<p style=\"line-height: 1.5\">\n<p style=\"line-height: 1.5\">\n<p style=\"line-height: 1.5\">\n<p style=\"line-height: 1.5\">\n<p style=\"line-height: 1.5\">\n<p style=\"line-height: 1.5\">\n<p style=\"line-height: 1.5\">\n<p style=\"line-height: 1.5\">\n<p style=\"line-height: 1.5\">\n<p style=\"line-height: 1.5\">\n<p style=\"line-height: 1.5\">\n<p style=\"line-height: 1.5\">Como a maioria das pedras naturais, a apar\u00eancia do Cristallo pode variar bastante de laje para laje. Diferentes fatores, como localiza\u00e7\u00e3o e exposi\u00e7\u00e3o a elementos externos, podem afetar muito a cor e as caracter\u00edsticas da pedra.<\/p>\n<p style=\"line-height: 1.5\">O Quartzito Branco Cristallo Natural ganhou imensa popularidade entre os consumidores devido \u00e0s suas caracter\u00edsticas \u00fanicas em compara\u00e7\u00e3o com outros quartzitos. Este quartzito em particular \u00e9 altamente favorecido pela sua aplica\u00e7\u00e3o como bancadas, mostrando as suas excelentes vantagens quando utilizado nesta capacidade. A HRST Stone possui um extenso invent\u00e1rio de mais de 10000 p\u00e9s quadrados deste material requintado, com uma equipa de trabalhadores qualificados e equipamento de ponta que pode satisfazer as suas v\u00e1rias necessidades. Com a sua beleza e durabilidade inigual\u00e1veis, o Quartzito Branco Cristallo Natural \u00e9 a escolha perfeita para qualquer projeto de bancada.<img loading=\"lazy\" decoding=\"async\" src=\"https:\/\/data.adwebcloud.com\/public\/material\/220426a7q47o\/product\/WhiteQuartziteCountertop_1683600984033.jpg\" width=\"750\" height=\"600\" alt=\"\" \/><\/p><\/p>","protected":false},"excerpt":{"rendered":"<p>Cristallo White Quartzite \u00e9 uma impressionante pedra branca e marfim com tons sutis de cor cinza extra\u00eddo no Brasil. Esta pedra \u00e9 especialmente boa para exteriores - aplica\u00e7\u00f5es de paredes e pisos interiores, bancadas, mosaicos, fontes, coberturas de piscinas e paredes e outros projetos de design. Tamb\u00e9m \u00e9 chamado Quartzito Cristallo Extra Branco, Quartzito Cristallo, Quartzito Cristallo Branco, Quartzito Branco Cristallo, Quartzito Branco Cristallo, Quartzito Branco Cristallo, Quartzito Cristallo.<\/p>","protected":false},"featured_media":7143,"comment_status":"open","ping_status":"closed","template":"","meta":[],"product_brand":[],"product_cat":[195],"product_tag":[693,695,692,701,700,696,697,694,698,699],"class_list":{"0":"post-5974","1":"product","2":"type-product","3":"status-publish","4":"has-post-thumbnail","6":"product_cat-quartzite","7":"product_tag-cristallo-branco-quartzite-slab","8":"product_tag-cristallo-white-quartzite-bathroom-vanity-top","9":"product_tag-cristallo-white-quartzite-countertop","10":"product_tag-cristallo-white-quartzite-furniture-design","11":"product_tag-cristallo-white-quartzite-furniture-table","12":"product_tag-cristallo-white-quartzite-island-top","13":"product_tag-cristallo-white-quartzite-table-top","14":"product_tag-cristallo-white-quartzite-tiles","15":"product_tag-crystallo-quartzite-slabs","16":"product_tag-natural-crystallo-quartzite-background-wall","18":"first","19":"instock","20":"shipping-taxable","21":"product-type-simple"},"_links":{"self":[{"href":"https:\/\/www.quartzite-stone.com\/pt\/wp-json\/wp\/v2\/product\/5974","targetHints":{"allow":["GET"]}}],"collection":[{"href":"https:\/\/www.quartzite-stone.com\/pt\/wp-json\/wp\/v2\/product"}],"about":[{"href":"https:\/\/www.quartzite-stone.com\/pt\/wp-json\/wp\/v2\/types\/product"}],"replies":[{"embeddable":true,"href":"https:\/\/www.quartzite-stone.com\/pt\/wp-json\/wp\/v2\/comments?post=5974"}],"wp:featuredmedia":[{"embeddable":true,"href":"https:\/\/www.quartzite-stone.com\/pt\/wp-json\/wp\/v2\/media\/7143"}],"wp:attachment":[{"href":"https:\/\/www.quartzite-stone.com\/pt\/wp-json\/wp\/v2\/media?parent=5974"}],"wp:term":[{"taxonomy":"product_brand","embeddable":true,"href":"https:\/\/www.quartzite-stone.com\/pt\/wp-json\/wp\/v2\/product_brand?post=5974"},{"taxonomy":"product_cat","embeddable":true,"href":"https:\/\/www.quartzite-stone.com\/pt\/wp-json\/wp\/v2\/product_cat?post=5974"},{"taxonomy":"product_tag","embeddable":true,"href":"https:\/\/www.quartzite-stone.com\/pt\/wp-json\/wp\/v2\/product_tag?post=5974"}],"curies":[{"name":"wp","href":"https:\/\/api.w.org\/{rel}","templated":true}]}}