{"id":5897,"date":"2023-05-05T15:19:47","date_gmt":"2023-05-05T07:19:47","guid":{"rendered":"https:\/\/www.quartzite-stone.com\/product\/rain-forest-green-marble-table\/"},"modified":"2023-06-10T10:16:08","modified_gmt":"2023-06-10T02:16:08","slug":"mesa-de-marmore-verde-floresta-tropical","status":"publish","type":"product","link":"https:\/\/www.quartzite-stone.com\/pt\/products\/rain-forest-green-marble-table\/","title":{"rendered":"Mesa de m\u00e1rmore verde floresta tropical"},"content":{"rendered":"<p style=\"line-height: 1.5\"><strong>Floresta Tropical M\u00e1rmore Verde<\/strong><\/p>\n<p style=\"line-height: 1.5\">Rain Forest Green Marble \u00e9 uma malha mesclada de preto e verde escuro uniformemente espalhada sobre uma base verde com caracter\u00edsticas; um tipo de pedra natural chamada serpentinita, que se situa entre o m\u00e1rmore e o granito em termos de dureza e durabilidade.<\/p>\n<p style=\"line-height: 1.5\">Como uma selva, o m\u00e1rmore verde Rain Forest \u00e9 uma mistura requintada de cores naturais. Um verde musgo e azul oceano, com listras de vermelho tijolo e creme, esta \u00e9 uma pedra com design e beleza inigual\u00e1veis. Veias marcantes cortam sua superf\u00edcie escura como as ra\u00edzes das \u00e1rvores em busca de \u00e1gua. \u00c9 altamente irregular e cada ladrilho \u00e9 totalmente \u00fanico. Alguns t\u00eam um delicado rosto verde-musgo com finos veios creme, outros s\u00e3o marinho-escuro com estrias de veios vermelhos. O efeito \u00e9 uma pedra selvagem e emocionante que adicionar\u00e1 um belo recurso ao seu novo design de interiores. Sob o dossel da selva, h\u00e1 uma rica vegeta\u00e7\u00e3o rasteira, que \u00e9 exatamente o que o m\u00e1rmore Rain Forest representa.<img fetchpriority=\"high\" decoding=\"async\" src=\"https:\/\/data.adwebcloud.com\/public\/material\/220426a7q47o\/product\/marbleslab_1683271092226.jpg\" width=\"750\" height=\"600\" alt=\"\" \/><\/p>\n<p style=\"line-height: 1.5\">Rain Forest Green \u00e9 uma pedra movimentada e colorida que torna altamente improv\u00e1vel que qualquer mancha ou arranh\u00e3o seja vis\u00edvel. \u00c9 um pouco mais dura que outras pedras e diferente de outras pedras de m\u00e1rmore, n\u00e3o \u00e9? Ele grava ou mancha. Uma grande coisa sobre esta pedra \u00e9 que ela \u00e9 relativamente barata.<\/p>\n<p style=\"line-height: 1.5\">Rain Forest Green Marble \u00e9 um tipo de m\u00e1rmore que se caracteriza por sua colora\u00e7\u00e3o verde e marrom \u00fanica. \u00c9 proveniente de \u00e1reas de floresta tropical, da\u00ed o nome, e \u00e9 uma escolha popular para projetos residenciais e comerciais devido \u00e0 sua apar\u00eancia natural e ex\u00f3tica. Algumas de suas vantagens incluem sua durabilidade, resist\u00eancia ao calor e arranh\u00f5es e sua capacidade de adicionar um toque de natureza a qualquer espa\u00e7o.<\/p>\n<p style=\"line-height: 1.5\"><img decoding=\"async\" src=\"https:\/\/data.adwebcloud.com\/public\/material\/220426a7q47o\/product\/NaturalRainforestGreenMarble_1683271111362.png\" width=\"750\" height=\"600\" alt=\"\" \/><br \/>Quando usado como mesa de jantar, o Rain Forest Green Marble pode criar um ponto focal impressionante, com seus padr\u00f5es e cores naturais, criando uma adi\u00e7\u00e3o visualmente impressionante a qualquer ambiente. Como pedra natural, tamb\u00e9m \u00e9 f\u00e1cil de limpar e manter, tornando-se uma escolha pr\u00e1tica para fam\u00edlias ocupadas.<br \/>Usar RainForestGreenMarble na decora\u00e7\u00e3o de casa e hotel pode criar uma sensa\u00e7\u00e3o de estar rodeado pela natureza. Os padr\u00f5es e cores \u00fanicos d\u00e3o uma sensa\u00e7\u00e3o de paz e tranquilidade, criando uma fuga da vida agitada da cidade. Al\u00e9m disso, sua durabilidade e baixa manuten\u00e7\u00e3o o tornam uma escolha popular entre empreiteiros e designers de interiores.<br \/>Na HRST Stone, temos uma vasta experi\u00eancia no processamento do m\u00e1rmore verde Rain Forest e temos atualmente um grande stock de placas dispon\u00edveis para sele\u00e7\u00e3o. Quer pretenda dar um toque de natureza \u00e0 sua casa ou criar um aspeto \u00fanico para o seu hotel, podemos fornecer-lhe o m\u00e1rmore RainForestGreenMarble da mais alta qualidade para satisfazer as suas necessidades.<img decoding=\"async\" src=\"https:\/\/data.adwebcloud.com\/public\/material\/220426a7q47o\/product\/RainforestGreenMarbleSlab_1683271124451.jpg\" width=\"750\" height=\"600\" alt=\"\" \/><\/p>\n<p style=\"line-height: 1.5\">2. Especifica\u00e7\u00f5es do m\u00e1rmore verde da floresta tropical: Tamanhos personalizados podem estar dispon\u00edveis<\/p>\n<p style=\"line-height: 1.5\">3. Aplica\u00e7\u00e3o de m\u00e1rmore verde floresta tropical: Villa\/Hotel\/Decora\u00e7\u00e3o de casa<\/p>\n<p style=\"line-height: 1.5\">4. Rain Forest Green Marble Original: \u00cdndia<\/p>\n<p style=\"line-height: 1.5\">5. Embalagem: caixas de madeira fumigadas fortes em condi\u00e7\u00f5es de navegar<\/p>\n<p style=\"line-height: 1.5\">6. Mercado: Oriente M\u00e9dio\/\u00c1frica\/\u00c1sia\/Am\u00e9rica do Sul\/Europa\/Am\u00e9rica do Norte<\/p>\n<p style=\"line-height: 1.5\">7. MOQ: 10 metros quadrados<\/p>\n<p style=\"line-height: 1.5\"><img loading=\"lazy\" decoding=\"async\" src=\"https:\/\/data.adwebcloud.com\/public\/material\/220426a7q47o\/product\/polishedgreenmarbleslab_1683271134209.jpg\" width=\"750\" height=\"600\" alt=\"\" \/><\/p>","protected":false},"excerpt":{"rendered":"<p>Rain Forest Green \u00e9 uma malha mesclada de preto e verde escuro uniformemente espalhada sobre uma base verde com caracter\u00edsticas de m\u00e1rmore colorido extra\u00eddo da \u00cdndia. Esta pedra \u00e9 especialmente boa para exteriores - aplica\u00e7\u00f5es de paredes e pisos interiores, bancadas, mosaicos, fontes, coberturas de piscinas e paredes e outros projetos de design. Tamb\u00e9m \u00e9 chamado de M\u00e1rmore Verde Bidasar, M\u00e1rmore Verde Claro Floresta Tropical, M\u00e1rmore Verde Bidazar, M\u00e1rmore Verde Fancy, M\u00e1rmore Verde Floresta, M\u00e1rmore Bidasar Verde, M\u00e1rmore Verde Gl\u00f3ria, M\u00e1rmore Multicolor Verde, M\u00e1rmore Verde Bidaser, M\u00e1rmore Verde Mirage, M\u00e1rmore Verde Picasso, Radhika Green Marble, Rainforest Green Marble, Splendor Serata Marble, Rain Forest Green Marble, Marmol Verde Bosque.<\/p>","protected":false},"featured_media":6760,"comment_status":"open","ping_status":"closed","template":"","meta":[],"product_brand":[],"product_cat":[460],"product_tag":[622,620,621,619,616,617,615,614,613,618],"class_list":{"0":"post-5897","1":"product","2":"type-product","3":"status-publish","4":"has-post-thumbnail","6":"product_cat-stone-furniture","7":"product_tag-bidasar-green-marble","8":"product_tag-fancy-green-marble","9":"product_tag-picasso-green-marble-table","10":"product_tag-rain-forest-green-marble-coffee-table","11":"product_tag-rain-forest-green-marble-countertop","12":"product_tag-rain-forest-green-marble-dining-table","13":"product_tag-rain-forest-green-marble-furniture","14":"product_tag-rain-forest-green-marble-slabs","15":"product_tag-rain-forest-green-marble-tiles","16":"product_tag-rain-forest-green-marble-wall-tiles","18":"first","19":"instock","20":"shipping-taxable","21":"product-type-simple"},"_links":{"self":[{"href":"https:\/\/www.quartzite-stone.com\/pt\/wp-json\/wp\/v2\/product\/5897","targetHints":{"allow":["GET"]}}],"collection":[{"href":"https:\/\/www.quartzite-stone.com\/pt\/wp-json\/wp\/v2\/product"}],"about":[{"href":"https:\/\/www.quartzite-stone.com\/pt\/wp-json\/wp\/v2\/types\/product"}],"replies":[{"embeddable":true,"href":"https:\/\/www.quartzite-stone.com\/pt\/wp-json\/wp\/v2\/comments?post=5897"}],"wp:featuredmedia":[{"embeddable":true,"href":"https:\/\/www.quartzite-stone.com\/pt\/wp-json\/wp\/v2\/media\/6760"}],"wp:attachment":[{"href":"https:\/\/www.quartzite-stone.com\/pt\/wp-json\/wp\/v2\/media?parent=5897"}],"wp:term":[{"taxonomy":"product_brand","embeddable":true,"href":"https:\/\/www.quartzite-stone.com\/pt\/wp-json\/wp\/v2\/product_brand?post=5897"},{"taxonomy":"product_cat","embeddable":true,"href":"https:\/\/www.quartzite-stone.com\/pt\/wp-json\/wp\/v2\/product_cat?post=5897"},{"taxonomy":"product_tag","embeddable":true,"href":"https:\/\/www.quartzite-stone.com\/pt\/wp-json\/wp\/v2\/product_tag?post=5897"}],"curies":[{"name":"wp","href":"https:\/\/api.w.org\/{rel}","templated":true}]}}