{"id":3593,"date":"2022-09-27T15:22:57","date_gmt":"2022-09-27T07:22:57","guid":{"rendered":"https:\/\/www.quartzite-stone.com\/product\/azul-imperial-quartzite\/"},"modified":"2023-06-27T17:58:54","modified_gmt":"2023-06-27T09:58:54","slug":"azul-imperiale-quartzito","status":"publish","type":"product","link":"https:\/\/www.quartzite-stone.com\/pt\/products\/azul-imperiale-quartzite\/","title":{"rendered":"Quartzito Azul Imperiale"},"content":{"rendered":"<p><strong>Quartzito Azul Imperial<\/strong><\/p>\n<p>A eleg\u00e2ncia suave de Azul Imperiale transporta voc\u00ea como um c\u00e9u de ver\u00e3o com um tom azul claro. Os \u201cinsiders\u201d da pedra brasileira admiram este quartzito azul polido por causa de seus tons azuis excepcionais e movimento encantador.<\/p>\n<p>Azul Imperiale \u00e9 ideal para ambientes de lareira e banhos e ambientes externos, pois produz um clima suave e arejado. A beleza do quartzito \u00e9 insuper\u00e1vel e \u00e9 resistente ao desbotamento, manchas e arranh\u00f5es.<\/p>\n<p><img decoding=\"async\" src=\"https:\/\/data.adwebcloud.com\/public\/material\/220426a7q47o\/product\/blobid0_1661228241014.jpg\" \/><\/p>\n<p>A HRST STONE \u00e9 o principal fabricante de fabrico de bancadas, empresas de bancadas, cozinhas, casas de banho e pavimentos, especialmente o Quartzito Imperial Azul, que \u00e9 a melhor escolha para uma decora\u00e7\u00e3o interior luxuosa mas simples.<\/p>\n<p>Como as lajes de Quartzito Azul Imperial s\u00e3o muito fortes e mais dur\u00e1veis do que muitas outras lajes de pedra natural, elas est\u00e3o se tornando cada vez mais apreciadas como o material perfeito para projetos de design de interiores. O quartzito tem um brilho cristalino e proporciona uma apar\u00eancia brilhante e elegante.<\/p>\n<p><img decoding=\"async\" src=\"https:\/\/data.adwebcloud.com\/public\/material\/220426a7q47o\/product\/blobid1_1661228461082.jpg\" \/><\/p>\n<p>Auzl Imperial Quartzite se parece com movimentos de \u00e1gua, o que o torna uma op\u00e7\u00e3o altamente desej\u00e1vel para bancadas. Devido \u00e0 sua alta densidade, o quartzito Blue Imperial \u00e9 dur\u00e1vel e tamb\u00e9m est\u00e1 dispon\u00edvel em acabamentos polidos e couro. MOQ uma laje est\u00e1 dispon\u00edvel em nosso armaz\u00e9m.<\/p>\n<p><strong>Aplicativo<\/strong>: Cozinha, Banheiro, Tampos de Bar, Lareira, Exterior<\/p>\n<h3>Perfis de borda: facilitado\/quarto chanfrado\/meio chanfrado\/quarto redondo\/meio redondo\/meio boleado\/boleado\/ogeee<\/h3>\n<p>Fabricamos molduras de lareira com Quartzito Azul Imperial que inclui todas ou algumas partes da parte inferior - lareira, bordas, saia e manto. Ainda podemos fabricar uma lareira personalizada com qualquer pedra natural que voc\u00ea goste e tornar seu sonho realidade e tornar sua casa linda com pedra natural quartzito imperaial azul.<\/p>\n<p><img fetchpriority=\"high\" decoding=\"async\" src=\"https:\/\/data.adwebcloud.com\/public\/material\/220426a7q47o\/product\/blobid2_1661228517487.jpg\" width=\"635\" height=\"508\" \/><\/p>","protected":false},"excerpt":{"rendered":"<p>Azul Imperiale Quartzite \u00e9 branco e veios de ouro combinam com lindos tons de azul que \u00e9 usado principalmente para bancadas e tamb\u00e9m cercaduras de lareira ou fundo de parede de TV. Esta pedra natural resistente pode ser usada para criar belos pisos, paredes e bancadas no design do banheiro. <\/p>","protected":false},"featured_media":7475,"comment_status":"closed","ping_status":"closed","template":"","meta":[],"product_brand":[],"product_cat":[195],"product_tag":[545,549,552,547,550,548,546,553,551,554],"class_list":{"0":"post-3593","1":"product","2":"type-product","3":"status-publish","4":"has-post-thumbnail","6":"product_cat-quartzite","7":"product_tag-azul-imperial-quartzite","8":"product_tag-azul-imperial-quartzite-bathroom","9":"product_tag-azul-imperial-quartzite-bookmatch-wall","10":"product_tag-azul-imperial-quartzite-price","11":"product_tag-azul-imperial-quartzite-stone","12":"product_tag-azul-imperiale-quartzite-fireplace-surrandings","13":"product_tag-azul-imperiale-quartzite-price","14":"product_tag-blue-imperiale-quarzite","15":"product_tag-light-blue-quartzite","16":"product_tag-royal-blue-quartzite","18":"first","19":"instock","20":"shipping-taxable","21":"product-type-simple"},"_links":{"self":[{"href":"https:\/\/www.quartzite-stone.com\/pt\/wp-json\/wp\/v2\/product\/3593","targetHints":{"allow":["GET"]}}],"collection":[{"href":"https:\/\/www.quartzite-stone.com\/pt\/wp-json\/wp\/v2\/product"}],"about":[{"href":"https:\/\/www.quartzite-stone.com\/pt\/wp-json\/wp\/v2\/types\/product"}],"replies":[{"embeddable":true,"href":"https:\/\/www.quartzite-stone.com\/pt\/wp-json\/wp\/v2\/comments?post=3593"}],"wp:featuredmedia":[{"embeddable":true,"href":"https:\/\/www.quartzite-stone.com\/pt\/wp-json\/wp\/v2\/media\/7475"}],"wp:attachment":[{"href":"https:\/\/www.quartzite-stone.com\/pt\/wp-json\/wp\/v2\/media?parent=3593"}],"wp:term":[{"taxonomy":"product_brand","embeddable":true,"href":"https:\/\/www.quartzite-stone.com\/pt\/wp-json\/wp\/v2\/product_brand?post=3593"},{"taxonomy":"product_cat","embeddable":true,"href":"https:\/\/www.quartzite-stone.com\/pt\/wp-json\/wp\/v2\/product_cat?post=3593"},{"taxonomy":"product_tag","embeddable":true,"href":"https:\/\/www.quartzite-stone.com\/pt\/wp-json\/wp\/v2\/product_tag?post=3593"}],"curies":[{"name":"wp","href":"https:\/\/api.w.org\/{rel}","templated":true}]}}