{"id":3545,"date":"2022-09-27T13:48:07","date_gmt":"2022-09-27T05:48:07","guid":{"rendered":"https:\/\/www.quartzite-stone.com\/product\/fantasy-macaubas-quartzite\/"},"modified":"2023-06-27T17:58:23","modified_gmt":"2023-06-27T09:58:23","slug":"fantasia-macaubas-quartzito","status":"publish","type":"product","link":"https:\/\/www.quartzite-stone.com\/pt\/products\/fantasy-macaubas-quartzite\/","title":{"rendered":"Fantasia Quartzito Macaubas"},"content":{"rendered":"<p><strong>Fantasia Quartzito Macaubas<\/strong><\/p>\n<p>N\u00e3o s\u00f3 fornecemos grandes placas, como tamb\u00e9m fabricamos bancadas de alta qualidade, duradouras e modernas. O Fantasy Macaubas For Countertops \u00e9 um dos quartzitos excepcionais que ir\u00e1 <br \/>dar nova vida a qualquer espa\u00e7o.<\/p>\n<p>O Quartzito Castanho Fantasia tem um fundo cinzento suave que \u00e9 ligeiramente real\u00e7ado com veios brancos e cinzentos em grandes placas de quartzito. O Quartzito Fantasy Maca\u00fabas \u00e9 normalmente aplicado em bancadas de cozinha, backsplash e tampo de ilha, design de paredes de destaque e ladrilhos de ch\u00e3o que complementam uma variedade de estilos de design, desde a decora\u00e7\u00e3o tradicional \u00e0 decora\u00e7\u00e3o moderna. As espessuras de 2cm\/3cm 3\/4polegadas e 1 1\/4polegadas est\u00e3o dispon\u00edveis no nosso stock.<\/p>\n<p>&nbsp;<\/p>\n<p>O Quartzito Castanho Fantasia \u00e9 um padr\u00e3o de pedra forte, bonito e glorioso entre as escolhas para balc\u00f5es de cozinha. O Quartzito Maca\u00fabas Fantasia tamb\u00e9m pode ser utilizado como pavimento, backsplash, casa de banho ou lareira, tanto em aplica\u00e7\u00f5es interiores como exteriores.<\/p>\n<p>O Quartzito Fantasy Macaubas \u00e9 uma pedra extra\u00edda de minas, tal como as outras pedras naturais, e resiste ao calor, \u00e0 humidade, \u00e0s bact\u00e9rias, \u00e0s manchas e aos riscos quando devidamente preparado. As part\u00edculas individuais de quartzo recristalizam-se quando aquecidas ao longo do processo de fabrico, dando ao produto um padr\u00e3o deslumbrante decorativo e encantador.<\/p>\n<p>O Quartzito Fantasy Macaubas \u00e9 uma pedra natural encantadora, conhecida pelo seu movimento diagonal, redemoinhos e veios. Atinge o equil\u00edbrio perfeito entre o movimento interessante e o excesso de atividade. Cont\u00e9m carbonato de c\u00e1lcio e tem uma paleta de cores semelhante a creme, branco, bronzeado, castanho, cinzento claro e cinzento escuro. Embora exista uma variedade de cores de uma placa para outra, a maioria apresenta uma paleta de cores mais bronzeada e cinzenta. Algumas placas podem ser bastante escuras, com tons de carv\u00e3o vegetal a cinzento claro, enquanto outras podem ser bastante subtis, com tons de creme, branco e bronzeado claro.<\/p>\n<p>O Quartzito Fantasia Maca\u00fabas apresenta belas tonalidades de castanho e cinzento sobre um fundo branco. Nalgumas placas, podem ver-se pequenas manchas pretas. Como acontece com qualquer pedra natural, a cor e os detalhes variam em cada pe\u00e7a, tornando cada uma delas \u00fanica. A paleta de cores neutras da pedra permite-lhe complementar arm\u00e1rios escuros ou claros e combina com quase todos os estilos de cozinha. A crescente popularidade do quartzito Fantasy Brown deve-se tanto \u00e0 sua beleza como \u00e0 sua durabilidade. Faz uma afirma\u00e7\u00e3o subtil, chamando a aten\u00e7\u00e3o sem desviar a aten\u00e7\u00e3o do resto da decora\u00e7\u00e3o da divis\u00e3o.<\/p>\n<\/p>\n<p>O quartzito Fantasy Brown \u00e9 uma pedra natural conhecida pela sua mistura \u00fanica de cores e padr\u00f5es. \u00c9 extra\u00eddo na \u00cdndia e \u00e9 uma escolha popular para bancadas, pavimentos e aplica\u00e7\u00f5es de parede.<\/p>\n<p>O quartzito Fantasy Brown apresenta tipicamente uma gama de tonalidades bege, castanho, cinzento e branco, muitas vezes com veios e redemoinhos que criam um aspeto marmoreado ou espiralado. Algumas pe\u00e7as podem tamb\u00e9m apresentar manchas ou salpicos de preto ou azul. Devido \u00e0s suas varia\u00e7\u00f5es naturais, cada placa de quartzito Fantasy Macaubas \u00e9 \u00fanica.<\/p>\n<p>O quartzito Fantasy Brown \u00e9 um material dur\u00e1vel e resistente ao calor, o que o torna uma escolha popular para bancadas de cozinha. Tamb\u00e9m \u00e9 f\u00e1cil de limpar e manter, embora possa ser necess\u00e1rio selar para proteger contra manchas.<\/p>\n<\/p>\n<p>O Quartzito Fantasia de Maca\u00fabas tamb\u00e9m tem outro nome:<br \/>Granito Maca\u00fabas Fantasia<br \/>Quartzito de Maca\u00fabas<br \/>Quartzito Branco Maca\u00fabas<br \/>Quartzito branco de Maca\u00fabas<\/p>\n<\/p>\n<p>INFORMA\u00c7\u00d5ES ADICIONAIS<\/p>\n<table>\n<tbody>\n<tr>\n<td width=\"124\"><strong>MATERIAL<\/strong><\/td>\n<td width=\"444\">Quartzito<\/td>\n<\/tr>\n<tr>\n<td width=\"124\"><strong>COR<\/strong><\/td>\n<td width=\"444\">Marrom<\/td>\n<\/tr>\n<tr>\n<td width=\"124\"><strong>PA\u00cdS DE ORIGEM<\/strong><\/td>\n<td width=\"444\">Brasil<\/td>\n<\/tr>\n<tr>\n<td width=\"124\"><strong>ACABAMENTO DE SUPERF\u00cdCIE<\/strong><\/td>\n<td width=\"444\">Polido, afiado, couro<\/td>\n<\/tr>\n<tr>\n<td width=\"124\"><strong>USAR<\/strong><\/td>\n<td width=\"444\">Cozinhas, Banheiros, Pisos, Paredes, Azulejos, Lajes<\/td>\n<\/tr>\n<tr>\n<td width=\"124\"><strong>DISPONIBILIDADE<\/strong><\/td>\n<td width=\"444\">Verificar a disponibilidade de stock junto da HRST STONE para efetuar a visita.<\/p>\n<p>Amostras de pedra tamb\u00e9m n\u00e3o est\u00e3o dispon\u00edveis para cada sele\u00e7\u00e3o de pedra, por favor, pergunte a disponibilidade.<\/p>\n<\/td>\n<\/tr>\n<\/tbody>\n<\/table>\n<p><img decoding=\"async\" src=\"https:\/\/data.adwebcloud.com\/public\/material\/220426a7q47o\/product\/blobid0_1665368642707.jpg\" \/><\/p>\n<h3 style=\"font-size: 19px\">Caracter\u00edsticas do quartzito castanho fantasia<\/h3>\n<p>O quartzito Fantasy Brown \u00e9 uma pedra natural muito procurada pelo seu aspeto \u00fanico e deslumbrante. Aqui est\u00e3o algumas caracter\u00edsticas do quartzito Fantasy Maca\u00fabas:<\/p>\n<ol>\n<li>Aspeto: O quartzito Fantasy Brown tem um aspeto \u00fanico que se assemelha ao m\u00e1rmore, com uma mistura de tons quentes e frios, incluindo tons de castanho, cinzento, branco e bege. A pedra apresenta frequentemente veios e padr\u00f5es dram\u00e1ticos, que aumentam o seu atrativo visual.<\/li>\n<li>Durabilidade: O quartzito \u00e9 uma pedra natural dura e dur\u00e1vel, resistente a riscos, lascas e manchas, o que o torna ideal para utiliza\u00e7\u00e3o em \u00e1reas de tr\u00e1fego intenso, como cozinhas e casas de banho.<\/li>\n<li>Manuten\u00e7\u00e3o reduzida: O quartzito \u00e9 relativamente f\u00e1cil de manter e requer apenas uma selagem peri\u00f3dica para o proteger de manchas.<\/li>\n<li>Resistente ao calor: O quartzito \u00e9 altamente resistente ao calor, o que o torna uma escolha popular para bancadas de cozinha.<\/li>\n<li>Versatilidade: O quartzito Fantasy Brown pode ser utilizado para uma vasta gama de aplica\u00e7\u00f5es, incluindo bancadas, revestimentos, pavimentos e paredes de realce.<\/li>\n<li>Raridade: Embora o quartzito Fantasy Brown esteja a tornar-se mais dispon\u00edvel, ainda \u00e9 considerado uma pedra relativamente rara e ex\u00f3tica, o que aumenta o seu atrativo para os propriet\u00e1rios e designers que procuram um aspeto \u00fanico e distinto para os seus espa\u00e7os.<\/li>\n<\/ol>\n<p>O Quartzito Fantasy Macaubas \u00e9 uma rocha do tempo hist\u00f3rico formada e origin\u00e1ria do Arenito, que \u00e9 uma pedra natural densa e dura composta por gr\u00e3os de Quartzo natural. E \u00e9 muito adequado para bancadas de cozinha devido \u00e0s suas veias semelhantes e lajes de cor de veios para a escolha de m\u00e1rmore e quartzo artificial. Al\u00e9m disso, \u00e9 muito mais resistente a qualquer tipo de manchas ou mesmo a produtos qu\u00edmicos.<\/p>\n<p>Estas deslumbrantes placas de quartzito incluem veios brancos, cinzentos, azuis claros e bronzeados que chamam suavemente a aten\u00e7\u00e3o para o fundo cinzento suave. Uma gama de est\u00e9ticas de design, do tradicional ao moderno, \u00e9 complementada pelas bancadas, paredes de realce e pavimentos de Quartzito Macaubas Fantasy. Embora pare\u00e7a m\u00e1rmore, o quartzito \u00e9 mais duro do que o granito. O Quartzito Maca\u00fabas Fantasy proporciona uma superf\u00edcie muito higi\u00e9nica e livre de bact\u00e9rias quando devidamente selado. \u00c9 perfeito para aplica\u00e7\u00f5es interiores, incluindo topos de bares, contornos de lareiras, decks de banheiras, bancadas de cozinhas e casas de banho, e muito mais.<\/p>\n<p><img decoding=\"async\" src=\"https:\/\/data.adwebcloud.com\/public\/material\/220426a7q47o\/product\/blobid1_1665368648830.jpg\" \/><\/p>\n<p>O quartzito Fantasia de Maca\u00fabas \u00e9 utilizado em cozinhas e casas de banho, havendo mesmo quem fabrique placas em grandes ladrilhos para pavimentos de design bonito ou mesmo para pavimentar p\u00e1tios e jardins de casas.<\/p>\n<p>Al\u00e9m disso, \u00e9 muito resistente, pelo que \u00e9 frequentemente utilizado na constru\u00e7\u00e3o de paredes e pavimentos, e \u00e9 tamb\u00e9m muito utilizado como balastro de vias f\u00e9rreas. Devido \u00e0 sua beleza deslumbrante, tamb\u00e9m \u00e9 comummente usado como decora\u00e7\u00e3o comum ou residencial. O nosso quartzito Maca\u00fabas Fantasy \u00e9 uma escolha muito popular para quem procura acrescentar beleza \u00e0 sua casa, mantendo a sua durabilidade.<\/p>\n<p>Macaubas Fantasy \u00e9 um magn\u00edfico quartzito proveniente de pedreiras brasileiras e tem um fundo cinzento suave com veios de branco e cinzento que o acentuam suavemente.<br \/>Esta deslumbrante placa de Quartzito \u00e9 suficientemente grande e \u00e9 ideal para pavimentos, paredes de realce e bancadas. Este quartzito pode ser utilizado para projectos de design exterior e \u00e9 apropriado para edif\u00edcios residenciais e comerciais e a superf\u00edcie pode ser em estilo polido e antiquado.<\/p>\n<p>Maca\u00fabas Fantasy Quartzite \u00e9 uma op\u00e7\u00e3o muito agrad\u00e1vel para o design de balc\u00f5es, como na cozinha, casa de banho e bar ou mesmo tampo de mesa em mesa de caf\u00e9, mesa lateral, mesa de jantar e tampo de rece\u00e7\u00e3o, com pre\u00e7o muito competitivo devido \u00e0 nossa pr\u00f3pria f\u00e1brica e pedreira diretamente cortada da nossa pr\u00f3pria m\u00e1quina de bloco para placas. Por isso, basta enviar-nos o seu pedido e podemos fazer um design personalizado com o tamanho e a placa que pretende e dar-lhe um bom or\u00e7amento.<\/p>\n<p>Assim<img decoding=\"async\" src=\"https:\/\/data.adwebcloud.com\/public\/material\/220426a7q47o\/product\/blobid2_1665368658631.jpg\" \/><\/p>\n<p><img decoding=\"async\" src=\"https:\/\/data.adwebcloud.com\/public\/material\/220426a7q47o\/product\/blobid3_1665368676482.jpg\" \/><\/p><\/p>","protected":false},"excerpt":{"rendered":"<p>O Quartzito Fantasy Macaubas tem um fundo cinza suave que se destaca levemente com veios brancos e cinzas em grandes placas de quartzito gorgosas. Thikness 2cm\/3cm 3\/4 polegadas e 1 1\/4 polegadas est\u00e3o dispon\u00edveis em nosso estoque. E tamb\u00e9m amplamente utilizado como bancadas de cozinha, tampo de banheiro, piso e parede.<\/p>","protected":false},"featured_media":7476,"comment_status":"closed","ping_status":"closed","template":"","meta":[],"product_brand":[],"product_cat":[195],"product_tag":[405,401,446,403,402,445,404,449,447,448],"class_list":{"0":"post-3545","1":"product","2":"type-product","3":"status-publish","4":"has-post-thumbnail","6":"product_cat-quartzite","7":"product_tag-fantasy-macaubas-quartzite","8":"product_tag-fantasy-macaubas-quartzite-countertops","9":"product_tag-fantasy-macaubas-quartzite-kitchen","10":"product_tag-fantasy-macaubas-quartzite-kitchen-countertops","11":"product_tag-fantasy-macaubas-quartzite-slabs","12":"product_tag-macaubas-fantasy","13":"product_tag-macaubas-fantasy-quartzite-island-top","14":"product_tag-macaubas-fantasy-quartzite-kitchen","15":"product_tag-macaubas-fantasy-quartzite-price","16":"product_tag-quartzite-fantasy-macaubas","18":"first","19":"instock","20":"shipping-taxable","21":"product-type-simple"},"_links":{"self":[{"href":"https:\/\/www.quartzite-stone.com\/pt\/wp-json\/wp\/v2\/product\/3545","targetHints":{"allow":["GET"]}}],"collection":[{"href":"https:\/\/www.quartzite-stone.com\/pt\/wp-json\/wp\/v2\/product"}],"about":[{"href":"https:\/\/www.quartzite-stone.com\/pt\/wp-json\/wp\/v2\/types\/product"}],"replies":[{"embeddable":true,"href":"https:\/\/www.quartzite-stone.com\/pt\/wp-json\/wp\/v2\/comments?post=3545"}],"wp:featuredmedia":[{"embeddable":true,"href":"https:\/\/www.quartzite-stone.com\/pt\/wp-json\/wp\/v2\/media\/7476"}],"wp:attachment":[{"href":"https:\/\/www.quartzite-stone.com\/pt\/wp-json\/wp\/v2\/media?parent=3545"}],"wp:term":[{"taxonomy":"product_brand","embeddable":true,"href":"https:\/\/www.quartzite-stone.com\/pt\/wp-json\/wp\/v2\/product_brand?post=3545"},{"taxonomy":"product_cat","embeddable":true,"href":"https:\/\/www.quartzite-stone.com\/pt\/wp-json\/wp\/v2\/product_cat?post=3545"},{"taxonomy":"product_tag","embeddable":true,"href":"https:\/\/www.quartzite-stone.com\/pt\/wp-json\/wp\/v2\/product_tag?post=3545"}],"curies":[{"name":"wp","href":"https:\/\/api.w.org\/{rel}","templated":true}]}}