{"id":3530,"date":"2022-09-27T13:47:24","date_gmt":"2022-09-27T05:47:24","guid":{"rendered":"https:\/\/www.quartzite-stone.com\/product\/alexandrita-quartzite-slabs-for-countertops\/"},"modified":"2023-06-27T18:03:09","modified_gmt":"2023-06-27T10:03:09","slug":"quartzito-alexandrita","status":"publish","type":"product","link":"https:\/\/www.quartzite-stone.com\/pt\/products\/alexandrita-quartzite\/","title":{"rendered":"Quartzito Alexandrita"},"content":{"rendered":"<p><strong>Alexandrita Fantasy Bancadas de Quartzito&nbsp;<\/strong><\/p>\n<p><strong>Quartzito Alexandrita <\/strong><\/p>\n<p><strong>Alexandrita Quartzito Esmeralda <\/strong><\/p>\n<p>Alexandrita Quartzite \u00e9 uma deslumbrante pedra verde claro e marfim com tons sutis de verde mais escuro e p\u00eassego, rodeado por tons de \u00e1gua-marinha. A densidade do quartzito o torna mais resistente \u00e0 eros\u00e3o e ao clima vol\u00e1til, o que permite aplica\u00e7\u00f5es como revestimento de paredes, telhas, pisos e escadas.<\/p>\n<p>O Quartzito Alexandrita est\u00e1 ganhando popularidade atualmente em ambientes internos como elemento decorativo e para bancadas. O quartzito puro normalmente tem uma tonalidade neutra que varia do branco ao cinza, mas, dependendo da quantidade de \u00f3xido de ferro presente, tamb\u00e9m pode assumir uma variedade de tons de rosa e vermelho.<\/p>\n<p>Tamb\u00e9m tem nomes: Quartzito Alexandrita, Quartzito Esmeralda Alexandrita, Quartzito Alexandrita Fantasy&nbsp;<\/p>\n<p>Granito Verde Gaya,Quartzito Verde Gaya,Quartzito Jade,Quartzito Verde Esmeralda,Quartzito Verde Gaya<\/p>\n<p>Cristallo Alexandrita Quartzito<\/p>\n<p><img decoding=\"async\" src=\"https:\/\/data.adwebcloud.com\/public\/material\/220426a7q47o\/product\/blobid0_1661243758169.jpg\" \/><\/p>\n<p>Pedra natural forte conhecida como quartzito Alexandrita \u00e9 conhecida por sua beleza e utilidade. Alexandrita Quartzito se assemelha ao m\u00e1rmore na apar\u00eancia, mas \u00e9 t\u00e3o dur\u00e1vel quanto as caracter\u00edsticas do granito. O tipo ideal de bancada \u00e0 prova de balas, o quartzito tamb\u00e9m \u00e9 resistente \u00e0 deteriora\u00e7\u00e3o de alimentos \u00e1cidos como lim\u00f5es ou outros sucos ou tomates... e f\u00e1cil de limpar.&nbsp;<\/p>\n<p>Temos v\u00e1rias op\u00e7\u00f5es de quartzito para escolher. Ent\u00e3o, basta nos enviar sua pergunta e podemos projetar uma bancada de cozinha personalizada para sua pr\u00f3pria casa. As cores de quartzito incluem branco, marrom, preto e azul e colorido\u2026<\/p>\n<p>O Quartzito Alexandrita \u00e9 mais duro e resistente do que a maioria dos outros tipos de pedra natural, o que o torna um investimento maravilhoso para bancadas de cozinha, bancadas de ilha, cascata e backsplash e bancadas de banheiro, parede ou design de piso.<\/p>\n<p><img decoding=\"async\" src=\"https:\/\/data.adwebcloud.com\/public\/material\/220426a7q47o\/product\/blobid1_1661243961877.jpg\" \/><\/p>\n<p>O quartzito verde claro da variedade Alexandrita \u00e9 uma pedra impressionante e calmante, ideal para bancadas, pisos, aplica\u00e7\u00f5es em paredes, contra-salpicos e decora\u00e7\u00e3o de paredes de salas de estar e at\u00e9 mesmo para ambientes de banheiros e lareiras.<\/p>\n<p><img decoding=\"async\" src=\"https:\/\/data.adwebcloud.com\/public\/material\/220426a7q47o\/product\/blobid3_1661244342154.jpg\" \/><\/p>\n<p>Alguns designers tamb\u00e9m escolhem Alexandrita Quartzite para fontes, coberturas de piscinas e paredes, escadas, peitoris de janelas e mesa de hotel ou casa, tampo de mesa de luxo, como mesa de centro\/tampo de mesa de bar e recep\u00e7\u00e3o.. projetos\u2026<\/p>\n<p><img decoding=\"async\" src=\"https:\/\/data.adwebcloud.com\/public\/material\/220426a7q47o\/product\/blobid2_1661244282708.jpg\" \/><\/p>\n<p>&nbsp;<\/p>\n<p>&nbsp;<\/p>","protected":false},"excerpt":{"rendered":"<p>O Quartzito Alexandrita \u00e9 uma bela pedra natural capaz de satisfazer qualquer tipo de design de interiores ou requisitos arquitect\u00f3nicos. Aplique em bancadas de cozinha internas ou externas, paredes e pisos e tampos de mesa de m\u00f3veis. A pedra ex\u00f3tica \u00e9 perfeitamente aplicada em grandes ilhas de cozinha e backspash.<\/p>","protected":false},"featured_media":7531,"comment_status":"closed","ping_status":"closed","template":"","meta":[],"product_brand":[],"product_cat":[195],"product_tag":[574,576,578],"class_list":{"0":"post-3530","1":"product","2":"type-product","3":"status-publish","4":"has-post-thumbnail","6":"product_cat-quartzite","7":"product_tag-alexandrita-quartzite-countertops","8":"product_tag-alexandrita-quartzite-countertops-and-backsplash","9":"product_tag-gaya-quartzite-green-quartzite","11":"first","12":"instock","13":"shipping-taxable","14":"product-type-simple"},"_links":{"self":[{"href":"https:\/\/www.quartzite-stone.com\/pt\/wp-json\/wp\/v2\/product\/3530","targetHints":{"allow":["GET"]}}],"collection":[{"href":"https:\/\/www.quartzite-stone.com\/pt\/wp-json\/wp\/v2\/product"}],"about":[{"href":"https:\/\/www.quartzite-stone.com\/pt\/wp-json\/wp\/v2\/types\/product"}],"replies":[{"embeddable":true,"href":"https:\/\/www.quartzite-stone.com\/pt\/wp-json\/wp\/v2\/comments?post=3530"}],"wp:featuredmedia":[{"embeddable":true,"href":"https:\/\/www.quartzite-stone.com\/pt\/wp-json\/wp\/v2\/media\/7531"}],"wp:attachment":[{"href":"https:\/\/www.quartzite-stone.com\/pt\/wp-json\/wp\/v2\/media?parent=3530"}],"wp:term":[{"taxonomy":"product_brand","embeddable":true,"href":"https:\/\/www.quartzite-stone.com\/pt\/wp-json\/wp\/v2\/product_brand?post=3530"},{"taxonomy":"product_cat","embeddable":true,"href":"https:\/\/www.quartzite-stone.com\/pt\/wp-json\/wp\/v2\/product_cat?post=3530"},{"taxonomy":"product_tag","embeddable":true,"href":"https:\/\/www.quartzite-stone.com\/pt\/wp-json\/wp\/v2\/product_tag?post=3530"}],"curies":[{"name":"wp","href":"https:\/\/api.w.org\/{rel}","templated":true}]}}