{"id":3449,"date":"2022-09-27T10:03:18","date_gmt":"2022-09-27T02:03:18","guid":{"rendered":"https:\/\/www.quartzite-stone.com\/product\/palissandro-blue-marble\/"},"modified":"2023-03-13T15:18:15","modified_gmt":"2023-03-13T07:18:15","slug":"marmore-azul-palissandro","status":"publish","type":"product","link":"https:\/\/www.quartzite-stone.com\/pt\/products\/palissandro-blue-marble\/","title":{"rendered":"M\u00e1rmore Azul Palissandro"},"content":{"rendered":"<h3 style=\"margin: 5pt 0pt;text-indent: 0pt;padding: 0pt;background: #ffffff;text-align: left;font-family: \u5b8b\u4f53;font-weight: bold;font-size: 19px\"><strong>M\u00e1rmore Azul Palissandro<\/strong><\/h3>\n<p>Aqui na HRST Stone Factory, o m\u00e1rmore azul Palissandro premium \u00e9 oferecido a um pre\u00e7o acess\u00edvel. Para projectos, importadores, distribuidores, grossistas e f\u00e1bricas em todo o mundo, fornecemos azulejos, placas e bancadas.<\/p>\n<p>O m\u00e1rmore natural de uma pedreira italiana \u00e9 chamado Palissandro Blue Marble. A superf\u00edcie geral da laje \u00e9 dominada por veios azuis escuros e claros, com uma pequena onda de veios mais claros tamb\u00e9m presentes. Esta pedra natural tem um ambiente elegante que a torna ideal para uso no design de interiores de luxuosos hot\u00e9is e resid\u00eancias particulares. O m\u00e1rmore tamb\u00e9m pode ser usado para criar balc\u00f5es de cozinha e tampos de mesa. Os nomes Marmi Palissandro Azurro, Palissandro Azzurro Marmol e Palissandro Azzurro Marble tamb\u00e9m s\u00e3o usados para se referir ao Palissandro Blue Marble.<\/p>\n<p>Os seguintes acabamentos est\u00e3o dispon\u00edveis: escovado, decapado, envelhecido, bujardado, flambado, ranhurado, tombado, serrado, cogumelo, cinzelado, rachado natural, abacaxi, etc.<\/p>\n<p><a class=\"wpil_keyword_link\" href=\"https:\/\/www.quartzite-stone.com\/pt\/produto\/quartzito-da-patagonia-brasileira\/\"   title=\"Quartzo da Patag\u00f4nia\" data-wpil-keyword-link=\"linked\">Quartzo da Patag\u00f4nia<\/a> \u00e9 um tipo de pedra natural extra\u00edda da regi\u00e3o da Patag\u00f4nia Argentina. \u00c9 conhecido por sua durabilidade e resist\u00eancia ao desgaste, tornando-o uma escolha popular para \u00e1reas de tr\u00e1fego intenso, como edif\u00edcios comerciais e espa\u00e7os externos.<\/p>\n<p>O quartzito da Patag\u00f3nia caracteriza-se pela sua mistura \u00fanica de cores e padr\u00f5es, que v\u00e3o desde cremes suaves e brancos a castanhos quentes e caramelos. A pedra tem frequentemente veios com tons mais escuros de castanho ou cinzento, criando uma apar\u00eancia distinta e apelativa.<\/p>\n<p>Devido \u00e0 sua for\u00e7a e resist\u00eancia \u00e0s intemp\u00e9ries, o quartzito Patag\u00f4nia \u00e9 frequentemente usado em aplica\u00e7\u00f5es externas, como decks de piscinas, pavimenta\u00e7\u00e3o de p\u00e1tios e revestimento externo. Tamb\u00e9m \u00e9 uma escolha popular para pisos internos, bancadas e contra-salpicos.<\/p>\n<p>No geral, o quartzito da Patag\u00f4nia \u00e9 uma pedra natural vers\u00e1til e dur\u00e1vel, valorizada por sua beleza e for\u00e7a distintas.<\/p>\n<p style=\"margin: 0pt 0pt 0.0001pt;text-align: justify;font-family: Calibri;font-size: 10.5pt\"><span style=\"font-family: Arial;color: #646464;font-style: normal;font-size: 12.0000pt;background: #ffffff\"><img fetchpriority=\"high\" decoding=\"async\" src=\"https:\/\/data.adwebcloud.com\/public\/material\/220426a7q47o\/product\/WholesalePalissandroBlue(8)_1662432528750.jpg\" alt=\"\" width=\"750\" height=\"600\" \/><\/span><\/p>\n<p style=\"margin: 0pt 0pt 0.0001pt;text-align: justify;font-family: Calibri;font-size: 10.5pt\"><span style=\"font-family: Arial;color: #646464;font-style: normal;font-size: 12.0000pt;background: #ffffff\"><img decoding=\"async\" src=\"https:\/\/data.adwebcloud.com\/public\/material\/220426a7q47o\/product\/BluePalissandroMarble_1662432542303.jpg\" alt=\"\" width=\"750\" height=\"600\" \/><\/span><\/p>\n<p style=\"margin: 0pt 0pt 0.0001pt;text-align: justify;font-family: Calibri;font-size: 10.5pt\">&nbsp;<\/p>\n<p style=\"margin: 0pt 0pt 0.0001pt;text-align: justify;font-family: Calibri;font-size: 10.5pt\"><span style=\"font-family: Arial;color: #646464;font-style: normal;font-size: 12.0000pt;background: #ffffff\"><img decoding=\"async\" src=\"https:\/\/data.adwebcloud.com\/public\/material\/220426a7q47o\/product\/WholesalePalissandroBlue(4)_1662432510920.jpg\" alt=\"\" width=\"750\" height=\"600\" \/><\/span><\/p><\/p>","protected":false},"excerpt":{"rendered":"<p>Lajes de m\u00e1rmore azul Palissandro de m\u00e1rmore italiano<br \/>\nUma pedra interessante \u00e9 chamada de Palissandro Blue. \u00c9 de origem italiana. \u00c9 composto de m\u00e1rmore com areia azul e dourada, azul claro como tonalidade prim\u00e1ria e fino tecido branco. Usos italianos de primeira linha para ladrilhos e lajes de m\u00e1rmore azul Palissandro com Bookmatc<\/p>","protected":false},"featured_media":5426,"comment_status":"closed","ping_status":"closed","template":"","meta":[],"product_brand":[],"product_cat":[175],"product_tag":[299,326,323,327,324],"class_list":{"0":"post-3449","1":"product","2":"type-product","3":"status-publish","4":"has-post-thumbnail","6":"product_cat-marble","7":"product_tag-blue-paradise-marble-bathroom-flooring","8":"product_tag-is-there-a-blue-marble","9":"product_tag-palissandro-blue-marble-tile","10":"product_tag-palissandro-blue-polished-slabs","11":"product_tag-palissandro-bluette-marble-slabs-for-countertoops","13":"first","14":"instock","15":"shipping-taxable","16":"product-type-simple"},"_links":{"self":[{"href":"https:\/\/www.quartzite-stone.com\/pt\/wp-json\/wp\/v2\/product\/3449","targetHints":{"allow":["GET"]}}],"collection":[{"href":"https:\/\/www.quartzite-stone.com\/pt\/wp-json\/wp\/v2\/product"}],"about":[{"href":"https:\/\/www.quartzite-stone.com\/pt\/wp-json\/wp\/v2\/types\/product"}],"replies":[{"embeddable":true,"href":"https:\/\/www.quartzite-stone.com\/pt\/wp-json\/wp\/v2\/comments?post=3449"}],"wp:featuredmedia":[{"embeddable":true,"href":"https:\/\/www.quartzite-stone.com\/pt\/wp-json\/wp\/v2\/media\/5426"}],"wp:attachment":[{"href":"https:\/\/www.quartzite-stone.com\/pt\/wp-json\/wp\/v2\/media?parent=3449"}],"wp:term":[{"taxonomy":"product_brand","embeddable":true,"href":"https:\/\/www.quartzite-stone.com\/pt\/wp-json\/wp\/v2\/product_brand?post=3449"},{"taxonomy":"product_cat","embeddable":true,"href":"https:\/\/www.quartzite-stone.com\/pt\/wp-json\/wp\/v2\/product_cat?post=3449"},{"taxonomy":"product_tag","embeddable":true,"href":"https:\/\/www.quartzite-stone.com\/pt\/wp-json\/wp\/v2\/product_tag?post=3449"}],"curies":[{"name":"wp","href":"https:\/\/api.w.org\/{rel}","templated":true}]}}