{"id":3418,"date":"2022-09-26T16:42:38","date_gmt":"2022-09-26T08:42:38","guid":{"rendered":"https:\/\/www.quartzite-stone.com\/product\/quartzite-3\/"},"modified":"2023-06-27T17:58:34","modified_gmt":"2023-06-27T09:58:34","slug":"quartzito-da-vinci","status":"publish","type":"product","link":"https:\/\/www.quartzite-stone.com\/pt\/products\/da-vinci-quartzite\/","title":{"rendered":"Quartzito Da Vinci"},"content":{"rendered":"<p><strong>Quartzito Da Vinci\/ Quartzito Verde Bahia<\/strong><\/p>\n<p>O Quartzito Da Vinci \u00e9 uma esp\u00e9cie de obra-prima natural valiosa e \u00fanica, mais do que o cristal <br \/>Os tons verdes pastel, a sorte, o ch\u00e1 fluem num padr\u00e3o refrescante e criam uma pedra verde brilhante. <br \/>quartzito cristalino com dram\u00e1ticos veios dourados.<\/p>\n<p>O Quartzito Da Vinci \u00e9 uma superf\u00edcie natural que magnifica o ep\u00edtome do n\u00e3o adulterado, <br \/>beleza sem filtros. Esta pedra natural tem um sentido de mist\u00e9rio e apela \u00e0 sua beleza <br \/>simplesmente devido \u00e0 sua tonalidade mais suave de verde.<\/p>\n<p>Da Vinci \u00e9 uma excelente escolha para qualquer interior ou exterior distinto e apelativo. <br \/>projectos gra\u00e7as ao visual transl\u00facido que brilha para que a atmosfera da sala de estar seja <br \/>melhorou bastante e sente-se mais ligado ao encanto da natureza gra\u00e7as a esta rara <br \/>quartzito verde e sentir-se mais ccosy.<\/p>\n<p>Para al\u00e9m de ser deslumbrante pela sua beleza natural, o quartzito Da Vinci tamb\u00e9m possui caracter\u00edsticas de quartzo <br \/>cristais que conferem \u00e0 pedra uma translucidez, por isso, se tiver luz no design da parede traseira, esta <br \/>a pedra tem um aspeto fant\u00e1stico!<\/p>\n<p><img decoding=\"async\" src=\"https:\/\/data.adwebcloud.com\/public\/material\/220426a7q47o\/product\/blobid0_1662438655295.jpg\" \/><\/p>\n<p>Uma rocha metam\u00f3rfica forte, bonita e adapt\u00e1vel chama-se Quartzito Verde Da Vinci. Pode ser um excelente substituto do m\u00e1rmore, uma vez que oferece o mesmo aspeto de m\u00e1rmore, mas \u00e9 mais dur\u00e1vel, tornando-o uma escolha popular para balc\u00f5es de cozinha.<br \/>O Quartzito Verde Da Vinci \u00e9 uma esp\u00e9cie de quartzito natural, pelo que pode ser utilizado como lareira, balc\u00e3o de quartzito, bancadas de quartzito, bancada de cozinha em quartzito, e at\u00e9 mesmo para 1uartzito de casa de banho e a sua bancada de casa de banho em quartzito.<\/p>\n<p>O mercado da pedra natural \u00e9 bastante novo para a Da Vinci Green Quartziteslabs. O quartzito Da Vinci oferece uma variedade impressionante de tonalidades, veios e movimentos e pode assemelhar-se ao m\u00e1rmore, ao granito ou a um h\u00edbrido dos dois. \u00c9 um dos principais candidatos a tend\u00eancias para tudo, desde balc\u00f5es de cozinha a paredes de destaque, devido ao seu belo design, brilho cristalino, durabilidade e boa apar\u00eancia sofisticada.<\/p>\n<p><img decoding=\"async\" src=\"https:\/\/data.adwebcloud.com\/public\/material\/220426a7q47o\/product\/blobid1_1662438693013.jpg\" \/><\/p>\n<p>Devido \u00e0 sua solidez, o Quartzito Verde Bahia \u00e9 principalmente resistente \u00e0 eros\u00e3o e a condi\u00e7\u00f5es climat\u00e9ricas inst\u00e1veis, tornando-o adequado para utiliza\u00e7\u00e3o como pavimento, degraus de escadas, revestimentos de parede e telhas. O Quartzito Verde Bahia est\u00e1 a tornar-se mais frequentemente utilizado em interiores como uma pe\u00e7a de mobili\u00e1rio de mesa e para superf\u00edcies de bancada. Devido a diferentes concentra\u00e7\u00f5es de \u00f3xido de ferro, o quartzito pode tamb\u00e9m formar-se numa variedade de tons rosa e vermelho, para al\u00e9m da sua t\u00edpica gama de cores neutras de branco a cinzento.<\/p>\n<p>O quartzito verde da Bahia \u00e9 a melhor op\u00e7\u00e3o para decora\u00e7\u00e3o modernizada, como caracter\u00edsticas de parede como deocra\u00e7\u00e3o de parede de acento, ou mesas, mesa de caf\u00e9, mesa de jantar, mesa lateral, ou surround de TV ou arredores de lareira, ou mesmo para piso de casa de banho ou parede ou surround de banheira de chuveiro que \u00e9 uma pedra muito agrad\u00e1vel para decora\u00e7\u00e3o de casa ou design de hotel ou villa.<\/p>\n<p>Veja o design abaixo, parece simples, mas de uma beleza incr\u00edvel.<\/p>\n<p><img decoding=\"async\" src=\"https:\/\/data.adwebcloud.com\/public\/material\/220426a7q47o\/product\/blobid2_1662438701173.jpg\" \/><\/p>\n<p>Uma pedra natural com lindas estrias de cor, tons profundos e padr\u00f5es encantadores na sua superf\u00edcie \u00e9 chamada Quartzito Da Vinci. Estas caracter\u00edsticas permitem que o Quartzito seja um ponto focal totalmente distinto em qualquer cozinha, casa de banho ou espa\u00e7o interior. Por isso, cada vez mais pessoas o escolhem como decora\u00e7\u00e3o de casa.<\/p>\n<p><img decoding=\"async\" src=\"https:\/\/data.adwebcloud.com\/public\/material\/220426a7q47o\/product\/blobid3_1662438707288.jpg\" \/><\/p>\n<p>Este quartzito verde, origin\u00e1rio do Brasil, tem uma textura com veios e qualidades transl\u00facidas <br \/>que lhe conferem um aspeto distinto, d\u00e3o \u00e0s pessoas uma sensa\u00e7\u00e3o de luxo em todos os espa\u00e7os interiores e <br \/>No interior, como a parede de realce na sala de estar e o design do pavimento na casa de banho e <br \/>tampos de casa de banho e bancadas de cozinha, e at\u00e9 design de tampos de mesa como mobili\u00e1rio tamb\u00e9m <br \/>escolher o Quartzito Da Vinci para ser utilizado em mesas maci\u00e7as. O Quartzito Da Vinci tamb\u00e9m \u00e9 bom para tampo de rece\u00e7\u00e3o e tampo de bar.<\/p>\n<p>O Quartzito Verde Da Vinci tem um aspeto ondulado e uma dureza semelhante \u00e0 do granito e \u00e9 <br \/>tipo de quartzito que \u00e9 um material frequentemente utilizado. cor de base verde com veios \u00fanicos <br \/>incrivelmente sedutor e atraente <br \/>as pessoas escolhem-no como decora\u00e7\u00e3o de casa.<\/p>\n<p>&nbsp;<\/p>","protected":false},"excerpt":{"rendered":"<p>Da Vinci Quartzito Verde que \u00e9 do Brasil tem uma textura com veios e qualidades transl\u00facidas. Isso d\u00e1 \u00e0s pessoas uma sensa\u00e7\u00e3o de luxo em todos os usos internos e externos. O quartzito Da Vinci pode ser usado para paredes de destaque em projetos de vida e piso em bancadas de banheiro e cozinha.<\/p>","protected":false},"featured_media":7473,"comment_status":"closed","ping_status":"closed","template":"","meta":[],"product_brand":[],"product_cat":[195],"product_tag":[287,282,286,348,281,285,284,283,288,289],"class_list":{"0":"post-3418","1":"product","2":"type-product","3":"status-publish","4":"has-post-thumbnail","6":"product_cat-quartzite","7":"product_tag-bahia-green-quartzite","8":"product_tag-da-vinci-green-quartzite","9":"product_tag-da-vinci-quartzite","10":"product_tag-da-vinci-quartzite-countertops","11":"product_tag-green-da-vinci-quartzite","12":"product_tag-green-da-vinci-quartzite-accent-wall","13":"product_tag-green-da-vinci-quartzite-bathroom-wall","14":"product_tag-green-da-vinci-quartzite-for-countertops","15":"product_tag-green-quartzite-countertops","16":"product_tag-green-stone-for-tables","18":"first","19":"instock","20":"shipping-taxable","21":"product-type-simple"},"_links":{"self":[{"href":"https:\/\/www.quartzite-stone.com\/pt\/wp-json\/wp\/v2\/product\/3418","targetHints":{"allow":["GET"]}}],"collection":[{"href":"https:\/\/www.quartzite-stone.com\/pt\/wp-json\/wp\/v2\/product"}],"about":[{"href":"https:\/\/www.quartzite-stone.com\/pt\/wp-json\/wp\/v2\/types\/product"}],"replies":[{"embeddable":true,"href":"https:\/\/www.quartzite-stone.com\/pt\/wp-json\/wp\/v2\/comments?post=3418"}],"wp:featuredmedia":[{"embeddable":true,"href":"https:\/\/www.quartzite-stone.com\/pt\/wp-json\/wp\/v2\/media\/7473"}],"wp:attachment":[{"href":"https:\/\/www.quartzite-stone.com\/pt\/wp-json\/wp\/v2\/media?parent=3418"}],"wp:term":[{"taxonomy":"product_brand","embeddable":true,"href":"https:\/\/www.quartzite-stone.com\/pt\/wp-json\/wp\/v2\/product_brand?post=3418"},{"taxonomy":"product_cat","embeddable":true,"href":"https:\/\/www.quartzite-stone.com\/pt\/wp-json\/wp\/v2\/product_cat?post=3418"},{"taxonomy":"product_tag","embeddable":true,"href":"https:\/\/www.quartzite-stone.com\/pt\/wp-json\/wp\/v2\/product_tag?post=3418"}],"curies":[{"name":"wp","href":"https:\/\/api.w.org\/{rel}","templated":true}]}}