{"id":3107,"date":"2022-08-23T09:58:38","date_gmt":"2022-08-23T01:58:38","guid":{"rendered":"https:\/\/www.quartzite-stone.com\/?post_type=product&#038;p=3107"},"modified":"2023-04-11T11:12:14","modified_gmt":"2023-04-11T03:12:14","slug":"granito-negro","status":"publish","type":"product","link":"https:\/\/www.quartzite-stone.com\/pt\/products\/negresco-granite\/","title":{"rendered":"Granito Negresco"},"content":{"rendered":"<p>O Granito Negresco \u00e9 uma pedra natural de cor cl\u00e1ssica. \u00c9 profundamente favorito por designer e arquiteto. Por enquanto, esta pedra pode ser processada em lajes jumbo e cortada em tamanhos com acabamento polido, afiado e couro.&nbsp;<\/p>\n<p>Negresco \u00e9 um granito impressionante com veias brancas esfuma\u00e7adas tecidas em um fundo preto profundo e uma ador\u00e1vel sensa\u00e7\u00e3o de camur\u00e7a. \u00c9 o granito ideal para qualquer backsplash, tampo de banheiro, \u00e1rea de estar ao ar livre, lareira ou bancada de cozinha. O granito Negresco ficar\u00e1 deslumbrante onde quer que voc\u00ea o instale.<\/p>\n<p>O granito Negresco \u00e9 uma excelente op\u00e7\u00e3o se necessita de uma pedra natural de tonalidade mais profunda para terminar a sua remodela\u00e7\u00e3o. Al\u00e9m de impressionante, este granito \u00e9 tamb\u00e9m um dos materiais de constru\u00e7\u00e3o mais duros que voc\u00ea pode usar em sua casa. Apenas dois dos muitos benef\u00edcios que tornam o granito popular entre as resid\u00eancias s\u00e3o sua beleza e durabilidade. Uma das melhores sele\u00e7\u00f5es de pedras naturais dispon\u00edveis \u00e9 o granito negresco. Uma das melhores escolhas que voc\u00ea j\u00e1 fez para sua casa pode ser instal\u00e1-lo.<\/p>\n<h3 style=\"font-size: 19px\">Qual ser\u00e1 melhor para grantie? Afiado ou polido?<\/h3>\n<p>Devido \u00e0 sua apar\u00eancia fosca, o granito polido \u00e9 mais resistente a arranh\u00f5es. Embora o granito polido tamb\u00e9m possa ser arranhado, ele o faz com menos frequ\u00eancia do que o granito polido, porque o arranh\u00e3o n\u00e3o ser\u00e1 t\u00e3o \u00f3bvio quando a luz for refletida nele.<\/p>\n<h3 style=\"font-size: 19px\">Qual espessura \u00e9 ideal para bancadas de granito?<\/h3>\n<p>Para as bancadas de granito, a maioria dos fabricantes de bancadas, designers e arquitetos recomenda uma espessura de tr\u00eas cent\u00edmetros. Ele fornece a mais ampla gama de possibilidades de cores, flexibilidade de tamanho e durabilidade. Os arm\u00e1rios n\u00e3o precisam de suporte de compensado, pois o material de 3 cm pode ser colocado diretamente sobre eles.<\/p>\n<h3 style=\"font-size: 19px\">Granito precisa ser colocado sobre compensado?<\/h3>\n<p>Se o granito tiver uma espessura de 3 cm (aproximadamente 1 1\/4 polegadas), voc\u00ea n\u00e3o precisar\u00e1 de uma base de compensado ao instalar bancadas de granito. No entanto, sem d\u00favida, voc\u00ea precisar\u00e1 utilizar madeira compensada como suporte para granito com 2 mil\u00edmetros (ou cerca de 3\/4 polegadas) de espessura.<\/p>\n<h3 style=\"font-size: 19px\">A bancada de granito da cozinha funciona em 2cm de espessura?<\/h3>\n<p>Embora uma bancada de 2 cm de espessura seja uma op\u00e7\u00e3o, a parte superior exigir\u00e1 suporte adicional para ajudar a evitar fraturas ou rachaduras. Como h\u00e1 menos trabalho e material necess\u00e1rios, as bancadas de 2 cm de espessura podem ser uma escolha prefer\u00edvel se o dinheiro for um fator.<\/p>\n<h3 style=\"font-size: 19px\">O granito precisa colar nos arm\u00e1rios?<\/h3>\n<p>O tipo de cola mais popular para a instala\u00e7\u00e3o de bancadas de granito \u00e9 a cola ep\u00f3xi. \u00c9 resistente o suficiente para manter duas lajes de pedra juntas e prender granito em arm\u00e1rios. Ep\u00f3xi \u00e9 o que voc\u00ea precisa porque tem uma resist\u00eancia igual \u00e0 da pr\u00f3pria pedra.<\/p>\n<h3 style=\"font-size: 19px\">Como voc\u00ea pode determinar a qualidade do granito?<\/h3>\n<p>Aqui est\u00e3o alguns dos melhores m\u00e9todos para avaliar a qualidade do granito:<\/p>\n<p>As lajes de granito devem ser quadradas, retangulares ou personalizadas de acordo com as necessidades do cliente.<\/p>\n<p>Deve ter uma espessura consistente, textura cristalina homog\u00eanea e cor.<\/p>\n<p>Deve ser s\u00f3lido, denso e firme.<\/p>\n<p>Quando atingido, deve produzir um som de toque alto.<\/p>\n<h3 style=\"font-size: 19px\">Especifica\u00e7\u00f5es do granito negresco<\/h3>\n<p>As especifica\u00e7\u00f5es do granito podem variar dependendo da fonte e do fornecedor, mas geralmente incluem:<\/p>\n<ol>\n<li>Composi\u00e7\u00e3o: O granito Negresco \u00e9 um tipo de rocha \u00edgnea composta por minerais de quartzo, feldspato e mica.<\/li>\n<li>Apar\u00eancia: A pedra tem uma cor base preta ou cinza escura com veios brancos ou dourados passando por ela.<\/li>\n<li>Acabamento: Pode ser acabado de v\u00e1rias maneiras, incluindo polido, amaciado ou couro, para obter diferentes texturas e apar\u00eancias.<\/li>\n<li>Densidade: A densidade do granito varia de 2,6 a 2,8 g\/cm\u00b3, tornando-o um material dur\u00e1vel e resistente.<\/li>\n<li>Uso: O granito Negresco \u00e9 frequentemente usado para aplica\u00e7\u00f5es de design de interiores e exteriores, como pisos, bancadas, revestimento de paredes e paisagismo.<\/li>\n<\/ol>\n<p>Vale a pena notar que essas especifica\u00e7\u00f5es podem n\u00e3o se aplicar universalmente e podem mudar dependendo da pedreira, regi\u00e3o e fornecedor espec\u00edficos de granito Negresco.<\/p>\n<h3 style=\"font-size: 19px\">Vantagens do granito negresco<\/h3>\n<ol>\n<li>Durabilidade: O granito Negresco \u00e9 uma pedra natural dur\u00e1vel que pode suportar tr\u00e1fego intenso de pedestres, temperaturas extremas e outros desgastes.<\/li>\n<li>Est\u00e9tica: Possui um visual \u00fanico e atraente devido a sua cor de base escura com varia\u00e7\u00f5es de padr\u00e3o de veios brancos e dourados.<\/li>\n<li>Versatilidade: o granito Negresco pode ser usado para uma ampla gama de aplica\u00e7\u00f5es internas e externas, como bancadas, pisos, paredes e paisagismo.<\/li>\n<li>Manuten\u00e7\u00e3o: Requer manuten\u00e7\u00e3o m\u00ednima e \u00e9 f\u00e1cil de limpar com \u00e1gua e sab\u00e3o neutro.<\/li>\n<li>Valor de revenda: a instala\u00e7\u00e3o de granito pode agregar valor a uma propriedade e aumentar o valor de revenda.<\/li>\n<\/ol>\n<p>No geral, o granito Negresco \u00e9 um material de alta qualidade que oferece benef\u00edcios est\u00e9ticos e funcionais, tornando-o uma escolha popular para v\u00e1rios projetos de design.<\/p>\n<p><img fetchpriority=\"high\" decoding=\"async\" class=\"size-medium wp-image-3183 aligncenter\" title=\"WechatIMG1660\" src=\"https:\/\/data.adwebcloud.com\/public\/material\/220426a7q47o\/product\/imageFile_1664271822094.jpg\" alt=\"WechatIMG1660\" width=\"300\" height=\"240\" \/><\/p>\n<p><img decoding=\"async\" class=\"size-medium wp-image-3182 aligncenter\" title=\"WechatIMG1659\" src=\"https:\/\/data.adwebcloud.com\/public\/material\/220426a7q47o\/product\/imageFile_1664271822842.jpg\" alt=\"WechatIMG1659\" width=\"300\" height=\"240\" \/><\/p>\n<p><img decoding=\"async\" class=\"size-medium wp-image-3181 aligncenter\" title=\"WechatIMG1658\" src=\"https:\/\/data.adwebcloud.com\/public\/material\/220426a7q47o\/product\/imageFile_1664271823595.jpg\" alt=\"WechatIMG1658\" width=\"300\" height=\"240\" \/><\/p>\n<p><img loading=\"lazy\" decoding=\"async\" class=\"size-medium wp-image-3179 aligncenter\" title=\"WechatIMG1656\" src=\"https:\/\/data.adwebcloud.com\/public\/material\/220426a7q47o\/product\/imageFile_1664271824328.jpg\" alt=\"WechatIMG1656\" width=\"300\" height=\"240\" \/><\/p>\n<p><img loading=\"lazy\" decoding=\"async\" class=\"size-medium wp-image-3180 aligncenter\" title=\"WechatIMG1657\" src=\"https:\/\/data.adwebcloud.com\/public\/material\/220426a7q47o\/product\/imageFile_1664271825045.jpg\" alt=\"WechatIMG1657\" width=\"300\" height=\"240\" \/><\/p>\n<p><img loading=\"lazy\" decoding=\"async\" class=\"size-medium wp-image-3178 aligncenter\" title=\"WechatIMG1655\" src=\"https:\/\/data.adwebcloud.com\/public\/material\/220426a7q47o\/product\/imageFile_1664271825772.jpg\" alt=\"WechatIMG1655\" width=\"300\" height=\"240\" \/><\/p>","protected":false},"excerpt":{"rendered":"<p>O Granito Negresco \u00e9 uma pedra natural de cor cl\u00e1ssica. \u00c9 profundamente favorito por designer e arquiteto. Por enquanto, esta pedra pode ser processada em lajes jumbo e cortada em tamanhos com acabamento polido, afiado e couro. \u00c9 adequado para cozinhas, banheiros, pisos, paredes e lareiras.<\/p>","protected":false},"featured_media":5736,"comment_status":"closed","ping_status":"closed","template":"","meta":[],"product_brand":[],"product_cat":[205],"product_tag":[502,501,506,508,504,503,505,507,499,500],"class_list":{"0":"post-3107","1":"product","2":"type-product","3":"status-publish","4":"has-post-thumbnail","6":"product_cat-granite","7":"product_tag-honed-negresco-granite","8":"product_tag-negresco-granit","9":"product_tag-negresco-granite-countertop","10":"product_tag-negresco-granite-kitchen","11":"product_tag-negresco-granite-price","12":"product_tag-negresco-granite-slab","13":"product_tag-negresco-granite-tiles","14":"product_tag-negresco-granite-wall","15":"product_tag-negresco-honed-granite","16":"product_tag-negresco-leathered-granite","18":"first","19":"instock","20":"shipping-taxable","21":"product-type-simple"},"_links":{"self":[{"href":"https:\/\/www.quartzite-stone.com\/pt\/wp-json\/wp\/v2\/product\/3107","targetHints":{"allow":["GET"]}}],"collection":[{"href":"https:\/\/www.quartzite-stone.com\/pt\/wp-json\/wp\/v2\/product"}],"about":[{"href":"https:\/\/www.quartzite-stone.com\/pt\/wp-json\/wp\/v2\/types\/product"}],"replies":[{"embeddable":true,"href":"https:\/\/www.quartzite-stone.com\/pt\/wp-json\/wp\/v2\/comments?post=3107"}],"wp:featuredmedia":[{"embeddable":true,"href":"https:\/\/www.quartzite-stone.com\/pt\/wp-json\/wp\/v2\/media\/5736"}],"wp:attachment":[{"href":"https:\/\/www.quartzite-stone.com\/pt\/wp-json\/wp\/v2\/media?parent=3107"}],"wp:term":[{"taxonomy":"product_brand","embeddable":true,"href":"https:\/\/www.quartzite-stone.com\/pt\/wp-json\/wp\/v2\/product_brand?post=3107"},{"taxonomy":"product_cat","embeddable":true,"href":"https:\/\/www.quartzite-stone.com\/pt\/wp-json\/wp\/v2\/product_cat?post=3107"},{"taxonomy":"product_tag","embeddable":true,"href":"https:\/\/www.quartzite-stone.com\/pt\/wp-json\/wp\/v2\/product_tag?post=3107"}],"curies":[{"name":"wp","href":"https:\/\/api.w.org\/{rel}","templated":true}]}}