{"id":2945,"date":"2022-07-05T00:05:28","date_gmt":"2022-07-04T16:05:28","guid":{"rendered":"https:\/\/www.quartzite-stone.com\/product\/pink-crytsal-quartz\/"},"modified":"2023-07-11T11:46:23","modified_gmt":"2023-07-11T03:46:23","slug":"quartzito-de-cristal-rosa","status":"publish","type":"product","link":"https:\/\/www.quartzite-stone.com\/pt\/products\/pink-crystal-quartzite\/","title":{"rendered":"Cristal de Quartzo Rosa"},"content":{"rendered":"<p style=\"text-align: left\">INFORMA\u00c7\u00d5ES ADICIONAIS<\/p>\n<table class=\"aligncenter\">\n<tbody>\n<tr>\n<td width=\"124\"><strong>MATERIAL<\/strong><\/td>\n<td width=\"444\">\u00c1gata<\/td>\n<\/tr>\n<tr>\n<td width=\"124\"><strong>COR<\/strong><\/td>\n<td width=\"444\">Rosa<\/td>\n<\/tr>\n<tr>\n<td width=\"124\"><strong>PA\u00cdS DE ORIGEM<\/strong><\/td>\n<td width=\"444\">Brasil<\/td>\n<\/tr>\n<tr>\n<td width=\"124\"><strong>ACABAMENTO DE SUPERF\u00cdCIE<\/strong><\/td>\n<td width=\"444\">Polido, afiado, couro<\/td>\n<\/tr>\n<tr>\n<td width=\"124\"><strong>USAR<\/strong><\/td>\n<td width=\"444\">Cozinhas, Banheiros, Pisos, Paredes, Azulejos, Lajes<\/td>\n<\/tr>\n<tr>\n<td width=\"124\"><strong>DISPONIBILIDADE<\/strong><\/td>\n<td width=\"444\">Verificar a disponibilidade de stock junto da HRST STONE para efetuar a visita.<\/p>\n<p>Amostras de pedra tamb\u00e9m n\u00e3o est\u00e3o dispon\u00edveis para cada sele\u00e7\u00e3o de pedra, por favor, pergunte a disponibilidade.<\/p>\n<\/td>\n<\/tr>\n<\/tbody>\n<\/table>\n<p style=\"text-align: left\">O quartzo cristalino rosa \u00e9 o cristal do amor universal, tanto externa quanto internamente. O cristal rosa decora o interior, que pode relaxar a tens\u00e3o, aliviar a irritabilidade, ajudar a aprofundar o cora\u00e7\u00e3o, descobrir a si mesmo e melhorar a compreens\u00e3o. O cristal rosa tem um brilho rosa suave e atraente. Uma laje \u00e9 uma maneira \u00fanica de exibir um cristal. Voc\u00ea pode colocar as coisas em cima da laje ou pode exibi-las em um suporte.<\/p>\n<p>&nbsp;<\/p>\n<p>O quartzo cristalino rosa \u00e9 um cristal de quartzo muito popular. \u00c9 barato, mas \u00e9 a pedra mais b\u00e1sica do chakra do cora\u00e7\u00e3o. Sua ess\u00eancia energ\u00e9tica \u00e9 a autorrealiza\u00e7\u00e3o e a paz interior, e fornece ao usu\u00e1rio e ao usu\u00e1rio a capacidade de amar e ser amado.<\/p>\n<p>&nbsp;<\/p>\n<p>A fun\u00e7\u00e3o mais conhecida do quartzo cristalino rosa \u00e9 atrair flores de pessegueiro e ajudar as pessoas. A pessoa que veste e usa quartzo cristalino rosa fortalece a energia do chakra do cora\u00e7\u00e3o enquanto herda a poderosa energia de cura que manifesta as frequ\u00eancias suaves e doces do rosa. Ao ajustar o campo de energia de algu\u00e9m com frequ\u00eancias suaves e manifestar a energia do amor, \u00e9 mais f\u00e1cil tratar os outros com gentileza e ser amado pelos outros.<\/p>\n<p>&nbsp;<\/p>\n<h2>Recomenda\u00e7\u00f5es para escolher quartzo de cristal rosa&nbsp;<\/h2>\n<h3>Que tipo de cristal em p\u00f3 \u00e9 melhor?<\/h3>\n<p>Basta escolher aquele para o qual voc\u00ea tem um bom olho ou que parece feliz. Se voc\u00ea precisa usar quartzo cristal rosa para se curar ou para trazer mais sentimentos e experi\u00eancias de amor, \u00e9 recomend\u00e1vel escolher alguns cristais rosa brutos e n\u00e3o polidos. O cristal de min\u00e9rio bruto ret\u00e9m parte da energia original do cristal e ser\u00e1 mais f\u00e1cil de vincular e co-frequenciar.<\/p>\n<p>&nbsp;<\/p>\n<h3>Como reproduzir o efeito do quartzo cristal rosa?<\/h3>\n<p>Voc\u00ea pode optar por usar cristais ou usar cristais brutos. Segurando o cristal na palma da m\u00e3o, imagine uma porta acima de sua cabe\u00e7a, abrindo-se lentamente, recebendo energia c\u00f3smica e enviando sua energia pessoal para o universo. Visualize uma luz rosa sendo emitida do topo de sua cabe\u00e7a para a parte mais profunda do universo, ent\u00e3o visualize uma luz rosa do universo voltando para voc\u00ea, trazendo de volta seu cora\u00e7\u00e3o com o maior, mais rico e misericordioso amor da roda do universo. Sinta a energia movendo-se atrav\u00e9s de seu chacra card\u00edaco preenchendo seu corpo. Aumente sua capacidade de amar e ser amado.<\/p>\n<p>Quando o quartzo cristal rosa \u00e9 usado como pedra de cura, sob a resson\u00e2ncia da energia, ser\u00e1 mais f\u00e1cil estimular a capacidade de cura profunda do cristal e desenvolver mais energia.<\/p>\n<p>&nbsp;<\/p>\n<h3>Adequado para quem usa quartzo cristal rosa?<\/h3>\n<p>Se voc\u00ea sempre sente que n\u00e3o \u00e9 amado ou tem a capacidade de amar os outros, pode usar quartzo rosa.<\/p>\n<p>Os cristais tamb\u00e9m podem ser usados se voc\u00ea quiser encontrar seu outro significativo o mais r\u00e1pido poss\u00edvel.<\/p>\n<p>Se voc\u00ea deseja ter mais popularidade, ainda pode usar cristais.<\/p>\n<p>&nbsp;<\/p>\n<h3>Quando o quartzo cristalino rosa encontra a aura<\/h3>\n<p>Reiki \u00e9 um tipo de energia positiva no universo, que pode ser aben\u00e7oada em qualquer material e depois usada no corpo para mudar o pr\u00f3prio campo de energia. A melhor forma \u00e9 benzer no cristal, pois o pr\u00f3prio cristal tem a fun\u00e7\u00e3o de armazenar energia, al\u00e9m de possuir um campo magn\u00e9tico pr\u00f3prio. Quando a aura est\u00e1 no cristal rosa, ela pode desempenhar o papel de quartzo cristal rosa de forma mais r\u00e1pida e eficaz.<\/p>\n<p style=\"text-align: center\"><img decoding=\"async\" src=\"https:\/\/data.adwebcloud.com\/public\/material\/220426a7q47o\/product\/imageFile_1664271903774.jpg\" alt=\"\" \/><\/p>\n<p style=\"text-align: center\"><img decoding=\"async\" src=\"https:\/\/data.adwebcloud.com\/public\/material\/220426a7q47o\/product\/imageFile_1664271904585.jpg\" alt=\"\" \/><\/p>\n<p><img decoding=\"async\" class=\"aligncenter\" src=\"https:\/\/data.adwebcloud.com\/public\/material\/220426a7q47o\/product\/imageFile_1664271905396.jpg\" alt=\"\" style=\"margin-left: auto;margin-right: auto\" \/><img decoding=\"async\" class=\"aligncenter\" src=\"https:\/\/data.adwebcloud.com\/public\/material\/220426a7q47o\/product\/imageFile_1664271906236.jpg\" alt=\"\" style=\"margin-left: auto;margin-right: auto\" \/><\/p>\n<p>Pedras brutas minerais semipreciosas geralmente existem em pequenos peda\u00e7os, enquanto as lajes inteiras de pedras semipreciosas s\u00e3o amostras selecionadas \u00e0 m\u00e3o por artes\u00e3os e unidas pe\u00e7a por pe\u00e7a. Cada pe\u00e7a de lajes de pedra semipreciosa natural pura \u00e9 montada \u00e0 m\u00e3o por artes\u00e3os experientes com composi\u00e7\u00e3o tipogr\u00e1fica fina, o que pode mostrar a sensa\u00e7\u00e3o luxuosa de lajes de pedra semipreciosa.<\/p>\n<p>A \u00e1gata rosa tem um efeito de retroilumina\u00e7\u00e3o, \u00e9 uma pedra de luxo e \u00e9 muito utilizada em bancadas, tampos de lavat\u00f3rio, paredes, pavimentos, etc<\/p>\n<\/p><\/p>","protected":false},"excerpt":{"rendered":"<p>Pink Crytsal Quartz \u00e9 o cristal do amor universal, tanto externa quanto internamente. O cristal rosa decora o interior, que pode relaxar a tens\u00e3o, aliviar a irritabilidade, ajudar a aprofundar o cora\u00e7\u00e3o, descobrir a si mesmo e melhorar a compreens\u00e3o. O cristal rosa tem um brilho rosa suave e atraente.<\/p>\n<\/p><\/p>","protected":false},"featured_media":7952,"comment_status":"closed","ping_status":"closed","template":"","meta":[],"product_brand":[],"product_cat":[208],"product_tag":[840,835,842,837,843,836,841,839,838,834],"class_list":{"0":"post-2945","1":"product","2":"type-product","3":"status-publish","4":"has-post-thumbnail","6":"product_cat-agate","7":"product_tag-light-pink-crystal","8":"product_tag-mangano-calcite","9":"product_tag-natural-rose-quartz","10":"product_tag-pink-agate","11":"product_tag-pink-agate-crystal","12":"product_tag-pink-calcite","13":"product_tag-pink-crystal","14":"product_tag-pink-crystal-stone","15":"product_tag-pink-rose-quartz","16":"product_tag-rose-quartz-crystal","18":"first","19":"instock","20":"product-type-simple"},"_links":{"self":[{"href":"https:\/\/www.quartzite-stone.com\/pt\/wp-json\/wp\/v2\/product\/2945","targetHints":{"allow":["GET"]}}],"collection":[{"href":"https:\/\/www.quartzite-stone.com\/pt\/wp-json\/wp\/v2\/product"}],"about":[{"href":"https:\/\/www.quartzite-stone.com\/pt\/wp-json\/wp\/v2\/types\/product"}],"replies":[{"embeddable":true,"href":"https:\/\/www.quartzite-stone.com\/pt\/wp-json\/wp\/v2\/comments?post=2945"}],"wp:featuredmedia":[{"embeddable":true,"href":"https:\/\/www.quartzite-stone.com\/pt\/wp-json\/wp\/v2\/media\/7952"}],"wp:attachment":[{"href":"https:\/\/www.quartzite-stone.com\/pt\/wp-json\/wp\/v2\/media?parent=2945"}],"wp:term":[{"taxonomy":"product_brand","embeddable":true,"href":"https:\/\/www.quartzite-stone.com\/pt\/wp-json\/wp\/v2\/product_brand?post=2945"},{"taxonomy":"product_cat","embeddable":true,"href":"https:\/\/www.quartzite-stone.com\/pt\/wp-json\/wp\/v2\/product_cat?post=2945"},{"taxonomy":"product_tag","embeddable":true,"href":"https:\/\/www.quartzite-stone.com\/pt\/wp-json\/wp\/v2\/product_tag?post=2945"}],"curies":[{"name":"wp","href":"https:\/\/api.w.org\/{rel}","templated":true}]}}