{"id":2937,"date":"2022-07-05T00:05:28","date_gmt":"2022-07-04T16:05:28","guid":{"rendered":"https:\/\/www.quartzite-stone.com\/product\/red-agate\/"},"modified":"2023-07-11T11:46:26","modified_gmt":"2023-07-11T03:46:26","slug":"agata-vermelha","status":"publish","type":"product","link":"https:\/\/www.quartzite-stone.com\/pt\/products\/red-agate\/","title":{"rendered":"\u00e1gata vermelha"},"content":{"rendered":"<p>INFORMA\u00c7\u00d5ES ADICIONAIS<\/p>\n<table>\n<tbody>\n<tr>\n<td width=\"124\"><strong>MATERIAL<\/strong><\/td>\n<td width=\"444\">\u00c1gata<\/td>\n<\/tr>\n<tr>\n<td width=\"124\"><strong>COR<\/strong><\/td>\n<td width=\"444\">Vermelho<\/td>\n<\/tr>\n<tr>\n<td width=\"124\"><strong>PA\u00cdS DE ORIGEM<\/strong><\/td>\n<td width=\"444\">Brasil<\/td>\n<\/tr>\n<tr>\n<td width=\"124\"><strong>ACABAMENTO DE SUPERF\u00cdCIE<\/strong><\/td>\n<td width=\"444\">Polido, afiado, couro<\/td>\n<\/tr>\n<tr>\n<td width=\"124\"><strong>USAR<\/strong><\/td>\n<td width=\"444\">Cozinhas, Banheiros, Pisos, Paredes, Azulejos, Lajes<\/td>\n<\/tr>\n<tr>\n<td width=\"124\"><strong>DISPONIBILIDADE<\/strong><\/td>\n<td width=\"444\">Verificar a disponibilidade de stock junto da HRST STONE para efetuar a visita.<\/p>\n<p>Amostras de pedra tamb\u00e9m n\u00e3o est\u00e3o dispon\u00edveis para cada sele\u00e7\u00e3o de pedra, por favor, pergunte a disponibilidade.<\/td>\n<\/tr>\n<\/tbody>\n<\/table>\n<p>&nbsp;<\/p>\n<h2>Efeito fisiol\u00f3gico<\/h2>\n<p>A \u00e1gata vermelha pode melhorar o sistema end\u00f3crino, refor\u00e7ar a circula\u00e7\u00e3o sangu\u00ednea, melhorar a tez, eliminar obst\u00e1culos sexuais e evitar a impot\u00eancia e a infertilidade. A \u00e1gata vermelha laranja pode ser eficaz no reto e no trato gastrointestinal e pode ativar os \u00f3rg\u00e3os internos. Previne a obstipa\u00e7\u00e3o, ajuda a expelir toxinas, alivia doen\u00e7as do f\u00edgado, reumatismo, nevralgia, varizes, etc. A \u00e1gata vermelha tem um super campo energ\u00e9tico.<\/p>\n<p>Refor\u00e7a o seu esp\u00edrito pessoal e o seu campo magn\u00e9tico, atrai for\u00e7as positivas e boa sorte, e aumenta a sua fortuna! A \u00e1gata vermelha pode melhorar a fun\u00e7\u00e3o imunit\u00e1ria, promover a circula\u00e7\u00e3o sangu\u00ednea, fortalecer o metabolismo e tamb\u00e9m pode tratar ins\u00f3nias.<\/p>\n<p>&nbsp;<\/p>\n<h2>Efeito psicol\u00f3gico<\/h2>\n<p>Para as pessoas que est\u00e3o passivas na situa\u00e7\u00e3o atual e n\u00e3o t\u00eam objectivos e motiva\u00e7\u00e3o, pode estimular a sua curiosidade e a\u00e7\u00e3o, para que possam reconhecer os seus objectivos e apressar-se a persegui-los. Fortalecer a criatividade e a criatividade, e inspirar-se no processo de cria\u00e7\u00e3o. Ao mesmo tempo, a \u00e1gata vermelha pode eliminar o stress e a tens\u00e3o mental, resolver o fosso entre gera\u00e7\u00f5es e promover a honestidade e a honestidade entre as pessoas. \u00c9 uma joia para manter a fam\u00edlia, a empresa e os membros do grupo em harmonia.<\/p>\n<p>&nbsp;<\/p>\n<p>O \u00f3nix pode equilibrar a energia positiva e negativa, eliminar a tens\u00e3o mental e o stress. Mant\u00e9m a harmonia do corpo e da mente, aumenta o amor e a lealdade, e tamb\u00e9m tem o efeito de inspirar coragem e tornar as pessoas confiantes e resolutas. Para pessoas emotivas, o poderoso poder do \u00f3nix \u00e9 necess\u00e1rio para estabilizar os problemas da mente.<\/p>\n<p>&nbsp;<\/p>\n<p>A cor da \u00e1gata vermelha \u00e9 delicada, fresca e deslumbrante! Quando se v\u00ea atrav\u00e9s da luz, as linhas naturais s\u00e3o evidentes. \u00c9 muito gira. Depois de a usar, a pele sentir-se-\u00e1 mais clara e delicada. Desde a antiguidade, os estudiosos consideram a \u00e1gata como o \"terceiro olho\" das pedras preciosas, simbolizando o amor amig\u00e1vel e a esperan\u00e7a. Efeitos fisiol\u00f3gicos: a \u00e1gata vermelha pode melhorar o sistema end\u00f3crino, refor\u00e7ar a circula\u00e7\u00e3o sangu\u00ednea e melhorar a tez.<\/p>\n<p>&nbsp;<\/p>\n<p>A \u00c1gata Vermelha tem o efeito de estimular a curiosidade e a a\u00e7\u00e3o para as pessoas que t\u00eam um pensamento negativo, n\u00e3o t\u00eam objectivos e motiva\u00e7\u00e3o. Refor\u00e7a a criatividade e a criatividade, e inspira-se no processo de cria\u00e7\u00e3o. A cor da \u00e1gata vermelha \u00e9 delicada e brilhante, e quando \u00e9 vista atrav\u00e9s da luz, haver\u00e1 linhas naturais \u00f3bvias. Desde os tempos antigos, os estudiosos consideram a \u00e1gata como o \"terceiro olho\" nas pedras preciosas, simbolizando o amor amig\u00e1vel e a esperan\u00e7a.<\/p>\n<p><img decoding=\"async\" class=\"aligncenter\" src=\"https:\/\/data.adwebcloud.com\/public\/material\/220426a7q47o\/product\/imageFile_1664271904364.jpg\" alt=\"\" \/><\/p>\n<p><img decoding=\"async\" class=\"aligncenter\" src=\"https:\/\/data.adwebcloud.com\/public\/material\/220426a7q47o\/product\/imageFile_1664271905191.jpg\" alt=\"\" \/><\/p>\n<p><img decoding=\"async\" class=\"aligncenter\" src=\"https:\/\/data.adwebcloud.com\/public\/material\/220426a7q47o\/product\/imageFile_1664271906144.jpg\" alt=\"\" \/><\/p>","protected":false},"excerpt":{"rendered":"<p>Red Agate tem o efeito de estimular a curiosidade e a a\u00e7\u00e3o para as pessoas que s\u00e3o negativas no pensamento, n\u00e3o t\u00eam objetivos e motiva\u00e7\u00e3o. Fortale\u00e7a a criatividade e a criatividade, e inspire-se no processo de cria\u00e7\u00e3o. A cor da \u00e1gata vermelha \u00e9 delicada e brilhante, e quando vista atrav\u00e9s da luz...<\/p>","protected":false},"featured_media":7945,"comment_status":"closed","ping_status":"closed","template":"","meta":[],"product_brand":[],"product_cat":[208],"product_tag":[893,891,892,894,896,889,890,895],"class_list":{"0":"post-2937","1":"product","2":"type-product","3":"status-publish","4":"has-post-thumbnail","6":"product_cat-agate","7":"product_tag-red-agate-countertop","8":"product_tag-red-agate-floors","9":"product_tag-red-agate-kitchens","10":"product_tag-red-agate-price","11":"product_tag-red-agate-raw","12":"product_tag-red-agate-slab","13":"product_tag-red-agate-table","14":"product_tag-red-agate-tiles","16":"first","17":"instock","18":"product-type-simple"},"_links":{"self":[{"href":"https:\/\/www.quartzite-stone.com\/pt\/wp-json\/wp\/v2\/product\/2937","targetHints":{"allow":["GET"]}}],"collection":[{"href":"https:\/\/www.quartzite-stone.com\/pt\/wp-json\/wp\/v2\/product"}],"about":[{"href":"https:\/\/www.quartzite-stone.com\/pt\/wp-json\/wp\/v2\/types\/product"}],"replies":[{"embeddable":true,"href":"https:\/\/www.quartzite-stone.com\/pt\/wp-json\/wp\/v2\/comments?post=2937"}],"wp:featuredmedia":[{"embeddable":true,"href":"https:\/\/www.quartzite-stone.com\/pt\/wp-json\/wp\/v2\/media\/7945"}],"wp:attachment":[{"href":"https:\/\/www.quartzite-stone.com\/pt\/wp-json\/wp\/v2\/media?parent=2937"}],"wp:term":[{"taxonomy":"product_brand","embeddable":true,"href":"https:\/\/www.quartzite-stone.com\/pt\/wp-json\/wp\/v2\/product_brand?post=2937"},{"taxonomy":"product_cat","embeddable":true,"href":"https:\/\/www.quartzite-stone.com\/pt\/wp-json\/wp\/v2\/product_cat?post=2937"},{"taxonomy":"product_tag","embeddable":true,"href":"https:\/\/www.quartzite-stone.com\/pt\/wp-json\/wp\/v2\/product_tag?post=2937"}],"curies":[{"name":"wp","href":"https:\/\/api.w.org\/{rel}","templated":true}]}}