{"id":2929,"date":"2022-07-05T00:04:54","date_gmt":"2022-07-04T16:04:54","guid":{"rendered":"https:\/\/www.quartzite-stone.com\/product\/semi-precious-stone-petrified-wood-slabs\/"},"modified":"2023-07-11T11:46:39","modified_gmt":"2023-07-11T03:46:39","slug":"placas-de-madeira-petrificada-de-pedra-semi-preciosa","status":"publish","type":"product","link":"https:\/\/www.quartzite-stone.com\/pt\/products\/semi-precious-stone-petrified-wood-slabs\/","title":{"rendered":"Lajes de madeira petrificada"},"content":{"rendered":"<p>Muitos edif\u00edcios topo de gama<\/p>\n<p>Em decora\u00e7\u00e3o<\/p>\n<p>Ser\u00e3o utilizadas placas de madeira petrificada de pedra semi-preciosa \u00fanica e preciosa<\/p>\n<p>As pedras semipreciosas desempenham um papel fundamental na decora\u00e7\u00e3o de luxo<\/p>\n<p>posi\u00e7\u00e3o indispens\u00e1vel<\/p>\n<p>&nbsp;<\/p>\n<p>O material das placas de madeira petrificada de pedra semi-preciosa \u00e9 raro e \u00fanico, a textura tamb\u00e9m \u00e9 natural e \u00fanica, a cor \u00e9 rica e cheia, e \u00e9 profundamente amada pelas pessoas. A sua aplica\u00e7\u00e3o na arquitetura pode fazer com que todo o espa\u00e7o pare\u00e7a sofisticado e luxuoso e, ao mesmo tempo, pode mostrar o gosto do propriet\u00e1rio.<\/p>\n<p>&nbsp;<\/p>\n<p>As lajes de madeira petrificada de pedra semi-preciosa t\u00eam um aspeto muito luxuoso por si s\u00f3 e, com v\u00e1rios designs inovadores, como a adi\u00e7\u00e3o de ilumina\u00e7\u00e3o, a jun\u00e7\u00e3o de grandes pain\u00e9is, o parquet de jato de \u00e1gua e outros designs, acrescentam outra camada de beleza ao seu luxo.<\/p>\n<p>&nbsp;<\/p>\n<p>O processo de colagem de pedras semipreciosas \u00e9 muito complicado, uma pe\u00e7a de lajes de madeira petrificada de pedra natural pura e semipreciosa<\/p>\n<p>Todos eles s\u00e3o montados \u00e0 m\u00e3o por artes\u00e3os experientes com uma tipografia fina, que pode at\u00e9 mostrar a sensa\u00e7\u00e3o de luxo das pedras semi-preciosas.<\/p>\n<p>INFORMA\u00c7\u00d5ES ADICIONAIS<\/p>\n<table>\n<tbody>\n<tr>\n<td width=\"124\"><strong>MATERIAL<\/strong><\/td>\n<td width=\"444\">\u00c1gata<\/td>\n<\/tr>\n<tr>\n<td width=\"124\"><strong>COR<\/strong><\/td>\n<td width=\"444\">Creme\/Bege<\/td>\n<\/tr>\n<tr>\n<td width=\"124\"><strong>PA\u00cdS DE ORIGEM<\/strong><\/td>\n<td width=\"444\">Brasil<\/td>\n<\/tr>\n<tr>\n<td width=\"124\"><strong>ACABAMENTO DE SUPERF\u00cdCIE<\/strong><\/td>\n<td width=\"444\">Polido, afiado, couro<\/td>\n<\/tr>\n<tr>\n<td width=\"124\"><strong>USAR<\/strong><\/td>\n<td width=\"444\">Cozinhas, Banheiros, Pisos, Paredes, Azulejos, Lajes<\/td>\n<\/tr>\n<tr>\n<td width=\"124\"><strong>DISPONIBILIDADE<\/strong><\/td>\n<td width=\"444\">Verificar a disponibilidade de stock junto da HRST STONE para efetuar a visita.<\/p>\n<p>Amostras de pedra tamb\u00e9m n\u00e3o est\u00e3o dispon\u00edveis para cada sele\u00e7\u00e3o de pedra, por favor, pergunte a disponibilidade.<\/td>\n<\/tr>\n<\/tbody>\n<\/table>\n<p>A madeira petrificada \u00e9 designada como um tipo especial de f\u00f3ssil, que significa \"madeira transformada em pedra\". A madeira petrificada \u00e9 uma \u00e1rvore antiga, viva e que respira, que se fossilizou ao longo de milhares de anos. A madeira petrificada \u00e9 formada ao longo de muitos anos, sempre que uma \u00e1rvore morre, \u00e9 substitu\u00edda por minerais e forma-se di\u00f3xido de sil\u00edcio no lugar da madeira que se degrada at\u00e9 n\u00e3o restar madeira, apenas \u00e1gata, quartzo, jaspe e opala. Os diferentes tecidos s\u00e3o imortalizados a um n\u00edvel microsc\u00f3pico. T\u00e3o detalhado que at\u00e9 o tipo de \u00e1rvore pode ser determinado com um microsc\u00f3pio. Esta \u00e9 considerada uma das pedras semi-preciosas mais procuradas no mercado.<\/p>\n<p><img decoding=\"async\" class=\"aligncenter\" src=\"https:\/\/data.adwebcloud.com\/public\/material\/220426a7q47o\/product\/imageFile_1664271901738.jpg\" alt=\"\" \/><\/p>\n<p><img decoding=\"async\" class=\"aligncenter\" src=\"https:\/\/data.adwebcloud.com\/public\/material\/220426a7q47o\/product\/imageFile_1664271902577.jpg\" alt=\"\" \/><\/p>\n<p><img decoding=\"async\" class=\"aligncenter\" src=\"https:\/\/data.adwebcloud.com\/public\/material\/220426a7q47o\/product\/imageFile_1664271903393.jpg\" alt=\"\" \/><\/p>","protected":false},"excerpt":{"rendered":"<p>T\u00e3o detalhado que at\u00e9 mesmo o tipo de \u00e1rvore pode ser determinado com um microsc\u00f3pio. Esta \u00e9 considerada uma das pedras semipreciosas mais procuradas no mercado.<\/p>","protected":false},"featured_media":7948,"comment_status":"closed","ping_status":"closed","template":"","meta":[],"product_brand":[],"product_cat":[208],"product_tag":[897,900,898,899,904,901,903,902],"class_list":{"0":"post-2929","1":"product","2":"type-product","3":"status-publish","4":"has-post-thumbnail","6":"product_cat-agate","7":"product_tag-petrified-wood","8":"product_tag-petrified-wood-agate","9":"product_tag-petrified-wood-countertop","10":"product_tag-petrified-wood-price","11":"product_tag-petrified-wood-semi-precious-stones","12":"product_tag-petrified-wood-slabs","13":"product_tag-petrified-wood-table","14":"product_tag-petrified-wood-tiles","16":"first","17":"instock","18":"product-type-simple"},"_links":{"self":[{"href":"https:\/\/www.quartzite-stone.com\/pt\/wp-json\/wp\/v2\/product\/2929","targetHints":{"allow":["GET"]}}],"collection":[{"href":"https:\/\/www.quartzite-stone.com\/pt\/wp-json\/wp\/v2\/product"}],"about":[{"href":"https:\/\/www.quartzite-stone.com\/pt\/wp-json\/wp\/v2\/types\/product"}],"replies":[{"embeddable":true,"href":"https:\/\/www.quartzite-stone.com\/pt\/wp-json\/wp\/v2\/comments?post=2929"}],"wp:featuredmedia":[{"embeddable":true,"href":"https:\/\/www.quartzite-stone.com\/pt\/wp-json\/wp\/v2\/media\/7948"}],"wp:attachment":[{"href":"https:\/\/www.quartzite-stone.com\/pt\/wp-json\/wp\/v2\/media?parent=2929"}],"wp:term":[{"taxonomy":"product_brand","embeddable":true,"href":"https:\/\/www.quartzite-stone.com\/pt\/wp-json\/wp\/v2\/product_brand?post=2929"},{"taxonomy":"product_cat","embeddable":true,"href":"https:\/\/www.quartzite-stone.com\/pt\/wp-json\/wp\/v2\/product_cat?post=2929"},{"taxonomy":"product_tag","embeddable":true,"href":"https:\/\/www.quartzite-stone.com\/pt\/wp-json\/wp\/v2\/product_tag?post=2929"}],"curies":[{"name":"wp","href":"https:\/\/api.w.org\/{rel}","templated":true}]}}