{"id":2921,"date":"2022-07-05T00:04:54","date_gmt":"2022-07-04T16:04:54","guid":{"rendered":"https:\/\/www.quartzite-stone.com\/product\/green-agate\/"},"modified":"2023-07-11T11:46:40","modified_gmt":"2023-07-11T03:46:40","slug":"bancada-em-agata-verde-com-retroiluminacao","status":"publish","type":"product","link":"https:\/\/www.quartzite-stone.com\/pt\/products\/green-agate-slab-backlit-countertop\/","title":{"rendered":"\u00e1gata verde"},"content":{"rendered":"<p>INFORMA\u00c7\u00d5ES ADICIONAIS<\/p>\n<table>\n<tbody>\n<tr>\n<td width=\"124\"><strong>MATERIAL<\/strong><\/td>\n<td width=\"444\">\u00e1gata<\/td>\n<\/tr>\n<tr>\n<td width=\"124\"><strong>COR<\/strong><\/td>\n<td width=\"444\">verde<\/td>\n<\/tr>\n<tr>\n<td width=\"124\"><strong>PA\u00cdS DE ORIGEM<\/strong><\/td>\n<td width=\"444\">Brasil<\/td>\n<\/tr>\n<tr>\n<td width=\"124\"><strong>ACABAMENTO DE SUPERF\u00cdCIE<\/strong><\/td>\n<td width=\"444\">Polido, afiado, couro<\/td>\n<\/tr>\n<tr>\n<td width=\"124\"><strong>USAR<\/strong><\/td>\n<td width=\"444\">Cozinhas, Banheiros, Pisos, Paredes, Azulejos, Lajes<\/td>\n<\/tr>\n<tr>\n<td width=\"124\"><strong>DISPONIBILIDADE<\/strong><\/td>\n<td width=\"444\">Verificar a disponibilidade de stock junto da HRST STONE para efetuar a visita.<\/p>\n<p>Amostras de pedra tamb\u00e9m n\u00e3o est\u00e3o dispon\u00edveis para cada sele\u00e7\u00e3o de pedra, por favor, pergunte a disponibilidade.<\/p>\n<\/td>\n<\/tr>\n<\/tbody>\n<\/table>\n<p>As lajes de pedra \u00e1gata semipreciosas s\u00e3o uma pedra de luxo para decora\u00e7\u00e3o de interiores, essas pedras, particularmente as variedades transl\u00facidas que podem ser iluminadas por tr\u00e1s, criam efeitos de cor \u00fanicos e adicionam toques originais a uma sala. Para melhorar os quartos e torn\u00e1-los \u00fanicos.<\/p>\n<p>Cada pedra semipreciosa \u00e9 cortada individualmente e montada \u00e0 m\u00e3o com uma resina ep\u00f3xi para criar uma laje impressionante. Essas gemas e cristais raros s\u00e3o altamente considerados desde os tempos antigos. Por causa de sua luz de fundo, que pode ser instalada como bancada, backsplash, aplica\u00e7\u00e3o de parede ou piso.<\/p>\n<p>As lajes de pedra de \u00e1gata verde s\u00e3o uma bela pedra preciosa de luxo para decora\u00e7\u00e3o de interiores. Pode ser iluminada por tr\u00e1s, criar efeitos de cores exclusivos e adicionar toques originais a uma sala.<\/p>\n<\/p>\n<p>As lajes de pedra de \u00e1gata verde s\u00e3o uma variedade relativamente preciosa na fam\u00edlia da \u00e1gata. A cor da \u00e1gata verde natural n\u00e3o \u00e9 verde puro, mas principalmente verde impuro, verde escuro e verde acastanhado. A \u00e1gata verde muito pura \u00e9 muito rara e \u00e9 principalmente tingida artificialmente. Ou um nome impr\u00f3prio para Chrysoprase. A cor da \u00e1gata verde \u00e9 como a jade\u00edta de alta qualidade, \u00e9 linda e generosa, tem efeito espiritual e efeito poderoso, muito popular entre as pessoas.<\/p>\n<p>&nbsp;<\/p>\n<p>A cor da \u00e1gata verde \u00e9 semelhante \u00e0 do jade. Muitos comerciantes sem escr\u00fapulos usam \u00e1gata verde artificial para fingir ser jade. A \u00e1gata verde natural \u00e9 muito rara. Embora a \u00e1gata verde perten\u00e7a \u00e0 fam\u00edlia da \u00e1gata, ela tem seu pr\u00f3prio efeito e fun\u00e7\u00e3o exclusivos.<\/p>\n<p>&nbsp;<\/p>\n<h3 style=\"font-size: 19px\">O efeito fisiol\u00f3gico m\u00e1gico do \u00f4nix verde<\/h3>\n<p>As lajes de pedra de \u00e1gata verde s\u00e3o um min\u00e9rio natural, contendo uma variedade de minerais, desgaste a longo prazo, tem um bom efeito de promo\u00e7\u00e3o na circula\u00e7\u00e3o sangu\u00ednea e no metabolismo humano e tem efeitos de beleza na pele ao longo do tempo; a \u00e1gata verde tem efeitos especiais na regula\u00e7\u00e3o dos horm\u00f4nios femininos e no tratamento de doen\u00e7as ginecol\u00f3gicas, adequada para sangue Irregular, mulheres com s\u00edndrome da menopausa; a \u00e1gata verde tem desintoxica\u00e7\u00e3o, desumidifica\u00e7\u00e3o e outros efeitos e pode aliviar os sintomas de reumatismo em idosos.<\/p>\n<p>&nbsp;<\/p>\n<h3 style=\"font-size: 19px\">O efeito espiritual do \u00f4nix verde<\/h3>\n<p>\u00c1gata \u00e9 o Sete Tesouros do Budismo, e nasce com um forte efeito de repelir o mal. As lajes de pedra de \u00e1gata verde, como uma fam\u00edlia de \u00e1gata, naturalmente t\u00eam o efeito m\u00e1gico de afastar os maus esp\u00edritos; a \u00e1gata verde \u00e9 adequada para pessoas com temperamento indiferente, porque a \u00e1gata verde tem o efeito de aumentar o entusiasmo e a \u00e1gata verde pode aumentar a mobilidade pessoal, trabalhar duro.<\/p>\n<\/p>\n<p>As lajes de pedra de \u00e1gata s\u00e3o peda\u00e7os grandes e planos de \u00e1gata que foram cortados e polidos para uso em aplica\u00e7\u00f5es decorativas. A laje de pedra \u00e1gata \u00e9 valorizada por seus padr\u00f5es \u00fanicos e bonitos, formados pela deposi\u00e7\u00e3o de camadas minerais ao longo do tempo. Essas lajes s\u00e3o frequentemente usadas na constru\u00e7\u00e3o de bancadas, tampos de mesa e outras superf\u00edcies decorativas, bem como para revestimento de paredes e outras aplica\u00e7\u00f5es de design de interiores.<\/p>\n<p>As lajes de pedra de \u00e1gata v\u00eam em uma variedade de cores e padr\u00f5es, dependendo do tipo de \u00e1gata e das condi\u00e7\u00f5es sob as quais ela se formou. Algumas das cores mais comuns incluem azul, verde, roxo, rosa e branco, enquanto os padr\u00f5es podem incluir listras, redemoinhos e an\u00e9is conc\u00eantricos.<\/p>\n<\/p>\n<p><img decoding=\"async\" class=\"aligncenter\" src=\"https:\/\/data.adwebcloud.com\/public\/material\/220426a7q47o\/product\/imageFile_1664271898785.jpg\" alt=\"\" \/><\/p>\n<p><img decoding=\"async\" class=\"aligncenter\" src=\"https:\/\/data.adwebcloud.com\/public\/material\/220426a7q47o\/product\/imageFile_1664271899729.jpg\" alt=\"\" \/><img decoding=\"async\" class=\"aligncenter\" src=\"https:\/\/data.adwebcloud.com\/public\/material\/220426a7q47o\/product\/imageFile_1664271900753.jpg\" alt=\"\" \/><\/p>\n<\/p>\n<h3 style=\"font-size: 19px\">Perguntas frequentes<\/h3>\n<p>Q: O que \u00e9 uma laje de pedra \u00e1gata?<br \/>R: Uma laje de pedra \u00e1gata \u00e9 um peda\u00e7o de pedra natural que foi cortada e polida em uma laje plana para uso em aplica\u00e7\u00f5es decorativas, como bancadas, tampos de mesa e pain\u00e9is de parede.<\/p>\n<p>P: Como \u00e9 formada a laje de pedra \u00e1gata?<br \/>R: As lajes de pedra \u00e1gata s\u00e3o formadas atrav\u00e9s de um processo de cristaliza\u00e7\u00e3o em cavidades ou fissuras de rocha vulc\u00e2nica. Com o tempo, camadas de solu\u00e7\u00f5es ricas em s\u00edlica se acumulam nessas cavidades, criando a apar\u00eancia de faixas ou camadas da pedra \u00e1gata.<\/p>\n<p>P: Quais s\u00e3o os benef\u00edcios de usar laje de pedra \u00e1gata?<br \/>R: A laje de pedra \u00e1gata oferece v\u00e1rios benef\u00edcios, incluindo sua apar\u00eancia \u00fanica e bonita, durabilidade e resist\u00eancia a arranh\u00f5es e calor.<\/p>\n<p>P: como fa\u00e7o para cuidar da laje de pedra \u00e1gata?<br \/>R: A laje de pedra de \u00e1gata deve ser limpa com uma solu\u00e7\u00e3o de \u00e1gua e sab\u00e3o neutro, e qualquer derramamento deve ser limpo imediatamente para evitar manchas. Evite usar produtos de limpeza abrasivos ou esponjas que possam riscar a superf\u00edcie da pedra.<\/p>\n<p>Q: Onde posso usar laje de pedra \u00e1gata?<br \/>R: As lajes de pedra \u00e1gata podem ser usadas em uma variedade de aplica\u00e7\u00f5es, incluindo bancadas, tampos de mesa, backsplashes e pain\u00e9is de parede. Eles tamb\u00e9m s\u00e3o frequentemente usados em detalhes decorativos, como porta-copos, vasos e porta-joias.<\/p>\n<p>P: Quanto custa a laje de pedra \u00e1gata?<br \/>R: O custo da laje de pedra \u00e1gata pode variar muito, dependendo de fatores como tamanho, cor e qualidade da pedra, bem como da localiza\u00e7\u00e3o e experi\u00eancia do fornecedor. Espere pagar de $100 a $500 por p\u00e9 quadrado por laje de pedra \u00e1gata de alta qualidade.<\/p>\n<p>P: a laje de pedra \u00e1gata pode ser encomendada sob medida?<br \/>R: Sim, muitos fornecedores oferecem pedidos personalizados de lajes de pedra \u00e1gata em uma variedade de tamanhos, formas e cores. No entanto, lembre-se de que pedidos personalizados podem ser mais caros e levar mais tempo para serem produzidos e entregues.<\/p>\n<\/p>\n<h3 style=\"list-style-type: revert;font-size: 19px\">A hist\u00f3ria da pedra \u00e1gata<\/h3>\n<p style=\"list-style-type: revert\">As pedras de \u00e1gata s\u00e3o usadas h\u00e1 milhares de anos por sua beleza e propriedades curativas. Os antigos eg\u00edpcios e gregos acreditavam que as pedras de \u00e1gata tinham o poder de proteger contra o mal e promover a boa sa\u00fade. Na Idade M\u00e9dia, acreditava-se que as pedras de \u00e1gata tinham o poder de curar febres e proteger contra a peste. Hoje, as pedras de \u00e1gata ainda s\u00e3o altamente valorizadas por sua beleza e s\u00e3o usadas em uma variedade de aplica\u00e7\u00f5es, desde a fabrica\u00e7\u00e3o de joias at\u00e9 o design de interiores.<\/p>\n<h3 style=\"list-style-type: revert;font-size: 19px\">Benef\u00edcios do uso de lajes de pedra \u00e1gata<\/h3>\n<p style=\"list-style-type: revert\">A laje de pedra \u00e1gata tem uma s\u00e9rie de benef\u00edcios que os tornam uma escolha popular para designers de interiores e propriet\u00e1rios. Uma das maiores vantagens das pedras de \u00e1gata s\u00e3o seus padr\u00f5es e cores \u00fanicos. N\u00e3o h\u00e1 duas pedras de \u00e1gata exatamente iguais, o que significa que cada laje de pedra de \u00e1gata \u00e9 \u00fanica. Isso os torna uma \u00f3tima op\u00e7\u00e3o para criar uma pe\u00e7a de destaque em qualquer ambiente.<\/p>\n<p style=\"list-style-type: revert\">Al\u00e9m de sua beleza, as pedras de \u00e1gata tamb\u00e9m s\u00e3o conhecidas por suas propriedades curativas. Muitas pessoas acreditam que as pedras de \u00e1gata t\u00eam o poder de promover equil\u00edbrio e estabilidade emocional. Dizem tamb\u00e9m que ajudam com doen\u00e7as f\u00edsicas, como dores de cabe\u00e7a e problemas digestivos.<\/p>\n<h3 style=\"list-style-type: revert;font-size: 19px\">Tipos de lajes de pedra \u00e1gata<\/h3>\n<p style=\"list-style-type: revert\">As pedras de \u00e1gata v\u00eam em muitas variedades diferentes, cada uma com seus pr\u00f3prios padr\u00f5es e cores. Alguns dos tipos mais populares de laje de pedra de \u00e1gata incluem \u00e1gata de renda azul, \u00e1gata de musgo e \u00e1gata dendr\u00edtica. A \u00e1gata rendada azul \u00e9 caracterizada por sua cor azul clara e delicados padr\u00f5es de renda. A \u00e1gata musgo \u00e9 conhecida por sua cor verde e inclus\u00f5es semelhantes a musgo. A \u00e1gata dendr\u00edtica tem um fundo branco ou cinza com padr\u00f5es semelhantes a \u00e1rvores pretas ou marrons.<\/p>\n<h3 style=\"list-style-type: revert;font-size: 19px\">Como usar lajes de pedra \u00e1gata em design de interiores<\/h3>\n<p style=\"list-style-type: revert\">A laje de pedra \u00e1gata pode ser usada de v\u00e1rias maneiras no design de interiores. Uma das aplica\u00e7\u00f5es mais populares \u00e9 como uma pe\u00e7a de destaque em uma sala. Uma grande laje de pedra \u00e1gata pode ser montada em uma parede ou colocada em uma mesa para criar um ponto focal dram\u00e1tico. A laje de pedra de \u00e1gata menor pode ser usada como porta-copos ou jogos americanos para adicionar um toque de eleg\u00e2ncia a uma mesa de jantar.<\/p>\n<p style=\"list-style-type: revert\">Lajes de pedra \u00e1gata tamb\u00e9m podem ser usadas para criar lumin\u00e1rias \u00fanicas e atraentes. A natureza transl\u00facida das pedras de \u00e1gata as torna perfeitas para criar lumin\u00e1rias e arandelas que emitem um brilho quente e convidativo.<\/p>\n<h3 style=\"list-style-type: revert;font-size: 19px\">Projetos DIY de laje de pedra de \u00e1gata<\/h3>\n<p style=\"list-style-type: revert\">Se voc\u00ea estiver se sentindo habilidoso, as lajes de pedra de \u00e1gata podem ser usadas em uma variedade de projetos de bricolage. Uma ideia popular \u00e9 usar uma pequena laje de pedra de \u00e1gata como \u00edm\u00e3s. Basta colar um pequeno im\u00e3 na parte de tr\u00e1s da pedra \u00e1gata e voc\u00ea ter\u00e1 uma decora\u00e7\u00e3o \u00fanica e funcional para sua geladeira. A laje de pedra \u00e1gata tamb\u00e9m pode ser usada para criar joias, como colares e brincos.<\/p><\/p>","protected":false},"excerpt":{"rendered":"<p>As lajes de pedra \u00e1gata semipreciosas s\u00e3o uma pedra de luxo para decora\u00e7\u00e3o de interiores, essas pedras, particularmente as variedades transl\u00facidas que podem ser iluminadas por tr\u00e1s, criam efeitos de cor \u00fanicos e adicionam toques originais a uma sala. Para melhorar os quartos e torn\u00e1-los \u00fanicos.<\/p><\/p>","protected":false},"featured_media":7955,"comment_status":"closed","ping_status":"closed","template":"","meta":[],"product_brand":[],"product_cat":[208],"product_tag":[880,885,882,884,881,883,886,887,888],"class_list":{"0":"post-2921","1":"product","2":"type-product","3":"status-publish","4":"has-post-thumbnail","6":"product_cat-agate","7":"product_tag-agate-slab","8":"product_tag-green-agate-countertop","9":"product_tag-green-agate-floors","10":"product_tag-green-agate-kitchens","11":"product_tag-green-agate-slab","12":"product_tag-green-agate-table","13":"product_tag-green-agate-tiles","14":"product_tag-green-gem-stone","15":"product_tag-green-semi-precious-stones","17":"first","18":"instock","19":"product-type-simple"},"_links":{"self":[{"href":"https:\/\/www.quartzite-stone.com\/pt\/wp-json\/wp\/v2\/product\/2921","targetHints":{"allow":["GET"]}}],"collection":[{"href":"https:\/\/www.quartzite-stone.com\/pt\/wp-json\/wp\/v2\/product"}],"about":[{"href":"https:\/\/www.quartzite-stone.com\/pt\/wp-json\/wp\/v2\/types\/product"}],"replies":[{"embeddable":true,"href":"https:\/\/www.quartzite-stone.com\/pt\/wp-json\/wp\/v2\/comments?post=2921"}],"wp:featuredmedia":[{"embeddable":true,"href":"https:\/\/www.quartzite-stone.com\/pt\/wp-json\/wp\/v2\/media\/7955"}],"wp:attachment":[{"href":"https:\/\/www.quartzite-stone.com\/pt\/wp-json\/wp\/v2\/media?parent=2921"}],"wp:term":[{"taxonomy":"product_brand","embeddable":true,"href":"https:\/\/www.quartzite-stone.com\/pt\/wp-json\/wp\/v2\/product_brand?post=2921"},{"taxonomy":"product_cat","embeddable":true,"href":"https:\/\/www.quartzite-stone.com\/pt\/wp-json\/wp\/v2\/product_cat?post=2921"},{"taxonomy":"product_tag","embeddable":true,"href":"https:\/\/www.quartzite-stone.com\/pt\/wp-json\/wp\/v2\/product_tag?post=2921"}],"curies":[{"name":"wp","href":"https:\/\/api.w.org\/{rel}","templated":true}]}}