{"id":2898,"date":"2022-07-05T00:04:03","date_gmt":"2022-07-04T16:04:03","guid":{"rendered":"https:\/\/www.quartzite-stone.com\/product\/blue-agate-slabs\/"},"modified":"2023-07-11T11:46:46","modified_gmt":"2023-07-11T03:46:46","slug":"placas-de-agata-azul","status":"publish","type":"product","link":"https:\/\/www.quartzite-stone.com\/pt\/products\/blue-agate-slabs\/","title":{"rendered":"Placas de \u00c1gata Azul"},"content":{"rendered":"<p>INFORMA\u00c7\u00d5ES ADICIONAIS<\/p>\n<table>\n<tbody>\n<tr>\n<td width=\"124\"><strong>MATERIAL<\/strong><\/td>\n<td width=\"444\">\u00c1gata<\/td>\n<\/tr>\n<tr>\n<td width=\"124\"><strong>COR<\/strong><\/td>\n<td width=\"444\">Azul<\/td>\n<\/tr>\n<tr>\n<td width=\"124\"><strong>PA\u00cdS DE ORIGEM<\/strong><\/td>\n<td width=\"444\">Brasil<\/td>\n<\/tr>\n<tr>\n<td width=\"124\"><strong>ACABAMENTO DE SUPERF\u00cdCIE<\/strong><\/td>\n<td width=\"444\">Polido, afiado, couro<\/td>\n<\/tr>\n<tr>\n<td width=\"124\"><strong>USAR<\/strong><\/td>\n<td width=\"444\">Cozinhas, Banheiros, Pisos, Paredes, Azulejos, Lajes<\/td>\n<\/tr>\n<tr>\n<td width=\"124\"><strong>DISPONIBILIDADE<\/strong><\/td>\n<td width=\"444\">Verificar a disponibilidade de stock junto da HRST STONE para efetuar a visita.<\/p>\n<p>Amostras de pedra tamb\u00e9m n\u00e3o est\u00e3o dispon\u00edveis para cada sele\u00e7\u00e3o de pedra, por favor, pergunte a disponibilidade.<\/p>\n<\/td>\n<\/tr>\n<\/tbody>\n<\/table>\n<p>A \u00e1gata azul \u00e9 uma variedade de calced\u00f4nia com faixas em v\u00e1rias camadas de azul claro, despojada de azuis mais brilhantes, brancos e fios de cores sempre marrons. A \u00e1gata tamb\u00e9m \u00e9 conhecida como arco-\u00edris da terra. A \u00e1gata azul \u00e9 uma das pedras mais bonitas. Blue Agate tem um padr\u00e3o ultrafino e tranquilo. Est\u00e1 dispon\u00edvel com um polimento muito fino que torna esta pedra adequada para bancadas, mesas, pisos, revestimentos de paredes e cria\u00e7\u00f5es de escadas, bem como inteiramente para exposi\u00e7\u00f5es.<\/p>\n<\/p>\n<p>A textura das lajes de \u00e1gata azul salta, e a moda est\u00e1 profundamente enraizada nela. As pernas da mesa concisas e poderosas s\u00e3o criadas com linhas quebradas concisas, o que nos traz energia positiva e respeito deslumbrante. Linhas simples, coordena\u00e7\u00e3o atmosf\u00e9rica, delicadas e texturizadas, linhas geom\u00e9tricas emolduram um contorno quadrado, sem complicado processo de emenda, expressando ao m\u00e1ximo a beleza da simplicidade, dando \u00e0s pessoas um estilo atmosf\u00e9rico, simples mas n\u00e3o mon\u00f3tono, puro e n\u00e3o simples.<\/p>\n<\/p>\n<p>As lajes de \u00e1gata azul s\u00e3o \u00e1gatas das cores azul e branco, origin\u00e1rias do Brasil e da \u00c1frica. O componente principal \u00e9 o SiO2, que pertence ao jade de quartzo criptocristalino. Tem o mesmo padr\u00e3o natural da \u00e1gata persa, sinuosa e err\u00e1tica, como as ondas ondulantes \u00e0 beira-mar, como banhos de sol ao sol. Belas conchas azuis na areia branca.<\/p>\n<\/p>\n<p>A \u00e1gata azul \u00e9 uma variedade de calced\u00f4nia, um mineral da fam\u00edlia do quartzo. \u00c9 caracterizada por sua cor azul ou cinza-azulada, geralmente causada por vest\u00edgios de ferro ou mangan\u00eas no mineral. A \u00e1gata azul pode ser encontrada em locais de todo o mundo e \u00e9 frequentemente usada em joias e objetos decorativos devido \u00e0 sua cor atraente e padr\u00f5es de faixas exclusivos. Al\u00e9m disso, acredita-se que a \u00e1gata azul tenha v\u00e1rias propriedades curativas e \u00e9 frequentemente usada em pr\u00e1ticas de medicina alternativa, como a cura por cristais.<\/p>\n<\/p>\n<h3 style=\"font-size: 19px\">Caracter\u00edsticas da \u00c1gata Azul<\/h3>\n<p>A \u00e1gata azul \u00e9 um tipo de pedra semipreciosa que possui v\u00e1rias caracter\u00edsticas distintas, incluindo:<\/p>\n<ol>\n<li>Cor: Blue Agate \u00e9 conhecida por sua bela cor azul, que pode variar de tons claros a profundos.<\/li>\n<li>Bandas: Blue Agate geralmente tem padr\u00f5es de bandas brancas ou cinza passando por ela, o que pode dar uma apar\u00eancia \u00fanica e atraente.<\/li>\n<li>Translucidez: A \u00e1gata azul \u00e9 geralmente transl\u00facida, o que significa que a luz pode passar por ela at\u00e9 certo ponto.<\/li>\n<li>Dureza: Blue Agate tem uma dureza de cerca de 7 na escala de Mohs, tornando-a relativamente dur\u00e1vel e resistente a arranh\u00f5es.<\/li>\n<li>Forma\u00e7\u00e3o: A \u00e1gata azul \u00e9 tipicamente formada em rochas vulc\u00e2nicas, muitas vezes em camadas ou cavidades, e \u00e9 comumente encontrada no Brasil, Uruguai e Argentina.<\/li>\n<li>Usos: A \u00e1gata azul \u00e9 comumente usada para joias, objetos decorativos e prop\u00f3sitos espirituais como medita\u00e7\u00e3o e cura.<\/li>\n<\/ol>\n<p style=\"padding-left: 40px\"><img fetchpriority=\"high\" decoding=\"async\" class=\"aligncenter\" src=\"https:\/\/data.adwebcloud.com\/public\/material\/220426a7q47o\/product\/imageFile_1664271895408.jpg\" alt=\"\" width=\"750\" height=\"600\" \/><\/p>\n<p style=\"padding-left: 40px\"><img decoding=\"async\" class=\"aligncenter\" src=\"https:\/\/data.adwebcloud.com\/public\/material\/220426a7q47o\/product\/imageFile_1664271896236.jpg\" alt=\"\" \/><\/p>\n<p style=\"padding-left: 40px\"><img decoding=\"async\" class=\"aligncenter\" src=\"https:\/\/data.adwebcloud.com\/public\/material\/220426a7q47o\/product\/imageFile_1664271897128.jpg\" alt=\"\" \/><\/p>\n<p style=\"padding-left: 40px\"><img decoding=\"async\" class=\"aligncenter\" src=\"https:\/\/data.adwebcloud.com\/public\/material\/220426a7q47o\/product\/imageFile_1664271897897.jpg\" alt=\"\" \/><\/p><\/p>","protected":false},"excerpt":{"rendered":"<p>A \u00e1gata azul \u00e9 uma variedade de calced\u00f4nia com faixas em v\u00e1rias camadas de azul claro, despojada de azuis mais brilhantes, brancos e fios de cores sempre marrons. A \u00e1gata tamb\u00e9m \u00e9 conhecida como arco-\u00edris da terra. A \u00e1gata azul \u00e9 uma das pedras mais bonitas. Blue Agate tem um padr\u00e3o ultrafino e tranquilo. Isso \u00e9 \u2026<\/p><\/p>","protected":false},"featured_media":7954,"comment_status":"closed","ping_status":"closed","template":"","meta":[],"product_brand":[],"product_cat":[208],"product_tag":[878,871,873,876,879,877,874,875,870,872],"class_list":{"0":"post-2898","1":"product","2":"type-product","3":"status-publish","4":"has-post-thumbnail","6":"product_cat-agate","7":"product_tag-blue-agate-countertop","8":"product_tag-blue-agate-crystal","9":"product_tag-blue-agate-stone","10":"product_tag-blue-agate-table","11":"product_tag-blue-agate-tiles","12":"product_tag-blue-agate-wall","13":"product_tag-blue-gem-stone","14":"product_tag-blue-semi-precious-stones","15":"product_tag-dark-blue-agate","16":"product_tag-light-blue-agate","18":"first","19":"instock","20":"product-type-simple"},"_links":{"self":[{"href":"https:\/\/www.quartzite-stone.com\/pt\/wp-json\/wp\/v2\/product\/2898","targetHints":{"allow":["GET"]}}],"collection":[{"href":"https:\/\/www.quartzite-stone.com\/pt\/wp-json\/wp\/v2\/product"}],"about":[{"href":"https:\/\/www.quartzite-stone.com\/pt\/wp-json\/wp\/v2\/types\/product"}],"replies":[{"embeddable":true,"href":"https:\/\/www.quartzite-stone.com\/pt\/wp-json\/wp\/v2\/comments?post=2898"}],"wp:featuredmedia":[{"embeddable":true,"href":"https:\/\/www.quartzite-stone.com\/pt\/wp-json\/wp\/v2\/media\/7954"}],"wp:attachment":[{"href":"https:\/\/www.quartzite-stone.com\/pt\/wp-json\/wp\/v2\/media?parent=2898"}],"wp:term":[{"taxonomy":"product_brand","embeddable":true,"href":"https:\/\/www.quartzite-stone.com\/pt\/wp-json\/wp\/v2\/product_brand?post=2898"},{"taxonomy":"product_cat","embeddable":true,"href":"https:\/\/www.quartzite-stone.com\/pt\/wp-json\/wp\/v2\/product_cat?post=2898"},{"taxonomy":"product_tag","embeddable":true,"href":"https:\/\/www.quartzite-stone.com\/pt\/wp-json\/wp\/v2\/product_tag?post=2898"}],"curies":[{"name":"wp","href":"https:\/\/api.w.org\/{rel}","templated":true}]}}