{"id":2842,"date":"2022-07-05T00:02:36","date_gmt":"2022-07-04T16:02:36","guid":{"rendered":"https:\/\/www.quartzite-stone.com\/product\/brazil-fashion-green-granite\/"},"modified":"2022-10-22T10:57:11","modified_gmt":"2022-10-22T02:57:11","slug":"granito-verde-moda-brasil","status":"publish","type":"product","link":"https:\/\/www.quartzite-stone.com\/pt\/products\/brazil-fashion-green-granite\/","title":{"rendered":"Moda Brasil Granito Verde"},"content":{"rendered":"<p>INFORMA\u00c7\u00d5ES ADICIONAIS<\/p>\n<table width=\"568\">\n<tbody>\n<tr>\n<td width=\"148\"><strong>MATERIAL<\/strong><\/td>\n<td width=\"420\">Granito<\/td>\n<\/tr>\n<tr>\n<td width=\"148\"><strong>COR<\/strong><\/td>\n<td width=\"420\">Verde<\/td>\n<\/tr>\n<tr>\n<td width=\"148\"><strong>PA\u00cdS DE ORIGEM<\/strong><\/td>\n<td width=\"420\">Brasil<\/td>\n<\/tr>\n<tr>\n<td width=\"148\"><strong>ACABAMENTO DE SUPERF\u00cdCIE<\/strong><\/td>\n<td width=\"420\">Polido, afiado, couro<\/td>\n<\/tr>\n<tr>\n<td width=\"148\"><strong>USAR<\/strong><\/td>\n<td width=\"420\">Cozinhas, Banheiros, Pisos, Paredes, Lareira, Azulejos, Lajes<\/td>\n<\/tr>\n<tr>\n<td width=\"148\"><strong>DISPONIBILIDADE<\/strong><\/td>\n<td width=\"420\">Verificar a disponibilidade de stock junto da equipa de vendas de pedra da HRST.<\/p>\n<p>Amostras de pedra tamb\u00e9m n\u00e3o est\u00e3o dispon\u00edveis para cada sele\u00e7\u00e3o de pedra, por favor, pergunte a disponibilidade.<\/p>\n<\/td>\n<\/tr>\n<\/tbody>\n<\/table>\n<p>Fashion Green Granite \u00e9 um novo estilo de produtos de pedra natural, \u00e9 uma boa sele\u00e7\u00e3o para tampos de mesa de jantar, tampos de mesa de caf\u00e9, tampos de bar, etc., muito popular para decora\u00e7\u00e3o de casa. e bela pedra de granito altamente recomend\u00e1vel.<\/p>\n<p>As cores Fashion Green Granite representando o granito tropical da moda, combinadas com a dureza da pedra, tornam este Fashion Green Granite \u00fanico. Dessa forma, diversos acabamentos podem ser executados e customizados para o projeto em quest\u00e3o: polimento, lixamento, escova\u00e7\u00e3o, jateamento, bucha, queima e grava\u00e7\u00e3o em jato d&#039;\u00e1gua.<\/p>\n<p>Este material \u00e9 instalado em ambientes internos e externos para revestimentos de paredes e pisos. Itens de jardim, como mesas, pias, bancos, fontes e escadas, tamb\u00e9m s\u00e3o lindamente feitos e s\u00e3o designs sublimes para decora\u00e7\u00e3o de casa, como tampos de cozinha, bases de chuveiro, tampos de banheira, mesas de estar ou lareiras.<\/p>\n<p><span style=\"font-family: Calibri\">Caracter\u00edsticas:<\/span><\/p>\n<p><span style=\"font-family: Calibri\">O granito verde da moda brasileira tem uma textura dura e densa, alta resist\u00eancia, resist\u00eancia \u00e0s intemp\u00e9ries, resist\u00eancia \u00e0 corros\u00e3o, resist\u00eancia \u00e0 abras\u00e3o, baixa absor\u00e7\u00e3o de \u00e1gua e sua bela cor pode ser preservada por mais de cem anos. \u00c9 um bom material para constru\u00e7\u00e3o, mas n\u00e3o \u00e9 resistente ao calor.<\/span><\/p>\n<p><span style=\"font-family: Calibri\">2. Minera\u00e7\u00e3o e processamento:<\/span><\/p>\n<p><span style=\"font-family: Calibri\">Minera\u00e7\u00e3o de blocos: remo\u00e7\u00e3o de caprock \u2013 separa\u00e7\u00e3o \u2013 torneamento superior \u2013 desintegra\u00e7\u00e3o e segmenta\u00e7\u00e3o \u2013 modelagem \u2013 levantamento e carregamento \u2013 remo\u00e7\u00e3o de lastro<\/span><\/p>\n<p><span style=\"font-family: Calibri\">processamento de pedra<\/span><\/p>\n<p><span style=\"font-family: Calibri\">Processamento de serragem: \u00c9 um produto semi-acabado que usa uma serra de pedra para cortar blocos de granito verde da moda Brasil em t\u00e1buas brutas, tiras, blocos e outras formas.<\/span><\/p>\n<p><span style=\"font-family: Calibri\">Retifica\u00e7\u00e3o e polimento: Este processo requer primeiro desbaste e nivelamento, e ent\u00e3o gradualmente passa por retifica\u00e7\u00e3o semifina, retifica\u00e7\u00e3o fina, retifica\u00e7\u00e3o fina e polimento.<\/span><\/p>\n<p><span style=\"font-family: Calibri\">Processamento de corte: O processamento de corte \u00e9 usar uma m\u00e1quina de corte para cortar a placa \u00e1spera ou polida de acordo com as especifica\u00e7\u00f5es e dimens\u00f5es necess\u00e1rias.<\/span><\/p>\n<p><span style=\"font-family: Calibri\">Processamento de cinzel: atrav\u00e9s de quebra de cunha, cinzelamento, corte, reparo, moagem e outros m\u00e9todos para processar o embri\u00e3o bruto no produto desejado, a superf\u00edcie pode ser macarr\u00e3o de abacaxi, macarr\u00e3o longan, macarr\u00e3o de lichia, macarr\u00e3o natural, macarr\u00e3o de cogumelo, macarr\u00e3o escovado, etc. .<\/span><\/p>\n<p><span style=\"font-family: Calibri\">Processamento de chamuscamento: A superf\u00edcie \u00e9 queimada com chama para formar uma decora\u00e7\u00e3o de superf\u00edcie \u00e1spera ondulada e ordenada, ou seja, superf\u00edcie de queima.<\/span><\/p>\n<p><span style=\"font-family: Calibri\">Processamento auxiliar: o granito verde moda brasil cortado e polido pode ser afiado, chanfrado, furado, perfurado, ranhurado, etc. conforme necess\u00e1rio.<\/span><\/p>\n<p><span style=\"font-family: Calibri\">Inspe\u00e7\u00e3o e reparo: Primeiro, deve passar pela limpeza, depois pela inspe\u00e7\u00e3o de secagem e os produtos qualificados s\u00e3o embalados e armazenados.<\/span><\/p>\n<p>&nbsp;<\/p>\n<p><img decoding=\"async\" class=\"aligncenter\" src=\"https:\/\/data.adwebcloud.com\/public\/material\/220426a7q47o\/product\/imageFile_1664271881583.jpg\" alt=\"\" \/><\/p>\n<p><img decoding=\"async\" class=\"aligncenter\" src=\"https:\/\/data.adwebcloud.com\/public\/material\/220426a7q47o\/product\/imageFile_1664271882867.jpg\" alt=\"\" \/><\/p>\n<p><img decoding=\"async\" class=\"aligncenter\" src=\"https:\/\/data.adwebcloud.com\/public\/material\/220426a7q47o\/product\/imageFile_1664271883773.jpg\" alt=\"\" \/><\/p>","protected":false},"excerpt":{"rendered":"<p>Fashion Green Granite \u00e9 um novo estilo de produtos de pedra natural, \u00e9 uma boa sele\u00e7\u00e3o para tampos de mesa de jantar, tampos de mesa de caf\u00e9, tampos de bar, etc., muito popular para decora\u00e7\u00e3o de casa. e bela pedra de granito altamente recomend\u00e1vel.<\/p>","protected":false},"featured_media":4428,"comment_status":"closed","ping_status":"closed","template":"","meta":[],"product_brand":[],"product_cat":[205],"product_tag":[390],"class_list":{"0":"post-2842","1":"product","2":"type-product","3":"status-publish","4":"has-post-thumbnail","6":"product_cat-granite","7":"product_tag-bathroomsfireplacefloorsgranitegreenkitchensslabstileswalls","9":"first","10":"instock","11":"product-type-simple"},"_links":{"self":[{"href":"https:\/\/www.quartzite-stone.com\/pt\/wp-json\/wp\/v2\/product\/2842","targetHints":{"allow":["GET"]}}],"collection":[{"href":"https:\/\/www.quartzite-stone.com\/pt\/wp-json\/wp\/v2\/product"}],"about":[{"href":"https:\/\/www.quartzite-stone.com\/pt\/wp-json\/wp\/v2\/types\/product"}],"replies":[{"embeddable":true,"href":"https:\/\/www.quartzite-stone.com\/pt\/wp-json\/wp\/v2\/comments?post=2842"}],"wp:featuredmedia":[{"embeddable":true,"href":"https:\/\/www.quartzite-stone.com\/pt\/wp-json\/wp\/v2\/media\/4428"}],"wp:attachment":[{"href":"https:\/\/www.quartzite-stone.com\/pt\/wp-json\/wp\/v2\/media?parent=2842"}],"wp:term":[{"taxonomy":"product_brand","embeddable":true,"href":"https:\/\/www.quartzite-stone.com\/pt\/wp-json\/wp\/v2\/product_brand?post=2842"},{"taxonomy":"product_cat","embeddable":true,"href":"https:\/\/www.quartzite-stone.com\/pt\/wp-json\/wp\/v2\/product_cat?post=2842"},{"taxonomy":"product_tag","embeddable":true,"href":"https:\/\/www.quartzite-stone.com\/pt\/wp-json\/wp\/v2\/product_tag?post=2842"}],"curies":[{"name":"wp","href":"https:\/\/api.w.org\/{rel}","templated":true}]}}