{"id":2825,"date":"2022-07-05T00:01:59","date_gmt":"2022-07-04T16:01:59","guid":{"rendered":"https:\/\/www.quartzite-stone.com\/product\/splendor-white-granite\/"},"modified":"2022-09-27T18:09:53","modified_gmt":"2022-09-27T10:09:53","slug":"granito-branco-splendor","status":"publish","type":"product","link":"https:\/\/www.quartzite-stone.com\/pt\/products\/splendor-white-granite\/","title":{"rendered":"Granito Branco Esplendor"},"content":{"rendered":"<p>INFORMA\u00c7\u00d5ES ADICIONAIS<\/p>\n<table>\n<tbody>\n<tr>\n<td width=\"124\"><strong>MATERIAL<\/strong><\/td>\n<td width=\"444\">Granito<\/td>\n<\/tr>\n<tr>\n<td width=\"124\"><strong>COR<\/strong><\/td>\n<td width=\"444\">Dourado\/Amarelo<\/td>\n<\/tr>\n<tr>\n<td width=\"124\"><strong>PA\u00cdS DE ORIGEM<\/strong><\/td>\n<td width=\"444\">Brasil<\/td>\n<\/tr>\n<tr>\n<td width=\"124\"><strong>ACABAMENTO DE SUPERF\u00cdCIE<\/strong><\/td>\n<td width=\"444\">Polido, afiado, couro<\/td>\n<\/tr>\n<tr>\n<td width=\"124\"><strong>USAR<\/strong><\/td>\n<td width=\"444\">Cozinhas, Banheiros, Pisos, Paredes, Azulejos, Lajes<\/td>\n<\/tr>\n<tr>\n<td width=\"124\"><strong>DISPONIBILIDADE<\/strong><\/td>\n<td width=\"444\">Verificar a disponibilidade de stock junto da HRST STONE para efetuar a visita.<\/p>\n<p>Amostras de pedra tamb\u00e9m n\u00e3o est\u00e3o dispon\u00edveis para cada sele\u00e7\u00e3o de pedra, por favor, pergunte a disponibilidade.<\/td>\n<\/tr>\n<\/tbody>\n<\/table>\n<p>O nome deste espetacular granito brasileiro evoca o esplendor dos picos nevados. As costuras pretas e brancas do Splendor White Granite nos transportam para o reino do gelo eterno.<\/p>\n<p>O Granito Branco Splendor vem do Brasil para nos surpreender com sua est\u00e9tica marcante. Esta bel\u00edssima Pedra Natural n\u00e3o deixa ningu\u00e9m indiferente com o seu poder decorativo e a sua intensidade, que a transformam na estrela de qualquer espa\u00e7o. Sobre um fundo de branco et\u00e9reo, as costuras e lavagens pretas quebram a monotonia dos tons claros sutis. O resultado evoca mundos de gelo e picos dominados pelo frio como parte de uma natureza poderosa e assustadora como poucas. \u00c9 esta for\u00e7a que faz do Granito Branco Splendor o material perfeito para decorar ambientes onde o visual espetacular \u00e9 imprescind\u00edvel: sua simples presen\u00e7a, por exemplo, como revestimento de cozinha ou tampo de mesa de madeira r\u00fastica, encher\u00e1 de criatividade os espa\u00e7os mais austeros. poder.<\/p>\n<p><img decoding=\"async\" class=\"aligncenter\" src=\"https:\/\/data.adwebcloud.com\/public\/material\/220426a7q47o\/product\/imageFile_1664271874217.jpg\" alt=\"\" \/><\/p>\n<p><img fetchpriority=\"high\" decoding=\"async\" class=\"aligncenter\" src=\"https:\/\/data.adwebcloud.com\/public\/material\/220426a7q47o\/product\/imageFile_1664271875005.jpg\" alt=\"\" width=\"750\" height=\"600\" \/><\/p>\n<p><img decoding=\"async\" class=\"aligncenter\" src=\"https:\/\/data.adwebcloud.com\/public\/material\/220426a7q47o\/product\/imageFile_1664271875942.jpg\" alt=\"\" \/><\/p>","protected":false},"excerpt":{"rendered":"<p>O nome deste espetacular granito brasileiro evoca o esplendor dos picos nevados. As costuras pretas e brancas do Splendor White Granite nos transportam para o reino do gelo eterno.<br \/>\nO Granito Branco Splendor vem do Brasil para nos surpreender com sua est\u00e9tica marcante. Esta linda Pedra Natural\u2026<\/p>\n<div id=\"gtx-trans\">\n<div class=\"gtx-trans-icon\"><\/div>\n<\/div>","protected":false},"featured_media":3880,"comment_status":"closed","ping_status":"closed","template":"","meta":[],"product_brand":[],"product_cat":[205],"product_tag":[389],"class_list":{"0":"post-2825","1":"product","2":"type-product","3":"status-publish","4":"has-post-thumbnail","6":"product_cat-granite","7":"product_tag-bathroomsfloorsgoldyellowgranitekitchensslabstileswalls","9":"first","10":"instock","11":"product-type-simple"},"_links":{"self":[{"href":"https:\/\/www.quartzite-stone.com\/pt\/wp-json\/wp\/v2\/product\/2825","targetHints":{"allow":["GET"]}}],"collection":[{"href":"https:\/\/www.quartzite-stone.com\/pt\/wp-json\/wp\/v2\/product"}],"about":[{"href":"https:\/\/www.quartzite-stone.com\/pt\/wp-json\/wp\/v2\/types\/product"}],"replies":[{"embeddable":true,"href":"https:\/\/www.quartzite-stone.com\/pt\/wp-json\/wp\/v2\/comments?post=2825"}],"wp:featuredmedia":[{"embeddable":true,"href":"https:\/\/www.quartzite-stone.com\/pt\/wp-json\/wp\/v2\/media\/3880"}],"wp:attachment":[{"href":"https:\/\/www.quartzite-stone.com\/pt\/wp-json\/wp\/v2\/media?parent=2825"}],"wp:term":[{"taxonomy":"product_brand","embeddable":true,"href":"https:\/\/www.quartzite-stone.com\/pt\/wp-json\/wp\/v2\/product_brand?post=2825"},{"taxonomy":"product_cat","embeddable":true,"href":"https:\/\/www.quartzite-stone.com\/pt\/wp-json\/wp\/v2\/product_cat?post=2825"},{"taxonomy":"product_tag","embeddable":true,"href":"https:\/\/www.quartzite-stone.com\/pt\/wp-json\/wp\/v2\/product_tag?post=2825"}],"curies":[{"name":"wp","href":"https:\/\/api.w.org\/{rel}","templated":true}]}}