{"id":2800,"date":"2022-07-05T00:01:16","date_gmt":"2022-07-04T16:01:16","guid":{"rendered":"https:\/\/www.quartzite-stone.com\/product\/labradorite-blue-granite\/"},"modified":"2023-04-19T14:18:04","modified_gmt":"2023-04-19T06:18:04","slug":"labradorita-granito-azul","status":"publish","type":"product","link":"https:\/\/www.quartzite-stone.com\/pt\/products\/labradorite-blue-granite\/","title":{"rendered":"Labradorita Granito Azul"},"content":{"rendered":"<p>INFORMA\u00c7\u00d5ES ADICIONAIS<\/p>\n<table>\n<tbody>\n<tr>\n<td width=\"124\"><strong>MATERIAL<\/strong><\/td>\n<td width=\"444\">Granito<\/td>\n<\/tr>\n<tr>\n<td width=\"124\"><strong>COR<\/strong><\/td>\n<td width=\"444\">Azul<\/td>\n<\/tr>\n<tr>\n<td width=\"124\"><strong>PA\u00cdS DE ORIGEM<\/strong><\/td>\n<td width=\"444\">Madag\u00e1scar<\/td>\n<\/tr>\n<tr>\n<td width=\"124\"><strong>ACABAMENTO DE SUPERF\u00cdCIE<\/strong><\/td>\n<td width=\"444\">Polido, afiado, couro<\/td>\n<\/tr>\n<tr>\n<td width=\"124\"><strong>USAR<\/strong><\/td>\n<td width=\"444\">Cozinhas, Banheiros, Pisos, Paredes, Azulejos, Lajes<\/td>\n<\/tr>\n<tr>\n<td width=\"124\"><strong>DISPONIBILIDADE<\/strong><\/td>\n<td width=\"444\">Verificar a disponibilidade de stock junto da HRST STONE para efetuar a visita.<\/p>\n<p>Amostras de pedra tamb\u00e9m n\u00e3o est\u00e3o dispon\u00edveis para cada sele\u00e7\u00e3o de pedra, por favor, pergunte a disponibilidade.<\/p>\n<\/td>\n<\/tr>\n<\/tbody>\n<\/table>\n<p>Labradorite Blue Granite \u00e9 composto principalmente de onfacite, a textura \u00e9 delicada e a luz \u00e9 super sonhadora, penetrante no gelo, e a cabe\u00e7a d&#039;\u00e1gua \u00e9 excelente, discreta mas n\u00e3o opaca, elegante mas despretensiosa, a jadeita azul \u00e9 t\u00e3o bonita e sonhadora como a cor do mar e do c\u00e9u. Em compara\u00e7\u00e3o com outros pain\u00e9is de decora\u00e7\u00e3o de interiores, a pedra de luxo \u00e9 leve, luxuosa e cheia de charme. Escolher pedras de luxo para iluminar a vida pode definitivamente trazer uma festa visual \u00fanica.<\/p>\n<p>Labradorite Granite combinar\u00e1 com a cor de quase qualquer arm\u00e1rio, pois ser\u00e1 o ponto focal da cozinha, em vez de qualquer outra cor. Arm\u00e1rios brancos, arm\u00e1rios creme, arm\u00e1rios de cerejeira e arm\u00e1rios de carvalho fazem esta pedra se destacar. Veja nosso Granito Labradorita. Oferecemos granito em v\u00e1rias cores. Escolha um design \u00fanico e especial para a sua bancada. O pre\u00e7o por metro quadrado de granito labradorita varia de acordo com a cor. Para obter o pre\u00e7o mais recente do Labradorite Blue Granite, entre em contato com a HRST STONE.<\/p>\n<p>A labradorita \u00e9 uma esp\u00e9cie de plagiocl\u00e1sio, que \u00e9 uma s\u00e9rie isom\u00f3rfica composta de albita e anortita, e possui um sistema cristalino tricl\u00ednico. Os cristais s\u00e3o principalmente em forma de placa ou colunares, branco-cinza ou cinza-preto, ocasionalmente amarelo, marrom, vermelho e verde, brilho de vidro, transparente ou ligeiramente transparente, densidade relativa 2,69-2,2, dureza 6-6,5, sem rea\u00e7\u00e3o de fluoresc\u00eancia.<\/p>\n<p>A labradorita \u00e9 relativamente comum e \u00e9 usada como material decorativo, e alguma labradorita com iridesc\u00eancia tamb\u00e9m \u00e9 usada como pedras preciosas. Aqueles que atingem o n\u00edvel de gema s\u00e3o transl\u00facidos, mostrando azul, verde, laranja, vermelho ou outras mudan\u00e7as de cor em uma dire\u00e7\u00e3o especial. Gire a labradorita e voc\u00ea poder\u00e1 ver as lindas cores de diferentes dire\u00e7\u00f5es. A labradorita com jogo de cores, tamb\u00e9m conhecida como \u201cpedra espectral\u201d, \u00e9 de primeira qualidade em azul, verde-amarelo e vermelho.<\/p>\n<h3 style=\"font-size: 19px\">O papel do granito labradorita azul:<\/h3>\n<p>A labradorita tem o efeito de aliviar a dor nos olhos e na garganta, especialmente para aliviar a dor e absorver a fadiga do corpo humano. Ele pode reabastecer rapidamente a for\u00e7a f\u00edsica e ensinar as pessoas a trabalhar por muito tempo sem se sentirem cansadas. Pode ajudar a realizar o potencial, eliminar emo\u00e7\u00f5es desagrad\u00e1veis, aumentar o insight e a observa\u00e7\u00e3o e evitar ser enganado. Como tamb\u00e9m faz parte do sistema da pedra negra, tamb\u00e9m tem a fun\u00e7\u00e3o de combater as energias negativas.<\/p>\n<h3 style=\"font-size: 19px\">Cuidados com granito labradorita azul<\/h3>\n<p>Labradorite Granite \u00e9 uma pedra natural bonita e dur\u00e1vel que pode adicionar um toque de eleg\u00e2ncia a qualquer espa\u00e7o. Aqui est\u00e3o algumas dicas para ajud\u00e1-lo a cuidar do seu Labradorite Granite:<\/p>\n<ol>\n<li>Limpe regularmente: Use um pano macio e \u00famido para limpar suas bancadas ou superf\u00edcies de Labradorite Blue Granite regularmente. Evite usar produtos de limpeza abrasivos, produtos de limpeza \u00e1cidos ou alcalinos ou qualquer outro produto qu\u00edmico agressivo.<\/li>\n<li>Selar o granito: O Granito Labradorita \u00e9 uma pedra porosa que pode manchar facilmente. Para evitar manchas, aplique um selador de granito na superf\u00edcie pelo menos uma vez por ano. Siga as instru\u00e7\u00f5es do fabricante cuidadosamente para obter os melhores resultados.<\/li>\n<li>Evite a exposi\u00e7\u00e3o ao calor: o granito pode ser danificado por altas temperaturas, portanto, sempre use um trip\u00e9 ou almofada quente ao colocar itens quentes em suas superf\u00edcies de Labradorite Blue Granite.<\/li>\n<li>Manuseie com cuidado: embora o granito seja um material dur\u00e1vel, ele ainda pode lascar ou arranhar se for submetido a impactos pesados ou objetos pontiagudos. Tenha cuidado ao manusear objetos pesados ou usar ferramentas afiadas perto de suas superf\u00edcies de granito.<\/li>\n<li>Limpe imediatamente os derramamentos: Se algum l\u00edquido derramar em seu Labradorite Granite, limpe-o imediatamente para evitar manchas. Use um pano \u00famido para limpar o derramamento e seque bem a superf\u00edcie.<\/li>\n<\/ol>\n<p><img decoding=\"async\" class=\"aligncenter\" src=\"https:\/\/data.adwebcloud.com\/public\/material\/220426a7q47o\/product\/imageFile_1664271865190.jpg\" alt=\"\" \/><\/p>\n<p><img decoding=\"async\" class=\"aligncenter\" src=\"https:\/\/data.adwebcloud.com\/public\/material\/220426a7q47o\/product\/imageFile_1664271866156.jpg\" alt=\"\" \/><\/p>\n<p><img decoding=\"async\" class=\"aligncenter\" src=\"https:\/\/data.adwebcloud.com\/public\/material\/220426a7q47o\/product\/imageFile_1664271866969.jpg\" alt=\"\" \/><\/p>\n<p>Perguntas frequentes<br \/>P: O que \u00e9 Granito Labradorita Azul?<br \/>R: o granito labradorita \u00e9 uma pedra natural composta principalmente de feldspato labradorita e v\u00e1rios outros minerais.<\/p>\n<p>P: Qual \u00e9 a cor do Granito Labradorita?<br \/>R: Como o nome sugere, o Labradorite Granite tem uma tonalidade cinza-azulada com flashes iridescentes de azul, verde e dourado.<\/p>\n<p>P: De onde vem o Granito Labradorita?<br \/>R: O Granito Labradorita \u00e9 proveniente de pedreiras localizadas principalmente em Madagascar e no Brasil.<\/p>\n<p>P: Quais s\u00e3o os usos comuns do Granito Labradorita?<br \/>R: Labradorite Blue Granite \u00e9 comumente usado para bancadas de cozinha, vaidades de banheiro, pisos e lareiras. Tamb\u00e9m \u00e9 usado em projetos de paisagismo e exteriores.<\/p>\n<p>P: O Granito Labradorita \u00e9 um material dur\u00e1vel?<br \/>R: Sim, o Labradorite Granite \u00e9 um material altamente dur\u00e1vel, resistente a arranh\u00f5es, calor e manchas. Tamb\u00e9m \u00e9 f\u00e1cil de manter com limpeza regular.<\/p>\n<p>P: O Granito Labradorite pode ser usado em aplica\u00e7\u00f5es externas?<br \/>R: Sim, o Granito Labradorita \u00e9 adequado para uso externo, pois \u00e9 resistente \u00e0s intemp\u00e9ries e \u00e0 exposi\u00e7\u00e3o aos raios UV.<\/p>\n<p>P: O Granito Labradorita \u00e9 caro?<br \/>R: Labradorite Granite \u00e9 uma pedra de pre\u00e7o moderado. O custo pode variar dependendo da qualidade da pedra, do tamanho do projeto e da localiza\u00e7\u00e3o do fornecedor.<\/p>\n<p>P: Como posso manter a beleza das minhas bancadas de granito azul labradorita?<br \/>R: Para manter a beleza de suas bancadas de Granito Labradorite, limpe-as regularmente com uma solu\u00e7\u00e3o de \u00e1gua e sab\u00e3o neutro. Evite usar produtos qu\u00edmicos agressivos ou produtos de limpeza abrasivos que possam danificar a superf\u00edcie da pedra. Al\u00e9m disso, feche as bancadas anualmente para evitar manchas e danos causados pela \u00e1gua.<\/p>","protected":false},"excerpt":{"rendered":"<p>Labradorite Blue Granite \u00e9 composto principalmente de onfacite, a textura \u00e9 delicada e a luz \u00e9 super sonhadora, penetrante no gelo, e a cabe\u00e7a d&#039;\u00e1gua \u00e9 excelente, discreta mas n\u00e3o opaca, elegante mas despretensiosa, a jadeita azul \u00e9 t\u00e3o bonita e sonhadora como a cor do mar e do c\u00e9u. Comparado\u2026<\/p><\/p>","protected":false},"featured_media":5810,"comment_status":"closed","ping_status":"closed","template":"","meta":[],"product_brand":[],"product_cat":[205],"product_tag":[176,200,177,206,178,180,181,182],"class_list":{"0":"post-2800","1":"product","2":"type-product","3":"status-publish","4":"has-post-thumbnail","6":"product_cat-granite","7":"product_tag-bathrooms","8":"product_tag-blue","9":"product_tag-floors","10":"product_tag-granite","11":"product_tag-kitchens","12":"product_tag-slabs","13":"product_tag-tiles","14":"product_tag-walls","16":"first","17":"instock","18":"product-type-simple"},"_links":{"self":[{"href":"https:\/\/www.quartzite-stone.com\/pt\/wp-json\/wp\/v2\/product\/2800","targetHints":{"allow":["GET"]}}],"collection":[{"href":"https:\/\/www.quartzite-stone.com\/pt\/wp-json\/wp\/v2\/product"}],"about":[{"href":"https:\/\/www.quartzite-stone.com\/pt\/wp-json\/wp\/v2\/types\/product"}],"replies":[{"embeddable":true,"href":"https:\/\/www.quartzite-stone.com\/pt\/wp-json\/wp\/v2\/comments?post=2800"}],"wp:featuredmedia":[{"embeddable":true,"href":"https:\/\/www.quartzite-stone.com\/pt\/wp-json\/wp\/v2\/media\/5810"}],"wp:attachment":[{"href":"https:\/\/www.quartzite-stone.com\/pt\/wp-json\/wp\/v2\/media?parent=2800"}],"wp:term":[{"taxonomy":"product_brand","embeddable":true,"href":"https:\/\/www.quartzite-stone.com\/pt\/wp-json\/wp\/v2\/product_brand?post=2800"},{"taxonomy":"product_cat","embeddable":true,"href":"https:\/\/www.quartzite-stone.com\/pt\/wp-json\/wp\/v2\/product_cat?post=2800"},{"taxonomy":"product_tag","embeddable":true,"href":"https:\/\/www.quartzite-stone.com\/pt\/wp-json\/wp\/v2\/product_tag?post=2800"}],"curies":[{"name":"wp","href":"https:\/\/api.w.org\/{rel}","templated":true}]}}