{"id":2748,"date":"2022-07-04T23:58:49","date_gmt":"2022-07-04T15:58:49","guid":{"rendered":"https:\/\/www.quartzite-stone.com\/product\/pink-lady-cristallo-quartzite\/"},"modified":"2023-06-27T12:09:17","modified_gmt":"2023-06-27T04:09:17","slug":"quartzito-rosa-senhora-cristallo","status":"publish","type":"product","link":"https:\/\/www.quartzite-stone.com\/pt\/products\/pink-lady-cristallo-quartzite\/","title":{"rendered":"Pink Lady Cristallo Quartzito"},"content":{"rendered":"<p>INFORMA\u00c7\u00d5ES ADICIONAIS<\/p>\n<table>\n<tbody>\n<tr>\n<td width=\"124\"><strong>MATERIAL<\/strong><\/td>\n<td width=\"444\">Quartzito<\/td>\n<\/tr>\n<tr>\n<td width=\"124\"><strong>COR<\/strong><\/td>\n<td width=\"444\">Rosa<\/td>\n<\/tr>\n<tr>\n<td width=\"124\"><strong>PA\u00cdS DE ORIGEM<\/strong><\/td>\n<td width=\"444\">Brasil<\/td>\n<\/tr>\n<tr>\n<td width=\"124\"><strong>ACABAMENTO DE SUPERF\u00cdCIE<\/strong><\/td>\n<td width=\"444\">Polido, afiado, couro<\/td>\n<\/tr>\n<tr>\n<td width=\"124\"><strong>USAR<\/strong><\/td>\n<td width=\"444\">Cozinhas, Banheiros, Pisos, Paredes, Azulejos, Lajes<\/td>\n<\/tr>\n<tr>\n<td width=\"124\"><strong>DISPONIBILIDADE<\/strong><\/td>\n<td width=\"444\">Verificar a disponibilidade de stock junto da HRST STONE para efetuar a visita.<\/p>\n<p>Amostras de pedra tamb\u00e9m n\u00e3o est\u00e3o dispon\u00edveis para cada sele\u00e7\u00e3o de pedra, por favor, pergunte a disponibilidade.<\/p>\n<\/td>\n<\/tr>\n<\/tbody>\n<\/table>\n<p>Pink Lady Cristallo Quartzite \u00e9 puro quartzo totalmente transl\u00facido com um fundo branco rosado e finos veios bege rosa e dourado. Se voc\u00ea quer uma bancada rosa legal que lhe d\u00ea um clima feminino, escolha Quartzito Pink Lady Cristallo. Este quartzito Pink Lady Cristallo apresenta um fundo rosa frio com texturas douradas, criando uma apar\u00eancia multidimensional em toda a ard\u00f3sia. Pink Lady Cristallo Quartzite \u00e9 perfeito para aplica\u00e7\u00f5es de cozinha e banheiro, bem como espa\u00e7os ao ar livre.<\/p>\n<p>Cristallo \u00e9 um quartzito branco elegante caracterizado por um fundo branco incomum com texturas finas de bege e cinza que acentuam o car\u00e1ter cristalino natural do material.<\/p>\n<p>Pink Cristallo Pink \u00e9 um quartzo puro e totalmente transl\u00facido com um fundo branco rosado e uma fina textura bege rosa e ouro. Seus tons sutis criam um ambiente suave e arejado que transmite uma sensa\u00e7\u00e3o de eleg\u00e2ncia.<\/p>\n<p><img decoding=\"async\" class=\"aligncenter\" src=\"https:\/\/data.adwebcloud.com\/public\/material\/220426a7q47o\/product\/imageFile_1664271819567.jpg\" alt=\"\" \/><\/p>\n<p>Este quartzito em particular vem em belos tons suaves de rosa, variando de rosa blush a salm\u00e3o ou coral. O intrincado padr\u00e3o granulado do Pink Lady Cristallo Quartz aumenta ainda mais seu apelo visual. Essas texturas variam em cor, muitas vezes aparecendo em branco, creme, cinza ou at\u00e9 mesmo um toque de ouro, que contrasta muito bem com o fundo rosa.<\/p>\n<p><img decoding=\"async\" class=\"aligncenter\" src=\"https:\/\/data.adwebcloud.com\/public\/material\/220426a7q47o\/product\/imageFile_1664271820373.jpg\" alt=\"\" \/><\/p>\n<p>A pedra de quartzo Pink Lady Cristallo tem muitos usos. \u00c9 comumente usado em bancadas de cozinha, vaidades de banheiro, backsplashes e revestimento de piso ou parede. Seu visual sofisticado o torna uma escolha popular para criar uma pe\u00e7a marcante ou ponto focal em projetos de design de interiores.<\/p>\n<p>Ao selecionar Pink Lady Cristallo Quartz, \u00e9 importante observar que a varia\u00e7\u00e3o de textura e cor \u00e9 uma caracter\u00edstica inerente \u00e0 pedra natural. Recomenda-se revisar e selecionar as placas espec\u00edficas que voc\u00ea pretende usar para garantir que elas se encaixem na sua vis\u00e3o de design.<\/p>\n<p><img decoding=\"async\" class=\"aligncenter\" src=\"https:\/\/data.adwebcloud.com\/public\/material\/220426a7q47o\/product\/imageFile_1664271821149.jpg\" alt=\"\" \/><\/p>\n<p>No geral, Pink Lady Cristallo Quartz \u00e9 uma pedra radiante e dur\u00e1vel com uma tonalidade rosa suave e gr\u00e3os atraentes. Sua beleza, resist\u00eancia e versatilidade fazem dele uma \u00f3tima op\u00e7\u00e3o para agregar eleg\u00e2ncia e sofistica\u00e7\u00e3o a qualquer ambiente.<\/p><\/p>","protected":false},"excerpt":{"rendered":"<p>Pink Lady Cristallo Quartzite \u00e9 puro quartzo totalmente transl\u00facido com um fundo branco rosado e finos veios bege rosa e dourado. Se voc\u00ea quer uma bancada rosa legal que lhe d\u00ea um clima feminino, escolha Quartzito Pink Lady Cristallo. Este Quartzito Pink Lady Cristallo apresenta um \u2026<\/p>","protected":false},"featured_media":7245,"comment_status":"closed","ping_status":"closed","template":"","meta":[],"product_brand":[],"product_cat":[195],"product_tag":[988,989,993,994,995,990,991,992],"class_list":{"0":"post-2748","1":"product","2":"type-product","3":"status-publish","4":"has-post-thumbnail","6":"product_cat-quartzite","7":"product_tag-cristallo-rosa-quartzite","8":"product_tag-pink-cristallo-quartzite","9":"product_tag-pink-lady-cristallo-quartzite-slabs","10":"product_tag-pink-lady-cristallo-quartzite-tiles","11":"product_tag-pink-lady-cristallo-quartzite-walls","12":"product_tag-pink-lady-quartzite","13":"product_tag-pink-quartzite","14":"product_tag-rosa-quartzite","16":"first","17":"instock","18":"product-type-simple"},"_links":{"self":[{"href":"https:\/\/www.quartzite-stone.com\/pt\/wp-json\/wp\/v2\/product\/2748","targetHints":{"allow":["GET"]}}],"collection":[{"href":"https:\/\/www.quartzite-stone.com\/pt\/wp-json\/wp\/v2\/product"}],"about":[{"href":"https:\/\/www.quartzite-stone.com\/pt\/wp-json\/wp\/v2\/types\/product"}],"replies":[{"embeddable":true,"href":"https:\/\/www.quartzite-stone.com\/pt\/wp-json\/wp\/v2\/comments?post=2748"}],"wp:featuredmedia":[{"embeddable":true,"href":"https:\/\/www.quartzite-stone.com\/pt\/wp-json\/wp\/v2\/media\/7245"}],"wp:attachment":[{"href":"https:\/\/www.quartzite-stone.com\/pt\/wp-json\/wp\/v2\/media?parent=2748"}],"wp:term":[{"taxonomy":"product_brand","embeddable":true,"href":"https:\/\/www.quartzite-stone.com\/pt\/wp-json\/wp\/v2\/product_brand?post=2748"},{"taxonomy":"product_cat","embeddable":true,"href":"https:\/\/www.quartzite-stone.com\/pt\/wp-json\/wp\/v2\/product_cat?post=2748"},{"taxonomy":"product_tag","embeddable":true,"href":"https:\/\/www.quartzite-stone.com\/pt\/wp-json\/wp\/v2\/product_tag?post=2748"}],"curies":[{"name":"wp","href":"https:\/\/api.w.org\/{rel}","templated":true}]}}