{"id":2715,"date":"2022-07-04T23:57:22","date_gmt":"2022-07-04T15:57:22","guid":{"rendered":"https:\/\/www.quartzite-stone.com\/product\/oyster-white-quartzite\/"},"modified":"2023-06-27T16:28:14","modified_gmt":"2023-06-27T08:28:14","slug":"quartzito-branco-ostra","status":"publish","type":"product","link":"https:\/\/www.quartzite-stone.com\/pt\/products\/oyster-white-quartzite\/","title":{"rendered":"Quartzito Branco Ostra"},"content":{"rendered":"<p>INFORMA\u00c7\u00d5ES ADICIONAIS<\/p>\n<table>\n<tbody>\n<tr>\n<td width=\"124\"><strong>MATERIAL<\/strong><\/td>\n<td width=\"444\">Granito<\/td>\n<\/tr>\n<tr>\n<td width=\"124\"><strong>COR<\/strong><\/td>\n<td width=\"444\">creme<\/td>\n<\/tr>\n<tr>\n<td width=\"124\"><strong>PA\u00cdS DE ORIGEM<\/strong><\/td>\n<td width=\"444\">Brasil<\/td>\n<\/tr>\n<tr>\n<td width=\"124\"><strong>ACABAMENTO DE SUPERF\u00cdCIE<\/strong><\/td>\n<td width=\"444\">Polido, afiado, couro<\/td>\n<\/tr>\n<tr>\n<td width=\"124\"><strong>USAR<\/strong><\/td>\n<td width=\"444\">Cozinhas, Banheiros, Pisos, Paredes, Azulejos, Lajes<\/td>\n<\/tr>\n<tr>\n<td width=\"124\"><strong>DISPONIBILIDADE<\/strong><\/td>\n<td width=\"444\">Verificar a disponibilidade de stock junto da HRST STONE para efetuar a visita.<\/p>\n<p>Amostras de pedra tamb\u00e9m n\u00e3o est\u00e3o dispon\u00edveis para cada sele\u00e7\u00e3o de pedra, por favor, pergunte a disponibilidade.<\/p>\n<\/td>\n<\/tr>\n<\/tbody>\n<\/table>\n<p>O Oyster White Quartzite parece contempor\u00e2neo com seus padr\u00f5es em camadas, texturizados e manchados - &#039;efeitos especiais&#039; que a Natureza fornece h\u00e1 mil\u00eanios. As cores deste m\u00e1rmore, do branco ao cinza claro e escuro, podem ser combinadas com outros materiais para muitas aplica\u00e7\u00f5es e usadas para os melhores projetos de design que exigem um toque especial.<\/p>\n<p>O Oyster White Quartzite \u00e9 uma pedra natural branca com texturas cinza claro, preto e verde. Esta pedra tem uma certa transmiss\u00e3o de luz. As tr\u00eas cores de branco, preto e verde na superf\u00edcie da laje s\u00e3o intercaladas, e a imagem tem a sensa\u00e7\u00e3o de ostras.<\/p>\n<p><img decoding=\"async\" class=\"aligncenter\" src=\"https:\/\/data.adwebcloud.com\/public\/material\/220426a7q47o\/product\/imageFile_1664271807933.jpg\" alt=\"\" \/><\/p>\n<p>A cor do Quartzito Oyster White pode variar do branco cremoso ao cinza claro, lembrando os tons suaves e sutis das conchas de ostras. Esta paleta de cores neutras permite que ela se misture perfeitamente com v\u00e1rios estilos de design e esquemas de cores. A pedra geralmente exibe uma leve translucidez, dando-lhe uma profundidade \u00fanica e um interesse visual.<\/p>\n<p>Uma das caracter\u00edsticas not\u00e1veis do Oyster White Quartzite s\u00e3o seus belos veios e padr\u00f5es. Pode apresentar veios delicados em tons de cinza, bege ou at\u00e9 mesmo toques de azul claro ou verde. Esses veios adicionam dimens\u00e3o e car\u00e1ter \u00e0 pedra, criando um visual cativante e sofisticado.<\/p>\n<p><img decoding=\"async\" class=\"aligncenter\" src=\"https:\/\/data.adwebcloud.com\/public\/material\/220426a7q47o\/product\/imageFile_1664271808809.jpg\" alt=\"\" \/><\/p>\n<p>Al\u00e9m de seu apelo est\u00e9tico, o Oyster White Quartzite oferece excelente durabilidade e desempenho. Possui alta resist\u00eancia ao calor, arranh\u00f5es e manchas, tornando-o adequado para uma ampla gama de aplica\u00e7\u00f5es. \u00c9 comumente usado para bancadas, backsplashes, pisos e revestimentos de paredes em ambientes residenciais e comerciais.<\/p>\n<p>O Oyster White Quartzite oferece uma apar\u00eancia atemporal e cl\u00e1ssica, tornando-o vers\u00e1til para uma variedade de temas de design de interiores. Combina bem com diferentes acabamentos de arm\u00e1rios, materiais de piso e elementos decorativos, permitindo infinitas possibilidades na cria\u00e7\u00e3o de espa\u00e7os elegantes e coesos.<\/p>\n<p><img decoding=\"async\" class=\"aligncenter\" src=\"https:\/\/data.adwebcloud.com\/public\/material\/220426a7q47o\/product\/imageFile_1664271809722.jpg\" alt=\"\" \/><\/p>\n<p>O Oyster White Quartzite oferece uma apar\u00eancia atemporal e cl\u00e1ssica, tornando-o vers\u00e1til para uma variedade de temas de design de interiores. Combina bem com diferentes acabamentos de arm\u00e1rios, materiais de piso e elementos decorativos, permitindo infinitas possibilidades na cria\u00e7\u00e3o de espa\u00e7os elegantes e coesos.<\/p>\n<p>Ao selecionar o Oyster White Quartzite, \u00e9 importante ter em mente que as varia\u00e7\u00f5es de cor, veios e padr\u00f5es s\u00e3o inerentes \u00e0 pedra natural. \u00c9 aconselh\u00e1vel visualizar e escolher as placas espec\u00edficas que pretende usar para garantir que atendam aos requisitos est\u00e9ticos desejados.<\/p>\n<p>Em resumo, o Oyster White Quartzite \u00e9 uma pedra natural sofisticada e dur\u00e1vel com uma paleta de cores neutras e veios intrincados. A sua versatilidade, aliada \u00e0 sua robustez e eleg\u00e2ncia, tornam-no uma escolha popular para adicionar um toque de sofistica\u00e7\u00e3o a qualquer espa\u00e7o residencial ou comercial.<\/p><\/p>","protected":false},"excerpt":{"rendered":"<p>O Oyster White Quartzite parece contempor\u00e2neo com seus padr\u00f5es em camadas, texturizados e manchados - &#039;efeitos especiais&#039; que a Natureza fornece h\u00e1 mil\u00eanios. As cores desse m\u00e1rmore, do branco ao cinza claro e escuro, podem ser combinadas com outros materiais para diversas aplica\u00e7\u00f5es e utilizadas para \u2026<\/p>","protected":false},"featured_media":7322,"comment_status":"closed","ping_status":"closed","template":"","meta":[],"product_brand":[],"product_cat":[195],"product_tag":[1023,1024,1025,1026,1028,1027,1029,1030],"class_list":{"0":"post-2715","1":"product","2":"type-product","3":"status-publish","4":"has-post-thumbnail","6":"product_cat-quartzite","7":"product_tag-oyster-white-quartzite-bathrooms","8":"product_tag-oyster-white-quartzite-countertop","9":"product_tag-oyster-white-quartzite-floors","10":"product_tag-oyster-white-quartzite-kitchens","11":"product_tag-oyster-white-quartzite-slabs","12":"product_tag-oyster-white-quartzite-table","13":"product_tag-oyster-white-quartzite-tiles","14":"product_tag-oyster-white-quartzite-walls","16":"first","17":"instock","18":"product-type-simple"},"_links":{"self":[{"href":"https:\/\/www.quartzite-stone.com\/pt\/wp-json\/wp\/v2\/product\/2715","targetHints":{"allow":["GET"]}}],"collection":[{"href":"https:\/\/www.quartzite-stone.com\/pt\/wp-json\/wp\/v2\/product"}],"about":[{"href":"https:\/\/www.quartzite-stone.com\/pt\/wp-json\/wp\/v2\/types\/product"}],"replies":[{"embeddable":true,"href":"https:\/\/www.quartzite-stone.com\/pt\/wp-json\/wp\/v2\/comments?post=2715"}],"wp:featuredmedia":[{"embeddable":true,"href":"https:\/\/www.quartzite-stone.com\/pt\/wp-json\/wp\/v2\/media\/7322"}],"wp:attachment":[{"href":"https:\/\/www.quartzite-stone.com\/pt\/wp-json\/wp\/v2\/media?parent=2715"}],"wp:term":[{"taxonomy":"product_brand","embeddable":true,"href":"https:\/\/www.quartzite-stone.com\/pt\/wp-json\/wp\/v2\/product_brand?post=2715"},{"taxonomy":"product_cat","embeddable":true,"href":"https:\/\/www.quartzite-stone.com\/pt\/wp-json\/wp\/v2\/product_cat?post=2715"},{"taxonomy":"product_tag","embeddable":true,"href":"https:\/\/www.quartzite-stone.com\/pt\/wp-json\/wp\/v2\/product_tag?post=2715"}],"curies":[{"name":"wp","href":"https:\/\/api.w.org\/{rel}","templated":true}]}}