{"id":2696,"date":"2022-07-04T23:57:22","date_gmt":"2022-07-04T15:57:22","guid":{"rendered":"https:\/\/www.quartzite-stone.com\/product\/taj-mahal-quartzite\/"},"modified":"2023-06-27T15:21:27","modified_gmt":"2023-06-27T07:21:27","slug":"taj-mahal-quartzito","status":"publish","type":"product","link":"https:\/\/www.quartzite-stone.com\/pt\/products\/taj-mahal-quartzite\/","title":{"rendered":"Quartzito Taj Mahal"},"content":{"rendered":"<p>O quartzito Taj Mahal apresenta um fundo branco suave e veios dourados sutis. O quartzito totalmente natural \u00e9 mais dur\u00e1vel do que o granito e \u00e9 conhecido por seus veios finos e dram\u00e1ticos, como o m\u00e1rmore. Use esta elegante pedra natural para criar belas bancadas de quartzito, ilhas em cascata, pisos e paredes de destaque em toda a casa e propriedades comerciais. As lajes est\u00e3o dispon\u00edveis em acabamentos escovados e polidos.<\/p>\n<p>Taj Mahal tem tons creme suaves e veios castanhos claros e dourados muito sutis. Tornou-se uma pedra natural muito procurada devido \u00e0 sua semelhan\u00e7a com o m\u00e1rmore branco. Mas como a maquiagem do Taj Mahal oferece um perfil muito mais denso do que o Marble, nossos clientes s\u00e3o capazes de obter a apar\u00eancia neutra e \u00fanica que o Marble oferece sem qualquer corros\u00e3o ou colora\u00e7\u00e3o.<\/p>\n<p><img fetchpriority=\"high\" decoding=\"async\" src=\"https:\/\/data.adwebcloud.com\/public\/material\/220426a7q47o\/product\/TajMahalQuartzite2_1687850254894.jpg\" width=\"750\" height=\"750\" alt=\"\" \/><\/p>\n<p>Uma das raz\u00f5es pelas quais esta pedra natural \u00e9 t\u00e3o popular \u00e9 que ela reproduz lindamente a apar\u00eancia do m\u00e1rmore, apesar da dureza e durabilidade do granito. A ard\u00f3sia do Taj Mahal ter\u00e1 ondas largas e redemoinhos de cores e estrias interessantes - n\u00e3o tanto a apar\u00eancia salpicada ou manchada comum ao granito, mas o marmoreio suave em toda a pedra. As cores s\u00e3o geralmente quentes, branco com creme bege ou marmoreado bege, ou \u00e0s vezes taupe arenoso. No geral, essa bancada tem cor clara e funciona bem em cozinhas com tons quentes e neutros.<\/p>\n<p><img decoding=\"async\" src=\"https:\/\/data.adwebcloud.com\/public\/material\/220426a7q47o\/product\/TajMahalQuartzite5_1687850269222.jpg\" width=\"720\" height=\"720\" alt=\"\" \/><\/p>\n<p>O quartzito taj mahal da moda apresenta um fundo branco suave com veios dourados sutis. Todos <a href=\"https:\/\/www.quartzite-stone.com\/pt\/quartzito\/\">quartzito natural<\/a> \u00e9 mais dur\u00e1vel que o granito e \u00e9 conhecido por seus veios finos e marcantes.<\/p>\n<table>\n<tbody>\n<tr>\n<td width=\"47\">Nome do Produto<\/td>\n<td width=\"702\">Quartzito Taj Mahal brasileiro polido natural ex\u00f3tico<\/td>\n<\/tr>\n<tr>\n<td width=\"47\">Material<\/td>\n<td width=\"702\">M\u00e1rmore, granito, ard\u00f3sia, quartzito, arenito, basalto, travertino, calc\u00e1rio, \u00e1gata, etc.<\/td>\n<\/tr>\n<tr>\n<td width=\"47\">cor<\/td>\n<td width=\"702\">branco, preto, cinza, marrom, vermelho, amarelo, verde, azul, etc.<\/td>\n<\/tr>\n<tr>\n<td width=\"47\">Tamanhos populares de placas grandes<\/td>\n<td width=\"702\">240up x 120up cm, 240up x 130up cm, 250up x 120up cm, 250up x 130up cm, 260up x 140up cm, 260up x 150up cm ou outros tamanhos de acordo com os requisitos do cliente<\/td>\n<\/tr>\n<tr>\n<td width=\"47\">Tamanhos populares de prancha pequena (meia)<\/td>\n<td width=\"702\">240up x 60cm\/70cm\/80cm, 250up x 60cm\/70cm\/80cm, 250up x 60cm\/70cm\/80cm, 250up x 60cm\/70cm\/80cm, outros tamanhos de acordo com os requisitos do cliente<\/td>\n<\/tr>\n<tr>\n<td width=\"47\">Tamanhos populares de ladrilhos<\/td>\n<td width=\"702\">305x305mm, 300x600mm, 305x610mm, 400x400mm, 457x457mm, 400x800mm, 600x600mm, 900x900mm, 1200x500mm, 1200x600mm, etc.<\/td>\n<\/tr>\n<tr>\n<td width=\"47\">espessura usual<\/td>\n<td width=\"702\">10mm, 12mm, 15mm, 18mm, 20mm, 25mm, 30mm, etc.<\/td>\n<\/tr>\n<tr>\n<td width=\"47\">Terminar<\/td>\n<td width=\"702\">Polimento, brunimento, decapagem, entalhamento de linhas, etc.<\/td>\n<\/tr>\n<tr>\n<td width=\"47\">mais produtos<\/td>\n<td width=\"702\">Lajes cortadas \u00e0 medida, ladrilhos e pavimentos, bancadas, mosaicos, lava-loi\u00e7as em pedra, banheiras, bases de duche, revestimento de paredes, rebordos, pedras soltas, pedras de cogumelo, pedras de pavimenta\u00e7\u00e3o, coberturas e pavimentos de piscinas, trampolins, bancadas, seixos, fontes, esculturas e outras pedras de jardim etc.<\/td>\n<\/tr>\n<tr>\n<td width=\"47\">Pacote<\/td>\n<td width=\"702\">Forte fumiga\u00e7\u00e3o de caixas de madeira, paletes de madeira, feixes de madeira, etc.<\/td>\n<\/tr>\n<tr>\n<td width=\"47\">amostra<\/td>\n<td width=\"702\">Amostras gr\u00e1tis ser\u00e3o fornecidas mediante solicita\u00e7\u00e3o.<\/td>\n<\/tr>\n<\/tbody>\n<\/table>\n<h3 style=\"font-size: 19px\"><strong><b>Informa\u00e7\u00f5es adicionais<\/b><\/strong><\/h3>\n<table>\n<tbody>\n<tr>\n<td width=\"124\"><strong>MATERIAL<\/strong><\/td>\n<td width=\"444\">Quartzito<\/td>\n<\/tr>\n<tr>\n<td width=\"124\"><strong>COR<\/strong><\/td>\n<td width=\"444\">bege, branco<\/td>\n<\/tr>\n<tr>\n<td width=\"124\"><strong>PA\u00cdS DE ORIGEM<\/strong><\/td>\n<td width=\"444\">Brasil<\/td>\n<\/tr>\n<tr>\n<td width=\"124\"><strong>ACABAMENTO DE SUPERF\u00cdCIE<\/strong><\/td>\n<td width=\"444\">Polido, afiado, couro<\/td>\n<\/tr>\n<tr>\n<td width=\"124\"><strong>USAR<\/strong><\/td>\n<td width=\"444\">Cozinhas, Banheiros, Pisos, Paredes, Azulejos, Lajes<\/td>\n<\/tr>\n<tr>\n<td width=\"124\"><strong>DISPONIBILIDADE<\/strong><\/td>\n<td width=\"444\">Verificar a disponibilidade de stock junto da HRST STONE para efetuar a visita.<\/p>\n<p>Amostras de pedra tamb\u00e9m n\u00e3o est\u00e3o dispon\u00edveis para cada sele\u00e7\u00e3o de pedra, por favor, pergunte a disponibilidade.<\/p>\n<\/td>\n<\/tr>\n<\/tbody>\n<\/table>\n<p>&nbsp;<\/p>\n<h3 style=\"font-size: 19px\"><strong>Perguntas frequentes sobre o quartzito Taj Mahal<\/strong><\/h3>\n<p><strong><img decoding=\"async\" src=\"https:\/\/data.adwebcloud.com\/public\/material\/220426a7q47o\/product\/TajMahalQuartzite8_1687850283133.jpg\" width=\"750\" height=\"600\" alt=\"\" \/><\/strong><\/p>\n<p>1. Existe verde no quartzito Taj Mahal?<\/p>\n<p>Muitos esquemas de cores t\u00eam tons de terra, mas voc\u00ea ainda encontrar\u00e1 combina\u00e7\u00f5es de branco, roxo e verde. Poucas lajes de quartzito t\u00eam uma cor rosa, o que as torna mais adequadas para a cozinha. Se voc\u00ea for como todo mundo, vai querer escolher bege para o quartzito Taj Mahal.<\/p>\n<p>&nbsp;<\/p>\n<p>2. Com que cor de tinta combina o quartzito taj mahal da moda?<\/p>\n<p>O Taj Mahal \u00e9 bem feito porque tem um acabamento macio (sem manchas) e uma mistura de tons de cinza\/cinza\/creme, se voc\u00ea encontrar a pastilha certa. Felizmente sim, e escolhi um pouco de cinza para combinar com os arm\u00e1rios e paredes da cozinha. Voc\u00ea sabe, quando se trata de escolher cores de tinta, voc\u00ea sempre come\u00e7a com um dado em seu projeto.<\/p>\n<p>&nbsp;<img loading=\"lazy\" decoding=\"async\" src=\"https:\/\/data.adwebcloud.com\/public\/material\/220426a7q47o\/product\/TajMahalQuartzite9_1687850297371.jpg\" width=\"852\" height=\"852\" alt=\"\" \/><\/p>\n<p>3. Como \u00e9 o quartzito Taj Mahal?<\/p>\n<p>O quartzito Taj Mahal tem uma apar\u00eancia suave, o m\u00e1rmore branco \u00e9 de cor muito clara e \u00e9 t\u00e3o denso e dur\u00e1vel quanto o granito. N\u00e3o deve ser confundido com material de bancada de quartzo, este \u00e9 um produto de pedra natural. Tem uma bela riqueza e profundidade.<\/p>\n<p>&nbsp;<\/p>\n<p>4. O quartzito taj mahal \u00e9 uma boa escolha?<\/p>\n<p>Alguns materiais de bancada de cozinha s\u00e3o f\u00e1ceis de arranhar, mas o Taj Mahal n\u00e3o \u00e9 um deles. A dureza o torna um material dur\u00e1vel; muitas pessoas aspiram. Al\u00e9m de muito duros, os aut\u00eanticos quartzitos, inclusive do Taj Mahal, n\u00e3o s\u00e3o t\u00e3o porosos quanto outras pedras naturais.<\/p>\n<p>&nbsp;<\/p>\n<p>5. O quartzito taj mahal da moda \u00e9 f\u00e1cil de tingir?<\/p>\n<p>Geralmente, os quartzitos, como as p\u00e9rolas do mar e o Taj Mahal, t\u00eam minerais altamente ligados, enquanto o Macaubas pode estar sob menos press\u00e3o, tornando-o poroso e sujeito a manchas. Use selantes para evitar manchas de utens\u00edlios dom\u00e9sticos comuns.<\/p>\n<p>&nbsp;<\/p>\n<p>6. O taj mahal fashion \u00e9 cinza quartzito?<\/p>\n<p>A cor do quartzito puro geralmente varia do branco ao cinza, mas devido ao conte\u00fado mineral, geralmente vem em uma variedade de tons. O Taj Mahal tem tons suaves de creme e texturas muito sutis de marrom claro e dourado. Devido \u00e0 sua semelhan\u00e7a com o m\u00e1rmore branco, tornou-se uma pedra natural muito procurada.<\/p>\n<p>&nbsp;<\/p>\n<p>7. Para que tipo de porta traseira o Quartzito Taj Mahal \u00e9 adequado?<\/p>\n<p>As bancadas de quartzito Taj Mahal na cozinha s\u00e3o relativamente suaves em cor e design e combinam perfeitamente com o backsplash Walker Zanger Duquesa mais ousado.<\/p>\n<p>&nbsp;<\/p>\n<p>8. O que \u00e9 melhor para o quartzito Taj Mahal?<\/p>\n<p>Os tons quentes do Taj Mahal o tornam uma alternativa ideal para as populares bancadas brancas lisas. Com arm\u00e1rios esbranqui\u00e7ados, bege ou creme, os propriet\u00e1rios e designers podem criar uma apar\u00eancia que imita as linhas simples e limpas de uma cozinha toda branca, mas a atmosfera geral \u00e9 mais suave e acolhedora.<\/p>\n<p>&nbsp;<\/p>\n<p>9. O quartzito taj mahal vale a pena?<\/p>\n<p>O quartzito Taj Mahal \u00e9 uma pedra luxuosa que geralmente custa mais do que o granito, que \u00e9 muito comum. Literalmente, por\u00e9m, o quartzito vale bem seu peso em ouro. Al\u00e9m do pre\u00e7o, cor e um pouco de durabilidade; granito e quartzito s\u00e3o compar\u00e1veis.<\/p>\n<p>&nbsp;<\/p>\n<p>10. Quanto custa uma pe\u00e7a de quartzito taj mahal da moda?<\/p>\n<p>O quartzo Taj Mahal \u00e9 popular por sua apar\u00eancia de m\u00e1rmore claro e desempenho sem precedentes em \u00e1reas de alto tr\u00e1fego. Embora custe cerca de $220 por p\u00e9 quadrado para instalar, este material \u00fanico certamente atrair\u00e1 qualquer pessoa que entrar em sua casa.<\/p>\n<p>&nbsp;<\/p>\n<p>11. Qual \u00e9 o quartzito taj mahal da moda mais popular?<\/p>\n<p>O branco \u00e1rtico \u00e9 provavelmente uma das cores de quartzito mais populares do mercado. Ele se mistura facilmente com qualquer cor de arm\u00e1rio, deixando a cozinha e o banheiro lindos e luminosos. Se voc\u00ea tem um arm\u00e1rio preto, branco ou de madeira natural, Arctic White \u00e9 uma \u00f3tima escolha.<\/p>\n<p>&nbsp;<\/p>\n<p>12. O quartzito taj mahal \u00e9 um quartzito macio?<\/p>\n<p>O Taj Mahal \u00e9 um verdadeiro quartzito que nunca deve ser riscado. Por\u00e9m, por ser duro, os peda\u00e7os de metal que frequentemente o arranham v\u00e3o cair da bancada. Qualquer coisa anunciada como \u201cquartzito macio\u201d \u00e9 na verdade uma dolomita contendo uma mistura de c\u00e1lcio e quartzo.<\/p>\n<p>&nbsp;<\/p>\n<p>13. O quartzito taj mahal \u00e9 quebradi\u00e7o?<\/p>\n<p>Em ess\u00eancia, o quartzito Taj Mahal oferece toda a beleza desses m\u00e1rmores sem sua fragilidade habitual. O quartzito taj mahal \u00e9 uma \u00f3tima alternativa de m\u00e1rmore para bancadas de cozinha ou banheiro.<\/p>\n<p>&nbsp;<\/p>\n<p>14. Qual \u00e9 o custo m\u00e9dio de um peda\u00e7o de quartzito taj mahal?<\/p>\n<p>A maioria das placas de quartzito custa entre $50 e $120 por p\u00e9 quadrado. O tamanho m\u00e9dio da laje \u00e9 de aproximadamente 120 polegadas por 77 polegadas, e o custo m\u00e9dio de uma laje completa est\u00e1 entre $3.200 e $7.680. Alguns projetos requerem apenas uma placa, alguns requerem menos de uma placa e alguns requerem duas placas.<\/p>\n<p>&nbsp;<\/p>\n<p>15. D\u00e1 para cortar direto no quartzito?<\/p>\n<p>Sim, voc\u00ea pode cortar alimentos diretamente no macarr\u00e3o de quartzito taj mahal<\/p>\n<p>Ao contr\u00e1rio da ard\u00f3sia natural, que \u00e9 um s\u00f3lido natural, o quartzo \u00e9 uma pedra de engenharia feita de pequenos peda\u00e7os de pedra misturados com resina e compactados. Esta mistura de resina d\u00e1 for\u00e7a e durabilidade \u00e0 bancada de quartzo.<\/p>\n<p>&nbsp;<\/p>\n<p>16. O quartzito taj mahal da moda \u00e9 f\u00e1cil de quebrar?<\/p>\n<p>o quartzito taj mahal \u00e9 de fato mais propenso a quebrar do que a pedra natural. A bancada de quartzito tem menos furos do que algumas outras pedras, mas ainda pode precisar de um selante para evitar manchas.<\/p>\n<div id=\"gtx-trans\">\n<div class=\"gtx-trans-icon\"><\/div>\n<\/div><\/p>","protected":false},"excerpt":{"rendered":"<p>Taj Mahal Quartzite apresenta um fundo branco suave e veios dourados sutis. O quartzito totalmente natural \u00e9 mais dur\u00e1vel do que o granito e \u00e9 conhecido por seus veios finos e dram\u00e1ticos, como o m\u00e1rmore. Use esta elegante pedra natural para criar belas bancadas de quartzito, ilhas em cascata, pisos.<\/p>\n<div id=\"gtx-trans\">\n<div class=\"gtx-trans-icon\"><\/div>\n<\/div>","protected":false},"featured_media":7264,"comment_status":"closed","ping_status":"closed","template":"","meta":[],"product_brand":[],"product_cat":[195],"product_tag":[997,996,1000,998,999,1004,1001,1003,1002],"class_list":{"0":"post-2696","1":"product","2":"type-product","3":"status-publish","4":"has-post-thumbnail","6":"product_cat-quartzite","7":"product_tag-taj-mahal-quartzite","8":"product_tag-taj-mahal-quartzite-bathrooms","9":"product_tag-taj-mahal-quartzite-countertops","10":"product_tag-taj-mahal-quartzite-floors","11":"product_tag-taj-mahal-quartzite-kitchens","12":"product_tag-taj-mahal-quartzite-price","13":"product_tag-taj-mahal-quartzite-slabs","14":"product_tag-taj-mahal-quartzite-table","15":"product_tag-taj-mahal-quartzite-tiles","17":"first","18":"instock","19":"product-type-simple"},"_links":{"self":[{"href":"https:\/\/www.quartzite-stone.com\/pt\/wp-json\/wp\/v2\/product\/2696","targetHints":{"allow":["GET"]}}],"collection":[{"href":"https:\/\/www.quartzite-stone.com\/pt\/wp-json\/wp\/v2\/product"}],"about":[{"href":"https:\/\/www.quartzite-stone.com\/pt\/wp-json\/wp\/v2\/types\/product"}],"replies":[{"embeddable":true,"href":"https:\/\/www.quartzite-stone.com\/pt\/wp-json\/wp\/v2\/comments?post=2696"}],"wp:featuredmedia":[{"embeddable":true,"href":"https:\/\/www.quartzite-stone.com\/pt\/wp-json\/wp\/v2\/media\/7264"}],"wp:attachment":[{"href":"https:\/\/www.quartzite-stone.com\/pt\/wp-json\/wp\/v2\/media?parent=2696"}],"wp:term":[{"taxonomy":"product_brand","embeddable":true,"href":"https:\/\/www.quartzite-stone.com\/pt\/wp-json\/wp\/v2\/product_brand?post=2696"},{"taxonomy":"product_cat","embeddable":true,"href":"https:\/\/www.quartzite-stone.com\/pt\/wp-json\/wp\/v2\/product_cat?post=2696"},{"taxonomy":"product_tag","embeddable":true,"href":"https:\/\/www.quartzite-stone.com\/pt\/wp-json\/wp\/v2\/product_tag?post=2696"}],"curies":[{"name":"wp","href":"https:\/\/api.w.org\/{rel}","templated":true}]}}