{"id":2671,"date":"2022-07-04T23:55:55","date_gmt":"2022-07-04T15:55:55","guid":{"rendered":"https:\/\/www.quartzite-stone.com\/product\/arctic-ocean-quartzite\/"},"modified":"2023-06-27T17:59:14","modified_gmt":"2023-06-27T09:59:14","slug":"quartzito-do-oceano-artico","status":"publish","type":"product","link":"https:\/\/www.quartzite-stone.com\/pt\/products\/arctic-ocean-quartzite\/","title":{"rendered":"Quartzito do Oceano \u00c1rtico"},"content":{"rendered":"<p>INFORMA\u00c7\u00d5ES ADICIONAIS<\/p>\n<table>\n<tbody>\n<tr>\n<td width=\"124\"><strong>MATERIAL<\/strong><\/td>\n<td width=\"444\">Quartzito<\/td>\n<\/tr>\n<tr>\n<td width=\"124\"><strong>COR<\/strong><\/td>\n<td width=\"444\">Cinza<\/td>\n<\/tr>\n<tr>\n<td width=\"124\"><strong>PA\u00cdS DE ORIGEM<\/strong><\/td>\n<td width=\"444\">Brasil<\/td>\n<\/tr>\n<tr>\n<td width=\"124\"><strong>ACABAMENTO DE SUPERF\u00cdCIE<\/strong><\/td>\n<td width=\"444\">Polido, afiado, couro<\/td>\n<\/tr>\n<tr>\n<td width=\"124\"><strong>USAR<\/strong><\/td>\n<td width=\"444\">Cozinhas, Banheiros, Pisos, Paredes, Azulejos, Lajes<\/td>\n<\/tr>\n<tr>\n<td width=\"124\"><strong>DISPONIBILIDADE<\/strong><\/td>\n<td width=\"444\">Verificar a disponibilidade de stock junto da HRST STONE para efetuar a visita.<\/p>\n<p>Amostras de pedra tamb\u00e9m n\u00e3o est\u00e3o dispon\u00edveis para cada sele\u00e7\u00e3o de pedra, por favor, pergunte a disponibilidade.<\/p>\n<\/td>\n<\/tr>\n<\/tbody>\n<\/table>\n<p>O Quartzito do Oceano \u00c1rtico \u00e9 uma pedra natural com fluxos diagonais descritos de branco suave e cinzas com fluxos pretos amplamente espalhados. A cor de fundo cinza glacial exclusiva do Quartzito do Oceano \u00c1rtico, de alta qualidade, mas quente, misturada com textura preta, aumenta instantaneamente o calor do estilo cinza gelado e penetra esse trecho de liberdade em todos os cantos, assim como combinar a beleza da natureza com a natureza. a miss\u00e3o de tutela de pedra para se mudar para casa.<\/p>\n<p>A pr\u00f3pria pedra natural tem as vantagens de anti-incrusta\u00e7\u00e3o, anti-riscos, sa\u00fade e outros materiais que outros materiais n\u00e3o possuem, e \u00e9 mais reconfortante no tranquilo espa\u00e7o dos sonhos.<\/p>\n<p>O Quartzito Azul do Oceano \u00c1rtico \u00e9 adequado para uma variedade de projetos internos e externos: Crie bancadas de granito impressionantes, arrojadas e bonitas O Oceano \u00c1rtico \u00e9 um fundo semi-branco, m\u00e1rmore de tons escuros extra\u00eddo no Canad\u00e1. Esta pedra \u00e9 especialmente adequada para pedra de constru\u00e7\u00e3o, pias, monumentos, topos de piscinas, parapeitos de janelas, pedras ornamentais, interiores, exteriores, paredes, pisos, pavimenta\u00e7\u00e3o e outros projetos de design. Tamb\u00e9m conhecido como Oceano \u00c1rtico, quartzito do Oceano \u00c1rtico, Spirited Away, no mercado de pedras chin\u00eas: Spirited Away (Qi\u0101n y\u01d4 qi\u0101n x\u00fan), Oceano \u00c1rtico (B\u011bib\u012bngy\u00e1ng). Tamb\u00e9m chamado de quartzito em algumas fontes.<\/p>\n<p>O Quartzito do Oceano \u00c1rtico \u00e9 uma pedra natural com fluxos obl\u00edquos de branco p\u00e1lido e cinza bem definidos e um fluxo preto generalizado.<\/p>\n<p>&nbsp;<\/p>\n<p>Caracter\u00edsticas:<\/p>\n<p>Flex\u00e3o e resist\u00eancia ao impacto, forte capacidade de rolamento<\/p>\n<p>Acabamento requintado, excelente antiderrapante<\/p>\n<p>oceano \u00e1rtico quartzito \u00e0 prova de fogo e resistente a altas temperaturas<\/p>\n<p>Boa resist\u00eancia \u00e0 abras\u00e3o, dur\u00e1vel<\/p>\n<p>Denso e espesso, super anti-incrustante<\/p>\n<p>Absor\u00e7\u00e3o de \u00e1gua dupla zero, \u00e0 prova d&#039;\u00e1gua e \u00e0 prova de umidade<\/p>\n<p>A textura \u00e9 avan\u00e7ada e o ambiente \u00e9 quente ao toque<\/p>\n<p>Costuras apertadas estritas, alta planicidade<\/p>\n<p><img decoding=\"async\" class=\"aligncenter\" src=\"https:\/\/data.adwebcloud.com\/public\/material\/220426a7q47o\/product\/imageFile_1664271784238.jpg\" alt=\"\" \/><\/p>\n<p><img decoding=\"async\" class=\"aligncenter\" src=\"https:\/\/data.adwebcloud.com\/public\/material\/220426a7q47o\/product\/imageFile_1664271785117.jpg\" alt=\"\" \/><\/p>\n<p><img decoding=\"async\" class=\"aligncenter\" src=\"https:\/\/data.adwebcloud.com\/public\/material\/220426a7q47o\/product\/imageFile_1664271787650.jpg\" alt=\"\" \/><\/p>\n<p><img decoding=\"async\" class=\"aligncenter\" src=\"https:\/\/data.adwebcloud.com\/public\/material\/220426a7q47o\/product\/imageFile_1664271788680.jpg\" alt=\"\" \/><\/p>\n<p>&nbsp;<\/p><\/p>","protected":false},"excerpt":{"rendered":"<p>O Quartzito do Oceano \u00c1rtico \u00e9 uma pedra natural com fluxos diagonais descritos de branco suave e cinzas com fluxos pretos amplamente espalhados. A cor de fundo cinza glacial exclusiva do Quartzito do Oceano \u00c1rtico, de alta qualidade, mas quente, misturada com textura preta, aumenta instantaneamente o calor do cinza gelado \u2026<\/p>","protected":false},"featured_media":7519,"comment_status":"closed","ping_status":"closed","template":"","meta":[],"product_brand":[],"product_cat":[195],"product_tag":[1128,1132,1130,1131,1136,1133,1134,1135,1006],"class_list":{"0":"post-2671","1":"product","2":"type-product","3":"status-publish","4":"has-post-thumbnail","6":"product_cat-quartzite","7":"product_tag-arctic-ocean-quartzite-bathrooms","8":"product_tag-arctic-ocean-quartzite-countertop","9":"product_tag-arctic-ocean-quartzite-floors","10":"product_tag-arctic-ocean-quartzite-kitchens","11":"product_tag-arctic-ocean-quartzite-price","12":"product_tag-arctic-ocean-quartzite-slabs","13":"product_tag-arctic-ocean-quartzite-tiles","14":"product_tag-arctic-ocean-quartzite-walls","15":"product_tag-grey-quartzite","17":"first","18":"instock","19":"product-type-simple"},"_links":{"self":[{"href":"https:\/\/www.quartzite-stone.com\/pt\/wp-json\/wp\/v2\/product\/2671","targetHints":{"allow":["GET"]}}],"collection":[{"href":"https:\/\/www.quartzite-stone.com\/pt\/wp-json\/wp\/v2\/product"}],"about":[{"href":"https:\/\/www.quartzite-stone.com\/pt\/wp-json\/wp\/v2\/types\/product"}],"replies":[{"embeddable":true,"href":"https:\/\/www.quartzite-stone.com\/pt\/wp-json\/wp\/v2\/comments?post=2671"}],"wp:featuredmedia":[{"embeddable":true,"href":"https:\/\/www.quartzite-stone.com\/pt\/wp-json\/wp\/v2\/media\/7519"}],"wp:attachment":[{"href":"https:\/\/www.quartzite-stone.com\/pt\/wp-json\/wp\/v2\/media?parent=2671"}],"wp:term":[{"taxonomy":"product_brand","embeddable":true,"href":"https:\/\/www.quartzite-stone.com\/pt\/wp-json\/wp\/v2\/product_brand?post=2671"},{"taxonomy":"product_cat","embeddable":true,"href":"https:\/\/www.quartzite-stone.com\/pt\/wp-json\/wp\/v2\/product_cat?post=2671"},{"taxonomy":"product_tag","embeddable":true,"href":"https:\/\/www.quartzite-stone.com\/pt\/wp-json\/wp\/v2\/product_tag?post=2671"}],"curies":[{"name":"wp","href":"https:\/\/api.w.org\/{rel}","templated":true}]}}