{"id":2578,"date":"2022-07-04T23:52:04","date_gmt":"2022-07-04T15:52:04","guid":{"rendered":"https:\/\/www.quartzite-stone.com\/product\/arabescato-orobico-gold-marble\/"},"modified":"2022-09-27T17:59:53","modified_gmt":"2022-09-27T09:59:53","slug":"marmore-arabescato-orobico-gold","status":"publish","type":"product","link":"https:\/\/www.quartzite-stone.com\/pt\/products\/arabescato-orobico-gold-marble\/","title":{"rendered":"Arabescato Orobico Gold M\u00e1rmore"},"content":{"rendered":"<p>INFORMA\u00c7\u00d5ES ADICIONAIS<\/p>\n<table>\n<tbody>\n<tr>\n<td width=\"124\"><strong>MATERIAL<\/strong><\/td>\n<td width=\"444\">m\u00e1rmore<\/td>\n<\/tr>\n<tr>\n<td width=\"124\"><strong>COR<\/strong><\/td>\n<td width=\"444\">Dourado\/Amarelo<\/td>\n<\/tr>\n<tr>\n<td width=\"124\"><strong>PA\u00cdS DE ORIGEM<\/strong><\/td>\n<td width=\"444\">It\u00e1lia<\/td>\n<\/tr>\n<tr>\n<td width=\"124\"><strong>ACABAMENTO DE SUPERF\u00cdCIE<\/strong><\/td>\n<td width=\"444\">Polido, afiado, couro<\/td>\n<\/tr>\n<tr>\n<td width=\"124\"><strong>USAR<\/strong><\/td>\n<td width=\"444\">Cozinhas, Banheiros, Pisos, Paredes, Azulejos, Lajes<\/td>\n<\/tr>\n<tr>\n<td width=\"124\"><strong>DISPONIBILIDADE<\/strong><\/td>\n<td width=\"444\">Verificar a disponibilidade de stock junto da HRST STONE para efetuar a visita.<\/p>\n<p>Amostras de pedra tamb\u00e9m n\u00e3o est\u00e3o dispon\u00edveis para cada sele\u00e7\u00e3o de pedra, por favor, pergunte a disponibilidade.<\/td>\n<\/tr>\n<\/tbody>\n<\/table>\n<p>As lajes de m\u00e1rmore Arabescato Orobico s\u00e3o extra\u00eddas na It\u00e1lia. Veios brancos e dourados percorrem um fundo cinza escuro ou claro, produzindo um design diferenciado para n\u00f3s. \u00c9 bem visto por sua decora\u00e7\u00e3o de fundo, piso e escada, que contribuem para a distin\u00e7\u00e3o e beleza de sua casa.<\/p>\n<p>Simultaneamente, o Arabescato Orobico Gold Marble \u00e9 um tipo de m\u00e1rmore amarelo extra\u00eddo na It\u00e1lia. Esta pedra \u00e9 especialmente boa para bancadas, monumentos, mosaicos, escadas, exteriores - aplica\u00e7\u00f5es de paredes e pisos interiores, fontes e outros projetos de design. Tamb\u00e9m chamado de m\u00e1rmore Orobico Gold, Arabescato Orobico Giallo Marble. O m\u00e1rmore Arabescato Orobico Gold pode ser processado em Polido, Corte Serrado, Lixado, Rockfaced, Sandblasted, Tumbled e assim por diante.<\/p>\n<p>As pedras naturais conservam uma beleza intemporal. Materiais altamente procurados em todo o mundo tornam os quartos especiais e criam uma sensa\u00e7\u00e3o magn\u00edfica e elegante. Uma cole\u00e7\u00e3o de m\u00e1rmores, granitos, \u00f4nix, travertinos e calc\u00e1rios que decoram com eleg\u00e2ncia, com cores vivas ou delicadas e tonalidades harmoniosas. O valor da variedade enriquece os quartos como resultado do acabamento exclusivo realizado com tecnologia inovadora. Para uma decora\u00e7\u00e3o elegante e efeitos marcantes.<\/p>\n<p><img decoding=\"async\" class=\"aligncenter\" src=\"https:\/\/data.adwebcloud.com\/public\/material\/220426a7q47o\/product\/imageFile_1664271753799.jpg\" alt=\"\" \/><\/p>\n<p><img decoding=\"async\" class=\"aligncenter\" src=\"https:\/\/data.adwebcloud.com\/public\/material\/220426a7q47o\/product\/imageFile_1664271755183.jpg\" alt=\"\" \/><\/p>\n<p><img decoding=\"async\" class=\"aligncenter\" src=\"https:\/\/data.adwebcloud.com\/public\/material\/220426a7q47o\/product\/imageFile_1664271756211.jpg\" alt=\"\" \/><\/p>","protected":false},"excerpt":{"rendered":"<p>As lajes de m\u00e1rmore Arabescato Orobico s\u00e3o extra\u00eddas na It\u00e1lia. Veios brancos e dourados percorrem um fundo cinza escuro ou claro, produzindo um design diferenciado para n\u00f3s. \u00c9 bem visto por sua decora\u00e7\u00e3o de fundo, piso e escada, que contribuem para a distin\u00e7\u00e3o de sua casa\u2026<\/p>","protected":false},"featured_media":3813,"comment_status":"closed","ping_status":"closed","template":"","meta":[],"product_brand":[],"product_cat":[175],"product_tag":[372],"class_list":{"0":"post-2578","1":"product","2":"type-product","3":"status-publish","4":"has-post-thumbnail","6":"product_cat-marble","7":"product_tag-bathroomsfloorsgoldyellowkitchensmarbleslabstileswalls","9":"first","10":"instock","11":"product-type-simple"},"_links":{"self":[{"href":"https:\/\/www.quartzite-stone.com\/pt\/wp-json\/wp\/v2\/product\/2578","targetHints":{"allow":["GET"]}}],"collection":[{"href":"https:\/\/www.quartzite-stone.com\/pt\/wp-json\/wp\/v2\/product"}],"about":[{"href":"https:\/\/www.quartzite-stone.com\/pt\/wp-json\/wp\/v2\/types\/product"}],"replies":[{"embeddable":true,"href":"https:\/\/www.quartzite-stone.com\/pt\/wp-json\/wp\/v2\/comments?post=2578"}],"wp:featuredmedia":[{"embeddable":true,"href":"https:\/\/www.quartzite-stone.com\/pt\/wp-json\/wp\/v2\/media\/3813"}],"wp:attachment":[{"href":"https:\/\/www.quartzite-stone.com\/pt\/wp-json\/wp\/v2\/media?parent=2578"}],"wp:term":[{"taxonomy":"product_brand","embeddable":true,"href":"https:\/\/www.quartzite-stone.com\/pt\/wp-json\/wp\/v2\/product_brand?post=2578"},{"taxonomy":"product_cat","embeddable":true,"href":"https:\/\/www.quartzite-stone.com\/pt\/wp-json\/wp\/v2\/product_cat?post=2578"},{"taxonomy":"product_tag","embeddable":true,"href":"https:\/\/www.quartzite-stone.com\/pt\/wp-json\/wp\/v2\/product_tag?post=2578"}],"curies":[{"name":"wp","href":"https:\/\/api.w.org\/{rel}","templated":true}]}}