{"id":2534,"date":"2022-07-04T23:50:43","date_gmt":"2022-07-04T15:50:43","guid":{"rendered":"https:\/\/www.quartzite-stone.com\/product\/sahara-noir-marble\/"},"modified":"2025-08-27T11:55:30","modified_gmt":"2025-08-27T03:55:30","slug":"marmore-sahara-noir","status":"publish","type":"product","link":"https:\/\/www.quartzite-stone.com\/pt\/products\/sahara-noir-marble\/","title":{"rendered":"M\u00e1rmore Sahara Noir"},"content":{"rendered":"<p>INFORMA\u00c7\u00d5ES ADICIONAIS<\/p>\n<table>\n<tbody>\n<tr>\n<td width=\"124\"><strong>MATERIAL<\/strong><\/td>\n<td width=\"444\">M\u00e1rmore<\/td>\n<\/tr>\n<tr>\n<td width=\"124\"><strong>COR<\/strong><\/td>\n<td width=\"444\">Preto<\/td>\n<\/tr>\n<tr>\n<td width=\"124\"><strong>PA\u00cdS DE ORIGEM<\/strong><\/td>\n<td width=\"444\">Brasil<\/td>\n<\/tr>\n<tr>\n<td width=\"124\"><strong>ACABAMENTO DE SUPERF\u00cdCIE<\/strong><\/td>\n<td width=\"444\">Polido, afiado, couro<\/td>\n<\/tr>\n<tr>\n<td width=\"124\"><strong>USAR<\/strong><\/td>\n<td width=\"444\">Cozinhas, Banheiros, Pisos, Paredes, Azulejos, Lajes<\/td>\n<\/tr>\n<tr>\n<td width=\"124\"><strong>DISPONIBILIDADE<\/strong><\/td>\n<td width=\"444\">Verificar a disponibilidade de stock junto da HRST STONE para efetuar a visita.<\/p>\n<p>Amostras de pedra tamb\u00e9m n\u00e3o est\u00e3o dispon\u00edveis para cada sele\u00e7\u00e3o de pedra, por favor, pergunte a disponibilidade.<\/td>\n<\/tr>\n<\/tbody>\n<\/table>\n<p>O preto d\u00e1 ao Sahara Noir Marble uma atmosfera misteriosa discreta. Esses fios flex\u00edveis de ouro e prata est\u00e3o bem nele, como a Via L\u00e1ctea pendurada no c\u00e9u noturno, gravados com beleza inesquec\u00edvel, cores de textura \u00fanicas e linhas delicadas. , Misterioso e sexy, atmosf\u00e9rico e est\u00e1vel, mostrando perfeitamente a atmosfera luxuosa e refinada de alta qualidade, usado em im\u00f3veis residenciais, im\u00f3veis comerciais, edif\u00edcios administrativos, clubes hoteleiros, vilas de luxo e outros espa\u00e7os arquitet\u00f4nicos modernos, paredes internas e externas, pisos , banheiros e outras decora\u00e7\u00f5es de superf\u00edcie de decora\u00e7\u00e3o de espa\u00e7o completo.<\/p>\n<p>&nbsp;<\/p>\n<p>O m\u00e1rmore Sahara Noir da Tun\u00edsia \u00e9 um tipo de m\u00e1rmore preto com veios dourados. Exterior \u2013 Aplica\u00e7\u00f5es de paredes e pisos interiores, monumentos, bancadas, mosaicos, fontes, coberturas de piscinas e paredes, degraus, peitoris de janelas e outros projetos de design se beneficiam muito desta pedra. Marbre Noir Sahara, Marmo Nero Sahara, Nero Dorato Marble, Marmo Nero Tunisi, Black Aziza Marble, Noir Gris Aziza Marbre, Noir Aziza Marble, Nero Aziza Marble, Marmo Negro Aziza, Black Sahara Marble s\u00e3o alguns dos outros nomes para este m\u00e1rmore. Polido, Corte serrado, Lixado, Rockfaced, Sandblasted, Tumbled e mais acabamentos est\u00e3o dispon\u00edveis para Sahara Noir Marble.<\/p>\n<p><img decoding=\"async\" class=\"aligncenter\" src=\"https:\/\/data.adwebcloud.com\/public\/material\/220426a7q47o\/product\/imageFile_1664271738964.jpg\" alt=\"\" \/><\/p>\n<p><img fetchpriority=\"high\" decoding=\"async\" class=\"aligncenter\" src=\"https:\/\/data.adwebcloud.com\/public\/material\/220426a7q47o\/product\/imageFile_1664271739815.jpg\" alt=\"\" width=\"750\" height=\"597\" \/><\/p>\n<p><img decoding=\"async\" class=\"aligncenter\" src=\"https:\/\/data.adwebcloud.com\/public\/material\/220426a7q47o\/product\/imageFile_1664271740720.jpg\" alt=\"\" \/><\/p>\n<p><img decoding=\"async\" class=\"aligncenter\" src=\"https:\/\/data.adwebcloud.com\/public\/material\/220426a7q47o\/product\/imageFile_1664271741502.jpg\" alt=\"\" \/><\/p>\n<p>&nbsp;<\/p>","protected":false},"excerpt":{"rendered":"<p>O preto confere ao m\u00e1rmore Sahara Noir uma atmosfera misteriosa e discreta. Esses fios flex\u00edveis dourados e prateados combinam perfeitamente com ele, como a Via L\u00e1ctea suspensa no c\u00e9u noturno, gravada com beleza inesquec\u00edvel, cores de textura \u00fanicas e linhas delicadas. Misterioso e sexy, atmosf\u00e9rico e est\u00e1vel\u2026<\/p>","protected":false},"featured_media":3805,"comment_status":"closed","ping_status":"closed","template":"","meta":[],"product_brand":[],"product_cat":[175],"product_tag":[176,185,177,178,179,2141,180,181,182],"class_list":{"0":"post-2534","1":"product","2":"type-product","3":"status-publish","4":"has-post-thumbnail","6":"product_cat-marble","7":"product_tag-bathrooms","8":"product_tag-black","9":"product_tag-floors","10":"product_tag-kitchens","11":"product_tag-marble","12":"product_tag-marble-wall-covering","13":"product_tag-slabs","14":"product_tag-tiles","15":"product_tag-walls","17":"first","18":"instock","19":"product-type-simple"},"_links":{"self":[{"href":"https:\/\/www.quartzite-stone.com\/pt\/wp-json\/wp\/v2\/product\/2534","targetHints":{"allow":["GET"]}}],"collection":[{"href":"https:\/\/www.quartzite-stone.com\/pt\/wp-json\/wp\/v2\/product"}],"about":[{"href":"https:\/\/www.quartzite-stone.com\/pt\/wp-json\/wp\/v2\/types\/product"}],"replies":[{"embeddable":true,"href":"https:\/\/www.quartzite-stone.com\/pt\/wp-json\/wp\/v2\/comments?post=2534"}],"wp:featuredmedia":[{"embeddable":true,"href":"https:\/\/www.quartzite-stone.com\/pt\/wp-json\/wp\/v2\/media\/3805"}],"wp:attachment":[{"href":"https:\/\/www.quartzite-stone.com\/pt\/wp-json\/wp\/v2\/media?parent=2534"}],"wp:term":[{"taxonomy":"product_brand","embeddable":true,"href":"https:\/\/www.quartzite-stone.com\/pt\/wp-json\/wp\/v2\/product_brand?post=2534"},{"taxonomy":"product_cat","embeddable":true,"href":"https:\/\/www.quartzite-stone.com\/pt\/wp-json\/wp\/v2\/product_cat?post=2534"},{"taxonomy":"product_tag","embeddable":true,"href":"https:\/\/www.quartzite-stone.com\/pt\/wp-json\/wp\/v2\/product_tag?post=2534"}],"curies":[{"name":"wp","href":"https:\/\/api.w.org\/{rel}","templated":true}]}}