{"id":2472,"date":"2022-07-04T23:49:04","date_gmt":"2022-07-04T15:49:04","guid":{"rendered":"https:\/\/www.quartzite-stone.com\/product\/calacatta-gold-marble\/"},"modified":"2023-03-27T15:21:37","modified_gmt":"2023-03-27T07:21:37","slug":"marmore-dourado-calacatta","status":"publish","type":"product","link":"https:\/\/www.quartzite-stone.com\/pt\/products\/calacatta-gold-marble\/","title":{"rendered":"M\u00e1rmore Ouro Calacatta"},"content":{"rendered":"<p>INFORMA\u00c7\u00d5ES ADICIONAIS<\/p>\n<table style=\"width: 53.0762%;height: 252px\">\n<tbody>\n<tr style=\"height: 22px\">\n<td width=\"124\" style=\"width: 21.4533%;height: 22px\"><strong>MATERIAL<\/strong><\/td>\n<td width=\"444\" style=\"width: 76.8166%;height: 22px\">M\u00e1rmore<\/td>\n<\/tr>\n<tr style=\"height: 22px\">\n<td width=\"124\" style=\"width: 21.4533%;height: 22px\"><strong>COR<\/strong><\/td>\n<td width=\"444\" style=\"width: 76.8166%;height: 22px\">Branco<\/td>\n<\/tr>\n<tr style=\"height: 44px\">\n<td width=\"124\" style=\"width: 21.4533%;height: 44px\"><strong>PA\u00cdS DE ORIGEM<\/strong><\/td>\n<td width=\"444\" style=\"width: 76.8166%;height: 44px\">It\u00e1lia<\/td>\n<\/tr>\n<tr style=\"height: 44px\">\n<td width=\"124\" style=\"width: 21.4533%;height: 44px\"><strong>ACABAMENTO DE SUPERF\u00cdCIE<\/strong><\/td>\n<td width=\"444\" style=\"width: 76.8166%;height: 44px\">Polido, afiado, couro<\/td>\n<\/tr>\n<tr style=\"height: 22px\">\n<td width=\"124\" style=\"width: 21.4533%;height: 22px\"><strong>USAR<\/strong><\/td>\n<td width=\"444\" style=\"width: 76.8166%;height: 22px\">Cozinhas, Banheiros, Pisos, Paredes, Azulejos, Lajes<\/td>\n<\/tr>\n<tr style=\"height: 98px\">\n<td width=\"124\" style=\"width: 21.4533%;height: 98px\"><strong>DISPONIBILIDADE<\/strong><\/td>\n<td width=\"444\" style=\"width: 76.8166%;height: 98px\">Verificar a disponibilidade de stock junto da HRST STONE para efetuar a visita.<\/p>\n<p>Amostras de pedra tamb\u00e9m n\u00e3o est\u00e3o dispon\u00edveis para cada sele\u00e7\u00e3o de pedra, por favor, pergunte a disponibilidade.<\/p>\n<\/td>\n<\/tr>\n<\/tbody>\n<\/table>\n<p>&nbsp;<\/p>\n<p><span style=\"font-family: 'PingFang SC', 'Microsoft YaHei', sans-serif\">O m\u00e1rmore Calacatta Gold \u00e9 um distinto m\u00e1rmore italiano branco com veios cinza e dourado. Dispon\u00edvel como lajes de m\u00e1rmore e telha de m\u00e1rmore em acabamentos polidos e polidos, esta elegante pedra natural \u00e9 a escolha perfeita para criar bancadas de m\u00e1rmore impressionantes, ilhas de cozinha de m\u00e1rmore, pisos de m\u00e1rmore e salpicos traseiros. Para flexibilidade no design e na instala\u00e7\u00e3o, uma ampla variedade de revestimentos de parede, pisos e mosaicos est\u00e3o dispon\u00edveis.<\/span><\/p>\n<p><span style=\"font-family: 'PingFang SC', 'Microsoft YaHei', sans-serif\">Este m\u00e1rmore italiano de ouro calacatta \u00e9 comumente encontrado em uma variedade de tons, incluindo ouro, cinza e branco. Isso \u00e9 preciso, voc\u00ea pode n\u00e3o ver os tons de ouro no tecido \u00e0 primeira vista. Isso \u00e9 especialmente verdadeiro se a pedra estiver cercada por pontos de foco dourados. Essas pedras brancas e cinzas frequentemente t\u00eam manchas douradas. Outras vezes, eles t\u00eam reflexos de ouro v\u00edvido que d\u00e3o mais personalidade \u00e0 pedra.<\/span><\/p>\n<p><span style=\"font-family: 'PingFang SC', 'Microsoft YaHei', sans-serif\">Sua cor b\u00e1sica \u00e9 o branco puro, com fios dourados de cinza incrustados, e \u00e9 derivado da loja de m\u00e1rmore branco natural da It\u00e1lia, o m\u00e1rmore italiano calacatta gold. O ouro tem um brilho lindo; o branco tem uma sensa\u00e7\u00e3o majestosa, nobre e fria; a combina\u00e7\u00e3o de ouro e branco \u00e9 como a luz dourada em uma montanha coberta de neve, criando uma \u00e1rea infinitamente melanc\u00f3lica.<\/span><\/p>\n<p><span style=\"font-family: 'PingFang SC', 'Microsoft YaHei', sans-serif\"><\/span><\/p>\n<h3 style=\"font-size: 19px\"><span style=\"font-family: 'PingFang SC', 'Microsoft YaHei', sans-serif\">Cen\u00e1rios Aplic\u00e1veis de Calacatta Gold Marble<\/span><\/h3>\n<ol>\n<li><a class=\"wpil_keyword_link\" href=\"https:\/\/www.quartzite-stone.com\/pt\/produto\/marmore-calacatta-viola\/\"   title=\"M\u00e1rmore calacatta\" data-wpil-keyword-link=\"linked\">M\u00e1rmore calacatta<\/a> \u00e9 um material luxuoso e sofisticado que pode ser usado em v\u00e1rios cen\u00e1rios, incluindo:<\/li>\n<li>Bancadas de cozinha: a beleza e a durabilidade do m\u00e1rmore Calacatta o tornam uma escolha popular para bancadas de cozinha. Sua resist\u00eancia ao calor, arranh\u00f5es e manchas o torna ideal para uso na cozinha.<\/li>\n<li>Pia de banheiro: A apar\u00eancia elegante do m\u00e1rmore Calacatta o torna uma \u00f3tima op\u00e7\u00e3o para cubas de banheiro, proporcionando um visual sofisticado que complementa qualquer decora\u00e7\u00e3o.<\/li>\n<li>Piso: O m\u00e1rmore Calacatta pode ser usado como piso em toda a casa ou pr\u00e9dio comercial, adicionando um toque de luxo e eleg\u00e2ncia a qualquer espa\u00e7o.<\/li>\n<li>Envolvente da lareira: Devido \u00e0s suas propriedades resistentes ao calor, o m\u00e1rmore Calacatta tamb\u00e9m \u00e9 adequado para ser utilizado como envolvente de lareira, proporcionando um ponto focal deslumbrante em qualquer divis\u00e3o.<\/li>\n<li>Revestimento de paredes: o m\u00e1rmore Calacatta pode ser usado como revestimento de paredes em espa\u00e7os residenciais e comerciais, criando uma impressionante parede ou pe\u00e7a de destaque.<\/li>\n<li>Esculturas e objetos decorativos: O requintado veio natural do m\u00e1rmore Calacatta Gold o torna um favorito entre escultores e artistas, que criam pe\u00e7as de arte impressionantes a partir desta pedra \u00fanica.<\/li>\n<\/ol>\n<p><span style=\"font-family: arial, helvetica, sans-serif\"><img fetchpriority=\"high\" decoding=\"async\" class=\"aligncenter\" src=\"https:\/\/data.adwebcloud.com\/public\/material\/220426a7q47o\/product\/imageFile_1664271907104.jpg\" alt=\"\" width=\"750\" height=\"600\" \/><\/span><\/p>\n<p><span style=\"font-family: arial, helvetica, sans-serif\"><img decoding=\"async\" class=\"aligncenter\" src=\"https:\/\/data.adwebcloud.com\/public\/material\/220426a7q47o\/product\/imageFile_1664271907907.jpg\" alt=\"\" width=\"750\" height=\"600\" \/><\/span><\/p>\n<p><span style=\"font-family: arial, helvetica, sans-serif\"><img decoding=\"async\" class=\"aligncenter\" src=\"https:\/\/data.adwebcloud.com\/public\/material\/220426a7q47o\/product\/imageFile_1664271908804.jpg\" alt=\"\" \/><\/span><\/p>\n<p><span style=\"font-family: 'PingFang SC', 'Microsoft YaHei', sans-serif\">O ouro de Calacatta, comumente referido como m\u00e1rmore de ouro de Calacatta ou calacatta oro, \u00e9 um m\u00e1rmore \u00fanico e extraordin\u00e1rio que s\u00f3 pode ser encontrado em um local na Terra. Somente em Carrara, na It\u00e1lia, \u00e9 extra\u00eddo o m\u00e1rmore Calacatta, juntamente com o m\u00e1rmore Carrara. Ambas as pedras requintadas podem parecer iguais para o olho destreinado porque s\u00e3o principalmente brancas com veios e estrias principalmente cinza.<\/span><\/p>\n<p><span style=\"font-family: 'PingFang SC', 'Microsoft YaHei', sans-serif\">&nbsp;<\/span><\/p>\n<p><span style=\"font-family: 'PingFang SC', 'Microsoft YaHei', sans-serif\">Ao contr\u00e1rio do m\u00e1rmore italiano calacatta gold, o m\u00e1rmore calacatta verona exibe um padr\u00e3o de veios mais ousado que pode variar de dourado a marrom\/cinza e uma cor de fundo significativamente mais branca. Isso faz com que as lajes de m\u00e1rmore calacatta pare\u00e7am marcantes e distintas. O m\u00e1rmore da regi\u00e3o de Carrara, da categoria m\u00e1xima de qualidade da It\u00e1lia, inclui calacatta.<\/span><\/p>\n<p><span style=\"font-family: 'PingFang SC', 'Microsoft YaHei', sans-serif\">&nbsp;<\/span><\/p>\n<p><span style=\"font-family: 'PingFang SC', 'Microsoft YaHei', sans-serif\">O m\u00e1rmore italiano Calacatta Gold \u00e9 empregado principalmente em aplica\u00e7\u00f5es de interiores devido \u00e0 sua escassez (e pre\u00e7o correspondentemente mais alto). Os projetos mais frequentes incluem bancadas de cozinha em ouro calacatta, revestimentos de parede em ouro calacatta e ladrilhos de piso em ouro calacatta. As salas de reuni\u00f5es executivas e as \u00e1reas comuns do hotel s\u00e3o regularmente decoradas com m\u00e1rmore calacatta, que tamb\u00e9m \u00e9 frequentemente utilizado em aplica\u00e7\u00f5es comerciais. Al\u00e9m disso, \u00e9 freq\u00fcentemente empregado em situa\u00e7\u00f5es de correspond\u00eancia de livros, onde bolinhas de gude mais uniformes s\u00e3o menos eficazes. Os tratamentos combinados com livros funcionam muito bem com o padr\u00e3o de veios mais proeminente e esparso do m\u00e1rmore Calacatta.<\/span><\/p>\n<p><span style=\"font-family: 'PingFang SC', 'Microsoft YaHei', sans-serif\">&nbsp;<\/span><\/p>\n<p><span style=\"font-family: 'PingFang SC', 'Microsoft YaHei', sans-serif\">Devido \u00e0 sua escassez, o m\u00e1rmore italiano Calacatta Gold \u00e9 usado principalmente em aplica\u00e7\u00f5es de interiores (e pre\u00e7o correspondentemente mais alto). Bancadas de cozinha, revestimentos de paredes e pisos para foyers ou entradas s\u00e3o as tarefas mais frequentes. As telhas de backsplash de m\u00e1rmore Calacatta, que s\u00e3o comumente usadas em aplica\u00e7\u00f5es comerciais, s\u00e3o frequentemente usadas para embelezar salas de reuni\u00f5es executivas e \u00e1reas comuns de hot\u00e9is igualmente. Tamb\u00e9m \u00e9 normalmente usado em cen\u00e1rios de correspond\u00eancia de livros, onde as bolinhas de gude mais uniformes t\u00eam um desempenho pior. O padr\u00e3o de veios mais pronunciado e esparso do m\u00e1rmore Calacatta combina bem com tratamentos combinados com livros.<\/span><\/p>\n<p><span style=\"font-family: 'PingFang SC', 'Microsoft YaHei', sans-serif\">&nbsp;<\/span><\/p>\n<h3 style=\"font-size: 19px\"><span style=\"font-family: 'PingFang SC', 'Microsoft YaHei', sans-serif\">Detalhes em m\u00e1rmore italiano Calacatta Gold<\/span><\/h3>\n<p><span style=\"font-family: 'PingFang SC', 'Microsoft YaHei', sans-serif\">Banheiro, quarto, corredor, sala, cozinha e jardim de inverno s\u00e3o espa\u00e7os apropriados.<\/span><\/p>\n<p><span style=\"font-family: 'PingFang SC', 'Microsoft YaHei', sans-serif\">Acabamento: fosco, polido ou amaciado<\/span><\/p>\n<p><span style=\"font-family: 'PingFang SC', 'Microsoft YaHei', sans-serif\">Adequado para: interior<\/span><\/p>\n<p><span style=\"font-family: 'PingFang SC', 'Microsoft YaHei', sans-serif\">Paredes, pisos e bancadas s\u00e3o superf\u00edcies apropriadas.<\/span><\/p>\n<p><span style=\"font-family: 'PingFang SC', 'Microsoft YaHei', sans-serif\">Disponibilidade:<\/span><\/p>\n<p><span style=\"font-family: 'PingFang SC', 'Microsoft YaHei', sans-serif\">Lajes: 20 mm de espessura; tamanho t\u00edpico 2400\/3000 X 1300\/1900 mm<\/span><\/p>\n<p><span style=\"font-family: 'PingFang SC', 'Microsoft YaHei', sans-serif\">Ladrilhos de 10 mm de espessura com dimens\u00f5es de 305 x 305, 610 x 305, 610 x 610 e 1220 x 610<\/span><\/p>\n<p><span style=\"font-family: 'PingFang SC', 'Microsoft YaHei', sans-serif\">20 mm de espessura | tamanho, corte para Bespoke<\/span><\/p>\n<p><span style=\"font-family: 'PingFang SC', 'Microsoft YaHei', sans-serif\">&nbsp;<\/span><\/p>\n<p><span style=\"font-family: 'PingFang SC', 'Microsoft YaHei', sans-serif\">O m\u00e1rmore italiano calacatta gold \u00e9 uma pedra magn\u00edfica muito procurada e \u00e9 um exemplo tradicional de m\u00e1rmore branco polido da It\u00e1lia com sutis veios cinza e dourado. Durante d\u00e9cadas, resid\u00eancias elegantes foram aben\u00e7oadas por seu apelo sutil. Calacatta Gold \u00e9 a op\u00e7\u00e3o ideal para nossos padr\u00f5es de mosaico e jato de \u00e1gua sob medida e \u00e9 facilmente acess\u00edvel em lajes e v\u00e1rios formatos de ladrilhos.<\/span><\/p>\n<p><img decoding=\"async\" class=\"aligncenter\" src=\"https:\/\/data.adwebcloud.com\/public\/material\/220426a7q47o\/product\/imageFile_1664271909763.jpg\" alt=\"\" \/><\/p>\n<p><span style=\"font-family: 'PingFang SC', 'Microsoft YaHei', sans-serif;font-size: 16px\">O m\u00e1rmore italiano calacatta gold \u00e9 uma pedra magn\u00edfica muito procurada e \u00e9 um exemplo tradicional de m\u00e1rmore branco polido da It\u00e1lia com sutis veios cinza e dourado. Durante d\u00e9cadas, resid\u00eancias elegantes foram aben\u00e7oadas por seu apelo sutil. Calacatta Gold \u00e9 a op\u00e7\u00e3o ideal para nossos padr\u00f5es de mosaico e jato de \u00e1gua sob medida e \u00e9 facilmente acess\u00edvel em lajes e v\u00e1rios formatos de ladrilhos.<\/span><\/p>\n<p><span style=\"font-family: 'PingFang SC', 'Microsoft YaHei', sans-serif;font-size: 16px\">&nbsp;<\/span><\/p>\n<p><span style=\"font-family: 'PingFang SC', 'Microsoft YaHei', sans-serif;font-size: 16px\">Entre em contato com a HRST Stone para pre\u00e7os de lajes e ladrilhos de m\u00e1rmore de ouro calacatta. A equipe HRST Stone envolvida no neg\u00f3cio de pedra h\u00e1 mais de 10 anos, forneceu muitos projetos de pedra nos EUA, Canad\u00e1, Austr\u00e1lia, etc., em mais de 70 pa\u00edses, conquistamos o sucesso e as experi\u00eancias no fornecimento, instala\u00e7\u00e3o, design, gerenciamento e marketing de pedra.<\/span><\/p><\/p>","protected":false},"excerpt":{"rendered":"<p>O m\u00e1rmore Calacatta Gold \u00e9 um distinto m\u00e1rmore italiano branco com veios cinza e dourado. Esta linda pedra natural \u00e9 ideal para criar lindas bancadas de m\u00e1rmore, ilhas de cozinha de m\u00e1rmore, pisos de m\u00e1rmore e salpicos de m\u00e1rmore. Sua cor b\u00e1sica \u00e9 o branco puro, com fios dourados de cinza incrustados, e \u00e9 derivado do m\u00e1rmore branco natural da It\u00e1lia, o M\u00e1rmore Branco Calacatta.<\/p>","protected":false},"featured_media":5637,"comment_status":"closed","ping_status":"closed","template":"","meta":[],"product_brand":[],"product_cat":[175],"product_tag":[534,537,533,532,535,536],"class_list":{"0":"post-2472","1":"product","2":"type-product","3":"status-publish","4":"has-post-thumbnail","6":"product_cat-marble","7":"product_tag-calacatta-gold","8":"product_tag-calacatta-gold-italian-marble","9":"product_tag-calacatta-gold-marble","10":"product_tag-calacatta-gold-marble-countertop","11":"product_tag-calacatta-gold-polished","12":"product_tag-gold-calacatta","14":"first","15":"instock","16":"product-type-simple"},"_links":{"self":[{"href":"https:\/\/www.quartzite-stone.com\/pt\/wp-json\/wp\/v2\/product\/2472","targetHints":{"allow":["GET"]}}],"collection":[{"href":"https:\/\/www.quartzite-stone.com\/pt\/wp-json\/wp\/v2\/product"}],"about":[{"href":"https:\/\/www.quartzite-stone.com\/pt\/wp-json\/wp\/v2\/types\/product"}],"replies":[{"embeddable":true,"href":"https:\/\/www.quartzite-stone.com\/pt\/wp-json\/wp\/v2\/comments?post=2472"}],"wp:featuredmedia":[{"embeddable":true,"href":"https:\/\/www.quartzite-stone.com\/pt\/wp-json\/wp\/v2\/media\/5637"}],"wp:attachment":[{"href":"https:\/\/www.quartzite-stone.com\/pt\/wp-json\/wp\/v2\/media?parent=2472"}],"wp:term":[{"taxonomy":"product_brand","embeddable":true,"href":"https:\/\/www.quartzite-stone.com\/pt\/wp-json\/wp\/v2\/product_brand?post=2472"},{"taxonomy":"product_cat","embeddable":true,"href":"https:\/\/www.quartzite-stone.com\/pt\/wp-json\/wp\/v2\/product_cat?post=2472"},{"taxonomy":"product_tag","embeddable":true,"href":"https:\/\/www.quartzite-stone.com\/pt\/wp-json\/wp\/v2\/product_tag?post=2472"}],"curies":[{"name":"wp","href":"https:\/\/api.w.org\/{rel}","templated":true}]}}