{"id":3444,"date":"2022-09-27T10:02:27","date_gmt":"2022-09-27T02:02:27","guid":{"rendered":"https:\/\/www.quartzite-stone.com\/product\/casablanca-black-quartzite\/"},"modified":"2023-06-27T16:51:18","modified_gmt":"2023-06-27T08:51:18","slug":"%ec%b9%b4%ec%82%ac%eb%b8%94%eb%9e%91%ec%b9%b4-%eb%b8%94%eb%9e%99-%ec%bf%bc%ec%b8%a0","status":"publish","type":"product","link":"https:\/\/www.quartzite-stone.com\/ko\/products\/casablanca-black-quartzite\/","title":{"rendered":"\ube14\ub799 \uce74\uc0ac\ube14\ub791\uce74 \uaddc\uc554"},"content":{"rendered":"<p>\ucd94\uac00 \uc815\ubcf4<\/p>\n<table>\n<tbody>\n<tr>\n<td width=\"124\"><strong>\uc7ac\ub8cc<\/strong><\/td>\n<td width=\"444\">\uaddc\uc554<\/td>\n<\/tr>\n<tr>\n<td width=\"124\"><strong>\uc0c9\uc0c1<\/strong><\/td>\n<td width=\"444\">\ubca0\uc774\uc9c0<\/td>\n<\/tr>\n<tr>\n<td width=\"124\"><strong>\uc6d0\uc0b0\uc9c0 \uad6d\uac00<\/strong><\/td>\n<td width=\"444\">\ube0c\ub77c\uc9c8<\/td>\n<\/tr>\n<tr>\n<td width=\"124\"><strong>\ud45c\uba74 \ub9c8\uac10<\/strong><\/td>\n<td width=\"444\">\uad11\ud0dd, \uc5f0\ub9c8, \uac00\uc8fd<\/td>\n<\/tr>\n<tr>\n<td width=\"124\"><strong>\uc0ac\uc6a9<\/strong><\/td>\n<td width=\"444\">\ubd80\uc5cc, \uc695\uc2e4, \ubc14\ub2e5, \ubcbd, \ud0c0\uc77c, \uc11d\ud310<\/td>\n<\/tr>\n<tr>\n<td width=\"124\"><strong>\uc720\ud6a8\uc131<\/strong><\/td>\n<td width=\"444\">\ubc29\ubb38\ud558\uae30 \uc804\uc5d0 HRST STONE\uc5d0 \uc7ac\uace0 \uc5ec\ubd80\ub97c \ud655\uc778\ud558\uc2ed\uc2dc\uc624.<\/p>\n<p>\uc11d\uc7ac \uc0d8\ud50c\ub3c4 \ubaa8\ub4e0 \uc11d\uc7ac \uc120\ud0dd\uc5d0 \uc0ac\uc6a9\ud560 \uc218 \uc5c6\uc2b5\ub2c8\ub2e4. \uac00\uc6a9\uc131\uc5d0 \ub300\ud574 \ubb38\uc758\ud558\uc2ed\uc2dc\uc624.<\/p>\n<\/td>\n<\/tr>\n<\/tbody>\n<\/table>\n<p>\uce74\uc0ac\ube14\ub791\uce74 \uaddc\uc554\uc740 \ube0c\ub77c\uc9c8\uc5d0\uc11c \ucc44\uc11d\ub418\ub294 \uc77c\uc885\uc758 \ubca0\uc774\uc9c0\uc0c9 \uaddc\uc554\uc785\ub2c8\ub2e4. \uc774 \ub3cc\uc740 \uc870\ub9ac\ub300, \uae30\ub150\ubb3c, \ubaa8\uc790\uc774\ud06c, \uc678\ubd80 - \ub0b4\ubd80 \ubcbd \ubc0f \ubc14\ub2e5 \uc751\uc6a9 \ud504\ub85c\uadf8\ub7a8, \ubd84\uc218, \uc218\uc601\uc7a5 \ubc0f \ubcbd \ub36e\uac1c, \uacc4\ub2e8, \ucc3d\ud2c0 \ubc0f \uae30\ud0c0 \ub514\uc790\uc778 \ud504\ub85c\uc81d\ud2b8\uc5d0 \ud2b9\ud788 \uc88b\uc2b5\ub2c8\ub2e4. Casablanca Black Quartzite\ub77c\uace0\ub3c4\ud569\ub2c8\ub2e4. Casablanca Black Quartzite\ub294 Polished, Sawn Cut, Sanded, Rockfaced, Sandblasted, Tumbled \ub4f1\uc73c\ub85c \uac00\uacf5\ud560 \uc218 \uc788\uc2b5\ub2c8\ub2e4.<\/p>\n<p>\uc774 \uc11d\uc7ac\ub294 \uc870\ub9ac\ub300, \uae30\ub150\ubb3c, \ubaa8\uc790\uc774\ud06c, \uc678\ubd80 \ubc0f \ubc14\ub2e5 \uc751\uc6a9 \ud504\ub85c\uadf8\ub7a8, \ubd84\uc218, \uc218\uc601\uc7a5 \ubc0f \ubcbd \ub36e\uac1c, \uacc4\ub2e8, \ucc3d\ud2c0 \ubc0f \uae30\ud0c0 \ub514\uc790\uc778 \ud504\ub85c\uc81d\ud2b8\uc5d0 \ud2b9\ud788 \uc801\ud569\ud569\ub2c8\ub2e4. <span style=\"color: #236fa1\"><strong><a href=\"https:\/\/www.quartzite-stone.com\/ko\/2023\/06\/19\/%ec%b9%b4%ec%82%ac%eb%b8%94%eb%9e%91%ec%b9%b4-%ec%bf%bc%ec%b8%a0%eb%9d%bc%ec%9d%b4%ed%8a%b8-%ed%8a%b8%eb%a0%8c%eb%93%9c%eb%a5%bc-%ec%b4%88%ec%9b%94%ed%95%9c-%ec%8b%9c%ea%b0%84%ec%9d%84-%ec%b4%88\/\" style=\"color: #236fa1\">\uce74\uc0ac\ube14\ub791\uce74 \uaddc\uc554<\/a><\/strong><\/span> \uc5f0\ub9c8, \ud1b1\uc9c8, \uc0cc\ub529, \uc2a4\ud1a4 \ud398\uc774\uc2a4, \uc0cc\ub4dc \ube14\ub77c\uc2a4\ud2b8, \ud140\ube14\ub9c1 \ub4f1\uc73c\ub85c \ucc98\ub9ac\ud560 \uc218 \uc788\uc2b5\ub2c8\ub2e4.<\/p>\n<p>\uce74\uc0ac\ube14\ub791\uce74 \uaddc\uc554\uc740 \ube0c\ub77c\uc9c8\uc5d0\uc11c \ucc44\uad74\ub418\ub294 \uc720\ubc31\uc0c9 \uaddc\uc554\uc785\ub2c8\ub2e4. \uad6c\ubd80\ub7ec\uc9c4 \ud68c\uc0c9 \uc815\ub9e5\uc774 \uad11\uc120\ucc98\ub7fc \ud45c\uba74\uc744 \uac00\ub85c\uc9c8\ub7ec \ubed7\uc5b4 \uc788\uc2b5\ub2c8\ub2e4. \uce74\uc0ac\ube14\ub791\uce74 \uac80\uc740 \uaddc\uc554\uc11d \u00b7 100% \ucc9c\uc5f0\uc11d \u00b7 \uc6b0\uc544\ud55c \uc9c8\uac10 \u00b7 \ub0b4\uc5f4\uc131 \u00b7 \uae01\ud798 \ubc29\uc9c0 \u00b7 \uc0b0\uc131 \ubc0f \uc5bc\ub8e9 \ubc29\uc9c0 \u00b7 \uc625\uc678 \uc0ac\uc6a9\uc5d0 \uc801\ud569\ud569\ub2c8\ub2e4.<\/p>\n<h3 style=\"font-size: 19px\">\uce74\uc0ac\ube14\ub791\uce74 \uaddc\uc554\uc758 \uc801\uc6a9 \ubd84\uc57c<\/h3>\n<p>\uce74\uc0ac\ube14\ub791\uce74 \uaddc\uc554\uc740 \ud06c\ub9bc\uc0c9\uc758 \ud770\uc0c9 \ubc30\uacbd\uacfc \ubc1d\uc740 \ud68c\uc0c9, \ubca0\uc774\uc9c0\uc0c9 \ubc0f \uae08\uc0c9\uc758 \ubd80\ub4dc\ub7ec\uc6b4 \uacb0\uc774 \ud2b9\uc9d5\uc778 \ucc9c\uc5f0\uc11d\uc785\ub2c8\ub2e4. \ub2e4\uc591\ud55c \uc2e4\ub0b4 \ubc0f \uc2e4\uc678 \uc751\uc6a9 \ubd84\uc57c\uc5d0\uc11c \uc0ac\uc6a9\ud560 \uc218 \uc788\ub294 \ub2e4\uc6a9\ub3c4 \uc18c\uc7ac\uc785\ub2c8\ub2e4. \ub2e4\uc74c\uc740 Casablanca Black Quartzite\uc758 \uc77c\ubc18\uc801\uc778 \uc801\uc6a9 \ubd84\uc57c\uc785\ub2c8\ub2e4.<\/p>\n<ol style=\"list-style-type: decimal\">\n<li>\n<p>\uc870\ub9ac\ub300: Casablanca Quartzite\ub294 \ub0b4\uad6c\uc131, \ub0b4\uc5f4\uc131 \ubc0f \ub3c5\ud2b9\ud55c \uc678\uad00\uc73c\ub85c \uc778\ud574 \uc8fc\ubc29 \ubc0f \uc695\uc2e4 \uc870\ub9ac\ub300\uc5d0 \ub110\ub9ac \uc0ac\uc6a9\ub429\ub2c8\ub2e4.<\/p>\n<\/li>\n<li>\n<p>\ubc14\ub2e5\uc7ac: \uc911\ub9bd\uc801\uc778 \uc0c9\uc0c1\uacfc \uc544\ub984\ub2e4\uc6b4 \uacb0\uc774 \uc788\uc5b4 \uc0c1\uc5c5 \uacf5\uac04\uacfc \uc8fc\uac70 \uacf5\uac04 \ubaa8\ub450\uc5d0 \ud0c1\uc6d4\ud55c \ubc14\ub2e5\uc7ac \uc635\uc158\uc785\ub2c8\ub2e4.<\/p>\n<\/li>\n<li>\n<p>\ubcbd \ud074\ub798\ub529: Casablanca Black Quartzite\ub294 \ub0b4\ubd80 \ubcbd\uacfc \uc678\ubd80 \uc815\uba74\uc5d0 \uc6b0\uc544\ud568\uacfc \uc138\ub828\ubbf8\ub97c \ub354\ud560 \uc218 \uc788\uc5b4 \uace0\uae09 \uc8fc\ud0dd, \ud638\ud154 \ubc0f \uae30\ud0c0 \uac74\ucd95 \ud504\ub85c\uc81d\ud2b8\uc5d0 \ub110\ub9ac \uc0ac\uc6a9\ub429\ub2c8\ub2e4.<\/p>\n<\/li>\n<li>\n<p>\uc57c\uc678 \uc0dd\ud65c \uacf5\uac04: Casablanca Black Quartzite\ub294 \ub0b4\uad6c\uc131\uc774 \uac15\ud558\uace0 \ud48d\ud654\uc5d0 \uac15\ud558\uc5ec \ud30c\ud2f0\uc624, \ub370\ud06c, \uc0b0\ucc45\ub85c \ubc0f \uae30\ud0c0 \uc57c\uc678 \uc0dd\ud65c \uacf5\uac04\uc5d0 \uc801\ud569\ud569\ub2c8\ub2e4.<\/p>\n<\/li>\n<li>\n<p>\ubcbd\ub09c\ub85c: \uc5f4\uacfc \ubd88\uc5d0 \ub300\ud55c \uc800\ud56d\ub825\uc774 \uc788\uc5b4 \ubcbd\ub09c\ub85c \uc8fc\ubcc0, \ubcbd\ub09c\ub85c \ubc0f \ub09c\ub85c\uc5d0 \uc774\uc0c1\uc801\uc778 \uc635\uc158\uc785\ub2c8\ub2e4.<\/p>\n<\/li>\n<\/ol>\n<p>\uc804\ubc18\uc801\uc73c\ub85c \uce74\uc0ac\ube14\ub791\uce74 \uaddc\uc554\uc740 \uc5b4\ub5a4 \uacf5\uac04\uc774\ub4e0 \uc544\ub984\ub2e4\uc6c0\uc744 \ub354\ud574\uc904 \uc218 \uc788\ub294 \uc544\ub984\ub2f5\uace0 \ud2bc\ud2bc\ud55c \ucc9c\uc5f0\uc11d\uc785\ub2c8\ub2e4. \uce74\uc0ac\ube14\ub791\uce74 \ud751\uc0c9 \uaddc\uc554\uc758 \uac01 \uc11d\ud310\uc740 \uace0\uc720\ud558\uba70 \uc0c9\uc0c1, \uacb0, \uc9c8\uac10\uc774 \ub2e4\uc591\ud558\uc5ec \ub3c5\ud2b9\ud55c \ubaa8\uc591\uc744 \ub9cc\ub4ed\ub2c8\ub2e4.<\/p>\n<\/p>\n<p>\uce74\uc0ac\ube14\ub791\uce74 \ud751\uaddc\uc554<\/p>\n<p>\ud56d\ubaa9: \uc778\ud14c\ub9ac\uc5b4 \ud504\ub85c\uc81d\ud2b8\uc6a9 \uce74\uc0ac\ube14\ub791\uce74 \ube14\ub799 \uaddc\uc554<\/p>\n<p>\uc7ac\ub8cc: \uce74\uc0ac\ube14\ub791\uce74 \ud751\uc0c9 \uaddc\uc554<\/p>\n<p>\uc0c1\ud45c: Xiamen HRST Stone Co., Ltd<\/p>\n<p>MOQ: 50m2<\/p>\n<p>\ub300\ub9ac\uc11d \uc2ac\ub77c\ube0c \ud06c\uae30: (2200-2600)mm\u00d7(1300-1600)mm\u00d718mm<\/p>\n<p>Cut-to-size Tile: 800\u00d7800mm, 600\u00d7600mm, 300\u00d7300mm, 300\u00d7600mm \ub4f1<\/p>\n<h3 style=\"font-size: 19px\">\uc81c\ud488 \uc138\ubd80 \uc815\ubcf4<\/h3>\n<p>\ub0b4\ubd80 \ubc14\ub2e5 \ubc0f \ubcbd\uc6a9 \uce74\uc0ac\ube14\ub791\uce74 \ube14\ub799 \uaddc\uc554 \uad11\ud0dd \uc2ac\ub798\ube0c<\/p>\n<p><img fetchpriority=\"high\" decoding=\"async\" src=\"https:\/\/data.adwebcloud.com\/public\/material\/220426a7q47o\/product\/GranitCopacabana(1)_1662112784980.jpg\" alt=\"\" width=\"750\" height=\"600\" \/><\/p>\n<p>HRST\ub294 \uce74\uc0ac\ube14\ub791\uce74 \ud751\uc0c9 \uaddc\uc554 \uc11d\ud310\uc744 \ub3c4\ub9e4\ud558\uace0 \uc911\uad6d\uc5d0\uc11c \ud06c\uae30\ub85c \uc790\ub985\ub2c8\ub2e4. \uc6b0\ub9ac \uc6cc\ud06c\uc0f5\uc740 \ubd80\uc5cc \uc870\ub9ac\ub300, \ud654\uc7a5\ub300 \uc0c1\ud310, \ud504\ub85c\uc81d\ud2b8\uc6a9 \ubcbd \ubc0f \ubc14\ub2e5 \ud0c0\uc77c \uc0dd\uc0b0\uc5d0 \uc804\ubb38\uc801\uc785\ub2c8\ub2e4. \uce74\uc0ac\ube14\ub791\uce74 \ud751\uaddc\uc554 \ube44\uc6a9 \ubb38\uc758 \ud658\uc601\ud569\ub2c8\ub2e4.&nbsp;<\/p>\n<p><img decoding=\"async\" src=\"https:\/\/data.adwebcloud.com\/public\/material\/220426a7q47o\/product\/CasablancaBlack(3)_1662112889910.jpg\" alt=\"\" \/><\/p>\n<p><img decoding=\"async\" src=\"https:\/\/data.adwebcloud.com\/public\/material\/220426a7q47o\/product\/CasablancaBlack(5)_1662112905033.jpg\" alt=\"\" width=\"750\" height=\"600\" \/><\/p>\n<p>&nbsp;<\/p>\n<p><img fetchpriority=\"high\" decoding=\"async\" src=\"https:\/\/data.adwebcloud.com\/public\/material\/220426a7q47o\/product\/GranitCopacabana(1)_1662112784980.jpg\" alt=\"\" width=\"750\" height=\"600\" \/><\/p>\n<p><img decoding=\"async\" src=\"https:\/\/data.adwebcloud.com\/public\/material\/220426a7q47o\/product\/GranitCopacabana(8)_1662112761495.jpg\" alt=\"\" width=\"750\" height=\"600\" \/><\/p>\n<p>\ube0c\ub77c\uc9c8 <a class=\"wpil_keyword_link\" href=\"https:\/\/www.quartzite-stone.com\/ko\/%ec%a0%9c%ed%92%88-3\/%ec%bd%94%ed%8c%8c%ec%b9%b4%eb%b0%94%eb%82%98-%ed%99%94%ea%b0%95%ec%95%94\/\"   title=\"\ucf54\ud30c\uce74\ubc14\ub098 \ud654\uac15\uc554\" data-wpil-keyword-link=\"linked\">\ucf54\ud30c\uce74\ubc14\ub098 \ud654\uac15\uc554<\/a> \uc870\ub9ac\ub300\uc6a9 \uc11d\ud310<\/p>\n<p><img decoding=\"async\" src=\"https:\/\/data.adwebcloud.com\/public\/material\/220426a7q47o\/product\/Copacabana&nbsp;Granite(2)_1654764674978.jpg\" alt=\"\" \/><\/p>\n<h3 style=\"font-size: 19px\">\uce74\uc0ac\ube14\ub791\uce74 \uaddc\uc554 \uc0ac\uc6a9\uc758 \uc7a5\uc810<\/h3>\n<p>Casablanca Black Quartzite\ub97c \uac74\ucd95 \uc790\uc7ac\ub85c \uc0ac\uc6a9\ud558\uba74 \uba87 \uac00\uc9c0 \uc774\uc810\uc774 \uc788\uc2b5\ub2c8\ub2e4.<\/p>\n<ol style=\"list-style-type: decimal\">\n<li>\n<p>\ub0b4\uad6c\uc131: Casablanca Black Quartzite\ub294 \ub0b4\uad6c\uc131\uc774 \ub6f0\uc5b4\ub098\uace0 \uc624\ub798 \uc9c0\uc18d\ub418\ub294 \ucc9c\uc5f0\uc11d\uc73c\ub85c \ub9c8\ubaa8\ub97c \uacac\ub51c \uc218 \uc788\uc5b4 \uad50\ud1b5\ub7c9\uc774 \ub9ce\uc740 \uc9c0\uc5ed\uc5d0 \uc774\uc0c1\uc801\uc785\ub2c8\ub2e4.<\/p>\n<\/li>\n<li>\n<p>\ubbf8\ud559: \ud06c\ub9bc \uac19\uc740 \ud770\uc0c9 \ubc30\uacbd\uc5d0 \ubc1d\uc740 \ud68c\uc0c9, \ubca0\uc774\uc9c0, \uae08\uc0c9\uc758 \ubd80\ub4dc\ub7ec\uc6b4 \uacb0\uc774 \uc544\ub984\ub2f5\uace0 \ub3c5\ud2b9\ud55c \uc678\uad00\uc744 \uac00\uc9c0\uace0 \uc788\uc2b5\ub2c8\ub2e4. \uc774 \ucc9c\uc5f0\uc11d\uc740 \uc5b4\ub5a4 \uacf5\uac04\uc5d0\ub3c4 \uc6b0\uc544\ud568\uacfc \uc138\ub828\ubbf8\ub97c \ub354\ud560 \uc218 \uc788\uc2b5\ub2c8\ub2e4.<\/p>\n<\/li>\n<li>\n<p>\uc190\uc26c\uc6b4 \uc720\uc9c0 \uad00\ub9ac: Casablanca Quartzite\ub294 \uc720\uc9c0 \uad00\ub9ac \ubc0f \uccad\uc18c\uac00 \uc26c\uc6b0\uba70 \uc815\uae30\uc801\uc778 \uccad\uc18c\uc640 \uac00\ub054 \ubc00\ubd09\ub9cc \ud558\uba74 \uc544\ub984\ub2e4\uc6c0\uc744 \uc720\uc9c0\ud560 \uc218 \uc788\uc2b5\ub2c8\ub2e4.<\/p>\n<\/li>\n<li>\n<p>\ub2e4\uc591\uc131: \uc870\ub9ac\ub300, \ubc14\ub2e5\uc7ac, \ubcbd \ud074\ub798\ub529, \uc57c\uc678 \uc0dd\ud65c \uacf5\uac04, \ubcbd\ub09c\ub85c \ub4f1 \ub2e4\uc591\ud55c \uc2e4\ub0b4 \ubc0f \uc2e4\uc678 \uc751\uc6a9 \ubd84\uc57c\uc5d0\uc11c \uc0ac\uc6a9\ud560 \uc218 \uc788\uc2b5\ub2c8\ub2e4.<\/p>\n<\/li>\n<li>\n<p>\ub0b4\uc5f4\uc131: Casablanca Black Quartzite\ub294 \ub0b4\uc5f4\uc131\uc774 \ub6f0\uc5b4\ub098 \ubcbd\ub09c\ub85c, \uc2a4\ud1a0\ube0c \ubc0f \uae30\ud0c0 \uc5f4\uc6d0 \uc8fc\ubcc0\uc5d0\uc11c \uc0ac\uc6a9\ud558\uae30\uc5d0 \uc774\uc0c1\uc801\uc785\ub2c8\ub2e4.<\/p>\n<\/li>\n<li>\n<p>\uc8fc\ud0dd \uac00\uce58 \uc99d\uac00: \uc8fc\ud0dd \ub514\uc790\uc778\uc5d0 \uce74\uc0ac\ube14\ub791\uce74 \ud751\uc0c9 \uaddc\uc554\uc744 \uc0ac\uc6a9\ud558\uba74 \uace0\uc720\ud55c \uc544\ub984\ub2e4\uc6c0\uacfc \ub0b4\uad6c\uc131\uc73c\ub85c \uc778\ud574 \ubd80\ub3d9\uc0b0\uc758 \uc7ac\ud310\ub9e4 \uac00\uce58\ub97c \ub192\uc77c \uc218 \uc788\uc2b5\ub2c8\ub2e4.<\/p>\n<\/li>\n<\/ol>\n<p>\uc804\ubc18\uc801\uc73c\ub85c Casablanca Quartzite\uc758 \ub9ce\uc740 \uc774\uc810\uc740 \uac74\ucd95\uac00, \ub514\uc790\uc774\ub108 \ubc0f \uc8fc\ud0dd \uc18c\uc720\uc790 \ubaa8\ub450\uc5d0\uac8c \uc778\uae30 \uc788\ub294 \uc120\ud0dd\uc785\ub2c8\ub2e4. \ub0b4\uad6c\uc131, \ub2e4\uc6a9\ub3c4\uc131 \ubc0f \ub3c5\ud2b9\ud55c \uc678\uad00\uc740 \uac00\uc815\uc774\ub098 \uc0c1\uc5c5 \ud504\ub85c\uc81d\ud2b8\ub97c \uc704\ud55c \uc624\ub798 \uc9c0\uc18d\ub418\uace0 \uc6b0\uc544\ud55c \ub514\uc790\uc778 \uc194\ub8e8\uc158\uc744 \ucc3e\ub294 \uc0ac\ub78c\ub4e4\uc5d0\uac8c \ud0c1\uc6d4\ud55c \ud22c\uc790\uc785\ub2c8\ub2e4.<\/p>\n<\/p>\n<h3 style=\"font-size: 19px\">\uce74\uc0ac\ube14\ub791\uce74 \uaddc\uc554\uc758 \uae30\uc6d0\uc740 \ubb34\uc5c7\uc774\uba70 \uc5b4\ub5bb\uac8c \ud615\uc131\ub429\ub2c8\uae4c?<\/h3>\n<p>\ud654\uc774\ud2b8 \ub9c8\uce74\uc6b0\ubc14\uc2a4 \uaddc\uc554\uc774\ub77c\uace0\ub3c4 \uc54c\ub824\uc9c4 \uce74\uc0ac\ube14\ub791\uce74 \uaddc\uc554\uc740 \uc8fc\ub85c \ube0c\ub77c\uc9c8\uc5d0\uc11c \uc0dd\uc0b0\ub429\ub2c8\ub2e4. \ubaa8\ub85c\ucf54\uc758 \uc720\uba85\ud55c \ub3c4\uc2dc \uce74\uc0ac\ube14\ub791\uce74\uc758 \uc774\ub984\uc744 \ub530\uc11c \uba85\uba85\ub418\uc5c8\uc9c0\ub9cc \uc2e4\uc81c\ub85c \uadf8 \uc9c0\uc5ed\uc5d0\uc11c \uc0dd\uc0b0\ub41c \uac83\uc740 \uc544\ub2d9\ub2c8\ub2e4. \uce74\uc0ac\ube14\ub791\uce74 \uaddc\uc554\uc740 \uc9c0\uc9c8\ud559\uc801 \uacfc\uc815\uc744 \uac70\uccd0 \ud615\uc131\ub418\ub294 \ucc9c\uc5f0\uc11d\uc785\ub2c8\ub2e4.<\/p>\n<p>\uaddc\uc554\uc740 \uc0ac\uc554\uc758 \ubcc0\uc131 \uc791\uc6a9\uc744 \ud1b5\ud574 \ud615\uc131\ub429\ub2c8\ub2e4. \uc774 \uacfc\uc815\uc740 \uc0ac\uc554\uc774 \uc9c0\uac01 \uae4a\uc740 \uacf3\uc5d0\uc11c \uac15\ub82c\ud55c \uc5f4\uacfc \uc555\ub825\uc744 \ubc1b\uc744 \ub54c \uc2dc\uc791\ub429\ub2c8\ub2e4. \uc774\ub85c \uc778\ud574 \ubaa8\ub798 \uc54c\uac31\uc774\uac00 \uc7ac\uacb0\uc815\ud654\ub418\uace0 \ud568\uaed8 \uc735\ud569\ub418\uc5b4 \uaddc\uc554\uc73c\ub85c \uc54c\ub824\uc9c4 \ubc00\ub3c4\uac00 \ub192\uace0 \ub0b4\uad6c\uc131\uc774 \uac15\ud55c \ub3cc\uc774 \ub429\ub2c8\ub2e4.<\/p>\n<p>\ubcc0\uc131 \uacfc\uc815\uc5d0\uc11c \uc11d\uc601\uacfc \uac19\uc740 \uc0ac\uc554 \ub0b4\uc758 \uad11\ubb3c\uc740 \uad6c\uc870\uc801 \ubcc0\ud615\uc744 \uacaa\uc2b5\ub2c8\ub2e4. \uc774 \ubcc0\ud615\uc740 \uaddc\uc554\uc5d0 \ud2b9\uc9d5\uc801\uc778 \uacbd\ub3c4, \uac15\ub3c4 \ubc0f \uace0\uc720\ud55c \uc0c9\uc0c1 \ud328\ud134\uc744 \ubd80\uc5ec\ud569\ub2c8\ub2e4.<\/p>\n<p>\uce74\uc0ac\ube14\ub791\uce74 \uaddc\uc554\uc740 \uc885\uc885 \ub300\ub9ac\uc11d\uacfc \uc720\uc0ac\ud55c \uc12c\uc138\ud55c \uacb0\uc774 \uc788\ub294 \uc544\ub984\ub2e4\uc6b4 \ud770\uc0c9\uacfc \ud68c\uc0c9 \uc0c9\uc0c1\uc73c\ub85c \ud2b9\ud788 \ub192\uc774 \ud3c9\uac00\ub429\ub2c8\ub2e4. \ube0c\ub77c\uc9c8\uc758 \ud2b9\uc815 \uad11\ubb3c \uad6c\uc131\uacfc \uc9c0\uc9c8\ud559\uc801 \uc870\uac74\uc740 \uc774 \ub3c5\ud2b9\ud558\uace0 \ub9e4\ub825\uc801\uc778 \uaddc\uc554 \ubcc0\uc885\uc758 \ud615\uc131\uc5d0 \uae30\uc5ec\ud569\ub2c8\ub2e4.<\/p>\n<p>\uc790\uc5f0\uc11d \ud615\uc131\uc740 \ub2e4\uc591\ud560 \uc218 \uc788\uc73c\uba70 \uce74\uc0ac\ube14\ub791\uce74 \uaddc\uc554\uc740 \ucc44\uc11d\uc7a5\ub9c8\ub2e4 \ub610\ub294 \uc2ec\uc9c0\uc5b4 \uac1c\ubcc4 \uc2ac\ub798\ube0c \ub0b4\uc5d0\uc11c\ub3c4 \uc0c9\uc0c1, \ub9e5, \ud328\ud134\uc774 \uc57d\uac04 \ub2e4\ub97c \uc218 \uc788\ub2e4\ub294 \uc810\uc5d0 \uc720\uc758\ud558\ub294 \uac83\uc774 \uc911\uc694\ud569\ub2c8\ub2e4. \uc774\ub7ec\ud55c \uc790\uc5f0\uc2a4\ub7ec\uc6b4 \ubcc0\ud654\ub294 \uc2a4\ud1a4\uc758 \uc544\ub984\ub2e4\uc6c0\uacfc \ub3c5\ud2b9\ud568\uc758 \uc77c\ubd80\uc785\ub2c8\ub2e4.<\/p>\n<h3 style=\"font-size: 19px\">\uce74\uc0ac\ube14\ub791\uce74 \uaddc\uc554\uc758 \uc0c9\uc0c1\uacfc \ud328\ud134\uc740 \uc11d\ud310\ub9c8\ub2e4 \uc5b4\ub5bb\uac8c \ub2e4\ub985\ub2c8\uae4c?<\/h3>\n<p>\uce74\uc0ac\ube14\ub791\uce74 \uaddc\uc554\uc758 \uc0c9\uc0c1\uacfc \ud328\ud134\uc740 \uc11d\ud310\ub9c8\ub2e4 \ub2e4\ub97c \uc218 \uc788\uc5b4 \ub3c5\ud2b9\ud558\uace0 \uc790\uc5f0\uc2a4\ub7ec\uc6b4 \ub9e4\ub825\uc744 \ub354\ud569\ub2c8\ub2e4. \ub2e4\uc74c\uc740 \ucc3e\uc744 \uc218 \uc788\ub294 \uc7a0\uc7ac\uc801 \ubcc0\ud615\uc5d0 \ub300\ud55c \uac1c\uc694\uc785\ub2c8\ub2e4.<\/p>\n<p>\uc0c9\uc0c1: \uce74\uc0ac\ube14\ub791\uce74 \uaddc\uc554\uc740 \uc8fc\ub85c \ud770\uc0c9 \ub610\ub294 \ud06c\ub9bc\uc0c9 \uae30\ubcf8 \uc0c9\uc0c1\uc73c\ub85c \uc720\uba85\ud569\ub2c8\ub2e4. \uadf8\ub7ec\ub098 \uc774 \uc804\uccb4 \uc0c9\uc0c1 \ubc94\uc704 \ub0b4\uc5d0\uc11c \ud1a4\uacfc \uac15\ub3c4\uc758 \ubcc0\ud654\ub97c \uae30\ub300\ud560 \uc218 \uc788\uc2b5\ub2c8\ub2e4. \uc77c\ubd80 \uc2ac\ub798\ube0c\ub294 \ub354 \ubc1d\uc740 \ud770\uc0c9 \ubc30\uacbd\uc744 \ub098\ud0c0\ub0bc \uc218 \uc788\ub294 \ubc18\uba74 \ub2e4\ub978 \uc2ac\ub798\ube0c\ub294 \uc57d\uac04 \ub354 \ub530\ub73b\ud558\uac70\ub098 \ub354 \ucc28\ubd84\ud55c \ubbf8\uc0c9 \ud1a4\uc744 \uac00\uc9c8 \uc218 \uc788\uc2b5\ub2c8\ub2e4. \uacb0 \ubb34\ub2ac \ubc0f \uae30\ud0c0 \ud328\ud134\uc758 \uac15\ub3c4\uc640 \ubd84\ud3ec\ub3c4 \uac01 \uc2ac\ub798\ube0c\uc758 \uc804\ubc18\uc801\uc778 \uc0c9\uc0c1 \uc678\uad00\uc5d0 \uae30\uc5ec\ud569\ub2c8\ub2e4.<\/p>\n<p>\ud328\ud134: \uce74\uc0ac\ube14\ub791\uce74 \uaddc\uc554\uc740 \uc77c\ubc18\uc801\uc73c\ub85c \uacb0, \ubbf8\ubb18\ud55c \uc6c0\uc9c1\uc784 \ubc0f \ub300\ub9ac\uc11d \ubaa8\uc591\uacfc \uc720\uc0ac\ud55c \ubcf5\uc7a1\ud55c \ud328\ud134\uc744 \ubcf4\uc5ec\uc90d\ub2c8\ub2e4. \uc904\ubb34\ub2ac\ub294 \uc12c\uc138\ud558\uace0 \ud76c\ubbf8\ud55c \uac83\uc5d0\uc11c \ub354 \ub69c\ub837\ud558\uace0 \ub300\ub2f4\ud55c \uac83\uae4c\uc9c0 \ub2e4\uc591\ud569\ub2c8\ub2e4. \ud328\ud134\uc740 \uc120\ud615, \ubb3c\uacb0 \ubaa8\uc591 \ub610\ub294 \ud750\ub974\ub294 \ubb3c \ubaa8\uc591\uacfc \uc720\uc0ac\ud560 \uc218 \uc788\uc2b5\ub2c8\ub2e4. \uac01 \uc2ac\ub798\ube0c\uc5d0\ub294 \uace0\uc720\ud55c \ud328\ud134 \uc870\ud569\uc774 \uc788\uc73c\uba70 \uc774\ub7ec\ud55c \ud328\ud134\uc758 \ubd84\ud3ec\uc640 \uac15\ub3c4\ub294 \ud06c\uac8c \ub2e4\ub97c \uc218 \uc788\uc2b5\ub2c8\ub2e4.<\/p>\n<p>\uc790\uc5f0\uc801 \ubcc0\ud654: \uaddc\uc554\uc740 \uc790\uc5f0\uc11d\uc774\ubbc0\ub85c \uac01 \uc11d\ud310\uc740 \uace0\uc720\ud55c \uac1c\ubcc4 \ud2b9\uc131\uc744 \uac00\uc9c0\uace0 \uc788\ub2e4\ub294 \uc810\uc5d0 \uc720\uc758\ud558\ub294 \uac83\uc774 \uc911\uc694\ud569\ub2c8\ub2e4. \uc0c9\uc0c1\uacfc \ud328\ud134\uc758 \ubcc0\ud654\ub294 \uc120\ucc9c\uc801\uc774\uba70 \ub3cc\uc744 \ud615\uc131\ud55c \uc9c0\uc9c8\ud559\uc801 \uacfc\uc815\uc758 \uacb0\uacfc\uc785\ub2c8\ub2e4. \ub450 \uac1c\uc758 \ud310\uc774 \uc815\ud655\ud788 \ub3d9\uc77c\ud558\uc9c0 \uc54a\uae30 \ub54c\ubb38\uc5d0 \uc774\ub7ec\ud55c \ubcc0\ud615\uc740 \uce74\uc0ac\ube14\ub791\uce74 \uaddc\uc554\uc758 \uc544\ub984\ub2e4\uc6c0\uacfc \ub3c5\ucc3d\uc131\uc744 \ub354\ud569\ub2c8\ub2e4.<\/p>\n<p>\ud504\ub85c\uc81d\ud2b8\ub97c \uc704\ud574 \uce74\uc0ac\ube14\ub791\uce74 \uaddc\uc554 \uc2ac\ub798\ube0c\ub97c \uc120\ud0dd\ud560 \ub54c \uc0ac\uc6a9\ud560 \ud2b9\uc815 \uc2ac\ub798\ube0c\ub97c \ubcf4\uace0 \uc120\ud0dd\ud558\ub294 \uac83\uc774 \uc88b\uc2b5\ub2c8\ub2e4. \uc774\ub97c \ud1b5\ud574 \ub514\uc790\uc778 \uae30\ubcf8 \uc124\uc815 \ubc0f \uc694\uad6c \uc0ac\ud56d\uc5d0 \uac00\uc7a5 \uc801\ud569\ud55c \ubcc0\ud615\uc744 \ud3c9\uac00\ud558\uace0 \uc120\ud0dd\ud560 \uc218 \uc788\uc2b5\ub2c8\ub2e4. \uc0ac\uc9c4\uacfc \uc0d8\ud50c\uc740 \uc804\uccb4 \ubc94\uc704\uc758 \uc0c9\uc0c1 \ubc0f \ud328\ud134 \ubcc0\ud615\uc744 \ucea1\ucc98\ud558\uc9c0 \ubabb\ud560 \uc218 \uc788\uc73c\ubbc0\ub85c \uc2ac\ub798\ube0c\ub97c \uc9c1\uc811 \ubcf4\uac70\ub098 \ubcf4\ub2e4 \uc815\ud655\ud55c \ud45c\ud604\uc744 \uc704\ud574 \uc2e0\ub8b0\ud560 \uc218 \uc788\ub294 \uc11d\uc7ac \uacf5\uae09\uc5c5\uccb4 \ub610\ub294 \uc81c\uc791\uc790\uc5d0\uac8c \ubb38\uc758\ud558\ub294 \uac83\uc774 \uac00\uc7a5 \uc88b\uc2b5\ub2c8\ub2e4.<\/p>\n<h3 style=\"font-size: 19px\">\uce74\uc0ac\ube14\ub791\uce74 \uaddc\uc554\uc740 \ub0b4\uad6c\uc131\uacfc \uac15\ub3c4 \uce21\uba74\uc5d0\uc11c \ub2e4\ub978 \uc720\ud615\uc758 \uaddc\uc554\uacfc \uc5b4\ub5bb\uac8c \ube44\uad50\ub429\ub2c8\uae4c?<\/h3>\n<p>\uce74\uc0ac\ube14\ub791\uce74 \uaddc\uc554\uc740 \ub2e4\ub978 \uc720\ud615\uc758 \uaddc\uc554\uacfc \ub9c8\ucc2c\uac00\uc9c0\ub85c \ub6f0\uc5b4\ub09c \ub0b4\uad6c\uc131\uacfc \uac15\ub3c4\ub85c \uc720\uba85\ud569\ub2c8\ub2e4. \uce74\uc0ac\ube14\ub791\uce74 \uaddc\uc554\uc774 \uc774\ub7ec\ud55c \uce21\uba74\uc5d0\uc11c \ub2e4\ub978 \uc720\ud615\uc758 \uaddc\uc554\uacfc \uc5b4\ub5bb\uac8c \ube44\uad50\ub418\ub294\uc9c0\ub294 \ub2e4\uc74c\uacfc \uac19\uc2b5\ub2c8\ub2e4.<\/p>\n<ol style=\"list-style-type: decimal\">\n<li>\n<p>\ub0b4\uad6c\uc131: \uce74\uc0ac\ube14\ub791\uce74 \uaddc\uc554\uc740 \ub0b4\uad6c\uc131\uc774 \ub192\uc73c\uba70 \uacfc\ub3c4\ud55c \uc0ac\uc6a9\uacfc \ub9c8\ubaa8\ub97c \uacac\ub51c \uc218 \uc788\uc2b5\ub2c8\ub2e4. \uae01\ud798, \uce58\ud551 \ubc0f \uade0\uc5f4\uc5d0 \uac15\ud558\uc5ec \uad50\ud1b5\ub7c9\uc774 \ub9ce\uc740 \uc9c0\uc5ed\uc5d0 \uc801\ud569\ud569\ub2c8\ub2e4. \uaddc\uc554\uc758 \uacbd\ub3c4\ub294 \uc815\uae30\uc801\uc73c\ub85c \uc0ac\uc6a9\ud558\ub354\ub77c\ub3c4 \uc2dc\uac04\uc774 \uc9c0\ub098\ub3c4 \uc6d0\ub798 \ubaa8\uc591\uc744 \uc720\uc9c0\ud558\ub3c4\ub85d \ud569\ub2c8\ub2e4.<\/p>\n<\/li>\n<li>\n<p>\uac15\ub3c4: \uaddc\uc554\uc740 \uc0ac\uc554\uc758 \ubcc0\uc131 \uc791\uc6a9\uc744 \ud1b5\ud574 \ud615\uc131\ub418\uc5b4 \uac15\ub3c4\uac00 \ud06c\uac8c \uc99d\uac00\ud569\ub2c8\ub2e4. \uaddc\uc554\uc758 \uc77c\uc885\uc778 \uce74\uc0ac\ube14\ub791\uce74 \uaddc\uc554\uc740 \uc6b0\uc218\ud55c \uac15\ub3c4 \ud2b9\uc131\uc744 \ub098\ud0c0\ub0b8\ub2e4. \uae68\uc9c0\uac70\ub098 \uae68\uc9c0\uc9c0 \uc54a\uace0 \uace0\uc555\uacfc \ucda9\uaca9\uc744 \uacac\ub51c \uc218 \uc788\uc2b5\ub2c8\ub2e4. \uc774 \uac15\ub3c4\ub85c \uc778\ud574 \uc870\ub9ac\ub300, \ubc14\ub2e5 \ubc0f \ubcbd \ud074\ub798\ub529\uc744 \ud3ec\ud568\ud55c \ub2e4\uc591\ud55c \uc751\uc6a9 \ubd84\uc57c\uc5d0 \uc801\ud569\ud55c \uc120\ud0dd\uc785\ub2c8\ub2e4.<\/p>\n<\/li>\n<li>\n<p>\ub0b4\uc5f4\uc131: \uce74\uc0ac\ube14\ub791\uce74 \uaddc\uc554\uc740 \ub2e4\ub978 \uaddc\uc554 \ud488\uc885\uacfc \ub9c8\ucc2c\uac00\uc9c0\ub85c \ub0b4\uc5f4\uc131\uc774 \uc6b0\uc218\ud569\ub2c8\ub2e4. \uc190\uc0c1\ub418\uac70\ub098 \ubcc0\uc0c9\ub418\uc9c0 \uc54a\uace0 \uace0\uc628\uc744 \uacac\ub51c \uc218 \uc788\uc2b5\ub2c8\ub2e4. \uadf8\ub7ec\ub098 \uc7a0\uc7ac\uc801\uc778 \uc5f4\ucda9\uaca9\uc774\ub098 \ubd88\uade0\uc77c\ud55c \uac00\uc5f4\uc744 \ubc29\uc9c0\ud558\uae30 \uc704\ud574 \ub728\uac70\uc6b4 \uc870\ub9ac\uae30\uad6c \uc544\ub798\uc5d0 \uc0bc\ubc1c\uc774 \ub610\ub294 \ud56b \ud328\ub4dc\ub97c \uc0ac\uc6a9\ud558\ub294 \uac83\uc774 \uc88b\uc2b5\ub2c8\ub2e4.<\/p>\n<\/li>\n<li>\n<p>\ub0b4\uc218\uc131: \uce74\uc0ac\ube14\ub791\uce74 \uaddc\uc554\uc744 \ud3ec\ud568\ud55c \uaddc\uc554\uc740 \uc801\uc808\ud558\uac8c \ubc00\ubd09\ub418\uc5c8\uc744 \ub54c \uc790\uc5f0\uc801\uc73c\ub85c \ubb3c \uce68\ud22c\uc5d0 \ub300\ud55c \ub0b4\uc131\uc774 \uc788\uc2b5\ub2c8\ub2e4. \uc2b5\uae30\uc5d0 \uc27d\uac8c \uc601\ud5a5\uc744 \ubc1b\uc9c0 \uc54a\uc544 \uc695\uc2e4, \uc8fc\ubc29 \ub4f1 \uc2b5\uae30\uac00 \ub9ce\uc740 \uacf3\uc5d0\uc11c \uc0ac\uc6a9\ud558\uae30\uc5d0 \uc801\ud569\ud569\ub2c8\ub2e4. \uadf8\ub7ec\ub098 \uaddc\uc554\uc740 \ubb3c\uc5d0 \uc644\uc804\ud788 \uc601\ud5a5\uc744 \ubc1b\uc9c0 \uc54a\uc73c\uba70 \ubc29\uc218 \uae30\ub2a5\uc744 \uc720\uc9c0\ud558\uae30 \uc704\ud574 \uc8fc\uae30\uc801\uc73c\ub85c \ubc00\ubd09\ud558\ub294 \uac83\uc774 \uc88b\uc2b5\ub2c8\ub2e4.<\/p>\n<\/li>\n<\/ol>\n<p>\uc0c1\ub300\uc801\uc73c\ub85c \uce74\uc0ac\ube14\ub791\uce74 \uaddc\uc554\uc758 \ub0b4\uad6c\uc131\uacfc \uac15\ub3c4\ub294 \ub2e4\ub978 \uace0\ud488\uc9c8 \uaddc\uc554 \ud488\uc885\uacfc \ub3d9\ub4f1\ud569\ub2c8\ub2e4. \uadf8\ub7ec\ub098 \ud2b9\uc815 \ubb3c\ub9ac\uc801 \ud2b9\uc131\uc740 \ud2b9\uc815 \ucc44\uc11d\uc7a5 \ubc0f \uc2ac\ub798\ube0c\uc5d0 \ub530\ub77c \uc57d\uac04 \ub2e4\ub97c \uc218 \uc788\uc74c\uc744 \uace0\ub824\ud558\ub294 \uac83\uc774 \uc911\uc694\ud569\ub2c8\ub2e4. \ud504\ub85c\uc81d\ud2b8\uc5d0 \uc0ac\uc6a9\ud560 \uc218 \uc788\ub294 \uce74\uc0ac\ube14\ub791\uce74 \uaddc\uc554\uc758 \ud2b9\uc815 \ud2b9\uc131\uc744 \uc774\ud574\ud558\uace0 \uc694\uad6c \uc0ac\ud56d\uc744 \ucda9\uc871\ud558\ub294\uc9c0 \ud655\uc778\ud558\ub824\uba74 \uc11d\uc7ac \uacf5\uae09\uc5c5\uccb4 \ub610\ub294 \uc81c\uc791\uc790\uc640 \uc0c1\uc758\ud558\ub294 \uac83\uc774 \uc88b\uc2b5\ub2c8\ub2e4.<\/p><\/p>","protected":false},"excerpt":{"rendered":"<p>Black Casablanca Quartzite\ub294 \uc2ac\ub798\ube0c \uae38\uc774\uc5d0 \uac78\uccd0 \ub113\uc740 \ud770\uc0c9\/\uc0c1\uc544\uc0c9 \uc904\ubb34\ub2ac\uac00 \uc788\uace0 \ud301\uc774 \ubca0\uc774\uc9c0\uc0c9\/\uc5f0\ud55c \uac08\uc0c9\uc778 \ub9e4\uc6b0 \uace0\ud488\uc9c8 \ud53c\uc544\ub178 \uac80\uc815\uc0c9 \ud654\uac15\uc554\uc785\ub2c8\ub2e4. \uc790\uc5f0\uc758 \uacfc\uc815\uc5d0 \uc758\ud574 \ub9cc\ub4e4\uc5b4\uc9c4 \uc644\uc804 \ucc9c\uc5f0\uc11d\uc785\ub2c8\ub2e4.<\/p><\/p>","protected":false},"featured_media":7412,"comment_status":"closed","ping_status":"closed","template":"","meta":[],"product_brand":[],"product_cat":[195],"product_tag":[321,1096,296,319,297,320,322,318],"class_list":{"0":"post-3444","1":"product","2":"type-product","3":"status-publish","4":"has-post-thumbnail","6":"product_cat-quartzite","7":"product_tag-2cm-casablanca-black-quartzite-slabs","8":"product_tag-black-horse-quartzite","9":"product_tag-brazil-copacabana-granite-slabs-for-countertops","10":"product_tag-buy-casablanca-quartzite-slabs","11":"product_tag-casablanca-black-quartzite","12":"product_tag-casablanca-black-quartzite-countertops","13":"product_tag-casablanca-black-quartzite-wall-and-floor-tiles","14":"product_tag-casablanca-granite-slabs","16":"first","17":"instock","18":"shipping-taxable","19":"product-type-simple"},"_links":{"self":[{"href":"https:\/\/www.quartzite-stone.com\/ko\/wp-json\/wp\/v2\/product\/3444","targetHints":{"allow":["GET"]}}],"collection":[{"href":"https:\/\/www.quartzite-stone.com\/ko\/wp-json\/wp\/v2\/product"}],"about":[{"href":"https:\/\/www.quartzite-stone.com\/ko\/wp-json\/wp\/v2\/types\/product"}],"replies":[{"embeddable":true,"href":"https:\/\/www.quartzite-stone.com\/ko\/wp-json\/wp\/v2\/comments?post=3444"}],"wp:featuredmedia":[{"embeddable":true,"href":"https:\/\/www.quartzite-stone.com\/ko\/wp-json\/wp\/v2\/media\/7412"}],"wp:attachment":[{"href":"https:\/\/www.quartzite-stone.com\/ko\/wp-json\/wp\/v2\/media?parent=3444"}],"wp:term":[{"taxonomy":"product_brand","embeddable":true,"href":"https:\/\/www.quartzite-stone.com\/ko\/wp-json\/wp\/v2\/product_brand?post=3444"},{"taxonomy":"product_cat","embeddable":true,"href":"https:\/\/www.quartzite-stone.com\/ko\/wp-json\/wp\/v2\/product_cat?post=3444"},{"taxonomy":"product_tag","embeddable":true,"href":"https:\/\/www.quartzite-stone.com\/ko\/wp-json\/wp\/v2\/product_tag?post=3444"}],"curies":[{"name":"wp","href":"https:\/\/api.w.org\/{rel}","templated":true}]}}