{"id":8157,"date":"2023-07-12T17:13:29","date_gmt":"2023-07-12T09:13:29","guid":{"rendered":"https:\/\/www.quartzite-stone.com\/product\/blue-sodalite-semiprecious-stone\/"},"modified":"2023-07-19T10:48:39","modified_gmt":"2023-07-19T02:48:39","slug":"pietra-semipreziosa-sodalite-blu","status":"publish","type":"product","link":"https:\/\/www.quartzite-stone.com\/it\/products\/blue-sodalite-semiprecious-stone\/","title":{"rendered":"Pietra semipreziosa di sodalite blu"},"content":{"rendered":"<p>La sodalite blu \u00e8 una gemma semipreziosa nota per il suo colore blu intenso e le belle venature bianche o grigie. Si tratta di un tipo di minerale chiamato tectosilicato, spesso utilizzato in gioielleria e in oggetti decorativi per il suo aspetto attraente.<\/p>\n<p>La sodalite blu si caratterizza per il suo colore blu intenso, che pu\u00f2 variare da un ricco blu reale a un pi\u00f9 scuro blu navy. La pietra presenta spesso striature bianche o grigie, che le conferiscono un disegno unico e distintivo. Questa combinazione di blu e venature bianche o grigie crea un aspetto suggestivo che viene spesso paragonato a un cielo notturno pieno di stelle.<\/p>\n<p><img fetchpriority=\"high\" decoding=\"async\" src=\"https:\/\/data.adwebcloud.com\/public\/material\/220426a7q47o\/product\/photobank81_1689152965413.jpg\" width=\"750\" height=\"600\" alt=\"\" \/><\/p>\n<p>Si ritiene che la sodalite abbia diverse propriet\u00e0 metafisiche. \u00c8 associata al miglioramento della comunicazione, alla promozione dell'espressione di s\u00e9 e alla promozione di un senso di calma e pace interiore. Molte persone usano la sodalite blu come strumento di meditazione o la indossano come gioiello per beneficiare di queste propriet\u00e0.<\/p>\n<p>Oltre che per le sue qualit\u00e0 metafisiche, la sodalite blu \u00e8 apprezzata anche per il suo fascino estetico. Viene spesso utilizzata per la creazione di vari gioielli, come collane, bracciali e anelli. Il colore blu intenso e le venature uniche della sodalite blu la rendono una scelta popolare per chi cerca di incorporare la bellezza naturale nei propri accessori.<\/p>\n<p>Oltre ai gioielli, la sodalite blu viene utilizzata per la produzione di oggetti decorativi e sculture. La sua vibrante tonalit\u00e0 di blu e i suoi motivi sorprendenti possono essere sfoggiati su piani di tavoli, vasi, fermalibri e altri oggetti di arredamento. Queste creazioni aggiungono un tocco di eleganza e bellezza naturale a qualsiasi spazio.<\/p>\n<p><img decoding=\"async\" src=\"https:\/\/data.adwebcloud.com\/public\/material\/220426a7q47o\/product\/BlueSodaliteSemiPreciousSto0_1689152991619.jpg\" width=\"800\" height=\"473\" alt=\"\" \/><\/p>\n<p>Quando si tratta di prendersi cura della sodalite blu, \u00e8 importante maneggiarla con delicatezza per evitare di graffiarla o danneggiarla. Pulitela con un panno morbido e un sapone neutro, evitando prodotti chimici aggressivi che potrebbero causare uno scolorimento o influire negativamente sulla superficie della pietra. \u00c8 inoltre consigliabile conservare i gioielli in sodalite blu separatamente dagli altri pezzi per evitare che si graffino o si aggroviglino.<\/p>\n<p><img decoding=\"async\" src=\"https:\/\/data.adwebcloud.com\/public\/material\/220426a7q47o\/product\/BlueSodaliteSemiPreciousSto2_1689153005513.jpg\" width=\"800\" height=\"600\" alt=\"\" \/><\/p>\n<p>In sintesi, la sodalite blu \u00e8 una magnifica gemma semipreziosa rinomata per il suo colore blu intenso e le sue venature bianche o grigie. La sua ricca tonalit\u00e0 e i suoi motivi unici la rendono un materiale ricercato per gioielli e oggetti decorativi. Utilizzata negli accessori o nell'arredamento, la sodalite blu aggiunge un elemento di bellezza naturale ed eleganza a qualsiasi ambiente.<\/p><\/p>","protected":false},"excerpt":{"rendered":"<p>La sodalite blu \u00e8 una gemma semipreziosa dal colore blu intenso e venature bianche o grigie. \u00c8 un minerale tettosilicato ed \u00e8 popolare in gioielleria e oggetti decorativi grazie al suo aspetto attraente. La sodalite blu ha propriet\u00e0 metafisiche, come migliorare la comunicazione, l&#039;espressione di s\u00e9 e promuovere la pace interiore. \u00c8 anche apprezzato per il suo fascino estetico, che lo rende popolare in gioielli come collane, bracciali e anelli. La sua vibrante tonalit\u00e0 blu e i motivi sorprendenti possono essere messi in mostra su tavoli, vasi, fermalibri e altri oggetti di arredamento per la casa, aggiungendo eleganza e bellezza naturale a qualsiasi spazio. Per prendersi cura della sodalite blu, maneggiarla delicatamente, pulirla con un panno morbido e sapone neutro e conservarla separatamente dagli altri pezzi.<\/p><\/p>","protected":false},"featured_media":8271,"comment_status":"open","ping_status":"closed","template":"","meta":[],"product_brand":[],"product_cat":[208],"product_tag":[1439,1437,1435,1438,1436,1440],"class_list":{"0":"post-8157","1":"product","2":"type-product","3":"status-publish","4":"has-post-thumbnail","6":"product_cat-agate","7":"product_tag-backlit-sodalite","8":"product_tag-blue-semi-precious-stone","9":"product_tag-blue-sodalite","10":"product_tag-blue-sodalite-table","11":"product_tag-sodalite","12":"product_tag-sodalite-slab","14":"first","15":"instock","16":"shipping-taxable","17":"product-type-simple"},"_links":{"self":[{"href":"https:\/\/www.quartzite-stone.com\/it\/wp-json\/wp\/v2\/product\/8157","targetHints":{"allow":["GET"]}}],"collection":[{"href":"https:\/\/www.quartzite-stone.com\/it\/wp-json\/wp\/v2\/product"}],"about":[{"href":"https:\/\/www.quartzite-stone.com\/it\/wp-json\/wp\/v2\/types\/product"}],"replies":[{"embeddable":true,"href":"https:\/\/www.quartzite-stone.com\/it\/wp-json\/wp\/v2\/comments?post=8157"}],"wp:featuredmedia":[{"embeddable":true,"href":"https:\/\/www.quartzite-stone.com\/it\/wp-json\/wp\/v2\/media\/8271"}],"wp:attachment":[{"href":"https:\/\/www.quartzite-stone.com\/it\/wp-json\/wp\/v2\/media?parent=8157"}],"wp:term":[{"taxonomy":"product_brand","embeddable":true,"href":"https:\/\/www.quartzite-stone.com\/it\/wp-json\/wp\/v2\/product_brand?post=8157"},{"taxonomy":"product_cat","embeddable":true,"href":"https:\/\/www.quartzite-stone.com\/it\/wp-json\/wp\/v2\/product_cat?post=8157"},{"taxonomy":"product_tag","embeddable":true,"href":"https:\/\/www.quartzite-stone.com\/it\/wp-json\/wp\/v2\/product_tag?post=8157"}],"curies":[{"name":"wp","href":"https:\/\/api.w.org\/{rel}","templated":true}]}}