{"id":8122,"date":"2023-07-12T16:24:48","date_gmt":"2023-07-12T08:24:48","guid":{"rendered":"https:\/\/www.quartzite-stone.com\/product\/green-malachite\/"},"modified":"2023-07-12T16:33:52","modified_gmt":"2023-07-12T08:33:52","slug":"malachite-verde","status":"publish","type":"product","link":"https:\/\/www.quartzite-stone.com\/it\/products\/green-malachite\/","title":{"rendered":"Malachite verde"},"content":{"rendered":"<p>Green Malachite Table \u00e8 un mobile che presenta un piano del tavolo realizzato con la gemma semipreziosa nota come malachite. La malachite \u00e8 un minerale verde vibrante apprezzato per i suoi motivi a bande unici e la ricca colorazione.<\/p>\n<p><img fetchpriority=\"high\" decoding=\"async\" src=\"https:\/\/data.adwebcloud.com\/public\/material\/220426a7q47o\/product\/GreenMalachite7_1689150112543.jpg\" width=\"800\" height=\"800\" alt=\"\" \/><\/p>\n<p>I tavoli in malachite verde sono spesso realizzati a mano e costruiti con cura per mostrare la bellezza della pietra. Le lastre di malachite utilizzate per i piani dei tavoli sono tipicamente tagliate in varie forme (come rettangolari, rotonde o ovali) e lucidate a specchio, esaltando gli intricati motivi e le sfumature del minerale.<\/p>\n<p>I modelli trovati in Malachite possono variare da bande vorticose ad anelli concentrici, creando un aspetto affascinante e dinamico. Le sfumature di verde in malachite possono variare, offrendo una gamma di intensit\u00e0 dal verde bosco intenso a tonalit\u00e0 pi\u00f9 chiare con accenni di blu o giallo.<\/p>\n<p>Oltre al suo fascino estetico, si ritiene che la malachite possieda alcune propriet\u00e0 metafisiche. \u00c8 spesso associato a trasformazione, protezione e guarigione. Molte persone usano la malachite come elemento decorativo nelle loro case o uffici per creare un&#039;atmosfera rilassante e calmante.<\/p>\n<p><img decoding=\"async\" src=\"https:\/\/data.adwebcloud.com\/public\/material\/220426a7q47o\/product\/GreenMalachite6_1689150121941.jpg\" width=\"650\" height=\"650\" alt=\"\" \/><\/p>\n<p>I tavoli in malachite verde possono fungere da straordinari punti focali nel design degli interni. Sono spesso usati come tavolini da caff\u00e8, tavolini o pezzi d&#039;accento, aggiungendo un tocco di naturale eleganza e raffinatezza a qualsiasi spazio. Il loro vivace colore verde pu\u00f2 completare una variet\u00e0 di stili di design, dal contemporaneo al tradizionale.<\/p>\n<p><img decoding=\"async\" src=\"https:\/\/data.adwebcloud.com\/public\/material\/220426a7q47o\/product\/GreenMalachite5_1689150136762.jpg\" width=\"800\" height=\"800\" alt=\"\" \/><\/p>\n<p>Quando si tratta di prendersi cura di un tavolo di malachite verde, \u00e8 importante maneggiare la pietra con cura, poich\u00e9 la malachite \u00e8 relativamente morbida rispetto ad altri minerali. \u00c8 suscettibile ai graffi e ai danni causati da prodotti chimici aggressivi, quindi si consiglia di pulire il tavolo con un panno morbido e sapone neutro o un detergente specifico per pietre. Evitare di posizionare oggetti caldi direttamente sulla superficie per evitare potenziali danni da calore.<\/p>\n<p><img loading=\"lazy\" decoding=\"async\" src=\"https:\/\/data.adwebcloud.com\/public\/material\/220426a7q47o\/product\/GreenMalachite9_1689150150018.jpg\" width=\"650\" height=\"650\" alt=\"\" \/><\/p>\n<p>In sintesi, un tavolo in malachite verde \u00e8 un mobile con un piano realizzato con il bellissimo e vibrante minerale malachite. I suoi motivi unici e il ricco colore verde lo rendono un&#039;aggiunta sorprendente a qualsiasi spazio interno. Utilizzato come tavolo funzionale o come accento decorativo, un tavolo verde malachite pu\u00f2 portare un tocco di naturale bellezza ed eleganza al tuo ambiente domestico o in ufficio.<\/p><\/p>","protected":false},"excerpt":{"rendered":"<p>Il tavolo in malachite verde \u00e8 un mobile artigianale caratterizzato da un piano del tavolo realizzato con la vibrante malachite minerale verde.<\/p>","protected":false},"featured_media":8129,"comment_status":"open","ping_status":"closed","template":"","meta":[],"product_brand":[],"product_cat":[208],"product_tag":[1421,1423,1428,1422,1424,1425,1426,1427],"class_list":{"0":"post-8122","1":"product","2":"type-product","3":"status-publish","4":"has-post-thumbnail","6":"product_cat-agate","7":"product_tag-green-malachite","8":"product_tag-green-malachite-slab","9":"product_tag-green-malachite-table","10":"product_tag-malachite","11":"product_tag-malachite-countertop","12":"product_tag-malachite-kitchen","13":"product_tag-malachite-slab","14":"product_tag-malachite-table","16":"first","17":"instock","18":"shipping-taxable","19":"product-type-simple"},"_links":{"self":[{"href":"https:\/\/www.quartzite-stone.com\/it\/wp-json\/wp\/v2\/product\/8122","targetHints":{"allow":["GET"]}}],"collection":[{"href":"https:\/\/www.quartzite-stone.com\/it\/wp-json\/wp\/v2\/product"}],"about":[{"href":"https:\/\/www.quartzite-stone.com\/it\/wp-json\/wp\/v2\/types\/product"}],"replies":[{"embeddable":true,"href":"https:\/\/www.quartzite-stone.com\/it\/wp-json\/wp\/v2\/comments?post=8122"}],"wp:featuredmedia":[{"embeddable":true,"href":"https:\/\/www.quartzite-stone.com\/it\/wp-json\/wp\/v2\/media\/8129"}],"wp:attachment":[{"href":"https:\/\/www.quartzite-stone.com\/it\/wp-json\/wp\/v2\/media?parent=8122"}],"wp:term":[{"taxonomy":"product_brand","embeddable":true,"href":"https:\/\/www.quartzite-stone.com\/it\/wp-json\/wp\/v2\/product_brand?post=8122"},{"taxonomy":"product_cat","embeddable":true,"href":"https:\/\/www.quartzite-stone.com\/it\/wp-json\/wp\/v2\/product_cat?post=8122"},{"taxonomy":"product_tag","embeddable":true,"href":"https:\/\/www.quartzite-stone.com\/it\/wp-json\/wp\/v2\/product_tag?post=8122"}],"curies":[{"name":"wp","href":"https:\/\/api.w.org\/{rel}","templated":true}]}}