{"id":7876,"date":"2023-07-10T11:56:53","date_gmt":"2023-07-10T03:56:53","guid":{"rendered":"https:\/\/www.quartzite-stone.com\/product\/white-fjord-quartzite\/"},"modified":"2023-07-10T12:42:29","modified_gmt":"2023-07-10T04:42:29","slug":"quarzite-bianca-del-fiordo","status":"publish","type":"product","link":"https:\/\/www.quartzite-stone.com\/it\/products\/white-fjord-quartzite\/","title":{"rendered":"Quarzite Fiordo Bianco"},"content":{"rendered":"<p>La quarzite del fiordo bianco \u00e8 un tipo di pietra naturale che viene estratta dalla terra. \u00c8 noto per la sua bellissima colorazione bianca e grigia, con intricati motivi e venature. La quarzite \u00e8 formata da arenaria che ha subito calore e pressione intensi per milioni di anni, risultando in un materiale denso e durevole.<\/p>\n<p><img fetchpriority=\"high\" decoding=\"async\" src=\"https:\/\/data.adwebcloud.com\/public\/material\/220426a7q47o\/product\/WhiteFjordQuartzite2_1688961320245.jpg\" width=\"800\" height=\"800\" alt=\"\" \/><\/p>\n<p>La quarzite del fiordo bianco \u00e8 una scelta popolare per controsoffitti, pavimenti, rivestimenti di pareti e altre applicazioni interne ed esterne. La sua bellezza naturale e le sue venature uniche lo rendono un&#039;opzione attraente sia per gli stili di design moderni che tradizionali. Aggiunge un tocco di eleganza e raffinatezza a qualsiasi spazio.<\/p>\n<p>In termini di manutenzione, la quarzite del fiordo bianco \u00e8 relativamente facile da curare. \u00c8 resistente a macchie, graffi e calore, rendendolo adatto per aree ad alto traffico. La sigillatura e la pulizia regolari con acqua e sapone neutro sono generalmente sufficienti per mantenerlo al meglio.<\/p>\n<p><img decoding=\"async\" src=\"https:\/\/data.adwebcloud.com\/public\/material\/220426a7q47o\/product\/WhiteFjordQuartzite7_1688961330867.jpg\" width=\"800\" height=\"800\" alt=\"\" \/><\/p>\n<p>Quando si utilizza la quarzite del fiordo bianco nei propri progetti di design, \u00e8 importante ricordare che si tratta di una pietra naturale e si dovrebbero prevedere variazioni di colore, motivo e venature. Queste variazioni si aggiungono al fascino e all&#039;unicit\u00e0 del materiale.<\/p>\n<p><img decoding=\"async\" src=\"https:\/\/data.adwebcloud.com\/public\/material\/220426a7q47o\/product\/WhiteFjordQuartzite8_1688961342173.jpg\" width=\"800\" height=\"800\" alt=\"\" \/><\/p>\n<p>Nel complesso, la quarzite del fiordo bianco \u00e8 un&#039;opzione versatile ed esteticamente gradevole per coloro che desiderano incorporare la pietra naturale nei propri spazi interni o esterni. La sua bellezza senza tempo e la sua durata lo rendono un investimento utile per qualsiasi progetto di design.<\/p><\/p>","protected":false},"excerpt":{"rendered":"<p>La quarzite del fiordo bianco \u00e8 una pietra naturale con una bella colorazione bianca e grigia, motivi intricati e venature.<\/p><\/p>","protected":false},"featured_media":7877,"comment_status":"open","ping_status":"closed","template":"","meta":[],"product_brand":[],"product_cat":[195],"product_tag":[1210,1331,1333,1335,1334,1332,1336,1337,249],"class_list":{"0":"post-7876","1":"product","2":"type-product","3":"status-publish","4":"has-post-thumbnail","6":"product_cat-quartzite","7":"product_tag-crystal-quartzite","8":"product_tag-fjord-quartzite","9":"product_tag-white-fjord-quartzite-countertop","10":"product_tag-white-fjord-quartzite-kitchen","11":"product_tag-white-fjord-quartzite-price","12":"product_tag-white-fjord-quartzite-slab","13":"product_tag-white-fjord-quartzite-vanity","14":"product_tag-white-fjord-quartzite-wall","15":"product_tag-white-quartzite","17":"first","18":"instock","19":"shipping-taxable","20":"product-type-simple"},"_links":{"self":[{"href":"https:\/\/www.quartzite-stone.com\/it\/wp-json\/wp\/v2\/product\/7876","targetHints":{"allow":["GET"]}}],"collection":[{"href":"https:\/\/www.quartzite-stone.com\/it\/wp-json\/wp\/v2\/product"}],"about":[{"href":"https:\/\/www.quartzite-stone.com\/it\/wp-json\/wp\/v2\/types\/product"}],"replies":[{"embeddable":true,"href":"https:\/\/www.quartzite-stone.com\/it\/wp-json\/wp\/v2\/comments?post=7876"}],"wp:featuredmedia":[{"embeddable":true,"href":"https:\/\/www.quartzite-stone.com\/it\/wp-json\/wp\/v2\/media\/7877"}],"wp:attachment":[{"href":"https:\/\/www.quartzite-stone.com\/it\/wp-json\/wp\/v2\/media?parent=7876"}],"wp:term":[{"taxonomy":"product_brand","embeddable":true,"href":"https:\/\/www.quartzite-stone.com\/it\/wp-json\/wp\/v2\/product_brand?post=7876"},{"taxonomy":"product_cat","embeddable":true,"href":"https:\/\/www.quartzite-stone.com\/it\/wp-json\/wp\/v2\/product_cat?post=7876"},{"taxonomy":"product_tag","embeddable":true,"href":"https:\/\/www.quartzite-stone.com\/it\/wp-json\/wp\/v2\/product_tag?post=7876"}],"curies":[{"name":"wp","href":"https:\/\/api.w.org\/{rel}","templated":true}]}}