{"id":7842,"date":"2023-07-08T11:44:01","date_gmt":"2023-07-08T03:44:01","guid":{"rendered":"https:\/\/www.quartzite-stone.com\/product\/nacarado-quartzite\/"},"modified":"2023-07-08T11:48:48","modified_gmt":"2023-07-08T03:48:48","slug":"quarzite-nacarado","status":"publish","type":"product","link":"https:\/\/www.quartzite-stone.com\/it\/products\/nacarado-quartzite\/","title":{"rendered":"Quarzite Nacarado"},"content":{"rendered":"<p>La quarzite Nacarado, nota anche come quarzite bianca Nacarado o quarzite Nacarado, \u00e8 una pietra naturale che mette in mostra una straordinaria combinazione di toni bianchi, crema, beige e grigi. Il suo nome &quot;nacarado&quot; deriva dalla parola spagnola per &quot;perlato&quot;, che descrive il bellissimo aspetto perlaceo della pietra.<\/p>\n<p><img fetchpriority=\"high\" decoding=\"async\" src=\"https:\/\/data.adwebcloud.com\/public\/material\/220426a7q47o\/product\/NacaradoQuartzite5_1688787590739.jpg\" width=\"800\" height=\"800\" alt=\"\" \/><\/p>\n<p>Una delle caratteristiche di spicco di Nacarado Quartzite \u00e8 la sua tavolozza di colori morbida ed elegante. Tipicamente ha una base prevalentemente bianca o crema, con sottili venature e segni nei toni del beige, grigio e occasionalmente accenni di marrone. La combinazione di questi colori crea un look sofisticato e senza tempo che completa una vasta gamma di stili di design.<\/p>\n<p><img decoding=\"async\" src=\"https:\/\/data.adwebcloud.com\/public\/material\/220426a7q47o\/product\/NacaradoQuartzite8_1688787618464.jpg\" width=\"800\" height=\"533\" alt=\"\" \/><\/p>\n<p>Le venature e i motivi che si trovano nella quarzite Nacarado sono delicati e spesso ricordano il movimento fluido dell&#039;acqua o delle nuvole. Queste variazioni naturali aggiungono profondit\u00e0 e interesse visivo alla pietra, rendendo ogni lastra unica nel suo aspetto.<\/p>\n<p>La quarzite nacarado \u00e8 molto apprezzata per la sua durata e resistenza. \u00c8 una pietra dura resistente ai graffi, al calore e alle macchie, che la rende adatta a varie applicazioni. Pu\u00f2 essere utilizzato come controsoffitti da cucina, mobili da bagno, pavimenti, rivestimenti murali e persino elementi esterni come superfici di terrazze o bordi di piscine.<\/p>\n<p><img decoding=\"async\" src=\"https:\/\/data.adwebcloud.com\/public\/material\/220426a7q47o\/product\/NacaradoQuartzite9_1688787722292.jpg\" width=\"800\" height=\"800\" alt=\"\" \/><\/p>\n<p>In termini di versatilit\u00e0 del design, Nacarado Quartzite si presta bene sia all&#039;estetica tradizionale che a quella contemporanea. La sua tavolozza di colori neutri e dai toni chiari consente un facile coordinamento con diverse finiture di mobili, hardware e altri elementi di design. Pu\u00f2 creare un&#039;atmosfera luminosa e ariosa in uno spazio o fungere da sfondo per accenti pi\u00f9 audaci.<\/p>\n<p>Il mantenimento della quarzite Nacarado \u00e8 relativamente semplice. In genere \u00e8 sufficiente una pulizia regolare con acqua e sapone neutro e la sigillatura periodica aiuta a proteggere la pietra e a mantenerne la bellezza.<\/p>\n<p><img loading=\"lazy\" decoding=\"async\" src=\"https:\/\/data.adwebcloud.com\/public\/material\/220426a7q47o\/product\/NacaradoQuartzite11_1688787734567.jpg\" width=\"800\" height=\"800\" alt=\"\" \/><\/p>\n<p>Nel complesso, la quarzite Nacarado \u00e8 una bellissima pietra naturale nota per il suo aspetto perlaceo, le venature delicate e la durata. La sua versatilit\u00e0 e il suo fascino senza tempo lo rendono una scelta popolare per coloro che cercano un look elegante e sofisticato nei loro progetti di design per interni o esterni.<\/p><\/p>","protected":false},"excerpt":{"rendered":"<p>La quarzite nacarado, nota anche come quarzite bianca nacarado o quarzite nacarado, \u00e8 una pietra naturale dall&#039;aspetto perlescente. La sua tavolozza di colori tenui ed eleganti, con una base prevalentemente bianca o crema e sottili venature e segni, crea un look sofisticato e senza tempo.<\/p><\/p>","protected":false},"featured_media":7848,"comment_status":"open","ping_status":"closed","template":"","meta":[],"product_brand":[],"product_cat":[195],"product_tag":[1323,1324,1317,1318,1319,1316,1321,1320,1322],"class_list":{"0":"post-7842","1":"product","2":"type-product","3":"status-publish","4":"has-post-thumbnail","6":"product_cat-quartzite","7":"product_tag-aurora-dorado-quartzite","8":"product_tag-crema-oniciato-quartzite","9":"product_tag-nacarado-quartzite-countertop","10":"product_tag-nacarado-quartzite-kitchen","11":"product_tag-nacarado-quartzite-price","12":"product_tag-nacarado-quartzite-slab","13":"product_tag-nacarado-quartzite-tiles","14":"product_tag-nacarado-quartzite-wall","15":"product_tag-van-gogh-quartzite","17":"first","18":"instock","19":"shipping-taxable","20":"product-type-simple"},"_links":{"self":[{"href":"https:\/\/www.quartzite-stone.com\/it\/wp-json\/wp\/v2\/product\/7842","targetHints":{"allow":["GET"]}}],"collection":[{"href":"https:\/\/www.quartzite-stone.com\/it\/wp-json\/wp\/v2\/product"}],"about":[{"href":"https:\/\/www.quartzite-stone.com\/it\/wp-json\/wp\/v2\/types\/product"}],"replies":[{"embeddable":true,"href":"https:\/\/www.quartzite-stone.com\/it\/wp-json\/wp\/v2\/comments?post=7842"}],"wp:featuredmedia":[{"embeddable":true,"href":"https:\/\/www.quartzite-stone.com\/it\/wp-json\/wp\/v2\/media\/7848"}],"wp:attachment":[{"href":"https:\/\/www.quartzite-stone.com\/it\/wp-json\/wp\/v2\/media?parent=7842"}],"wp:term":[{"taxonomy":"product_brand","embeddable":true,"href":"https:\/\/www.quartzite-stone.com\/it\/wp-json\/wp\/v2\/product_brand?post=7842"},{"taxonomy":"product_cat","embeddable":true,"href":"https:\/\/www.quartzite-stone.com\/it\/wp-json\/wp\/v2\/product_cat?post=7842"},{"taxonomy":"product_tag","embeddable":true,"href":"https:\/\/www.quartzite-stone.com\/it\/wp-json\/wp\/v2\/product_tag?post=7842"}],"curies":[{"name":"wp","href":"https:\/\/api.w.org\/{rel}","templated":true}]}}