{"id":7646,"date":"2023-06-29T17:39:48","date_gmt":"2023-06-29T09:39:48","guid":{"rendered":"https:\/\/www.quartzite-stone.com\/product\/aquarella-quartzite\/"},"modified":"2023-06-29T18:36:39","modified_gmt":"2023-06-29T10:36:39","slug":"quarzite-aquarella","status":"publish","type":"product","link":"https:\/\/www.quartzite-stone.com\/it\/products\/aquarella-quartzite\/","title":{"rendered":"Acquarella Quarzite"},"content":{"rendered":"<p>Aquarella Quartzite \u00e8 un&#039;altra bellissima pietra naturale nota per il suo aspetto unico e accattivante. \u00c8 un tipo di quarzite che presenta una straordinaria combinazione di colori, tra cui sfumature di blu, verde, grigio e bianco.<\/p>\n<p><img fetchpriority=\"high\" decoding=\"async\" src=\"https:\/\/data.adwebcloud.com\/public\/material\/220426a7q47o\/product\/AquarellaQuartzite6_1688031457840.jpg\" width=\"800\" height=\"600\" alt=\"\" \/><\/p>\n<p>Aquarella Quartzite stessa \u00e8 una roccia metamorfica che si forma dall&#039;arenaria sotto intenso calore e pressione. Questo processo conferisce alla quarzite Aquarella la sua durata e durezza, rendendola adatta a un&#039;ampia gamma di applicazioni, inclusi controsoffitti, pavimenti, rivestimenti murali e accenti decorativi.<\/p>\n<p><img decoding=\"async\" src=\"https:\/\/data.adwebcloud.com\/public\/material\/220426a7q47o\/product\/AquarellaQuartzite3_1688031469666.jpg\" width=\"800\" height=\"544\" alt=\"\" \/><\/p>\n<p>Ci\u00f2 che distingue Aquarella Quartzite \u00e8 la sua sorprendente tavolozza di colori. Il mix di blu, verdi, grigi e bianchi crea un effetto simile ad un acquerello, che ricorda le tonalit\u00e0 che si trovano in un pittoresco oceano o in un sereno paesaggio di spiaggia. Questa colorazione unica aggiunge un senso di tranquillit\u00e0 e profondit\u00e0 a qualsiasi spazio, rendendolo la scelta ideale per chi cerca un elemento di design unico nel suo genere.<\/p>\n<p>Oltre al suo fascino estetico, Aquarella Quartzite \u00e8 anche molto durevole e resistente a graffi, calore e macchie. Questo lo rende un&#039;opzione pratica per le aree trafficate sia in ambienti residenziali che commerciali.<\/p>\n<p><img decoding=\"async\" src=\"https:\/\/data.adwebcloud.com\/public\/material\/220426a7q47o\/product\/AquarellaQuartzite4_1688031481656.jpg\" width=\"800\" height=\"600\" alt=\"\" \/><\/p>\n<p>Come con qualsiasi pietra naturale, la cura e la manutenzione adeguate sono essenziali per preservare la bellezza di Aquarella Quartzite. La sigillatura regolare e la pulizia delicata contribuiranno a mantenerne l&#039;aspetto e a garantirne la longevit\u00e0.<\/p>\n<p>Nel complesso, Aquarella Quartzite offre una miscela di eccezionale bellezza e forza, rendendola una scelta popolare per coloro che cercano di incorporare un tocco di eleganza e arte naturale nei loro progetti di interior design.<\/p><\/p>","protected":false},"excerpt":{"rendered":"<p>Aquarella Quartzite \u00e8 una splendida pietra naturale con una tavolozza di colori unica di blu, verde, grigio e bianco. \u00c8 una roccia metamorfica formata da arenaria sottoposta a calore e pressione intensi, che offre durabilit\u00e0 e durezza per varie applicazioni.<\/p><\/p>","protected":false},"featured_media":7663,"comment_status":"open","ping_status":"closed","template":"","meta":[],"product_brand":[],"product_cat":[195],"product_tag":[1206,1207,1202,1205,1201,1200,1203,1204,1199],"class_list":{"0":"post-7646","1":"product","2":"type-product","3":"status-publish","4":"has-post-thumbnail","6":"product_cat-quartzite","7":"product_tag-aquarela-gold-quartzite","8":"product_tag-aquarella-macauba-quartzite","9":"product_tag-aquarella-quartzite-countertop","10":"product_tag-aquarella-quartzite-kitchen","11":"product_tag-aquarella-quartzite-price","12":"product_tag-aquarella-quartzite-slab","13":"product_tag-aquarella-quartzite-tiles","14":"product_tag-aquarella-quartzite-wall-panel","15":"product_tag-purple-quartzite","17":"first","18":"instock","19":"shipping-taxable","20":"product-type-simple"},"_links":{"self":[{"href":"https:\/\/www.quartzite-stone.com\/it\/wp-json\/wp\/v2\/product\/7646","targetHints":{"allow":["GET"]}}],"collection":[{"href":"https:\/\/www.quartzite-stone.com\/it\/wp-json\/wp\/v2\/product"}],"about":[{"href":"https:\/\/www.quartzite-stone.com\/it\/wp-json\/wp\/v2\/types\/product"}],"replies":[{"embeddable":true,"href":"https:\/\/www.quartzite-stone.com\/it\/wp-json\/wp\/v2\/comments?post=7646"}],"wp:featuredmedia":[{"embeddable":true,"href":"https:\/\/www.quartzite-stone.com\/it\/wp-json\/wp\/v2\/media\/7663"}],"wp:attachment":[{"href":"https:\/\/www.quartzite-stone.com\/it\/wp-json\/wp\/v2\/media?parent=7646"}],"wp:term":[{"taxonomy":"product_brand","embeddable":true,"href":"https:\/\/www.quartzite-stone.com\/it\/wp-json\/wp\/v2\/product_brand?post=7646"},{"taxonomy":"product_cat","embeddable":true,"href":"https:\/\/www.quartzite-stone.com\/it\/wp-json\/wp\/v2\/product_cat?post=7646"},{"taxonomy":"product_tag","embeddable":true,"href":"https:\/\/www.quartzite-stone.com\/it\/wp-json\/wp\/v2\/product_tag?post=7646"}],"curies":[{"name":"wp","href":"https:\/\/api.w.org\/{rel}","templated":true}]}}