{"id":7634,"date":"2023-06-29T15:55:55","date_gmt":"2023-06-29T07:55:55","guid":{"rendered":"https:\/\/www.quartzite-stone.com\/product\/elegant-brown-quartzite\/"},"modified":"2023-06-29T16:24:31","modified_gmt":"2023-06-29T08:24:31","slug":"elegante-quarzite-marrone","status":"publish","type":"product","link":"https:\/\/www.quartzite-stone.com\/it\/products\/elegant-brown-quartzite\/","title":{"rendered":"Elegante quarzite marrone"},"content":{"rendered":"<p>Origine: Brasile<\/p>\n<p>Litologia: pietra di quarzite naturale<\/p>\n<p>Caratteristiche: l&#039;elegante quarzite marrone ha una trama irripetibile e cambiamenti di colore, trama naturale, strati distinti, delicati come la seta, selvaggi e casuali, motivi di pietra marrone messi insieme in una trama di pittura a olio, che narrano direttamente gli strati sparsi della trama della pietra, lascia che lo schermo diventi pi\u00f9 dinamico.<\/p>\n<p>Campo di utilizzo: adatto per corridoio del portico, hall dell&#039;hotel, sala studio, soggiorno, parete di sfondo TV, pavimentazione di pareti e pavimenti, controsoffitti.<\/p>\n<\/p>\n<p><img fetchpriority=\"high\" decoding=\"async\" src=\"https:\/\/data.adwebcloud.com\/public\/material\/220426a7q47o\/product\/ElegantBrownQuartzite2_1688025033598.jpg\" width=\"800\" height=\"600\" alt=\"\" \/><\/p>\n<p>Il colore marrone di Elegant Brown Quartzite Slab pu\u00f2 variare da tonalit\u00e0 chiare a scure, con intricati motivi e venature in diverse tonalit\u00e0 di marrone. La combinazione di queste caratteristiche crea un fascino visivo accattivante e aggiunge un aspetto sofisticato a qualsiasi ambiente.<\/p>\n<p><img decoding=\"async\" src=\"https:\/\/data.adwebcloud.com\/public\/material\/220426a7q47o\/product\/ElegantBrownQuartzite3_1688025113860.jpg\" width=\"800\" height=\"801\" alt=\"\" \/><\/p>\n<p>Come uno dei caldi marroni del legno nei toni della terra, Elegant Brown Quartzite \u00e8 entrato nell&#039;opinione pubblica con un atteggiamento senza pretese ma eclettico ed elegante, come un gentiluomo calmo e sobrio che trasmette un atteggiamento calmo e modesto nei confronti della vita, in questo mondo pieno di affaticamento visivo il tempo ha catturato la nostra attenzione.<\/p>\n<p><img decoding=\"async\" src=\"https:\/\/data.adwebcloud.com\/public\/material\/220426a7q47o\/product\/IMG_3777_1688025222728.jpg\" width=\"800\" height=\"600\" alt=\"Elegante Quarzite Marrone Prezzo\" \/><\/p>\n<p>La forma minimalista di Elegant Brown Quartzite, la consistenza naturale e il tocco del legno, \u00e8 accompagnata da un temperamento elegante, come il sole in inverno, non profondo o abbagliante, delicatamente cosparso sulla terra.<\/p>\n<\/p>\n<p>Utilizzato in cucine, bagni o spazi abitativi, l&#039;elegante quarzite marrone offre un aspetto lussuoso e senza tempo che pu\u00f2 migliorare il design generale di una stanza. La sua versatilit\u00e0 e durata lo rendono una scelta popolare sia tra i proprietari di case che tra i designer.<\/p><\/p>","protected":false},"excerpt":{"rendered":"<p>L&#039;elegante quarzite marrone \u00e8 un tipo di pietra naturale che viene spesso utilizzata nell&#039;interior design e nella costruzione. \u00c8 noto per il suo bellissimo colore marrone e per i motivi unici, che aggiungono un tocco di eleganza a qualsiasi spazio.<\/p><\/p>","protected":false},"featured_media":7635,"comment_status":"open","ping_status":"closed","template":"","meta":[],"product_brand":[],"product_cat":[195],"product_tag":[1191,1194,1192,1193,1189,1195,1196,1198,1197,1190],"class_list":{"0":"post-7634","1":"product","2":"type-product","3":"status-publish","4":"has-post-thumbnail","6":"product_cat-quartzite","7":"product_tag-brown-elegant-quartzite","8":"product_tag-elegant-brown-granite","9":"product_tag-elegant-brown-marble","10":"product_tag-elegant-brown-quartzite-countertop","11":"product_tag-elegant-brown-quartzite-flooring","12":"product_tag-elegant-brown-quartzite-price","13":"product_tag-elegant-brown-quartzite-slab","14":"product_tag-elegant-brown-quartzite-table","15":"product_tag-elegant-brown-quartzite-tiles","16":"product_tag-elegant-dune-granite","18":"first","19":"instock","20":"shipping-taxable","21":"product-type-simple"},"_links":{"self":[{"href":"https:\/\/www.quartzite-stone.com\/it\/wp-json\/wp\/v2\/product\/7634","targetHints":{"allow":["GET"]}}],"collection":[{"href":"https:\/\/www.quartzite-stone.com\/it\/wp-json\/wp\/v2\/product"}],"about":[{"href":"https:\/\/www.quartzite-stone.com\/it\/wp-json\/wp\/v2\/types\/product"}],"replies":[{"embeddable":true,"href":"https:\/\/www.quartzite-stone.com\/it\/wp-json\/wp\/v2\/comments?post=7634"}],"wp:featuredmedia":[{"embeddable":true,"href":"https:\/\/www.quartzite-stone.com\/it\/wp-json\/wp\/v2\/media\/7635"}],"wp:attachment":[{"href":"https:\/\/www.quartzite-stone.com\/it\/wp-json\/wp\/v2\/media?parent=7634"}],"wp:term":[{"taxonomy":"product_brand","embeddable":true,"href":"https:\/\/www.quartzite-stone.com\/it\/wp-json\/wp\/v2\/product_brand?post=7634"},{"taxonomy":"product_cat","embeddable":true,"href":"https:\/\/www.quartzite-stone.com\/it\/wp-json\/wp\/v2\/product_cat?post=7634"},{"taxonomy":"product_tag","embeddable":true,"href":"https:\/\/www.quartzite-stone.com\/it\/wp-json\/wp\/v2\/product_tag?post=7634"}],"curies":[{"name":"wp","href":"https:\/\/api.w.org\/{rel}","templated":true}]}}