{"id":7600,"date":"2023-06-28T17:11:50","date_gmt":"2023-06-28T09:11:50","guid":{"rendered":"https:\/\/www.quartzite-stone.com\/product\/brown-silk-quartzite\/"},"modified":"2023-06-28T17:15:28","modified_gmt":"2023-06-28T09:15:28","slug":"quarzite-di-seta-marrone","status":"publish","type":"product","link":"https:\/\/www.quartzite-stone.com\/it\/products\/brown-silk-quartzite\/","title":{"rendered":"Quarzite di seta marrone"},"content":{"rendered":"<p>La quarzite di seta marrone \u00e8 disponibile in varie tonalit\u00e0 di marrone, dall&#039;abbronzatura chiara al ricco marrone cioccolato. Questa tonalit\u00e0 calda aggiunger\u00e0 calore e raffinatezza a qualsiasi spazio. Le diverse sfumature di marrone all&#039;interno della pietra creano profondit\u00e0 e interesse visivo, rendendola una scelta popolare per coloro che cercano un&#039;estetica naturale e terrosa.<\/p>\n<p><img fetchpriority=\"high\" decoding=\"async\" src=\"https:\/\/data.adwebcloud.com\/public\/material\/220426a7q47o\/product\/BrownSilkQuartzite12_1687943374386.jpg\" width=\"750\" height=\"750\" alt=\"\" \/><\/p>\n<p>Ci\u00f2 che distingue Brown Silk Quartz dal resto \u00e8 il suo motivo e la sua trama sorprendenti. Ha una consistenza e onde fini e lisce e il colore varia dal crema al marrone scuro. Questi motivi aggiungono movimento e consistenza alla pietra, conferendole una personalit\u00e0 unica. Ogni lastra di quarzo di seta marrone \u00e8 unica e ha un aspetto unico.<\/p>\n<p>Oltre alla sua estetica superiore, la pietra di quarzo di seta marrone offre durata e prestazioni. \u00c8 altamente resistente ai graffi, al calore e alle macchie ed \u00e8 adatto a una variet\u00e0 di applicazioni. \u00c8 comunemente usato su piani cucina, mobili da bagno, rivestimenti per caminetti e pavimenti. La sua durata garantisce longevit\u00e0, anche in aree ad alto traffico.<\/p>\n<p><img decoding=\"async\" src=\"https:\/\/data.adwebcloud.com\/public\/material\/220426a7q47o\/product\/BrownSilkQuartzite2_1687943390219.jpg\" width=\"800\" height=\"545\" alt=\"\" \/><\/p>\n<p>I toni caldi e neutri della pietra di quarzo marrone seta la rendono versatile e completano una variet\u00e0 di stili di design. Pu\u00f2 integrarsi sia in spazi moderni che tradizionali, aggiungendo un tocco di naturale bellezza ed eleganza. Si abbina bene a diverse finiture di mobili, materiali del pavimento e combinazioni di colori che consentono flessibilit\u00e0 di progettazione.<\/p>\n<p><img decoding=\"async\" src=\"https:\/\/data.adwebcloud.com\/public\/material\/220426a7q47o\/product\/BrownSilkQuartzite5_1687943405596.jpg\" width=\"800\" height=\"600\" alt=\"\" \/><\/p>\n<p>Quando si sceglie la quarzite di seta marrone, \u00e8 importante notare che le variazioni di colore, grana e motivo sono inerenti alla pietra naturale. Si consiglia di rivedere e selezionare i pannelli specifici che si intende utilizzare per assicurarsi che soddisfino le preferenze estetiche desiderate.<\/p>\n<p><img loading=\"lazy\" decoding=\"async\" src=\"https:\/\/data.adwebcloud.com\/public\/material\/220426a7q47o\/product\/BrownSilkQuartzite11_1687943423356.jpg\" width=\"750\" height=\"750\" alt=\"\" \/><\/p>\n<p>In sintesi, la quarzite di seta marrone \u00e8 una pietra naturale attraente con calde tonalit\u00e0 marroni, motivi fluidi e venature uniche. La sua durata, versatilit\u00e0 e aspetto distintivo lo rendono una scelta popolare per aggiungere bellezza naturale e raffinatezza a una variet\u00e0 di progetti architettonici e di design.<\/p><\/p>","protected":false},"excerpt":{"rendered":"<p>Il quarzo di seta marrone \u00e8 una pietra naturale bellissima e unica nota per la sua calda tonalit\u00e0 marrone e il suo motivo unico. \u00c8 un tipo di quarzite, formato da arenaria, che \u00e8 stato sottoposto nel tempo ad alte temperature e pressioni per formare un materiale denso e durevole.<\/p><\/p>","protected":false},"featured_media":7601,"comment_status":"open","ping_status":"closed","template":"","meta":[],"product_brand":[],"product_cat":[195],"product_tag":[1178,1175,1173,1174,1177,1179,1176],"class_list":{"0":"post-7600","1":"product","2":"type-product","3":"status-publish","4":"has-post-thumbnail","6":"product_cat-quartzite","7":"product_tag-brown-silk-granite","8":"product_tag-brown-silk-quartzite-countertops","9":"product_tag-brown-silk-quartzite-price","10":"product_tag-brown-silk-quartzite-slab","11":"product_tag-meteor-shower-granite","12":"product_tag-moonrock-quartzite","13":"product_tag-silk-brown-granite","15":"first","16":"instock","17":"shipping-taxable","18":"product-type-simple"},"_links":{"self":[{"href":"https:\/\/www.quartzite-stone.com\/it\/wp-json\/wp\/v2\/product\/7600","targetHints":{"allow":["GET"]}}],"collection":[{"href":"https:\/\/www.quartzite-stone.com\/it\/wp-json\/wp\/v2\/product"}],"about":[{"href":"https:\/\/www.quartzite-stone.com\/it\/wp-json\/wp\/v2\/types\/product"}],"replies":[{"embeddable":true,"href":"https:\/\/www.quartzite-stone.com\/it\/wp-json\/wp\/v2\/comments?post=7600"}],"wp:featuredmedia":[{"embeddable":true,"href":"https:\/\/www.quartzite-stone.com\/it\/wp-json\/wp\/v2\/media\/7601"}],"wp:attachment":[{"href":"https:\/\/www.quartzite-stone.com\/it\/wp-json\/wp\/v2\/media?parent=7600"}],"wp:term":[{"taxonomy":"product_brand","embeddable":true,"href":"https:\/\/www.quartzite-stone.com\/it\/wp-json\/wp\/v2\/product_brand?post=7600"},{"taxonomy":"product_cat","embeddable":true,"href":"https:\/\/www.quartzite-stone.com\/it\/wp-json\/wp\/v2\/product_cat?post=7600"},{"taxonomy":"product_tag","embeddable":true,"href":"https:\/\/www.quartzite-stone.com\/it\/wp-json\/wp\/v2\/product_tag?post=7600"}],"curies":[{"name":"wp","href":"https:\/\/api.w.org\/{rel}","templated":true}]}}