{"id":7593,"date":"2023-06-28T16:35:36","date_gmt":"2023-06-28T08:35:36","guid":{"rendered":"https:\/\/www.quartzite-stone.com\/product\/blue-louise-quartzite\/"},"modified":"2023-06-28T17:15:36","modified_gmt":"2023-06-28T09:15:36","slug":"quarzite-blu-louise","status":"publish","type":"product","link":"https:\/\/www.quartzite-stone.com\/it\/products\/blue-louise-quartzite\/","title":{"rendered":"Quarzite blu Louise"},"content":{"rendered":"<p>La quarzite blu Louise \u00e8 una pietra naturale straordinaria e rara, nota per il suo accattivante colore blu e i motivi sorprendenti. \u00c8 un tipo di quarzite, formato da arenaria che ha subito un intenso calore e pressione nel tempo, risultando in un materiale resistente e denso.<\/p>\n<p><img fetchpriority=\"high\" decoding=\"async\" src=\"https:\/\/data.adwebcloud.com\/public\/material\/220426a7q47o\/product\/IMG_5171_1687941189371.jpg\" width=\"600\" height=\"450\" alt=\"\" \/><\/p>\n<p>Blue Louise Quartzite esibisce una gamma di bellissime tonalit\u00e0 di blu, che vanno dal celeste pallido al profondo blu zaffiro. Questo colore vibrante dona un senso di tranquillit\u00e0 ed eleganza a qualsiasi spazio. Le sfumature del blu possono variare all&#039;interno delle singole lastre, creando motivi e profondit\u00e0 unici che ne esaltano ulteriormente la bellezza complessiva.<\/p>\n<p>Una delle caratteristiche distintive di Blue Louise Quartzite sono le sue intricate venature e motivi marmorizzati. Questi motivi naturali possono essere delicati o audaci, con venature e turbinii di bianco, grigio o anche sottili accenni di verde o oro. Questi motivi aggiungono interesse visivo e creano un senso di movimento all&#039;interno della pietra.<\/p>\n<p><img decoding=\"async\" src=\"https:\/\/data.adwebcloud.com\/public\/material\/220426a7q47o\/product\/BlueLouiseQuartzite1_1687941212322.png\" width=\"600\" height=\"600\" alt=\"\" \/><\/p>\n<p>Oltre alla sua eccezionale estetica, Blue Louise Quartzite offre un&#039;eccellente durata e prestazioni. \u00c8 altamente resistente al calore, ai graffi e alle macchie, rendendolo adatto a varie applicazioni. \u00c8 comunemente usato per controsoffitti, alzatine, pavimenti e pareti d&#039;accento, fornendo sia funzionalit\u00e0 che un tocco di lusso.<\/p>\n<p>Blue Louise Quartzite \u00e8 una pietra versatile che integra una gamma di stili di design. Si abbina bene a diverse finiture di mobili, materiali per pavimenti e combinazioni di colori, consentendo infinite possibilit\u00e0 di creare spazi unici e visivamente accattivanti. Utilizzato come punto focale o come pezzo d&#039;accento, Blue Louise Quartzite aggiunge un senso di raffinatezza ed eleganza.<\/p>\n<p><img decoding=\"async\" src=\"https:\/\/data.adwebcloud.com\/public\/material\/220426a7q47o\/product\/BlueLouiseQuartzite2_1687941236596.jpg\" width=\"600\" height=\"600\" alt=\"\" \/><\/p>\n<p>Quando si sceglie Blue Louise Quartzite, \u00e8 importante tenere presente che le variazioni di colore, venature e motivi sono inerenti alla pietra naturale. Si consiglia di visionare e selezionare le lastre specifiche che si intende utilizzare per assicurarsi che rispondano alle preferenze estetiche desiderate.<\/p>\n<p>In sintesi, la quarzite blu Louise \u00e8 una pietra naturale rara e squisita con il suo accattivante colore blu e i suoi intricati motivi. La sua durata, versatilit\u00e0 ed estetica unica ne fanno una scelta ricercata per aggiungere un tocco di lusso ed eleganza agli spazi residenziali e commerciali.<\/p><\/p>","protected":false},"excerpt":{"rendered":"<p>La quarzite blu Louise \u00e8 una rara pietra naturale con un accattivante colore blu e motivi sorprendenti. Realizzata in pietra arenaria, presenta sfumature dal blu cielo pallido al blu zaffiro profondo, creando tranquillit\u00e0 ed eleganza. Le sue intricate venature e motivi marmorizzati aggiungono interesse visivo e movimento, creando un senso di movimento all&#039;interno della pietra.<\/p><\/p>","protected":false},"featured_media":7604,"comment_status":"open","ping_status":"closed","template":"","meta":[],"product_brand":[],"product_cat":[195],"product_tag":[1169,1170,1168,1171,1180,309,1172],"class_list":{"0":"post-7593","1":"product","2":"type-product","3":"status-publish","4":"has-post-thumbnail","6":"product_cat-quartzite","7":"product_tag-blue-louise-quartzite-countertops","8":"product_tag-blue-louise-quartzite-price","9":"product_tag-blue-louise-quartzite-slabs","10":"product_tag-blue-louise-quartzite-tiles","11":"product_tag-blue-louise-quartzite-wall","12":"product_tag-blue-quartzite","13":"product_tag-louise-quartzite","15":"first","16":"instock","17":"shipping-taxable","18":"product-type-simple"},"_links":{"self":[{"href":"https:\/\/www.quartzite-stone.com\/it\/wp-json\/wp\/v2\/product\/7593","targetHints":{"allow":["GET"]}}],"collection":[{"href":"https:\/\/www.quartzite-stone.com\/it\/wp-json\/wp\/v2\/product"}],"about":[{"href":"https:\/\/www.quartzite-stone.com\/it\/wp-json\/wp\/v2\/types\/product"}],"replies":[{"embeddable":true,"href":"https:\/\/www.quartzite-stone.com\/it\/wp-json\/wp\/v2\/comments?post=7593"}],"wp:featuredmedia":[{"embeddable":true,"href":"https:\/\/www.quartzite-stone.com\/it\/wp-json\/wp\/v2\/media\/7604"}],"wp:attachment":[{"href":"https:\/\/www.quartzite-stone.com\/it\/wp-json\/wp\/v2\/media?parent=7593"}],"wp:term":[{"taxonomy":"product_brand","embeddable":true,"href":"https:\/\/www.quartzite-stone.com\/it\/wp-json\/wp\/v2\/product_brand?post=7593"},{"taxonomy":"product_cat","embeddable":true,"href":"https:\/\/www.quartzite-stone.com\/it\/wp-json\/wp\/v2\/product_cat?post=7593"},{"taxonomy":"product_tag","embeddable":true,"href":"https:\/\/www.quartzite-stone.com\/it\/wp-json\/wp\/v2\/product_tag?post=7593"}],"curies":[{"name":"wp","href":"https:\/\/api.w.org\/{rel}","templated":true}]}}