{"id":7186,"date":"2023-06-27T11:35:22","date_gmt":"2023-06-27T03:35:22","guid":{"rendered":"https:\/\/www.quartzite-stone.com\/product\/iceberg-multicolor-quartzite\/"},"modified":"2023-06-27T12:07:16","modified_gmt":"2023-06-27T04:07:16","slug":"quarzite-multicolore-iceberg","status":"publish","type":"product","link":"https:\/\/www.quartzite-stone.com\/it\/products\/iceberg-multicolor-quartzite\/","title":{"rendered":"Quarzite multicolore Iceberg"},"content":{"rendered":"<p><strong>Controsoffitti Iceberg in quarzite polacca multicolore\/quarzite antartica&nbsp;<\/strong><\/p>\n<p>La nostra azienda HRST STONE si trova a Xiamen, in CINA, con una propria fabbrica che si occupa principalmente di progettare e realizzare piani d'appoggio e persino piastrelle per cucine, bagni, atri, caminetti e dintorni in progetti e decorazioni sia interne che esterne.<\/p>\n<p>Iceberg Multicolor Leather\/Superficie lucidata sono disponibili anche a magazzino con oltre 2000 m2 a magazzino in diverse opzioni di modelli di lastre. Questo Iceberg Multicolor chiamato anche quarzite Antartide \u00e8 una pietra fantastica e ha una serie di onde blu di colore verde e grigio chiaro e bianco in uno schema di pi\u00f9 colori e sembra molto semplice e pulito dall&#039;intera vista della lastra. Facciamo la tua stanza o cucina e fare il bagno in modo fantastico e pu\u00f2 essere lucidato o rivestito in pelle. Inoltre, questa pietra di quarzite pu\u00f2 essere retroilluminata per controsoffitti interni o pareti acent. Perch\u00e9 questa pietra ha qualit\u00e0 cristalline e acquatiche e la fa brillare in qualsiasi luce.<\/p>\n<p><img decoding=\"async\" src=\"https:\/\/data.adwebcloud.com\/public\/material\/220426a7q47o\/product\/blobid0_1662347159129.jpg\" \/><\/p>\n<p>Una pietra naturale blu con buone qualit\u00e0 di trasmissione della luce si chiama Iceberg Blue Quartzite. Le venature di questa lastra di pietra, che sono principalmente strisce larghe, sono formate principalmente da blu, verde chiaro e una traccia di grigio chiaro. L&#039;intera superficie della lastra \u00e8 di fascia alta, cristallina e ricorda il motivo del cristallo blu.<br \/>La pietra naturale conosciuta come Iceberg Blue Quartzite ha un grado molto elevato di durezza, resistenza al calore e resistenza alle macchie. Le lastre di quarzite hanno una superficie liscia, piana e priva di graffi. \u00c8 semplice da pulire grazie alla costruzione solida e non porosa del materiale. Pertanto, la quarzite \u00e8 eccellente per realizzare piani di tavoli da pranzo e da caff\u00e8, sgabelli da bar, mobili da bagno, controsoffitti da cucina, piastrelle per pareti e pavimenti interni, gradini per scale e cos\u00ec via.<\/p>\n<p><img decoding=\"async\" src=\"https:\/\/data.adwebcloud.com\/public\/material\/220426a7q47o\/product\/blobid1_1662347190638.jpg\" \/><\/p>\n<p>La Quarzite Blu Iceberg presenta venature pi\u00f9 scure che risaltano su uno sfondo azzurro. Le formazioni cristalline di questa calcite brasiliana sono di grandi dimensioni e molto consistenti nel modello della lastra, rendendola pi\u00f9 resistente del marmo e pi\u00f9 morbida della quarzite. Ideale per la fabbricazione su controsoffitti, vanit\u00e0 e altri dispositivi interni, come i design dei tavoli dei mobili.<\/p>\n<p>La quarzite brasiliana chiamata Iceberg Blue Quartzite \u00e8 una quarzite blu pallido. Sia le lastre da 2 cm che quelle da 3 cm di questa resistente quarzite levigata sono facilmente accessibili e perfette per usi esterni, interni e bagni.<\/p>\n<p>La pietra azzurra chiamata Iceberg Blue Quartzite ha macchie bianche, grigie e blu pi\u00f9 scure tutt&#039;intorno. La quarzite polacca multicolore Iceberg \u00e8 un altro nome per questo. La trama di questa quarzite \u00e8 piacevole senza essere opprimente o drammatica. Qualsiasi casa starebbe benissimo con questa pietra. \u00c8 una meravigliosa illustrazione di questa bellezza che la natura \u00e8 in grado di creare. Star\u00e0 benissimo installato ovunque in casa, anche su piani di lavoro, piani lavabo nel bagno principale e altre decorazioni.<\/p>\n<p><img decoding=\"async\" src=\"https:\/\/data.adwebcloud.com\/public\/material\/220426a7q47o\/product\/blobid2_1662347194427.jpg\" \/><\/p>\n<p>Questa insolita lastra di quarzite blu iceberg pu\u00f2 trasformare l&#039;aspetto della tua cucina. Non avrai solo un bellissimo piano di lavoro, ma la quarzite \u00e8 anche una pietra molto resistente.<\/p>\n<p>Iceberg Blue Quartzite includeva quarzo cristallino naturale. Viene creato quando un&#039;arenaria ricca di quarzo subisce il metamorfismo, un processo naturale che coinvolge calore, pressione e attivit\u00e0 chimica. A causa della sua tenacit\u00e0, durezza e sensazione unica simile al marmo, la quarzite blu iceberg \u00e8 il materiale perfetto per le superfici del piano di lavoro.<\/p>\n<p>La quarzite polacca multicolore Iceberg \u00e8 perfetta per pareti d&#039;accento, piani bar, mobili da bagno e altro ancora.<\/p>\n<p><img decoding=\"async\" src=\"https:\/\/data.adwebcloud.com\/public\/material\/220426a7q47o\/product\/blobid0_1664267428780.jpg\" \/><\/p>\n<p>La quarzite multicolore Iceberg ha una scelta altamente desiderabile nei controsoffitti, grazie alla sua elevata desit\u00e0 e durevole sia per la finitura lucida che per la pelle. MOQ \u00e8 possibile fornire una lastra o un set di piani cucina. Questa quarzite Antartide \u00e8 composta da lastre spesse 20 mm ed \u00e8 anche una buona scelta per alzatine e abbinamenti prenotati tra alzatine e controsoffitti.<\/p>\n<p>Forniamo professionalmente qualsiasi marmo, granito, quarzite per lastre di alta qualit\u00e0 nelle opzioni di controsoffitti e possiamo persino fabbricare controsoffitti personalizzati e mobili solidi in pietra naturale come tavoli da pranzo, panche, tavolini e tavolini e altri. <br \/>La quarzite polacca multicolore Iceberg \u00e8 la scelta migliore e semplice.<\/p>\n<p>&nbsp;<\/p>","protected":false},"excerpt":{"rendered":"<p>Iceberg Multicolor Leather\/Superficie lucidata sono disponibili anche a magazzino con oltre 2000 m2 in magazzino in diverse opzioni di modelli di lastre. Questa pietra di quarzite pu\u00f2 essere retroilluminata per controsoffitti interni o pareti acent<\/p>","protected":false},"featured_media":7217,"comment_status":"open","ping_status":"closed","template":"","meta":[],"product_brand":[],"product_cat":[195],"product_tag":[308,316,314,315,364,313,311,317,310,312],"class_list":{"0":"post-7186","1":"product","2":"type-product","3":"status-publish","4":"has-post-thumbnail","6":"product_cat-quartzite","7":"product_tag-antartide-quartzite-countertops","8":"product_tag-blue-color-stone","9":"product_tag-blue-quartzite-for-countertop","10":"product_tag-blue-stone-furniture","11":"product_tag-iceberg-blue-quartzite","12":"product_tag-iceberg-multicolor-countertops","13":"product_tag-iceberg-multicolor-leathered-quartzite","14":"product_tag-iceberg-multicolor-marble","15":"product_tag-iceberg-multicolor-polish-quartzite","16":"product_tag-iceberg-multicolor-quartzite","18":"first","19":"instock","20":"shipping-taxable","21":"product-type-simple"},"_links":{"self":[{"href":"https:\/\/www.quartzite-stone.com\/it\/wp-json\/wp\/v2\/product\/7186","targetHints":{"allow":["GET"]}}],"collection":[{"href":"https:\/\/www.quartzite-stone.com\/it\/wp-json\/wp\/v2\/product"}],"about":[{"href":"https:\/\/www.quartzite-stone.com\/it\/wp-json\/wp\/v2\/types\/product"}],"replies":[{"embeddable":true,"href":"https:\/\/www.quartzite-stone.com\/it\/wp-json\/wp\/v2\/comments?post=7186"}],"wp:featuredmedia":[{"embeddable":true,"href":"https:\/\/www.quartzite-stone.com\/it\/wp-json\/wp\/v2\/media\/7217"}],"wp:attachment":[{"href":"https:\/\/www.quartzite-stone.com\/it\/wp-json\/wp\/v2\/media?parent=7186"}],"wp:term":[{"taxonomy":"product_brand","embeddable":true,"href":"https:\/\/www.quartzite-stone.com\/it\/wp-json\/wp\/v2\/product_brand?post=7186"},{"taxonomy":"product_cat","embeddable":true,"href":"https:\/\/www.quartzite-stone.com\/it\/wp-json\/wp\/v2\/product_cat?post=7186"},{"taxonomy":"product_tag","embeddable":true,"href":"https:\/\/www.quartzite-stone.com\/it\/wp-json\/wp\/v2\/product_tag?post=7186"}],"curies":[{"name":"wp","href":"https:\/\/api.w.org\/{rel}","templated":true}]}}