{"id":6173,"date":"2023-05-18T10:15:58","date_gmt":"2023-05-18T02:15:58","guid":{"rendered":"https:\/\/www.quartzite-stone.com\/product\/patagonia-alpha-granite\/"},"modified":"2023-05-18T11:06:17","modified_gmt":"2023-05-18T03:06:17","slug":"granito-alfa-della-patagonia","status":"publish","type":"product","link":"https:\/\/www.quartzite-stone.com\/it\/products\/patagonia-alpha-granite\/","title":{"rendered":"Patagonia Alpha Granito"},"content":{"rendered":"<p style=\"line-height: 1.5\"><strong>Patagonia Alpha Granito<\/strong><\/p>\n<p>&nbsp; &nbsp; Quando acquisti pietre di lusso, guarda Patagonia Alpha. Il suo colore e la sua trama possono catturare i nostri cuori a colpo d&#039;occhio, trasformando lo spazio in trama, composizione, tono e colore, con strati distinti, pieni di vita e pieni di energia.<\/p>\n<p>&nbsp; &nbsp; In greco antico, &quot;Pa&quot; significa tutto e &quot;a&quot; significa dono. Il bellissimo significato porta ispirazione ai commercianti quando nominano i marchi ed \u00e8 ancora pi\u00f9 popolare tra i consumatori. Il mitico vaso di Pandora \u00e8 pieno di mistero e curiosit\u00e0, e la pietra di lusso chiamata Patagonia Alpha non risparmia alcuno sforzo per evidenziare lo stile misterioso dell&#039;esotico. La trama dei colori naturali, l&#039;esibizione del lusso leggero e dei colori alla moda e i cristalli di cristallo sono trasparenti e trasmettono la luce come se registrassero il segreto del tempo.<\/p>\n<p><img decoding=\"async\" src=\"https:\/\/data.adwebcloud.com\/public\/material\/220426a7q47o\/product\/naturalPatagoniaGranitetablp_1684376078409.jpg\" alt=\"\" \/><\/p>\n<p>&nbsp; &nbsp; Diverso da molte pietre di lusso, ha il materiale del cristallo. Questo speciale materiale \u00e8 stato temperato dal tempo come se in passato custodisse i segreti di preziosi tesori. Questo \u00e8 uno dei motivi per cui Patagonia Alpha \u00e8 cos\u00ec popolare.<\/p>\n<p>&nbsp; &nbsp; La lastra Patagonia \u00e8 composta da grigio, bianco, oro e nero e la trama cambia come onde. Lucentezza della pietra naturale, che presenta l&#039;elegante comportamento dell&#039;arte e della natura. Incorporare Patagonia Alpha nello spazio, dare allo spazio un senso di mistero, iniettare un tocco di colore e moda nello spazio e aggiungere un po&#039; di divertimento alla vita.<\/p>\n<p>&nbsp; &nbsp; Le trame stratificate integrate da abbellimenti rendono lo spazio selvaggio e non disordinato, evidenziando la collisione di trama e colore. Ogni pezzo di Patagonia Alpha \u00e8 un&#039;opera d&#039;arte accuratamente realizzata, che sia applicata a parete oa terra, \u00e8 sia pratica che decorativa.<\/p>\n<p>&nbsp; &nbsp; La combinazione della trama artistica di Patagonia e dei diversi materiali, e l&#039;ingegnosa collocazione di trame, colori e materiali non solo esaltano la pienezza della superficie decorativa dello spazio, ma mantengono anche lo spazio in uno stato equilibrato, senza farlo sembrare troppo noioso n\u00e9 stancare i tuoi occhi.<img fetchpriority=\"high\" decoding=\"async\" src=\"https:\/\/data.adwebcloud.com\/public\/material\/220426a7q47o\/product\/PatagoniaGraniteSlab_1684376090361.jpg\" width=\"750\" height=\"600\" alt=\"\" \/><\/p>\n<p>&nbsp; &nbsp; Lo spazio della cucina e del bagno \u00e8 cos\u00ec semplice e senza pretese, ma grazie a una pietra di lusso Patagonia Alpha, mostra la sua nobilt\u00e0 e il suo gusto. E integra una forza affascinante tra bellezza e magia nella vita in cucina.<\/p>\n<p>&nbsp; &nbsp; Questo bellissimo e unico granito presenta una tavolozza di calde tonalit\u00e0 di grigio, accentuate da sfumature di bianco, nero e marrone in motivi vorticosi che ricordano le onde dell&#039;oceano.<\/p>\n<p>&nbsp; &nbsp; Il granito Patagonia Alpha \u00e8 una scelta eccellente per controsoffitti e vanit\u00e0, in quanto \u00e8 altamente durevole, resistente a graffi e macchie e di facile manutenzione. La sua bellezza naturale e il motivo unico lo rendono una scelta eccellente sia per spazi residenziali che commerciali.<\/p>\n<p>&nbsp; &nbsp; Inoltre, questo granito \u00e8 molto popolare nel tuo mercato grazie alla sua bellezza, funzionalit\u00e0 e versatilit\u00e0 uniche. \u00c8 stato raccomandato da molti proprietari di case, costruttori e architetti per l&#039;uso in cucine, bagni e progetti paesaggistici all&#039;aperto.<\/p>\n<p>&nbsp; &nbsp; Noi di HRST Stone siamo orgogliosi di offrire solo prodotti di alta qualit\u00e0, tra cui il granito Patagonia Alpha. Il nostro team di esperti \u00e8 a disposizione per aiutarvi a scegliere il granito migliore per le vostre esigenze specifiche e per rispondere a qualsiasi domanda sui nostri prodotti o servizi.<img decoding=\"async\" src=\"https:\/\/data.adwebcloud.com\/public\/material\/220426a7q47o\/product\/Patagoniaslab_1684376100412.jpg\" alt=\"\" \/><\/p>","protected":false},"excerpt":{"rendered":"<p>Un sorprendente granito chiaro con motivi spettacolari. Il granito Patagonia Alpha ha grandi cristalli di feldspato, quarzo e biotite. La durezza e la durata di questa pietra la rendono ideale per piani cucina, piani lavabo, piani tavolo, piani bar e alzatine.<\/p>","protected":false},"featured_media":6178,"comment_status":"open","ping_status":"closed","template":"","meta":[],"product_brand":[],"product_cat":[205],"product_tag":[826,829,821,824,823,788,827,825,828,822],"class_list":{"0":"post-6173","1":"product","2":"type-product","3":"status-publish","4":"has-post-thumbnail","6":"product_cat-granite","7":"product_tag-patagonia-alpha-granite-background-wall","8":"product_tag-patagonia-alpha-granite-coffee-table","9":"product_tag-patagonia-alpha-granite-countertop","10":"product_tag-patagonia-alpha-granite-slab","11":"product_tag-patagonia-alpha-granite-tiles","12":"product_tag-patagonia-granite-home-decor","13":"product_tag-patagonia-granite-table-top","14":"product_tag-patagonia-granite-vanity-top","15":"product_tag-patagonia-granite-wall-tiles","16":"product_tag-patagonia-original-granite","18":"first","19":"instock","20":"shipping-taxable","21":"product-type-simple"},"_links":{"self":[{"href":"https:\/\/www.quartzite-stone.com\/it\/wp-json\/wp\/v2\/product\/6173","targetHints":{"allow":["GET"]}}],"collection":[{"href":"https:\/\/www.quartzite-stone.com\/it\/wp-json\/wp\/v2\/product"}],"about":[{"href":"https:\/\/www.quartzite-stone.com\/it\/wp-json\/wp\/v2\/types\/product"}],"replies":[{"embeddable":true,"href":"https:\/\/www.quartzite-stone.com\/it\/wp-json\/wp\/v2\/comments?post=6173"}],"wp:featuredmedia":[{"embeddable":true,"href":"https:\/\/www.quartzite-stone.com\/it\/wp-json\/wp\/v2\/media\/6178"}],"wp:attachment":[{"href":"https:\/\/www.quartzite-stone.com\/it\/wp-json\/wp\/v2\/media?parent=6173"}],"wp:term":[{"taxonomy":"product_brand","embeddable":true,"href":"https:\/\/www.quartzite-stone.com\/it\/wp-json\/wp\/v2\/product_brand?post=6173"},{"taxonomy":"product_cat","embeddable":true,"href":"https:\/\/www.quartzite-stone.com\/it\/wp-json\/wp\/v2\/product_cat?post=6173"},{"taxonomy":"product_tag","embeddable":true,"href":"https:\/\/www.quartzite-stone.com\/it\/wp-json\/wp\/v2\/product_tag?post=6173"}],"curies":[{"name":"wp","href":"https:\/\/api.w.org\/{rel}","templated":true}]}}