{"id":6145,"date":"2023-05-17T11:00:17","date_gmt":"2023-05-17T03:00:17","guid":{"rendered":"https:\/\/www.quartzite-stone.com\/product\/rainforest-brown-marble-vanity-top\/"},"modified":"2023-06-11T23:24:27","modified_gmt":"2023-06-11T15:24:27","slug":"piano-di-appoggio-in-marmo-marrone-della-foresta-pluviale","status":"publish","type":"product","link":"https:\/\/www.quartzite-stone.com\/it\/products\/rainforest-brown-marble-vanity-top\/","title":{"rendered":"Piano lavabo in marmo marrone foresta pluviale"},"content":{"rendered":"<p><strong>Marmo marrone foresta pluviale<\/strong><\/p>\n<p>&nbsp; &nbsp; Il marmo della foresta pluviale tropicale era originariamente chiamato marmo marrone della foresta pluviale e la sua variet\u00e0 proviene dall'India, un paese buddista, una delle quattro civilt\u00e0 antiche. Il marmo della foresta pluviale tropicale \u00e8 il migliore tra tutti i tipi di marmo. Il suo colore di fondo \u00e8 marrone con linee marroni simili a rami. Il suo nome \u00e8 dovuto alla somiglianza con la foresta pluviale subtropicale.<\/p>\n<p>&nbsp; &nbsp; Il marmo tropicale della foresta pluviale ha anche un proprio significato, che implica il buon carattere del proprietario, l'ospitalit\u00e0 senza riserve, e la perfetta integrazione della sua forma atmosferica con altri ambienti, che evidenzia la bellezza lussuosa e la tranquillit\u00e0 e la pace della natura. Insieme, il marmo massiccio della foresta pluviale tropicale \u00e8 stato ricercato dalle masse ed \u00e8 pi\u00f9 comunemente utilizzato in ambienti come sale, hotel e club di alto livello.<img fetchpriority=\"high\" decoding=\"async\" src=\"https:\/\/data.adwebcloud.com\/public\/material\/220426a7q47o\/product\/NaturalRainforestBrownMarblb_1684292321938.jpg\" width=\"750\" height=\"600\" alt=\"\" \/><\/p>\n<p>&nbsp; &nbsp; Il marmo della foresta pluviale tropicale \u00e8 adatto a stili di decorazione come lo stile cinese moderno, lo stile europeo imperiale, lo stile europeo moderno e semplice, ecc. Grazie al suo motivo irripetibile che si adatta alla natura, il motivo incrociato ha un forte impatto visivo e il colore \u00e8 spesso e pieno di colore naturale. Affisso alla parete \u00e8 un'immagine perfetta della foresta unica al mondo. Suscita nelle persone l'amore e la nostalgia per la natura.<\/p>\n<p>&nbsp; &nbsp; L'uso del marmo tropicale della foresta pluviale per le pareti non solo ha un effetto decorativo impareggiabile, ma evidenzia anche una texture unica e lussuosa, che rappresenta una sorta di bella sensazione per l'ospitalit\u00e0 dell'ospite.<\/p>\n<p>&nbsp; &nbsp; Il marmo Rainforest Brown proviene dall'India ed \u00e8 il migliore di questa categoria. Ha il colore e la consistenza della foresta pluviale tropicale del sud-est asiatico. \u00c8 dedicato senza riserve a voi, che siete calorosi e ospitali, affinch\u00e9 lo spazio lussuoso sia sempre strettamente integrato con l'ecologia naturale.<\/p>\n<p>&nbsp; &nbsp; Il marrone della foresta pluviale pu\u00f2 essere utilizzato nello stile cinese, nello stile europeo e nello stile moderno, perch\u00e9 il marrone della foresta pluviale \u00e8 un tipo di texture e di cambiamento di colore che non pu\u00f2 essere copiato in natura, e ha una sensazione di ritorno alla natura. Evoca un forte ritorno all'ambiente naturale, come la luce del sole, l'aria e l'acqua. \u00c8 molto adatto all'ambiente di vari stili di spazio, soprattutto se utilizzato come parete di sfondo, pu\u00f2 avere un effetto decorativo senza pari. Viene utilizzato nello stile europeo per aumentare la splendida texture unica dello spazio.<img decoding=\"async\" src=\"https:\/\/data.adwebcloud.com\/public\/material\/220426a7q47o\/product\/NaturalRainforestBrownMarblp_1684292331245.jpg\" alt=\"\" \/><\/p>\n<p>&nbsp; &nbsp; Questo bellissimo marmo presenta una miscela unica di colori marroni e verdi, creando un motivo sottile ma sorprendente che ricorda le lussureggianti foreste pluviali dei tropici. La sua eleganza classica e la sua durata lo rendono una scelta popolare per i progetti di interior design, dalle case residenziali agli spazi commerciali.<\/p>\n<p>&nbsp; &nbsp; Marmo Rainforest Brown per i piani dei lavabi. La sua finitura naturale e strutturata aggiunger\u00e0 calore e carattere a qualsiasi bagno, mentre la sua durabilit\u00e0 assicura che durer\u00e0 per gli anni a venire. Inoltre, questo marmo \u00e8 molto versatile e pu\u00f2 essere abbinato a un'ampia variet\u00e0 di stili di arredamento, dal tradizionale al moderno.<\/p>\n<p>&nbsp; &nbsp; In termini di utilizzo, il Marmo Rainforest Brown \u00e8 adatto sia per applicazioni interne che esterne, come pavimenti, pareti e piani d'appoggio. Il nostro processo di produzione \u00e8 rapido ed efficiente e possiamo offrire un'ampia gamma di opzioni di lavorazione personalizzata per soddisfare le vostre specifiche esigenze di design.<\/p>\n<p>&nbsp; &nbsp; Nel complesso, il Marmo Rainforest Brown \u00e8 una scelta fantastica per chiunque voglia aggiungere un tocco di naturale eleganza alla propria casa o al proprio spazio commerciale. Vi ringraziamo per aver considerato HRST Stone come vostro fornitore e vi invitiamo a contattarci in caso di ulteriori domande o dubbi.<img decoding=\"async\" src=\"https:\/\/data.adwebcloud.com\/public\/material\/220426a7q47o\/product\/LeatherSurfaceRainforestBrop_1684292339275.jpg\" width=\"750\" height=\"600\" alt=\"\" \/><\/p><\/p>","protected":false},"excerpt":{"rendered":"<p>Bidasar Brown Marble \u00e8 una specie di marmo marrone estratto in India. Questa pietra \u00e8 particolarmente indicata per controsoffitti, mosaici, esterni - applicazioni di pareti e pavimenti interni, fontane, rivestimenti per piscine e pareti, scale, davanzali e altri progetti di design.<\/p>","protected":false},"featured_media":6826,"comment_status":"open","ping_status":"closed","template":"","meta":[],"product_brand":[],"product_cat":[460],"product_tag":[800,798,797,799,792,796,795,794,793,791],"class_list":{"0":"post-6145","1":"product","2":"type-product","3":"status-publish","4":"has-post-thumbnail","6":"product_cat-stone-furniture","7":"product_tag-bidasar-beauty-marble-vanity-top","8":"product_tag-bidasar-brown-marble-home-decor","9":"product_tag-bidasar-brown-marblewall-decor","10":"product_tag-bidasar-fancy-brown-marble-table-top","11":"product_tag-bidasar-gold-marble-slabs","12":"product_tag-rain-forest-brown-marble-island-top","13":"product_tag-rainforest-brown-marble-dining-table","14":"product_tag-rainforest-gold-marble-countertop","15":"product_tag-rainforest-gold-marble-furniture","16":"product_tag-root-fossil-brown-marble-tiles","18":"first","19":"instock","20":"shipping-taxable","21":"product-type-simple"},"_links":{"self":[{"href":"https:\/\/www.quartzite-stone.com\/it\/wp-json\/wp\/v2\/product\/6145","targetHints":{"allow":["GET"]}}],"collection":[{"href":"https:\/\/www.quartzite-stone.com\/it\/wp-json\/wp\/v2\/product"}],"about":[{"href":"https:\/\/www.quartzite-stone.com\/it\/wp-json\/wp\/v2\/types\/product"}],"replies":[{"embeddable":true,"href":"https:\/\/www.quartzite-stone.com\/it\/wp-json\/wp\/v2\/comments?post=6145"}],"wp:featuredmedia":[{"embeddable":true,"href":"https:\/\/www.quartzite-stone.com\/it\/wp-json\/wp\/v2\/media\/6826"}],"wp:attachment":[{"href":"https:\/\/www.quartzite-stone.com\/it\/wp-json\/wp\/v2\/media?parent=6145"}],"wp:term":[{"taxonomy":"product_brand","embeddable":true,"href":"https:\/\/www.quartzite-stone.com\/it\/wp-json\/wp\/v2\/product_brand?post=6145"},{"taxonomy":"product_cat","embeddable":true,"href":"https:\/\/www.quartzite-stone.com\/it\/wp-json\/wp\/v2\/product_cat?post=6145"},{"taxonomy":"product_tag","embeddable":true,"href":"https:\/\/www.quartzite-stone.com\/it\/wp-json\/wp\/v2\/product_tag?post=6145"}],"curies":[{"name":"wp","href":"https:\/\/api.w.org\/{rel}","templated":true}]}}